{"id":137,"date":"2016-04-26T14:32:35","date_gmt":"2016-04-26T12:32:35","guid":{"rendered":"https:\/\/webs.uab.cat\/gedo\/proyectos\/"},"modified":"2024-04-16T16:49:07","modified_gmt":"2024-04-16T14:49:07","slug":"proyectos","status":"publish","type":"page","link":"https:\/\/webs.uab.cat\/gedo\/es\/proyectos\/","title":{"rendered":"Proyectos"},"content":{"rendered":"<div class=\"wp-block-image\">\n<figure class=\"aligncenter size-large\"><img loading=\"lazy\" decoding=\"async\" width=\"1024\" height=\"363\" src=\"https:\/\/webs.uab.cat\/gedo\/wp-content\/uploads\/sites\/278\/2023\/04\/primer-web-1024x363.png\" alt=\"\" class=\"wp-image-1113\" srcset=\"https:\/\/webs.uab.cat\/gedo\/wp-content\/uploads\/sites\/278\/2023\/04\/primer-web-1024x363.png 1024w, https:\/\/webs.uab.cat\/gedo\/wp-content\/uploads\/sites\/278\/2023\/04\/primer-web-300x106.png 300w, https:\/\/webs.uab.cat\/gedo\/wp-content\/uploads\/sites\/278\/2023\/04\/primer-web-768x273.png 768w, https:\/\/webs.uab.cat\/gedo\/wp-content\/uploads\/sites\/278\/2023\/04\/primer-web-1200x426.png 1200w, https:\/\/webs.uab.cat\/gedo\/wp-content\/uploads\/sites\/278\/2023\/04\/primer-web.png 1485w\" sizes=\"auto, (max-width: 1024px) 100vw, 1024px\" \/><\/figure>\n<\/div>\n\n\n<p>Desde el a\u00f1o 1981 el EDO ha centrado su actividad de docencia e investigaci\u00f3n en el an\u00e1lisis y desarrollo de las organizaciones en general, y las vinculadas con la educaci\u00f3n y la formaci\u00f3n en particular. Desde esa fecha, los miembros del grupo han participado de forma continuada en proyectos de investigaci\u00f3n vinculados con la tem\u00e1tica, ya sea a partir de la presentaci\u00f3n de propuestas a convocatorias p\u00fablicas, ya sea a partir de solicitudes expresas de instituciones p\u00fablicas y\/o privadas.<\/p>\n\n\n\n<p>En este apartado se presentan los proyectos que han sido financiados a partir de la presentaci\u00f3n a convocatorias p\u00fablicas de gobiernos regionales (Convocatorias MQD, ARAI, ARIE, ARCS, etc.), el gobierno Espa\u00f1ol (Convocatorias de I+D+i, Estudios y An\u00e1lisis, PCI, etc.) o la Uni\u00f3n Europea (Convocatorias Leonardo da Vinci, Commenius, EU-Asia-link, Erasmus, etc.). Tambi\u00e9n se presentan los proyectos desarrollados a partir de la petici\u00f3n expresa de diferentes entidades (Diputaci\u00f3n de Barcelona, Gobierno de Castilla-La Mancha, Fundaci\u00f3n Mapfre, Gobierno de Panam\u00e1, etc.).<\/p>\n\n\n\n<p>Por \u00faltimo, se dedica un apartado a presentar los trabajos de investigaci\u00f3n vinculados a programas de tercer ciclo y tesis doctorales que han estado dirigidos por miembros del grupo EDO en el marco de los programas de Doctorado del Departamento de Pedagog\u00eda Aplicada.<\/p>\n\n\n\n<ul class=\"wp-block-list\">\n<li><a href=\"https:\/\/www.criedo-uab.cat\/es\/proyectos-competitivos\/\" data-type=\"URL\" data-id=\"https:\/\/edo.uab.cat\/edo.uab.cat\/es\/content\/proyectos-competitivos.html\" target=\"_blank\" rel=\"noreferrer noopener\">Proyectos competitivos<\/a><\/li>\n\n\n\n<li><a href=\"https:\/\/www.criedo-uab.cat\/es\/contratos-de-investigacion-y-transferencia\/\" data-type=\"URL\" data-id=\"https:\/\/edo.uab.cat\/edo.uab.cat\/es\/content\/contratos-de-colaboracion-y-transferencia.html\" target=\"_blank\" rel=\"noreferrer noopener\">Contratos de colaboraci\u00f3n y transferencia<\/a><\/li>\n\n\n\n<li><a href=\"https:\/\/www.criedo-uab.cat\/es\/proyectos-de-innovacion\/\" data-type=\"URL\" data-id=\"https:\/\/edo.uab.cat\/edo.uab.cat\/es\/projectes-innovacio.html\" target=\"_blank\" rel=\"noreferrer noopener\">Proyectos de innovaci\u00f3n<\/a><\/li>\n\n\n\n<li><a href=\"https:\/\/www.criedo-uab.cat\/es\/tesis\/\" data-type=\"URL\" data-id=\"https:\/\/edo.uab.cat\/edo.uab.cat\/es\/content\/tesis-y-tesinas.html\" target=\"_blank\" rel=\"noreferrer noopener\">Tesis<\/a><\/li>\n<\/ul>\n\n\n\n<p>Cabe precisar que aqu\u00ed se presentan \u00fanicamente los proyectos desarrollados desde el 2005, fecha en la que el grupo fue reconocido como grupo de investigaci\u00f3n consolidado por la Generalitat de Catalunya. Para m\u00e1s informaci\u00f3n sobre proyectos previos, pueden ponerse en contacto con nosotros a trav\u00e9s de:&nbsp;<a href=\"mailto:edo@uab.cat\">edo@uab.cat<\/a><\/p>\n","protected":false},"excerpt":{"rendered":"<p>Desde el a\u00f1o 1981 el EDO ha centrado su actividad de docencia e investigaci\u00f3n en el an\u00e1lisis y desarrollo de las organizaciones en general, y las vinculadas con la educaci\u00f3n y la formaci\u00f3n en particular. Desde esa fecha, los miembros del grupo han participado de forma continuada en proyectos de investigaci\u00f3n vinculados con la tem\u00e1tica, [&hellip;]<\/p>\n","protected":false},"author":20,"featured_media":0,"parent":0,"menu_order":0,"comment_status":"closed","ping_status":"closed","template":"","meta":{"footnotes":""},"class_list":["post-137","page","type-page","status-publish","hentry"],"_links":{"self":[{"href":"https:\/\/webs.uab.cat\/gedo\/es\/wp-json\/wp\/v2\/pages\/137","targetHints":{"allow":["GET"]}}],"collection":[{"href":"https:\/\/webs.uab.cat\/gedo\/es\/wp-json\/wp\/v2\/pages"}],"about":[{"href":"https:\/\/webs.uab.cat\/gedo\/es\/wp-json\/wp\/v2\/types\/page"}],"author":[{"embeddable":true,"href":"https:\/\/webs.uab.cat\/gedo\/es\/wp-json\/wp\/v2\/users\/20"}],"replies":[{"embeddable":true,"href":"https:\/\/webs.uab.cat\/gedo\/es\/wp-json\/wp\/v2\/comments?post=137"}],"version-history":[{"count":7,"href":"https:\/\/webs.uab.cat\/gedo\/es\/wp-json\/wp\/v2\/pages\/137\/revisions"}],"predecessor-version":[{"id":1346,"href":"https:\/\/webs.uab.cat\/gedo\/es\/wp-json\/wp\/v2\/pages\/137\/revisions\/1346"}],"wp:attachment":[{"href":"https:\/\/webs.uab.cat\/gedo\/es\/wp-json\/wp\/v2\/media?parent=137"}],"curies":[{"name":"wp","href":"https:\/\/api.w.org\/{rel}","templated":true}]}}