{"id":146,"date":"2016-04-26T14:50:35","date_gmt":"2016-04-26T12:50:35","guid":{"rendered":"https:\/\/webs.uab.cat\/gedo\/publicaciones\/"},"modified":"2024-04-16T16:40:41","modified_gmt":"2024-04-16T14:40:41","slug":"publicaciones","status":"publish","type":"page","link":"https:\/\/webs.uab.cat\/gedo\/es\/publicaciones\/","title":{"rendered":"Publicaciones"},"content":{"rendered":"\n<p>La producci\u00f3n bibliogr\u00e1fica del grupo EDO es amplia y extensa, concret\u00e1ndose a partir de diferentes libros, cap\u00edtulos en obras colectivas, art\u00edculos en revistas de impacto y otros en revistas de divulgaci\u00f3n, as\u00ed como la participaci\u00f3n en diferentes encuentros (congresos, jornadas, seminarios, etc.) de tipo local, nacional e internacional.<\/p>\n\n\n\n<p>En este apartado presentamos \u00fanicamente las obras monogr\u00e1ficas que han sido elaboradas o coordinadas por miembros de los grupos EDO y que han estado vinculadas a su actividad.<\/p>\n\n\n\n<ul class=\"wp-block-list\">\n<li><a href=\"https:\/\/www.criedo-uab.cat\/es\/libros\/\" target=\"_blank\" rel=\"noreferrer noopener\">Libros<\/a><\/li>\n\n\n\n<li><a href=\"https:\/\/www.criedo-uab.cat\/es\/articulos\/\" target=\"_blank\" rel=\"noreferrer noopener\">Art\u00edculos<\/a><\/li>\n\n\n\n<li><a href=\"https:\/\/www.criedo-uab.cat\/es\/recursos\/\" target=\"_blank\" rel=\"noreferrer noopener\">Recursos<\/a><\/li>\n<\/ul>\n\n\n\n<p>Para acceder a la biblioteca de recursos bibliogr\u00e1ficos en acceso abierto del EDO-UAB, haz clic\u00a0<a href=\"https:\/\/ddd.uab.cat\/collection\/edo\" target=\"_blank\" rel=\"noreferrer noopener\">aqu\u00ed<\/a>.<\/p>\n\n\n\n<figure class=\"wp-block-image size-large\"><img loading=\"lazy\" decoding=\"async\" width=\"1024\" height=\"463\" src=\"https:\/\/webs.uab.cat\/gedo\/wp-content\/uploads\/sites\/278\/2023\/04\/Bibliografia-1024x463.png\" alt=\"\" class=\"wp-image-1093\" srcset=\"https:\/\/webs.uab.cat\/gedo\/wp-content\/uploads\/sites\/278\/2023\/04\/Bibliografia-1024x463.png 1024w, https:\/\/webs.uab.cat\/gedo\/wp-content\/uploads\/sites\/278\/2023\/04\/Bibliografia-300x136.png 300w, https:\/\/webs.uab.cat\/gedo\/wp-content\/uploads\/sites\/278\/2023\/04\/Bibliografia-768x347.png 768w, https:\/\/webs.uab.cat\/gedo\/wp-content\/uploads\/sites\/278\/2023\/04\/Bibliografia-1200x542.png 1200w, https:\/\/webs.uab.cat\/gedo\/wp-content\/uploads\/sites\/278\/2023\/04\/Bibliografia.png 1480w\" sizes=\"auto, (max-width: 1024px) 100vw, 1024px\" \/><\/figure>\n","protected":false},"excerpt":{"rendered":"<p>La producci\u00f3n bibliogr\u00e1fica del grupo EDO es amplia y extensa, concret\u00e1ndose a partir de diferentes libros, cap\u00edtulos en obras colectivas, art\u00edculos en revistas de impacto y otros en revistas de divulgaci\u00f3n, as\u00ed como la participaci\u00f3n en diferentes encuentros (congresos, jornadas, seminarios, etc.) de tipo local, nacional e internacional. En este apartado presentamos \u00fanicamente las obras [&hellip;]<\/p>\n","protected":false},"author":20,"featured_media":0,"parent":0,"menu_order":0,"comment_status":"closed","ping_status":"closed","template":"","meta":{"footnotes":""},"class_list":["post-146","page","type-page","status-publish","hentry"],"_links":{"self":[{"href":"https:\/\/webs.uab.cat\/gedo\/es\/wp-json\/wp\/v2\/pages\/146","targetHints":{"allow":["GET"]}}],"collection":[{"href":"https:\/\/webs.uab.cat\/gedo\/es\/wp-json\/wp\/v2\/pages"}],"about":[{"href":"https:\/\/webs.uab.cat\/gedo\/es\/wp-json\/wp\/v2\/types\/page"}],"author":[{"embeddable":true,"href":"https:\/\/webs.uab.cat\/gedo\/es\/wp-json\/wp\/v2\/users\/20"}],"replies":[{"embeddable":true,"href":"https:\/\/webs.uab.cat\/gedo\/es\/wp-json\/wp\/v2\/comments?post=146"}],"version-history":[{"count":4,"href":"https:\/\/webs.uab.cat\/gedo\/es\/wp-json\/wp\/v2\/pages\/146\/revisions"}],"predecessor-version":[{"id":1338,"href":"https:\/\/webs.uab.cat\/gedo\/es\/wp-json\/wp\/v2\/pages\/146\/revisions\/1338"}],"wp:attachment":[{"href":"https:\/\/webs.uab.cat\/gedo\/es\/wp-json\/wp\/v2\/media?parent=146"}],"curies":[{"name":"wp","href":"https:\/\/api.w.org\/{rel}","templated":true}]}}