{"id":160,"date":"2020-07-14T12:41:59","date_gmt":"2020-07-14T10:41:59","guid":{"rendered":"https:\/\/webs.uab.cat\/gedo\/como-nos-organizamos\/"},"modified":"2024-04-16T08:18:38","modified_gmt":"2024-04-16T06:18:38","slug":"como-nos-organizamos","status":"publish","type":"page","link":"https:\/\/webs.uab.cat\/gedo\/es\/como-nos-organizamos\/","title":{"rendered":"\u00bfC\u00f3mo nos organizamos?"},"content":{"rendered":"\n<p>El Equipo de Desarrollo Organizacional es una red de redes que act\u00faa como un \u201ccl\u00faster\u201d de conocimiento vinculante temas y l\u00edneas de trabajo relacionados con el desarrollo de las organizaciones y con el objetivo de intervenir en los procesos formativos. La estructura se concibe y conforma a partir de diferentes nodos que en el mismo act\u00faan como grupos de investigaci\u00f3n de la propia Universidad y tambi\u00e9n de otras Universidades. La asignaci\u00f3n a uno u otro grupo no es permanente y puede cambiar seg\u00fan las diferentes actividades de investigaci\u00f3n que se desarrollen en cada momento; de lo contrario, el coordinador del grupo permanece normalmente estable.<\/p>\n\n\n<div class=\"wp-block-image\">\n<figure class=\"aligncenter size-full\"><img loading=\"lazy\" decoding=\"async\" width=\"1024\" height=\"768\" src=\"https:\/\/webs.uab.cat\/gedo\/wp-content\/uploads\/sites\/278\/2024\/04\/EDO-organitzacio-CAST.png\" alt=\"\" class=\"wp-image-1308\" srcset=\"https:\/\/webs.uab.cat\/gedo\/wp-content\/uploads\/sites\/278\/2024\/04\/EDO-organitzacio-CAST.png 1024w, https:\/\/webs.uab.cat\/gedo\/wp-content\/uploads\/sites\/278\/2024\/04\/EDO-organitzacio-CAST-300x225.png 300w, https:\/\/webs.uab.cat\/gedo\/wp-content\/uploads\/sites\/278\/2024\/04\/EDO-organitzacio-CAST-768x576.png 768w\" sizes=\"auto, (max-width: 1024px) 100vw, 1024px\" \/><\/figure>\n<\/div>\n\n\n<p>El EDO, como estructura de base, facilita la interrelaci\u00f3n entre los grupos, creando sinergias tanto de ideas como de recursos y promoviendo compromisos con las necesidades de las personas, grupos, instituciones y la sociedad. Es tambi\u00e9n una estructura din\u00e1mica que se adapta a las nuevas exigencias sociales, acad\u00e9micas y personales que se producen en un entorno marcado por el dinamismo y el cambio constante, y que se vincula a m\u00e1s de 200 instituciones a trav\u00e9s de la Red EDO.<\/p>\n","protected":false},"excerpt":{"rendered":"<p>El Equipo de Desarrollo Organizacional es una red de redes que act\u00faa como un \u201ccl\u00faster\u201d de conocimiento vinculante temas y l\u00edneas de trabajo relacionados con el desarrollo de las organizaciones y con el objetivo de intervenir en los procesos formativos. La estructura se concibe y conforma a partir de diferentes nodos que en el mismo [&hellip;]<\/p>\n","protected":false},"author":20,"featured_media":0,"parent":0,"menu_order":0,"comment_status":"closed","ping_status":"closed","template":"","meta":{"footnotes":""},"class_list":["post-160","page","type-page","status-publish","hentry"],"_links":{"self":[{"href":"https:\/\/webs.uab.cat\/gedo\/es\/wp-json\/wp\/v2\/pages\/160","targetHints":{"allow":["GET"]}}],"collection":[{"href":"https:\/\/webs.uab.cat\/gedo\/es\/wp-json\/wp\/v2\/pages"}],"about":[{"href":"https:\/\/webs.uab.cat\/gedo\/es\/wp-json\/wp\/v2\/types\/page"}],"author":[{"embeddable":true,"href":"https:\/\/webs.uab.cat\/gedo\/es\/wp-json\/wp\/v2\/users\/20"}],"replies":[{"embeddable":true,"href":"https:\/\/webs.uab.cat\/gedo\/es\/wp-json\/wp\/v2\/comments?post=160"}],"version-history":[{"count":6,"href":"https:\/\/webs.uab.cat\/gedo\/es\/wp-json\/wp\/v2\/pages\/160\/revisions"}],"predecessor-version":[{"id":1311,"href":"https:\/\/webs.uab.cat\/gedo\/es\/wp-json\/wp\/v2\/pages\/160\/revisions\/1311"}],"wp:attachment":[{"href":"https:\/\/webs.uab.cat\/gedo\/es\/wp-json\/wp\/v2\/media?parent=160"}],"curies":[{"name":"wp","href":"https:\/\/api.w.org\/{rel}","templated":true}]}}