{"id":189,"date":"2020-07-22T10:34:15","date_gmt":"2020-07-22T08:34:15","guid":{"rendered":"https:\/\/webs.uab.cat\/gedo\/grupo-demos\/"},"modified":"2024-04-17T12:31:17","modified_gmt":"2024-04-17T10:31:17","slug":"gemoe","status":"publish","type":"page","link":"https:\/\/webs.uab.cat\/gedo\/es\/gemoe\/","title":{"rendered":"GEMOE"},"content":{"rendered":"\n<p><strong>GESTI\u00d3N Y MEJORA DE LAS ORGANIZACIONES EDUCATIVAS<\/strong><br><strong>Coordinadora:<\/strong>\u00a0Carme Armengol Aspar\u00f3<\/p>\n\n\n\n<figure class=\"wp-block-image size-large\"><img loading=\"lazy\" decoding=\"async\" width=\"1024\" height=\"464\" src=\"https:\/\/webs.uab.cat\/gedo\/wp-content\/uploads\/sites\/278\/2023\/04\/multiples-web-1024x464.png\" alt=\"\" class=\"wp-image-948\" srcset=\"https:\/\/webs.uab.cat\/gedo\/wp-content\/uploads\/sites\/278\/2023\/04\/multiples-web-1024x464.png 1024w, https:\/\/webs.uab.cat\/gedo\/wp-content\/uploads\/sites\/278\/2023\/04\/multiples-web-300x136.png 300w, https:\/\/webs.uab.cat\/gedo\/wp-content\/uploads\/sites\/278\/2023\/04\/multiples-web-768x348.png 768w, https:\/\/webs.uab.cat\/gedo\/wp-content\/uploads\/sites\/278\/2023\/04\/multiples-web-1200x544.png 1200w, https:\/\/webs.uab.cat\/gedo\/wp-content\/uploads\/sites\/278\/2023\/04\/multiples-web.png 1475w\" sizes=\"auto, (max-width: 1024px) 100vw, 1024px\" \/><\/figure>\n\n\n\n<p>Las organizaciones formativas son estructuras que adquieren sentido cuando se vinculan a las necesidades de las personas y la sociedad. En esta l\u00ednea, se profundiza, desde las perspectivas de la evaluaci\u00f3n, la investigaci\u00f3n y la innovaci\u00f3n, tanto en las formas de c\u00f3mo se ordena su funcionamiento como en los mecanismos que posibilitan su desarrollo y mejora permanente como organizaci\u00f3n. Se trata de conseguir instituciones m\u00e1s eficaces y eficientes en entornos seguros, saludables, sostenibles y de acuerdo a los valores que los ODS se plantean como escenario deseable.<\/p>\n\n\n\n<p>Concretamente en esta l\u00ednea de investigaci\u00f3n nos centramos en abordar las siguientes cuestiones:<\/p>\n\n\n\n<ol class=\"wp-block-list\">\n<li>Planificaci\u00f3n y gesti\u00f3n de las organizaciones formativas<\/li>\n\n\n\n<li>Direcci\u00f3n y liderazgo<\/li>\n\n\n\n<li>Evaluaci\u00f3n, Calidad e innovaci\u00f3n<\/li>\n\n\n\n<li>Emprendimiento<\/li>\n<\/ol>\n","protected":false},"excerpt":{"rendered":"<p>GESTI\u00d3N Y MEJORA DE LAS ORGANIZACIONES EDUCATIVASCoordinadora:\u00a0Carme Armengol Aspar\u00f3 Las organizaciones formativas son estructuras que adquieren sentido cuando se vinculan a las necesidades de las personas y la sociedad. En esta l\u00ednea, se profundiza, desde las perspectivas de la evaluaci\u00f3n, la investigaci\u00f3n y la innovaci\u00f3n, tanto en las formas de c\u00f3mo se ordena su funcionamiento [&hellip;]<\/p>\n","protected":false},"author":20,"featured_media":0,"parent":0,"menu_order":0,"comment_status":"closed","ping_status":"closed","template":"","meta":{"footnotes":""},"class_list":["post-189","page","type-page","status-publish","hentry"],"_links":{"self":[{"href":"https:\/\/webs.uab.cat\/gedo\/es\/wp-json\/wp\/v2\/pages\/189","targetHints":{"allow":["GET"]}}],"collection":[{"href":"https:\/\/webs.uab.cat\/gedo\/es\/wp-json\/wp\/v2\/pages"}],"about":[{"href":"https:\/\/webs.uab.cat\/gedo\/es\/wp-json\/wp\/v2\/types\/page"}],"author":[{"embeddable":true,"href":"https:\/\/webs.uab.cat\/gedo\/es\/wp-json\/wp\/v2\/users\/20"}],"replies":[{"embeddable":true,"href":"https:\/\/webs.uab.cat\/gedo\/es\/wp-json\/wp\/v2\/comments?post=189"}],"version-history":[{"count":5,"href":"https:\/\/webs.uab.cat\/gedo\/es\/wp-json\/wp\/v2\/pages\/189\/revisions"}],"predecessor-version":[{"id":1362,"href":"https:\/\/webs.uab.cat\/gedo\/es\/wp-json\/wp\/v2\/pages\/189\/revisions\/1362"}],"wp:attachment":[{"href":"https:\/\/webs.uab.cat\/gedo\/es\/wp-json\/wp\/v2\/media?parent=189"}],"curies":[{"name":"wp","href":"https:\/\/api.w.org\/{rel}","templated":true}]}}