{"id":203,"date":"2020-07-22T10:46:49","date_gmt":"2020-07-22T08:46:49","guid":{"rendered":"https:\/\/webs.uab.cat\/gedo\/grupo-oes\/"},"modified":"2023-04-19T16:34:31","modified_gmt":"2023-04-19T14:34:31","slug":"orsa","status":"publish","type":"page","link":"https:\/\/webs.uab.cat\/gedo\/es\/orsa\/","title":{"rendered":"OrSa"},"content":{"rendered":"\n<p><strong>ORGANIZACIONES EDUCATIVAS SALUDABLES<br>Coordinaci\u00f3n:&nbsp;<\/strong>Isabel del Arco Bravo<\/p>\n\n\n\n<figure class=\"wp-block-image size-large\"><img loading=\"lazy\" decoding=\"async\" width=\"1024\" height=\"457\" src=\"https:\/\/webs.uab.cat\/gedo\/wp-content\/uploads\/sites\/278\/2023\/04\/apple-web-1024x457.png\" alt=\"\" class=\"wp-image-1031\" srcset=\"https:\/\/webs.uab.cat\/gedo\/wp-content\/uploads\/sites\/278\/2023\/04\/apple-web-1024x457.png 1024w, https:\/\/webs.uab.cat\/gedo\/wp-content\/uploads\/sites\/278\/2023\/04\/apple-web-300x134.png 300w, https:\/\/webs.uab.cat\/gedo\/wp-content\/uploads\/sites\/278\/2023\/04\/apple-web-768x342.png 768w, https:\/\/webs.uab.cat\/gedo\/wp-content\/uploads\/sites\/278\/2023\/04\/apple-web-1200x535.png 1200w, https:\/\/webs.uab.cat\/gedo\/wp-content\/uploads\/sites\/278\/2023\/04\/apple-web.png 1489w\" sizes=\"auto, (max-width: 1024px) 100vw, 1024px\" \/><\/figure>\n\n\n\n<p>Coordinado desde la UdL, y vinculado a la C\u00e1tedra Desarrollo de Organizaciones y Territorios Saludables (DOTS), tiene el objetivo de analizar el desarrollo de las organizaciones que intervienen en diferentes campos relacionados con la salud y la educaci\u00f3n en el territorio, para actuar en procesos formativos y as\u00ed mejorar su eficiencia. Sus \u00e1mbitos de actuaci\u00f3n son:<\/p>\n\n\n\n<ul class=\"wp-block-list\"><li>Analizar, con una visi\u00f3n global e integradora, la promoci\u00f3n de estilos de vida saludables desde las organizaciones. <\/li><li>Promover actuaciones educativo-sanitarias en poblaciones vulnerables. <\/li><li>Integrar la perspectiva de la salud en el dise\u00f1o de organizaciones eficientes e innovadoras.<\/li><\/ul>\n","protected":false},"excerpt":{"rendered":"<p>ORGANIZACIONES EDUCATIVAS SALUDABLESCoordinaci\u00f3n:&nbsp;Isabel del Arco Bravo Coordinado desde la UdL, y vinculado a la C\u00e1tedra Desarrollo de Organizaciones y Territorios Saludables (DOTS), tiene el objetivo de analizar el desarrollo de las organizaciones que intervienen en diferentes campos relacionados con la salud y la educaci\u00f3n en el territorio, para actuar en procesos formativos y as\u00ed mejorar [&hellip;]<\/p>\n","protected":false},"author":20,"featured_media":0,"parent":0,"menu_order":0,"comment_status":"closed","ping_status":"closed","template":"","meta":{"footnotes":""},"class_list":["post-203","page","type-page","status-publish","hentry"],"_links":{"self":[{"href":"https:\/\/webs.uab.cat\/gedo\/es\/wp-json\/wp\/v2\/pages\/203","targetHints":{"allow":["GET"]}}],"collection":[{"href":"https:\/\/webs.uab.cat\/gedo\/es\/wp-json\/wp\/v2\/pages"}],"about":[{"href":"https:\/\/webs.uab.cat\/gedo\/es\/wp-json\/wp\/v2\/types\/page"}],"author":[{"embeddable":true,"href":"https:\/\/webs.uab.cat\/gedo\/es\/wp-json\/wp\/v2\/users\/20"}],"replies":[{"embeddable":true,"href":"https:\/\/webs.uab.cat\/gedo\/es\/wp-json\/wp\/v2\/comments?post=203"}],"version-history":[{"count":1,"href":"https:\/\/webs.uab.cat\/gedo\/es\/wp-json\/wp\/v2\/pages\/203\/revisions"}],"predecessor-version":[{"id":1035,"href":"https:\/\/webs.uab.cat\/gedo\/es\/wp-json\/wp\/v2\/pages\/203\/revisions\/1035"}],"wp:attachment":[{"href":"https:\/\/webs.uab.cat\/gedo\/es\/wp-json\/wp\/v2\/media?parent=203"}],"curies":[{"name":"wp","href":"https:\/\/api.w.org\/{rel}","templated":true}]}}