{"id":207,"date":"2020-07-22T10:54:18","date_gmt":"2020-07-22T08:54:18","guid":{"rendered":"https:\/\/webs.uab.cat\/gedo\/grupo-geu\/"},"modified":"2024-04-17T12:33:27","modified_gmt":"2024-04-17T10:33:27","slug":"depro","status":"publish","type":"page","link":"https:\/\/webs.uab.cat\/gedo\/es\/depro\/","title":{"rendered":"DEPRO"},"content":{"rendered":"\n<p><strong>DESARROLLO PROFESIONAL EN LAS ORGANIZACIONES<\/strong><strong><br><\/strong><strong>Coordinaci\u00f3n:\u00a0<\/strong>Diego Castro Ceacero<\/p>\n\n\n\n<figure class=\"wp-block-image size-large\"><img loading=\"lazy\" decoding=\"async\" width=\"1024\" height=\"467\" src=\"https:\/\/webs.uab.cat\/gedo\/wp-content\/uploads\/sites\/278\/2023\/04\/grupo-web-1024x467.png\" alt=\"\" class=\"wp-image-983\" srcset=\"https:\/\/webs.uab.cat\/gedo\/wp-content\/uploads\/sites\/278\/2023\/04\/grupo-web-1024x467.png 1024w, https:\/\/webs.uab.cat\/gedo\/wp-content\/uploads\/sites\/278\/2023\/04\/grupo-web-300x137.png 300w, https:\/\/webs.uab.cat\/gedo\/wp-content\/uploads\/sites\/278\/2023\/04\/grupo-web-768x350.png 768w, https:\/\/webs.uab.cat\/gedo\/wp-content\/uploads\/sites\/278\/2023\/04\/grupo-web-1200x548.png 1200w, https:\/\/webs.uab.cat\/gedo\/wp-content\/uploads\/sites\/278\/2023\/04\/grupo-web.png 1475w\" sizes=\"auto, (max-width: 1024px) 100vw, 1024px\" \/><\/figure>\n\n\n\n<p>Las organizaciones, por definici\u00f3n, son un grupo de personas que colaboran e interaccionan para conseguir objetivos comunes. As\u00ed, las personas constituyen un elemento fundamental del funcionamiento y mejora de las organizaciones. No pueden plantearse procesos de desarrollo de las organizaciones sin que ello implique, necesariamente, el desarrollo, personal y profesional, de las personas que las conforman y dan sentido. Esta l\u00ednea de investigaci\u00f3n no s\u00f3lo teoriza sobre el Desarrollo profesional, sino que trata de responder a preguntas sobre la investigaci\u00f3n y la pr\u00e1ctica actual en este \u00e1mbito, proporcionando una perspectiva anal\u00edtica y cr\u00edtica que oriente la gesti\u00f3n y las pol\u00edticas de Desarrollo Profesional en las organizaciones, mejorando as\u00ed su calidad y eficiencia.<\/p>\n\n\n\n<p>Concretamente en esta l\u00ednea de investigaci\u00f3n nos centramos en abordar las siguientes cuestiones:<\/p>\n\n\n\n<ol class=\"wp-block-list\">\n<li>Gesti\u00f3n del Conocimiento<\/li>\n\n\n\n<li>Aprendizaje Organizativo<\/li>\n\n\n\n<li>Aprendizaje social e informal en entornos laborales<\/li>\n\n\n\n<li>Aprendizaje intergeneracional en entornos laborales<\/li>\n\n\n\n<li>Comunidades de pr\u00e1ctica<\/li>\n<\/ol>\n","protected":false},"excerpt":{"rendered":"<p>DESARROLLO PROFESIONAL EN LAS ORGANIZACIONESCoordinaci\u00f3n:\u00a0Diego Castro Ceacero Las organizaciones, por definici\u00f3n, son un grupo de personas que colaboran e interaccionan para conseguir objetivos comunes. As\u00ed, las personas constituyen un elemento fundamental del funcionamiento y mejora de las organizaciones. No pueden plantearse procesos de desarrollo de las organizaciones sin que ello implique, necesariamente, el desarrollo, personal [&hellip;]<\/p>\n","protected":false},"author":20,"featured_media":0,"parent":0,"menu_order":0,"comment_status":"closed","ping_status":"closed","template":"","meta":{"footnotes":""},"class_list":["post-207","page","type-page","status-publish","hentry"],"_links":{"self":[{"href":"https:\/\/webs.uab.cat\/gedo\/es\/wp-json\/wp\/v2\/pages\/207","targetHints":{"allow":["GET"]}}],"collection":[{"href":"https:\/\/webs.uab.cat\/gedo\/es\/wp-json\/wp\/v2\/pages"}],"about":[{"href":"https:\/\/webs.uab.cat\/gedo\/es\/wp-json\/wp\/v2\/types\/page"}],"author":[{"embeddable":true,"href":"https:\/\/webs.uab.cat\/gedo\/es\/wp-json\/wp\/v2\/users\/20"}],"replies":[{"embeddable":true,"href":"https:\/\/webs.uab.cat\/gedo\/es\/wp-json\/wp\/v2\/comments?post=207"}],"version-history":[{"count":5,"href":"https:\/\/webs.uab.cat\/gedo\/es\/wp-json\/wp\/v2\/pages\/207\/revisions"}],"predecessor-version":[{"id":1370,"href":"https:\/\/webs.uab.cat\/gedo\/es\/wp-json\/wp\/v2\/pages\/207\/revisions\/1370"}],"wp:attachment":[{"href":"https:\/\/webs.uab.cat\/gedo\/es\/wp-json\/wp\/v2\/media?parent=207"}],"curies":[{"name":"wp","href":"https:\/\/api.w.org\/{rel}","templated":true}]}}