{"id":1062,"date":"2023-04-19T17:23:10","date_gmt":"2023-04-19T15:23:10","guid":{"rendered":"https:\/\/webs.uab.cat\/gedo\/?page_id=1062"},"modified":"2024-04-16T09:09:58","modified_gmt":"2024-04-16T07:09:58","slug":"ceart","status":"publish","type":"page","link":"https:\/\/webs.uab.cat\/gedo\/ceart\/","title":{"rendered":"CEArt"},"content":{"rendered":"\n<p><strong>CANVI EDUCATIU A TRAV\u00c9S DE LES ARTS<br>Coordinadora<\/strong>: Gemma Paris Romia<\/p>\n\n\n\n<figure class=\"wp-block-image size-large\"><img loading=\"lazy\" decoding=\"async\" width=\"1024\" height=\"473\" src=\"https:\/\/webs.uab.cat\/gedo\/wp-content\/uploads\/sites\/278\/2023\/04\/espai-c-web-1-1024x473.png\" alt=\"\" class=\"wp-image-1070\" srcset=\"https:\/\/webs.uab.cat\/gedo\/wp-content\/uploads\/sites\/278\/2023\/04\/espai-c-web-1-1024x473.png 1024w, https:\/\/webs.uab.cat\/gedo\/wp-content\/uploads\/sites\/278\/2023\/04\/espai-c-web-1-300x139.png 300w, https:\/\/webs.uab.cat\/gedo\/wp-content\/uploads\/sites\/278\/2023\/04\/espai-c-web-1-768x355.png 768w, https:\/\/webs.uab.cat\/gedo\/wp-content\/uploads\/sites\/278\/2023\/04\/espai-c-web-1-1200x555.png 1200w, https:\/\/webs.uab.cat\/gedo\/wp-content\/uploads\/sites\/278\/2023\/04\/espai-c-web-1.png 1475w\" sizes=\"auto, (max-width: 1024px) 100vw, 1024px\" \/><\/figure>\n\n\n\n<p>En aquesta l\u00ednia de recerca entenem que la pres\u00e8ncia de les arts en els espais educatius pot millorar els aprenentatges dels infants i joves, aix\u00ed com tamb\u00e9 tenir un impacte en les organitzacions educatives, creant espais educatius m\u00e9s creatius i cr\u00edtics. En aquesta l\u00ednia de treball dissenyem projectes amb pres\u00e8ncia d\u2019artistes professionals en els entorns educatius per un canvi en la instituci\u00f3 educativa, tan escolar com universit\u00e0ria.<\/p>\n\n\n\n<p>Concretament en aquesta l\u00ednia de recerca ens centrem a abordar les seg\u00fcents q\u00fcestions:<\/p>\n\n\n\n<ol class=\"wp-block-list\">\n<li>com afavorir que les organitzacions educatives incorporin les arts en una part central de les seves estructures per millorar els processos d\u2019aprenentatge dels infants i joves;<\/li>\n\n\n\n<li>com podem potenciar i mantenir les relacions entre \u00e0mbit art\u00edstic i \u00e0mbit educatiu de manera sostenible;<\/li>\n\n\n\n<li>com incidir en els claustres per incorporar les arts en els processos d\u2019aprenentatge i en la redefinici\u00f3 de la cultura de centre.<\/li>\n<\/ol>\n","protected":false},"excerpt":{"rendered":"<p>CANVI EDUCATIU A TRAV\u00c9S DE LES ARTSCoordinadora: Gemma Paris Romia En aquesta l\u00ednia de recerca entenem que la pres\u00e8ncia de les arts en els espais educatius pot millorar els aprenentatges dels infants i joves, aix\u00ed com tamb\u00e9 tenir un impacte en les organitzacions educatives, creant espais educatius m\u00e9s creatius i cr\u00edtics. En aquesta l\u00ednia de [&hellip;]<\/p>\n","protected":false},"author":122,"featured_media":0,"parent":0,"menu_order":0,"comment_status":"closed","ping_status":"closed","template":"","meta":{"footnotes":""},"class_list":["post-1062","page","type-page","status-publish","hentry"],"_links":{"self":[{"href":"https:\/\/webs.uab.cat\/gedo\/wp-json\/wp\/v2\/pages\/1062","targetHints":{"allow":["GET"]}}],"collection":[{"href":"https:\/\/webs.uab.cat\/gedo\/wp-json\/wp\/v2\/pages"}],"about":[{"href":"https:\/\/webs.uab.cat\/gedo\/wp-json\/wp\/v2\/types\/page"}],"author":[{"embeddable":true,"href":"https:\/\/webs.uab.cat\/gedo\/wp-json\/wp\/v2\/users\/122"}],"replies":[{"embeddable":true,"href":"https:\/\/webs.uab.cat\/gedo\/wp-json\/wp\/v2\/comments?post=1062"}],"version-history":[{"count":5,"href":"https:\/\/webs.uab.cat\/gedo\/wp-json\/wp\/v2\/pages\/1062\/revisions"}],"predecessor-version":[{"id":1322,"href":"https:\/\/webs.uab.cat\/gedo\/wp-json\/wp\/v2\/pages\/1062\/revisions\/1322"}],"wp:attachment":[{"href":"https:\/\/webs.uab.cat\/gedo\/wp-json\/wp\/v2\/media?parent=1062"}],"curies":[{"name":"wp","href":"https:\/\/api.w.org\/{rel}","templated":true}]}}