{"id":152,"date":"2020-07-14T12:07:44","date_gmt":"2020-07-14T10:07:44","guid":{"rendered":"https:\/\/webs.uab.cat\/gedo\/identitat\/"},"modified":"2023-04-19T11:07:05","modified_gmt":"2023-04-19T09:07:05","slug":"identitat","status":"publish","type":"page","link":"https:\/\/webs.uab.cat\/gedo\/identitat\/","title":{"rendered":"Identitat"},"content":{"rendered":"<p class=\"rtejustify\">Els membres de l\u2019EDO ens identifiquem com a Docents i Investigadors interessats en el Desenvolupament Organitzacional, que compartim un espai cient\u00edfic de trobada i conviv\u00e8ncia i on els components presentem temes de manera individual o col\u00b7lectiva, planifiquem accions i discutim processos i resultats. Assumim, no obstant, com a principis constitutius:<\/p>\n<ul>\n<li class=\"rtejustify\"><strong>Col\u00b7laboraci\u00f3.<\/strong> Les persones implicades assumeixen les avantatges i inconvenients de treballar en grup, considerant que l\u2019activitat en grups d\u2019inter\u00e8s \u00e9s la via per desenvolupar les activitats pr\u00f2pies.<\/li>\n<li class=\"rtejustify\"><strong>Cohesi\u00f3<\/strong>. Les persones i grups implicats assumeixen el comprom\u00eds de participar en les activitats generals que com a grup EDO es planifiquin amb esperit d\u2019integraci\u00f3 i aprofitament de sin\u00e8rgies.<\/li>\n<li class=\"rtejustify\"><strong>Autonomia.<\/strong> Les persones implicades conformen grups (permanents o provisionals) en funci\u00f3 de recerques concretes o de grups d\u2019inter\u00e8s espec\u00edfics. El seu funcionament \u00e9s aut\u00f2nom, respectant les obligacions i drets que com a components d\u2019EDO li corresponguin.<\/li>\n<li class=\"rtejustify\"><strong>Solidaritat. <\/strong>Les persones i grups implicats comparteixen projectes i idees i es donen suport a l\u2019hora de sol\u00b7licitar ajudes, gestionar recursos i promoure el compliment de compromisos assumits com a membres del Grup EDO.<\/li>\n<\/ul>\n<p class=\"rtejustify\"><strong><a href=\"https:\/\/accelera.uab.cat\/documents_edo\/pdf\/RRI_Cat.pdf\" target=\"_blank\" rel=\"noopener\">Investigaci\u00f3 i\u00a0Innovaci\u00f3\u00a0Responsable<\/a><\/strong><\/p>\n","protected":false},"excerpt":{"rendered":"<p>Els membres de l\u2019EDO ens identifiquem com a Docents i Investigadors interessats en el Desenvolupament Organitzacional, que compartim un espai cient\u00edfic de trobada i conviv\u00e8ncia i on els components presentem temes de manera individual o col\u00b7lectiva, planifiquem accions i discutim processos i resultats. Assumim, no obstant, com a principis constitutius: Col\u00b7laboraci\u00f3. Les persones implicades assumeixen [&hellip;]<\/p>\n","protected":false},"author":20,"featured_media":0,"parent":0,"menu_order":0,"comment_status":"closed","ping_status":"closed","template":"","meta":{"footnotes":""},"class_list":["post-152","page","type-page","status-publish","hentry"],"_links":{"self":[{"href":"https:\/\/webs.uab.cat\/gedo\/wp-json\/wp\/v2\/pages\/152","targetHints":{"allow":["GET"]}}],"collection":[{"href":"https:\/\/webs.uab.cat\/gedo\/wp-json\/wp\/v2\/pages"}],"about":[{"href":"https:\/\/webs.uab.cat\/gedo\/wp-json\/wp\/v2\/types\/page"}],"author":[{"embeddable":true,"href":"https:\/\/webs.uab.cat\/gedo\/wp-json\/wp\/v2\/users\/20"}],"replies":[{"embeddable":true,"href":"https:\/\/webs.uab.cat\/gedo\/wp-json\/wp\/v2\/comments?post=152"}],"version-history":[{"count":2,"href":"https:\/\/webs.uab.cat\/gedo\/wp-json\/wp\/v2\/pages\/152\/revisions"}],"predecessor-version":[{"id":866,"href":"https:\/\/webs.uab.cat\/gedo\/wp-json\/wp\/v2\/pages\/152\/revisions\/866"}],"wp:attachment":[{"href":"https:\/\/webs.uab.cat\/gedo\/wp-json\/wp\/v2\/media?parent=152"}],"curies":[{"name":"wp","href":"https:\/\/api.w.org\/{rel}","templated":true}]}}