{"id":158,"date":"2020-07-14T12:41:59","date_gmt":"2020-07-14T10:41:59","guid":{"rendered":"https:\/\/webs.uab.cat\/gedo\/com-ens-organitzem\/"},"modified":"2024-03-20T16:31:38","modified_gmt":"2024-03-20T14:31:38","slug":"com-ens-organitzem","status":"publish","type":"page","link":"https:\/\/webs.uab.cat\/gedo\/com-ens-organitzem\/","title":{"rendered":"Com ens organitzem?"},"content":{"rendered":"\n<p>L\u2019Equip de Desenvolupament Organitzacional \u00e9s una xarxa de xarxes que actua com un \u201ccl\u00faster\u201d de coneixement vinculant temes i l\u00ednies de treball relacionats amb el desenvolupament de les organitzacions i amb l\u2019objectiu d\u2019intervenir en els processos formatius. L\u2019estructura es concep i conforma a partir de diferents nodes que al mateix actuen com a grups de recerca de la mateixa Universitat i tamb\u00e9 d\u2019altres Universitats. L\u2019assignaci\u00f3 a un o altre grup no \u00e9s permanent i pot canviar segons les diferents activitats de recerca que es desenvolupin en cada moment; altrament, el coordinador del grup roman normalment estable.<\/p>\n\n\n<div class=\"wp-block-image\">\n<figure class=\"aligncenter size-full\"><img loading=\"lazy\" decoding=\"async\" width=\"1024\" height=\"768\" src=\"https:\/\/webs.uab.cat\/gedo\/wp-content\/uploads\/sites\/278\/2024\/03\/grups-de-treball-edo.png\" alt=\"\" class=\"wp-image-1294\" srcset=\"https:\/\/webs.uab.cat\/gedo\/wp-content\/uploads\/sites\/278\/2024\/03\/grups-de-treball-edo.png 1024w, https:\/\/webs.uab.cat\/gedo\/wp-content\/uploads\/sites\/278\/2024\/03\/grups-de-treball-edo-300x225.png 300w, https:\/\/webs.uab.cat\/gedo\/wp-content\/uploads\/sites\/278\/2024\/03\/grups-de-treball-edo-768x576.png 768w\" sizes=\"auto, (max-width: 1024px) 100vw, 1024px\" \/><\/figure>\n<\/div>\n\n\n<p><\/p>\n\n\n\n<p>L\u2019EDO, com estructura de base, facilita la interrelaci\u00f3 entre els grups, creant sin\u00e8rgies tant d\u2019idees com de recursos i promovent compromisos amb les necessitats de les persones, els grups, les institucions i la societat. \u00c9s tamb\u00e9 una estructura din\u00e0mica que s\u2019adapta a les noves exig\u00e8ncies socials, acad\u00e8miques i personals que es produeixen en un entorn marcat pel dinamisme i el canvi constant, i que es vincula a m\u00e9s de 200 institucions a trav\u00e9s de la Xarxa EDO.<\/p>\n","protected":false},"excerpt":{"rendered":"<p>L\u2019Equip de Desenvolupament Organitzacional \u00e9s una xarxa de xarxes que actua com un \u201ccl\u00faster\u201d de coneixement vinculant temes i l\u00ednies de treball relacionats amb el desenvolupament de les organitzacions i amb l\u2019objectiu d\u2019intervenir en els processos formatius. L\u2019estructura es concep i conforma a partir de diferents nodes que al mateix actuen com a grups de [&hellip;]<\/p>\n","protected":false},"author":20,"featured_media":0,"parent":0,"menu_order":0,"comment_status":"closed","ping_status":"closed","template":"","meta":{"footnotes":""},"class_list":["post-158","page","type-page","status-publish","hentry"],"_links":{"self":[{"href":"https:\/\/webs.uab.cat\/gedo\/wp-json\/wp\/v2\/pages\/158","targetHints":{"allow":["GET"]}}],"collection":[{"href":"https:\/\/webs.uab.cat\/gedo\/wp-json\/wp\/v2\/pages"}],"about":[{"href":"https:\/\/webs.uab.cat\/gedo\/wp-json\/wp\/v2\/types\/page"}],"author":[{"embeddable":true,"href":"https:\/\/webs.uab.cat\/gedo\/wp-json\/wp\/v2\/users\/20"}],"replies":[{"embeddable":true,"href":"https:\/\/webs.uab.cat\/gedo\/wp-json\/wp\/v2\/comments?post=158"}],"version-history":[{"count":5,"href":"https:\/\/webs.uab.cat\/gedo\/wp-json\/wp\/v2\/pages\/158\/revisions"}],"predecessor-version":[{"id":1297,"href":"https:\/\/webs.uab.cat\/gedo\/wp-json\/wp\/v2\/pages\/158\/revisions\/1297"}],"wp:attachment":[{"href":"https:\/\/webs.uab.cat\/gedo\/wp-json\/wp\/v2\/media?parent=158"}],"curies":[{"name":"wp","href":"https:\/\/api.w.org\/{rel}","templated":true}]}}