{"id":168,"date":"2016-04-26T14:32:35","date_gmt":"2016-04-26T12:32:35","guid":{"rendered":"https:\/\/webs.uab.cat\/gedo\/projectes-0\/"},"modified":"2024-04-16T16:47:35","modified_gmt":"2024-04-16T14:47:35","slug":"projectes","status":"publish","type":"page","link":"https:\/\/webs.uab.cat\/gedo\/projectes\/","title":{"rendered":"Projectes"},"content":{"rendered":"<div class=\"wp-block-image\">\n<figure class=\"aligncenter size-large\"><img loading=\"lazy\" decoding=\"async\" width=\"1024\" height=\"363\" src=\"https:\/\/webs.uab.cat\/gedo\/wp-content\/uploads\/sites\/278\/2023\/04\/primer-web-1024x363.png\" alt=\"\" class=\"wp-image-1114\" srcset=\"https:\/\/webs.uab.cat\/gedo\/wp-content\/uploads\/sites\/278\/2023\/04\/primer-web-1024x363.png 1024w, https:\/\/webs.uab.cat\/gedo\/wp-content\/uploads\/sites\/278\/2023\/04\/primer-web-300x106.png 300w, https:\/\/webs.uab.cat\/gedo\/wp-content\/uploads\/sites\/278\/2023\/04\/primer-web-768x273.png 768w, https:\/\/webs.uab.cat\/gedo\/wp-content\/uploads\/sites\/278\/2023\/04\/primer-web-1200x426.png 1200w, https:\/\/webs.uab.cat\/gedo\/wp-content\/uploads\/sites\/278\/2023\/04\/primer-web.png 1485w\" sizes=\"auto, (max-width: 1024px) 100vw, 1024px\" \/><\/figure>\n<\/div>\n\n\n<p>Des de l\u2019any 1981, l\u2019EDO ha centrat la seva activitat de recerca i doc\u00e8ncia amb l\u2019an\u00e0lisi i el desenvolupament de les organitzacions en general, i les vinculades amb l\u2019educaci\u00f3 i la formaci\u00f3 en particular. Des d\u2019aquella data, els membres del grup han participat de forma continuada amb projectes de recerca vinculats amb la tem\u00e0tica, ja sigui a partir de la presentaci\u00f3 de propostes a convocat\u00f2ries p\u00fabliques, ja sigui a partir de sol\u00b7licituds expresses d\u2019institucions p\u00fabliques i\/op privades.<\/p>\n\n\n\n<p>En aquest apartat es presenten els projectes que han estat finan\u00e7ats a partir de la presentaci\u00f3 a convocat\u00f2ries p\u00fabliques de governs regionals (Convocat\u00f2ries MQD, ARAI, ARIE, ARCS, etc.), el govern Espanyol (Convocat\u00f2ries de I+D+i, Estudios y An\u00e0lisis, PCI, etc.) o la Uni\u00f3 Europea (Convocat\u00f2ries Leonardo da Vinci, Commenius, EU-Asia-link, Erasmus, etc.). Tamb\u00e9 es presenten els projectes desenvolupats a partir de la petici\u00f3 expressa de diferents entitats (Diputaci\u00f3 de Barcelona, Govern de Castella-La Mancha, Fundaci\u00f3 Mapfre, Govern de Panam\u00e1, etc.)<\/p>\n\n\n\n<p>Per \u00faltim, es dedica un apartat a presentar els treballs d\u2019investigaci\u00f3 vinculats a programes de tercer cicle i tesis doctorals que han estat dirigides per membres del grup EDO en el marc dels programes de doctorat del Departament de Pedagogia Aplicada.<\/p>\n\n\n\n<ul class=\"wp-block-list\">\n<li><a href=\"https:\/\/www.criedo-uab.cat\/projectes-competitius\/\" target=\"_blank\" rel=\"noreferrer noopener\">Projectes competitius<\/a><\/li>\n\n\n\n<li><a href=\"https:\/\/www.criedo-uab.cat\/contractes-dinvestigacio-i-transferencia\/\" target=\"_blank\" rel=\"noreferrer noopener\">Contractes d&#8217;investigaci\u00f3 i transfer\u00e8ncia<\/a><\/li>\n\n\n\n<li><a href=\"https:\/\/www.criedo-uab.cat\/projectes-dinnovacio\/\" target=\"_blank\" rel=\"noreferrer noopener\">Projectes d&#8217;innovaci\u00f3<\/a><\/li>\n\n\n\n<li><a href=\"https:\/\/www.criedo-uab.cat\/tesis\/\" target=\"_blank\" rel=\"noreferrer noopener\">Tesis<\/a><\/li>\n<\/ul>\n\n\n\n<p>Cal precisar que aqu\u00ed es presenten \u00fanicament els projectes desenvolupats des del 2005, data en qu\u00e8 el grup va ser reconegut com a grup de recerca consolidat. Per a informaci\u00f3 sobre projectes previs, poden posar-se en contacte amb nosaltres a trav\u00e9s de:&nbsp;<a href=\"mailto:edo@uab.cat\">edo@uab.cat<\/a><\/p>\n","protected":false},"excerpt":{"rendered":"<p>Des de l\u2019any 1981, l\u2019EDO ha centrat la seva activitat de recerca i doc\u00e8ncia amb l\u2019an\u00e0lisi i el desenvolupament de les organitzacions en general, i les vinculades amb l\u2019educaci\u00f3 i la formaci\u00f3 en particular. Des d\u2019aquella data, els membres del grup han participat de forma continuada amb projectes de recerca vinculats amb la tem\u00e0tica, ja [&hellip;]<\/p>\n","protected":false},"author":20,"featured_media":0,"parent":0,"menu_order":0,"comment_status":"closed","ping_status":"closed","template":"","meta":{"footnotes":""},"class_list":["post-168","page","type-page","status-publish","hentry"],"_links":{"self":[{"href":"https:\/\/webs.uab.cat\/gedo\/wp-json\/wp\/v2\/pages\/168","targetHints":{"allow":["GET"]}}],"collection":[{"href":"https:\/\/webs.uab.cat\/gedo\/wp-json\/wp\/v2\/pages"}],"about":[{"href":"https:\/\/webs.uab.cat\/gedo\/wp-json\/wp\/v2\/types\/page"}],"author":[{"embeddable":true,"href":"https:\/\/webs.uab.cat\/gedo\/wp-json\/wp\/v2\/users\/20"}],"replies":[{"embeddable":true,"href":"https:\/\/webs.uab.cat\/gedo\/wp-json\/wp\/v2\/comments?post=168"}],"version-history":[{"count":4,"href":"https:\/\/webs.uab.cat\/gedo\/wp-json\/wp\/v2\/pages\/168\/revisions"}],"predecessor-version":[{"id":1344,"href":"https:\/\/webs.uab.cat\/gedo\/wp-json\/wp\/v2\/pages\/168\/revisions\/1344"}],"wp:attachment":[{"href":"https:\/\/webs.uab.cat\/gedo\/wp-json\/wp\/v2\/media?parent=168"}],"curies":[{"name":"wp","href":"https:\/\/api.w.org\/{rel}","templated":true}]}}