{"id":176,"date":"2020-07-21T10:58:23","date_gmt":"2020-07-21T08:58:23","guid":{"rendered":"https:\/\/webs.uab.cat\/gedo\/grup-ccuc\/"},"modified":"2024-04-17T12:27:24","modified_gmt":"2024-04-17T10:27:24","slug":"peie","status":"publish","type":"page","link":"https:\/\/webs.uab.cat\/gedo\/peie\/","title":{"rendered":"PEIE"},"content":{"rendered":"\n<p><strong>PR\u00c0CTICA EDUCATIVA INFORMADA PER L&#8217;EVID\u00c8NCIA<br>Coordinadora:&nbsp;<\/strong>Georgeta Ion<\/p>\n\n\n\n<figure class=\"wp-block-image size-large\"><img loading=\"lazy\" decoding=\"async\" width=\"1024\" height=\"472\" src=\"https:\/\/webs.uab.cat\/gedo\/wp-content\/uploads\/sites\/278\/2023\/04\/primer-web-1024x472.jpg\" alt=\"\" class=\"wp-image-1003\" srcset=\"https:\/\/webs.uab.cat\/gedo\/wp-content\/uploads\/sites\/278\/2023\/04\/primer-web-1024x472.jpg 1024w, https:\/\/webs.uab.cat\/gedo\/wp-content\/uploads\/sites\/278\/2023\/04\/primer-web-300x138.jpg 300w, https:\/\/webs.uab.cat\/gedo\/wp-content\/uploads\/sites\/278\/2023\/04\/primer-web-768x354.jpg 768w, https:\/\/webs.uab.cat\/gedo\/wp-content\/uploads\/sites\/278\/2023\/04\/primer-web-1200x553.jpg 1200w, https:\/\/webs.uab.cat\/gedo\/wp-content\/uploads\/sites\/278\/2023\/04\/primer-web.jpg 1320w\" sizes=\"auto, (max-width: 1024px) 100vw, 1024px\" \/><\/figure>\n\n\n\n<p>En aquesta l\u00ednia de recerca entenem que una Pr\u00e0ctica Educativa Informada per l\u2019Evid\u00e8ncia (PEIE) consisteix en l\u2019\u00fas de les evid\u00e8ncies per part del professorat, els l\u00edders educatius i les organitzacions per prendre decisions i millorar aspectes de la seva doc\u00e8ncia, lideratge i desenvolupament professional i organitzatiu. Entenem les \u201cevid\u00e8ncies\u201d&nbsp; com a la integraci\u00f3 de coneixement que prov\u00e9 de diferents fonts com la recerca educativa, dades derivades de les avaluacions sistem\u00e0tiques i experi\u00e8ncia professional, recollides a trav\u00e9s de processos sistem\u00e0tics i rigorosos i a trav\u00e9s d\u2019una multiplicitat de metodologies i enfocaments.<\/p>\n\n\n\n<p>Concretament en aquesta l\u00ednia de recerca ens centrem a abordar les seg\u00fcents q\u00fcestions:<\/p>\n\n\n\n<ol class=\"wp-block-list\">\n<li>com afavorir que les organitzacions educatives facin un \u00fas efectiu de les evid\u00e8ncies cient\u00edfiques per millorar els seus processos;<\/li>\n\n\n\n<li>quins s\u00f3n els condicionants personals\/professionals i organitzatius que afavoreix el comprim\u00eds dels agents educatius amb les evid\u00e8ncies;<\/li>\n\n\n\n<li>com desenvolupar la capacitat dels agents implicats i de les organitzacions educatives per fer un \u00fas efectiu de les evid\u00e8ncies per a la millora educativa.<\/li>\n<\/ol>\n","protected":false},"excerpt":{"rendered":"<p>PR\u00c0CTICA EDUCATIVA INFORMADA PER L&#8217;EVID\u00c8NCIACoordinadora:&nbsp;Georgeta Ion En aquesta l\u00ednia de recerca entenem que una Pr\u00e0ctica Educativa Informada per l\u2019Evid\u00e8ncia (PEIE) consisteix en l\u2019\u00fas de les evid\u00e8ncies per part del professorat, els l\u00edders educatius i les organitzacions per prendre decisions i millorar aspectes de la seva doc\u00e8ncia, lideratge i desenvolupament professional i organitzatiu. Entenem les \u201cevid\u00e8ncies\u201d&nbsp; [&hellip;]<\/p>\n","protected":false},"author":20,"featured_media":0,"parent":0,"menu_order":0,"comment_status":"closed","ping_status":"closed","template":"","meta":{"footnotes":""},"class_list":["post-176","page","type-page","status-publish","hentry"],"_links":{"self":[{"href":"https:\/\/webs.uab.cat\/gedo\/wp-json\/wp\/v2\/pages\/176","targetHints":{"allow":["GET"]}}],"collection":[{"href":"https:\/\/webs.uab.cat\/gedo\/wp-json\/wp\/v2\/pages"}],"about":[{"href":"https:\/\/webs.uab.cat\/gedo\/wp-json\/wp\/v2\/types\/page"}],"author":[{"embeddable":true,"href":"https:\/\/webs.uab.cat\/gedo\/wp-json\/wp\/v2\/users\/20"}],"replies":[{"embeddable":true,"href":"https:\/\/webs.uab.cat\/gedo\/wp-json\/wp\/v2\/comments?post=176"}],"version-history":[{"count":7,"href":"https:\/\/webs.uab.cat\/gedo\/wp-json\/wp\/v2\/pages\/176\/revisions"}],"predecessor-version":[{"id":1316,"href":"https:\/\/webs.uab.cat\/gedo\/wp-json\/wp\/v2\/pages\/176\/revisions\/1316"}],"wp:attachment":[{"href":"https:\/\/webs.uab.cat\/gedo\/wp-json\/wp\/v2\/media?parent=176"}],"curies":[{"name":"wp","href":"https:\/\/api.w.org\/{rel}","templated":true}]}}