{"id":183,"date":"2020-07-22T10:09:41","date_gmt":"2020-07-22T08:09:41","guid":{"rendered":"https:\/\/webs.uab.cat\/gedo\/grup-edainet\/"},"modified":"2024-04-17T12:29:01","modified_gmt":"2024-04-17T10:29:01","slug":"e-dior","status":"publish","type":"page","link":"https:\/\/webs.uab.cat\/gedo\/e-dior\/","title":{"rendered":"E-DIOR"},"content":{"rendered":"\n<p><strong>ENTORNS DIGITALS A LES ORGANITZACIONS EDUCATIVES<\/strong><br><strong>Coordinadora:&nbsp;<\/strong>Alejandra Bosco Paniagua<\/p>\n\n\n\n<figure class=\"wp-block-image size-large\"><img loading=\"lazy\" decoding=\"async\" width=\"1024\" height=\"466\" src=\"https:\/\/webs.uab.cat\/gedo\/wp-content\/uploads\/sites\/278\/2023\/04\/Ejecutivo_web-1024x466.png\" alt=\"\" class=\"wp-image-928\" srcset=\"https:\/\/webs.uab.cat\/gedo\/wp-content\/uploads\/sites\/278\/2023\/04\/Ejecutivo_web-1024x466.png 1024w, https:\/\/webs.uab.cat\/gedo\/wp-content\/uploads\/sites\/278\/2023\/04\/Ejecutivo_web-300x136.png 300w, https:\/\/webs.uab.cat\/gedo\/wp-content\/uploads\/sites\/278\/2023\/04\/Ejecutivo_web-768x349.png 768w, https:\/\/webs.uab.cat\/gedo\/wp-content\/uploads\/sites\/278\/2023\/04\/Ejecutivo_web-1200x546.png 1200w, https:\/\/webs.uab.cat\/gedo\/wp-content\/uploads\/sites\/278\/2023\/04\/Ejecutivo_web.png 1480w\" sizes=\"auto, (max-width: 1024px) 100vw, 1024px\" \/><\/figure>\n\n\n\n<p>En aquesta l\u00ednia de recerca s\u2019estudia la incid\u00e8ncia de les tecnologies digitals en el context de les organitzacions educatives i en tots els seus elements. Des d\u2019aquesta perspectiva, a la l\u00ednia es desenvolupen projectes de recerca i innovaci\u00f3 per a donar resposta als reptes tecnol\u00f2gics de centres d\u2019educaci\u00f3 obligat\u00f2ria, post-obligat\u00f2ria i educaci\u00f3 superior aix\u00ed com organitzacions no formals. Els resultats d\u2019aquesta l\u00ednia de recerca pretenen aportar evid\u00e8ncies i propostes d\u2019actuaci\u00f3 a aquests reptes als que s\u2019enfronta la societat amb les tecnologies digitals a trav\u00e9s de la intervenci\u00f3 a les organitzacions educatives.<\/p>\n\n\n\n<p>Concretament en aquesta l\u00ednia de recerca ens centrem a abordar les seg\u00fcents q\u00fcestions:<\/p>\n\n\n\n<ol class=\"wp-block-list\">\n<li>Usos i abusos de les tecnologies digitals en infants, adolescents, joves i adults<\/li>\n\n\n\n<li>La compet\u00e8ncia digital docent i dels educadors<\/li>\n\n\n\n<li>Les tecnologies digitals a l\u2019educaci\u00f3 superior: intel\u00b7lig\u00e8ncia artificial, realitat virtual, realitat augmentada,&#8230;<\/li>\n\n\n\n<li>Les resist\u00e8ncies i els facilitadors de l\u2019\u00fas de les tecnologies digitals a les institucions educatives<\/li>\n<\/ol>\n","protected":false},"excerpt":{"rendered":"<p>ENTORNS DIGITALS A LES ORGANITZACIONS EDUCATIVESCoordinadora:&nbsp;Alejandra Bosco Paniagua En aquesta l\u00ednia de recerca s\u2019estudia la incid\u00e8ncia de les tecnologies digitals en el context de les organitzacions educatives i en tots els seus elements. Des d\u2019aquesta perspectiva, a la l\u00ednia es desenvolupen projectes de recerca i innovaci\u00f3 per a donar resposta als reptes tecnol\u00f2gics de centres [&hellip;]<\/p>\n","protected":false},"author":20,"featured_media":0,"parent":0,"menu_order":0,"comment_status":"closed","ping_status":"closed","template":"","meta":{"footnotes":""},"class_list":["post-183","page","type-page","status-publish","hentry"],"_links":{"self":[{"href":"https:\/\/webs.uab.cat\/gedo\/wp-json\/wp\/v2\/pages\/183","targetHints":{"allow":["GET"]}}],"collection":[{"href":"https:\/\/webs.uab.cat\/gedo\/wp-json\/wp\/v2\/pages"}],"about":[{"href":"https:\/\/webs.uab.cat\/gedo\/wp-json\/wp\/v2\/types\/page"}],"author":[{"embeddable":true,"href":"https:\/\/webs.uab.cat\/gedo\/wp-json\/wp\/v2\/users\/20"}],"replies":[{"embeddable":true,"href":"https:\/\/webs.uab.cat\/gedo\/wp-json\/wp\/v2\/comments?post=183"}],"version-history":[{"count":8,"href":"https:\/\/webs.uab.cat\/gedo\/wp-json\/wp\/v2\/pages\/183\/revisions"}],"predecessor-version":[{"id":1317,"href":"https:\/\/webs.uab.cat\/gedo\/wp-json\/wp\/v2\/pages\/183\/revisions\/1317"}],"wp:attachment":[{"href":"https:\/\/webs.uab.cat\/gedo\/wp-json\/wp\/v2\/media?parent=183"}],"curies":[{"name":"wp","href":"https:\/\/api.w.org\/{rel}","templated":true}]}}