{"id":209,"date":"2020-07-22T10:54:18","date_gmt":"2020-07-22T08:54:18","guid":{"rendered":"https:\/\/webs.uab.cat\/gedo\/grup-geu\/"},"modified":"2024-04-17T12:32:48","modified_gmt":"2024-04-17T10:32:48","slug":"depro","status":"publish","type":"page","link":"https:\/\/webs.uab.cat\/gedo\/depro\/","title":{"rendered":"DEPRO"},"content":{"rendered":"\n<p><strong>DESENVOLUPAMENT PROFESSIONAL A LES ORGANITZACIONS<\/strong><br><strong>Coordinaci\u00f3:\u00a0<\/strong>Diego Castro Ceacero<\/p>\n\n\n\n<figure class=\"wp-block-image size-large\"><img loading=\"lazy\" decoding=\"async\" width=\"1024\" height=\"467\" src=\"https:\/\/webs.uab.cat\/gedo\/wp-content\/uploads\/sites\/278\/2023\/04\/grupo-web-1024x467.png\" alt=\"\" class=\"wp-image-981\" srcset=\"https:\/\/webs.uab.cat\/gedo\/wp-content\/uploads\/sites\/278\/2023\/04\/grupo-web-1024x467.png 1024w, https:\/\/webs.uab.cat\/gedo\/wp-content\/uploads\/sites\/278\/2023\/04\/grupo-web-300x137.png 300w, https:\/\/webs.uab.cat\/gedo\/wp-content\/uploads\/sites\/278\/2023\/04\/grupo-web-768x350.png 768w, https:\/\/webs.uab.cat\/gedo\/wp-content\/uploads\/sites\/278\/2023\/04\/grupo-web-1200x548.png 1200w, https:\/\/webs.uab.cat\/gedo\/wp-content\/uploads\/sites\/278\/2023\/04\/grupo-web.png 1475w\" sizes=\"auto, (max-width: 1024px) 100vw, 1024px\" \/><\/figure>\n\n\n\n<p>Les organitzacions, per definici\u00f3, s\u00f3n un grup de persones que col\u00b7laboren i interaccionen per assolir objectius comuns. Aix\u00ed doncs, les persones constitueixen un element fonamental del funcionament i millora de les organitzacions. No es poden plantejar processos de desenvolupament de les organitzacions sense que aix\u00f2 impliqui, necess\u00e0riament, el desenvolupament, personal i professional, de les persones que les conformen i donen sentit. Aquesta l\u00ednia de recerca no nom\u00e9s teoritza sobre el Desenvolupament professional, sin\u00f3 que tracta de respondre a preguntes sobre la recerca i la pr\u00e0ctica actual en aquest \u00e0mbit, proporcionant una perspectiva anal\u00edtica i critica que orienti la gesti\u00f3 i les pol\u00edtiques de Desenvolupament Professional a les organitzacions, millorant aix\u00ed la seva qualitat i efici\u00e8ncia.<\/p>\n\n\n\n<p>Concretament en aquesta l\u00ednia de recerca ens centrem a abordar les seg\u00fcents q\u00fcestions:<\/p>\n\n\n\n<ol class=\"wp-block-list\">\n<li>Gesti\u00f3 del Coneixement<\/li>\n\n\n\n<li>Aprenentatge Organitzatiu<\/li>\n\n\n\n<li>Aprenentatge social i informal en entorns laborals<\/li>\n\n\n\n<li>Aprenentatge intergeneracional en entorns laborals<\/li>\n\n\n\n<li>Comunitats de pr\u00e0ctica<\/li>\n<\/ol>\n","protected":false},"excerpt":{"rendered":"<p>DESENVOLUPAMENT PROFESSIONAL A LES ORGANITZACIONSCoordinaci\u00f3:\u00a0Diego Castro Ceacero Les organitzacions, per definici\u00f3, s\u00f3n un grup de persones que col\u00b7laboren i interaccionen per assolir objectius comuns. Aix\u00ed doncs, les persones constitueixen un element fonamental del funcionament i millora de les organitzacions. No es poden plantejar processos de desenvolupament de les organitzacions sense que aix\u00f2 impliqui, necess\u00e0riament, el [&hellip;]<\/p>\n","protected":false},"author":20,"featured_media":0,"parent":0,"menu_order":0,"comment_status":"closed","ping_status":"closed","template":"","meta":{"footnotes":""},"class_list":["post-209","page","type-page","status-publish","hentry"],"_links":{"self":[{"href":"https:\/\/webs.uab.cat\/gedo\/wp-json\/wp\/v2\/pages\/209","targetHints":{"allow":["GET"]}}],"collection":[{"href":"https:\/\/webs.uab.cat\/gedo\/wp-json\/wp\/v2\/pages"}],"about":[{"href":"https:\/\/webs.uab.cat\/gedo\/wp-json\/wp\/v2\/types\/page"}],"author":[{"embeddable":true,"href":"https:\/\/webs.uab.cat\/gedo\/wp-json\/wp\/v2\/users\/20"}],"replies":[{"embeddable":true,"href":"https:\/\/webs.uab.cat\/gedo\/wp-json\/wp\/v2\/comments?post=209"}],"version-history":[{"count":7,"href":"https:\/\/webs.uab.cat\/gedo\/wp-json\/wp\/v2\/pages\/209\/revisions"}],"predecessor-version":[{"id":1319,"href":"https:\/\/webs.uab.cat\/gedo\/wp-json\/wp\/v2\/pages\/209\/revisions\/1319"}],"wp:attachment":[{"href":"https:\/\/webs.uab.cat\/gedo\/wp-json\/wp\/v2\/media?parent=209"}],"curies":[{"name":"wp","href":"https:\/\/api.w.org\/{rel}","templated":true}]}}