{"id":535,"date":"2022-11-17T13:36:38","date_gmt":"2022-11-17T11:36:38","guid":{"rendered":"https:\/\/webs.uab.cat\/gedo\/?page_id=535"},"modified":"2024-04-17T12:26:46","modified_gmt":"2024-04-17T10:26:46","slug":"edo-uab","status":"publish","type":"page","link":"https:\/\/webs.uab.cat\/gedo\/edo-uab\/","title":{"rendered":"EDO &#8211; UAB"},"content":{"rendered":"\r\n<ul class=\"staff-grid\">\r\n\r\n\t\r\n<li class=\"staff-list-item\">\r\n\t<figure>\r\n\t\t\r\n\t\t<img decoding=\"async\" src=\"https:\/\/webs.uab.cat\/gedo\/wp-content\/uploads\/sites\/278\/2024\/04\/LAlguacil.jpg\" alt=\"Laia Alguacil Mir\">\r\n\t\t\r\n\t<\/figure>\r\n\t<div>\r\n\t\t<p><a href=\"https:\/\/webs.uab.cat\/gedo\/personal\/laia-alguacil-mir\/\"><strong>Laia Alguacil Mir<\/strong><\/a><\/p>\r\n\t\t<p>Investigadora predoctoral<\/p>\r\n\t<\/div>\r\n<\/li>\r\n\t\r\n\t\r\n<li class=\"staff-list-item\">\r\n\t<figure>\r\n\t\t\r\n\t\t<img decoding=\"async\" src=\"https:\/\/webs.uab.cat\/gedo\/wp-content\/uploads\/sites\/278\/2020\/07\/CArmengol.jpg\" alt=\"Carme Armengol Aspar\u00f3\">\r\n\t\t\r\n\t<\/figure>\r\n\t<div>\r\n\t\t<p><a href=\"https:\/\/webs.uab.cat\/gedo\/personal\/carme-armengol-asparo\/\"><strong>Carme Armengol Aspar\u00f3<\/strong><\/a><\/p>\r\n\t\t<p>Professora Titular<\/p>\r\n\t<\/div>\r\n<\/li>\r\n\t\r\n\t\r\n<li class=\"staff-list-item\">\r\n\t<figure>\r\n\t\t\r\n\t\t<img decoding=\"async\" src=\"https:\/\/webs.uab.cat\/gedo\/wp-content\/uploads\/sites\/278\/2020\/07\/ABarrera.jpg\" alt=\"Aleix Barrera Corominas\">\r\n\t\t\r\n\t<\/figure>\r\n\t<div>\r\n\t\t<p><a href=\"https:\/\/webs.uab.cat\/gedo\/personal\/aleix-barrera-corominas\/\"><strong>Aleix Barrera Corominas<\/strong><\/a><\/p>\r\n\t\t<p>Professor Titular<\/p>\r\n\t<\/div>\r\n<\/li>\r\n\t\r\n\t\r\n<li class=\"staff-list-item\">\r\n\t<figure>\r\n\t\t\r\n\t\t<img decoding=\"async\" src=\"https:\/\/webs.uab.cat\/gedo\/wp-content\/uploads\/sites\/278\/2020\/07\/DCastro.jpg\" alt=\"Diego Castro Ceacero\">\r\n\t\t\r\n\t<\/figure>\r\n\t<div>\r\n\t\t<p><a href=\"https:\/\/webs.uab.cat\/gedo\/personal\/diego-castro-ceacero\/\"><strong>Diego Castro Ceacero<\/strong><\/a><\/p>\r\n\t\t<p>Professor Titular<\/p>\r\n\t<\/div>\r\n<\/li>\r\n\t\r\n\t\r\n<li class=\"staff-list-item\">\r\n\t<figure>\r\n\t\t\r\n\t\t<img decoding=\"async\" src=\"https:\/\/webs.uab.cat\/gedo\/wp-content\/uploads\/sites\/278\/2020\/07\/JCodina-2024.jpeg\" alt=\"Jordi Codina Hern\u00e1ndez\">\r\n\t\t\r\n\t<\/figure>\r\n\t<div>\r\n\t\t<p><a href=\"https:\/\/webs.uab.cat\/gedo\/personal\/jordi-codina-hernandez\/\"><strong>Jordi Codina Hern\u00e1ndez<\/strong><\/a><\/p>\r\n\t\t<p>T\u00e8cnic especialista de Suport a la Recerca<\/p>\r\n\t<\/div>\r\n<\/li>\r\n\t\r\n\t\r\n<li class=\"staff-list-item\">\r\n\t<figure>\r\n\t\t\r\n\t\t<img decoding=\"async\" src=\"https:\/\/webs.uab.cat\/gedo\/wp-content\/uploads\/sites\/278\/2020\/08\/ADiaz.jpg\" alt=\"Anna D\u00edaz Vicario\">\r\n\t\t\r\n\t<\/figure>\r\n\t<div>\r\n\t\t<p><a href=\"https:\/\/webs.uab.cat\/gedo\/personal\/anna-diaz-vicario\/\"><strong>Anna D\u00edaz Vicario<\/strong><\/a><\/p>\r\n\t\t<p>Professora Titular<\/p>\r\n\t<\/div>\r\n<\/li>\r\n\t\r\n\t\r\n<li class=\"staff-list-item\">\r\n\t<figure>\r\n\t\t\r\n\t\t<img decoding=\"async\" src=\"https:\/\/webs.uab.cat\/gedo\/wp-content\/uploads\/sites\/278\/2020\/08\/MMDuran.jpg\" alt=\"M\u00aa del Mar Duran Bellonch\">\r\n\t\t\r\n\t<\/figure>\r\n\t<div>\r\n\t\t<p><a href=\"https:\/\/webs.uab.cat\/gedo\/personal\/ma-del-mar-duran-bellonch\/\"><strong>M\u00aa del Mar Duran Bellonch<\/strong><\/a><\/p>\r\n\t\t<p>Professora Agregada<\/p>\r\n\t<\/div>\r\n<\/li>\r\n\t\r\n\t\r\n<li class=\"staff-list-item\">\r\n\t<figure>\r\n\t\t\r\n\t\t<img decoding=\"async\" src=\"https:\/\/webs.uab.cat\/gedo\/wp-content\/uploads\/sites\/278\/2022\/10\/DEspinosa-2024.jpeg\" alt=\"Jos\u00e9 Daniel Espinosa Rodr\u00edguez\">\r\n\t\t\r\n\t<\/figure>\r\n\t<div>\r\n\t\t<p><a href=\"https:\/\/webs.uab.cat\/gedo\/personal\/jose-daniel-espinosa-rodriguez\/\"><strong>Jos\u00e9 Daniel Espinosa Rodr\u00edguez<\/strong><\/a><\/p>\r\n\t\t<p>Investigador predoctoral<\/p>\r\n\t<\/div>\r\n<\/li>\r\n\t\r\n\t\r\n<li class=\"staff-list-item\">\r\n\t<figure>\r\n\t\t\r\n\t\t<img decoding=\"async\" src=\"https:\/\/webs.uab.cat\/gedo\/wp-content\/uploads\/sites\/278\/2024\/10\/MFuentes-scaled.jpg\" alt=\"Marina Fuentes Arenas\">\r\n\t\t\r\n\t<\/figure>\r\n\t<div>\r\n\t\t<p><a href=\"https:\/\/webs.uab.cat\/gedo\/personal\/marina-fuentes-arenas\/\"><strong>Marina Fuentes Arenas<\/strong><\/a><\/p>\r\n\t\t<p>T\u00e8cnica de suport a la recerca<\/p>\r\n\t<\/div>\r\n<\/li>\r\n\t\r\n\t\r\n<li class=\"staff-list-item\">\r\n\t<figure>\r\n\t\t\r\n\t\t<img decoding=\"async\" src=\"https:\/\/webs.uab.cat\/gedo\/wp-content\/uploads\/sites\/278\/2020\/08\/JGairin.jpg\" alt=\"Joaqu\u00edn Gair\u00edn Sall\u00e1n\">\r\n\t\t\r\n\t<\/figure>\r\n\t<div>\r\n\t\t<p><a href=\"https:\/\/webs.uab.cat\/gedo\/personal\/joaquin-gairin-sallan\/\"><strong>Joaqu\u00edn Gair\u00edn Sall\u00e1n<\/strong><\/a><\/p>\r\n\t\t<p>Professor Em\u00e8rit<\/p>\r\n\t<\/div>\r\n<\/li>\r\n\t\r\n\t\r\n<li class=\"staff-list-item\">\r\n\t<figure>\r\n\t\t\r\n\t\t<img decoding=\"async\" src=\"https:\/\/webs.uab.cat\/gedo\/wp-content\/uploads\/sites\/278\/2020\/08\/MGaldames.jpg\" alt=\"Marisol Galdames Calder\u00f3n\">\r\n\t\t\r\n\t<\/figure>\r\n\t<div>\r\n\t\t<p><a href=\"https:\/\/webs.uab.cat\/gedo\/personal\/marisol-galdames\/\"><strong>Marisol Galdames Calder\u00f3n<\/strong><\/a><\/p>\r\n\t\t<p>Professora Lectora<\/p>\r\n\t<\/div>\r\n<\/li>\r\n\t\r\n\t\r\n<li class=\"staff-list-item\">\r\n\t<figure>\r\n\t\t\r\n\t\t<img decoding=\"async\" src=\"https:\/\/webs.uab.cat\/gedo\/wp-content\/uploads\/sites\/278\/2020\/08\/GIon.jpg\" alt=\"Georgeta Ion\">\r\n\t\t\r\n\t<\/figure>\r\n\t<div>\r\n\t\t<p><a href=\"https:\/\/webs.uab.cat\/gedo\/personal\/georgeta-ion\/\"><strong>Georgeta Ion<\/strong><\/a><\/p>\r\n\t\t<p>Professora Titular<\/p>\r\n\t<\/div>\r\n<\/li>\r\n\t\r\n\t\r\n<li class=\"staff-list-item\">\r\n\t<figure>\r\n\t\t\r\n\t\t<img decoding=\"async\" src=\"https:\/\/webs.uab.cat\/gedo\/wp-content\/uploads\/sites\/278\/2020\/08\/SLopez.jpg\" alt=\"Saida L\u00f3pez Crespo\">\r\n\t\t\r\n\t<\/figure>\r\n\t<div>\r\n\t\t<p><a href=\"https:\/\/webs.uab.cat\/gedo\/personal\/saida-lopez-crespo\/\"><strong>Saida L\u00f3pez Crespo<\/strong><\/a><\/p>\r\n\t\t<p>Profesora Lectora<\/p>\r\n\t<\/div>\r\n<\/li>\r\n\t\r\n\t\r\n<li class=\"staff-list-item\">\r\n\t<figure>\r\n\t\t\r\n\t\t<img decoding=\"async\" src=\"https:\/\/webs.uab.cat\/gedo\/wp-content\/uploads\/sites\/278\/2020\/08\/CMercader.jpeg\" alt=\"Cristina Mercader Juan\">\r\n\t\t\r\n\t<\/figure>\r\n\t<div>\r\n\t\t<p><a href=\"https:\/\/webs.uab.cat\/gedo\/personal\/cristina-mercader-juan\/\"><strong>Cristina Mercader Juan<\/strong><\/a><\/p>\r\n\t\t<p>Professora Titular<\/p>\r\n\t<\/div>\r\n<\/li>\r\n\t\r\n\t\r\n<li class=\"staff-list-item\">\r\n\t<figure>\r\n\t\t\r\n\t\t<img decoding=\"async\" src=\"https:\/\/webs.uab.cat\/gedo\/wp-content\/uploads\/sites\/278\/2020\/08\/JLMunoz.jpg\" alt=\"Jos\u00e9 Lu\u00eds Mu\u00f1oz Moreno\">\r\n\t\t\r\n\t<\/figure>\r\n\t<div>\r\n\t\t<p><a href=\"https:\/\/webs.uab.cat\/gedo\/personal\/jose-luis-munoz-moreno\/\"><strong>Jos\u00e9 Lu\u00eds Mu\u00f1oz Moreno<\/strong><\/a><\/p>\r\n\t\t<p>Professor Titular<\/p>\r\n\t<\/div>\r\n<\/li>\r\n\t\r\n\t\r\n<li class=\"staff-list-item\">\r\n\t<figure>\r\n\t\t\r\n\t\t<img decoding=\"async\" src=\"https:\/\/webs.uab.cat\/gedo\/wp-content\/uploads\/sites\/278\/2020\/08\/POlmos.jpg\" alt=\"Patricia Olmos Rueda\">\r\n\t\t\r\n\t<\/figure>\r\n\t<div>\r\n\t\t<p><a href=\"https:\/\/webs.uab.cat\/gedo\/personal\/patricia-olmos-rueda\/\"><strong>Patricia Olmos Rueda<\/strong><\/a><\/p>\r\n\t\t<p>Professora Agregada<\/p>\r\n\t<\/div>\r\n<\/li>\r\n\t\r\n\t\r\n<li class=\"staff-list-item\">\r\n\t<figure>\r\n\t\t\r\n\t\t<img decoding=\"async\" src=\"https:\/\/webs.uab.cat\/gedo\/wp-content\/uploads\/sites\/278\/2023\/04\/GParis.jpg\" alt=\"Gemma Par\u00eds Romia\">\r\n\t\t\r\n\t<\/figure>\r\n\t<div>\r\n\t\t<p><a href=\"https:\/\/webs.uab.cat\/gedo\/personal\/gemma-paris-romia-2\/\"><strong>Gemma Par\u00eds Romia<\/strong><\/a><\/p>\r\n\t\t<p>Professora Agregada<\/p>\r\n\t<\/div>\r\n<\/li>\r\n\t\r\n\t\r\n<li class=\"staff-list-item\">\r\n\t<figure>\r\n\t\t\r\n\t\t<img decoding=\"async\" src=\"https:\/\/webs.uab.cat\/gedo\/wp-content\/uploads\/sites\/278\/2020\/08\/DRodriguez.jpg\" alt=\"David Rodr\u00edguez G\u00f3mez\">\r\n\t\t\r\n\t<\/figure>\r\n\t<div>\r\n\t\t<p><a href=\"https:\/\/webs.uab.cat\/gedo\/personal\/david-rodriguez-gomez\/\"><strong>David Rodr\u00edguez G\u00f3mez<\/strong><\/a><\/p>\r\n\t\t<p>Professor Titular<\/p>\r\n\t<\/div>\r\n<\/li>\r\n\t\r\n\t\r\n<li class=\"staff-list-item\">\r\n\t<figure>\r\n\t\t\r\n\t\t<img decoding=\"async\" src=\"https:\/\/webs.uab.cat\/gedo\/wp-content\/uploads\/sites\/278\/2020\/08\/CISuarez.jpg\" alt=\"Cecilia In\u00e9s Su\u00e1rez\">\r\n\t\t\r\n\t<\/figure>\r\n\t<div>\r\n\t\t<p><a href=\"https:\/\/webs.uab.cat\/gedo\/personal\/cecilia-ines-suarez\/\"><strong>Cecilia In\u00e9s Su\u00e1rez<\/strong><\/a><\/p>\r\n\t\t<p>Professora Lectora<\/p>\r\n\t<\/div>\r\n<\/li>\r\n\t\r\n\t\r\n<li class=\"staff-list-item\">\r\n\t<figure>\r\n\t\t\r\n\t\t<img decoding=\"async\" src=\"https:\/\/webs.uab.cat\/gedo\/wp-content\/uploads\/sites\/278\/2022\/10\/LVila.jpeg\" alt=\"Laia Vila Sell\u00e9s\">\r\n\t\t\r\n\t<\/figure>\r\n\t<div>\r\n\t\t<p><a href=\"https:\/\/webs.uab.cat\/gedo\/personal\/laia-vila\/\"><strong>Laia Vila Sell\u00e9s<\/strong><\/a><\/p>\r\n\t\t<p>Investigadora predoctoral<\/p>\r\n\t<\/div>\r\n<\/li>\r\n\t\r\n<\/ul>\r\n","protected":false},"excerpt":{"rendered":"","protected":false},"author":20,"featured_media":0,"parent":0,"menu_order":0,"comment_status":"closed","ping_status":"closed","template":"","meta":{"footnotes":""},"class_list":["post-535","page","type-page","status-publish","hentry"],"_links":{"self":[{"href":"https:\/\/webs.uab.cat\/gedo\/wp-json\/wp\/v2\/pages\/535","targetHints":{"allow":["GET"]}}],"collection":[{"href":"https:\/\/webs.uab.cat\/gedo\/wp-json\/wp\/v2\/pages"}],"about":[{"href":"https:\/\/webs.uab.cat\/gedo\/wp-json\/wp\/v2\/types\/page"}],"author":[{"embeddable":true,"href":"https:\/\/webs.uab.cat\/gedo\/wp-json\/wp\/v2\/users\/20"}],"replies":[{"embeddable":true,"href":"https:\/\/webs.uab.cat\/gedo\/wp-json\/wp\/v2\/comments?post=535"}],"version-history":[{"count":3,"href":"https:\/\/webs.uab.cat\/gedo\/wp-json\/wp\/v2\/pages\/535\/revisions"}],"predecessor-version":[{"id":1238,"href":"https:\/\/webs.uab.cat\/gedo\/wp-json\/wp\/v2\/pages\/535\/revisions\/1238"}],"wp:attachment":[{"href":"https:\/\/webs.uab.cat\/gedo\/wp-json\/wp\/v2\/media?parent=535"}],"curies":[{"name":"wp","href":"https:\/\/api.w.org\/{rel}","templated":true}]}}