{"id":495,"date":"2023-03-29T21:19:43","date_gmt":"2023-03-29T19:19:43","guid":{"rendered":"https:\/\/webs.uab.cat\/gefro\/?page_id=495"},"modified":"2025-12-18T10:37:59","modified_gmt":"2025-12-18T08:37:59","slug":"tech-transfer-projects","status":"publish","type":"page","link":"https:\/\/webs.uab.cat\/gefro\/tech-transfer-projects\/","title":{"rendered":"Tech transfer projects"},"content":{"rendered":"\n<p><\/p>\n\n\n\n<p class=\"has-text-align-center\"><strong><a href=\"#Public\">Public funding<\/a> &#8211; <a href=\"#Private\">Private funding<\/a><\/strong><\/p>\n\n\n\n<h2 class=\"wp-block-heading\" id=\"Public\">Public funding for tech transfer<\/h2>\n\n\n\n<div class=\"wp-block-group\"><div class=\"wp-block-group__inner-container is-layout-flow wp-block-group-is-layout-flow\">\n<ul style=\"font-size:20px\" class=\"wp-block-list\">\n<li><strong>Nanopart\u00edculas para la liberaci\u00f3n controlada de ingredientes activos para la Prevenci\u00f3n en Mujeres de la Radiodermitis secundaria asociada a la radioterapia contra el c\u00e1ncer de mama (NANORADIOMED)<\/strong><br><em>Project type:<\/em> Proyectos en colaboraci\u00f3n p\u00fablico-privada (CPP2024-011271)<br><em>Duration:<\/em> 1\/12\/2025 &#8211; 30\/11\/2028<br><em>PI@UAB:<\/em> Prof. Jordi Hernando<br><em>Company<\/em>: <a href=\"https:\/\/www.carinsa.com\/\">Grupo Carinsa<\/a><br><em>Budget@UAB: <\/em>58 125 \u20ac<\/li>\n<\/ul>\n<\/div><\/div>\n\n\n<div class=\"wp-block-image\">\n<figure class=\"aligncenter size-large is-resized\"><img loading=\"lazy\" decoding=\"async\" width=\"1024\" height=\"179\" src=\"https:\/\/webs.uab.cat\/gefro\/wp-content\/uploads\/sites\/323\/2025\/12\/CPP_Carinsa-1024x179.jpg\" alt=\"\" class=\"wp-image-1461\" style=\"width:438px;height:auto\" srcset=\"https:\/\/webs.uab.cat\/gefro\/wp-content\/uploads\/sites\/323\/2025\/12\/CPP_Carinsa-1024x179.jpg 1024w, https:\/\/webs.uab.cat\/gefro\/wp-content\/uploads\/sites\/323\/2025\/12\/CPP_Carinsa-300x52.jpg 300w, https:\/\/webs.uab.cat\/gefro\/wp-content\/uploads\/sites\/323\/2025\/12\/CPP_Carinsa-768x134.jpg 768w, https:\/\/webs.uab.cat\/gefro\/wp-content\/uploads\/sites\/323\/2025\/12\/CPP_Carinsa-1536x268.jpg 1536w, https:\/\/webs.uab.cat\/gefro\/wp-content\/uploads\/sites\/323\/2025\/12\/CPP_Carinsa-2048x357.jpg 2048w, https:\/\/webs.uab.cat\/gefro\/wp-content\/uploads\/sites\/323\/2025\/12\/CPP_Carinsa-1200x209.jpg 1200w, https:\/\/webs.uab.cat\/gefro\/wp-content\/uploads\/sites\/323\/2025\/12\/CPP_Carinsa-1980x346.jpg 1980w\" sizes=\"auto, (max-width: 1024px) 100vw, 1024px\" \/><\/figure>\n<\/div>\n\n\n<div style=\"height:33px\" aria-hidden=\"true\" class=\"wp-block-spacer\"><\/div>\n\n\n\n<div class=\"wp-block-group\"><div class=\"wp-block-group__inner-container is-layout-flow wp-block-group-is-layout-flow\">\n<ul style=\"font-size:20px\" class=\"wp-block-list\">\n<li><strong>Photoactivable irreversible thermochromic indicators for food cold chain tracking (FOODTRACK)<\/strong><br><em>Project type:<\/em> Proyectos en colaboraci\u00f3n p\u00fablico-privada (CPP2024-011402)<br><em>Duration:<\/em> 1\/12\/2025 &#8211; 30\/11\/2028<br><em>PI@UAB:<\/em> Prof. Jordi Hernando<br><em>Company<\/em>: <a href=\"https:\/\/www.color-sensing.com\/en\">ColorSensing SL<\/a><br><em>Budget@UAB: <\/em>30 000 \u20ac <\/li>\n<\/ul>\n<\/div><\/div>\n\n\n<div class=\"wp-block-image\">\n<figure class=\"aligncenter size-large is-resized\"><img loading=\"lazy\" decoding=\"async\" width=\"1024\" height=\"143\" src=\"https:\/\/webs.uab.cat\/gefro\/wp-content\/uploads\/sites\/323\/2025\/12\/CPP_Colorsensing-1-1024x143.jpg\" alt=\"\" class=\"wp-image-1459\" style=\"width:537px;height:auto\" srcset=\"https:\/\/webs.uab.cat\/gefro\/wp-content\/uploads\/sites\/323\/2025\/12\/CPP_Colorsensing-1-1024x143.jpg 1024w, https:\/\/webs.uab.cat\/gefro\/wp-content\/uploads\/sites\/323\/2025\/12\/CPP_Colorsensing-1-300x42.jpg 300w, https:\/\/webs.uab.cat\/gefro\/wp-content\/uploads\/sites\/323\/2025\/12\/CPP_Colorsensing-1-768x107.jpg 768w, https:\/\/webs.uab.cat\/gefro\/wp-content\/uploads\/sites\/323\/2025\/12\/CPP_Colorsensing-1-1536x215.jpg 1536w, https:\/\/webs.uab.cat\/gefro\/wp-content\/uploads\/sites\/323\/2025\/12\/CPP_Colorsensing-1-2048x286.jpg 2048w, https:\/\/webs.uab.cat\/gefro\/wp-content\/uploads\/sites\/323\/2025\/12\/CPP_Colorsensing-1-1200x168.jpg 1200w, https:\/\/webs.uab.cat\/gefro\/wp-content\/uploads\/sites\/323\/2025\/12\/CPP_Colorsensing-1-1980x277.jpg 1980w\" sizes=\"auto, (max-width: 1024px) 100vw, 1024px\" \/><\/figure>\n<\/div>\n\n\n<div style=\"height:33px\" aria-hidden=\"true\" class=\"wp-block-spacer\"><\/div>\n\n\n\n<div class=\"wp-block-group\"><div class=\"wp-block-group__inner-container is-layout-flow wp-block-group-is-layout-flow\">\n<ul style=\"font-size:20px\" class=\"wp-block-list\">\n<li><strong>Multistimuli-responsive coatings with transparency modulation for smart windows<\/strong> <strong>(TransWIN)<\/strong><br><em>Project type:<\/em> Producte 2021 (2021 PROD 00190)<br><em>Duration:<\/em> 18\/10\/2022 &#8211; 17\/03\/2024<br><em>PI:<\/em> Dr. Claudio Roscini (ICN2-BIST)<br><em>Budget: <\/em>99 938 \u20ac             <\/li>\n<\/ul>\n\n\n<div class=\"wp-block-image\">\n<figure class=\"aligncenter size-large is-resized\"><img loading=\"lazy\" decoding=\"async\" width=\"1024\" height=\"464\" src=\"https:\/\/webs.uab.cat\/gefro\/wp-content\/uploads\/sites\/323\/2023\/03\/SGR-1-1024x464.jpg\" alt=\"\" class=\"wp-image-537\" style=\"width:234px;height:106px\" srcset=\"https:\/\/webs.uab.cat\/gefro\/wp-content\/uploads\/sites\/323\/2023\/03\/SGR-1-1024x464.jpg 1024w, https:\/\/webs.uab.cat\/gefro\/wp-content\/uploads\/sites\/323\/2023\/03\/SGR-1-300x136.jpg 300w, https:\/\/webs.uab.cat\/gefro\/wp-content\/uploads\/sites\/323\/2023\/03\/SGR-1-768x348.jpg 768w, https:\/\/webs.uab.cat\/gefro\/wp-content\/uploads\/sites\/323\/2023\/03\/SGR-1-1200x544.jpg 1200w, https:\/\/webs.uab.cat\/gefro\/wp-content\/uploads\/sites\/323\/2023\/03\/SGR-1.jpg 1477w\" sizes=\"auto, (max-width: 1024px) 100vw, 1024px\" \/><\/figure>\n<\/div><\/div><\/div>\n\n\n\n<div style=\"height:33px\" aria-hidden=\"true\" class=\"wp-block-spacer\"><\/div>\n\n\n\n<div class=\"wp-block-group\"><div class=\"wp-block-group__inner-container is-layout-flow wp-block-group-is-layout-flow\">\n<ul style=\"font-size:20px\" class=\"wp-block-list\">\n<li><strong>Desarrollo de biosensores de lactato y glucosa en sudor para dispositivos wearables (<em>Industrial PhD<\/em>)<\/strong><br><em>Project type:<\/em> Doctorats industrials 2022 (2022 DI 032)<br><em>Duration:<\/em> 01\/9\/2022 &#8211; 31\/08\/2025<br><em>PI:<\/em> Dr. Gonzalo Guirado<br><em>Company<\/em>: <a href=\"https:\/\/www.onalabs.com\/\">Onalabs<\/a><br><em>Budget: <\/em>33 960 \u20ac             <\/li>\n<\/ul>\n\n\n<div class=\"wp-block-image\">\n<figure class=\"aligncenter size-full is-resized\"><img loading=\"lazy\" decoding=\"async\" width=\"696\" height=\"92\" src=\"https:\/\/webs.uab.cat\/gefro\/wp-content\/uploads\/sites\/323\/2023\/04\/Imagen1.png\" alt=\"\" class=\"wp-image-725\" style=\"width:418px;height:55px\" srcset=\"https:\/\/webs.uab.cat\/gefro\/wp-content\/uploads\/sites\/323\/2023\/04\/Imagen1.png 696w, https:\/\/webs.uab.cat\/gefro\/wp-content\/uploads\/sites\/323\/2023\/04\/Imagen1-300x40.png 300w\" sizes=\"auto, (max-width: 696px) 100vw, 696px\" \/><\/figure>\n<\/div><\/div><\/div>\n\n\n\n<div style=\"height:33px\" aria-hidden=\"true\" class=\"wp-block-spacer\"><\/div>\n\n\n\n<div class=\"wp-block-group\"><div class=\"wp-block-group__inner-container is-layout-flow wp-block-group-is-layout-flow\">\n<ul style=\"font-size:20px\" class=\"wp-block-list\">\n<li><strong>Development of active ingredients for preventing skin cancer and melasma (<em>Industrial PhD<\/em>)<\/strong><br><em>Project type:<\/em> Doctorats industrials 2020 (2020 DI 081)<br><em>Duration:<\/em> 01\/08\/2021 &#8211; 31\/07\/2024<br><em>PI:<\/em> Dr. Jordi Hernando and Prof. Rosa M\u00aa Sebasti\u00e1n<br><em>Company<\/em>: <a href=\"https:\/\/www.rokafuradada.com\/\" target=\"_blank\" rel=\"noreferrer noopener\">Roka Furadada SL<\/a><br><em>Budget: <\/em>33 960 \u20ac             <\/li>\n<\/ul>\n\n\n<div class=\"wp-block-image\">\n<figure class=\"aligncenter size-full is-resized\"><img loading=\"lazy\" decoding=\"async\" width=\"804\" height=\"152\" src=\"https:\/\/webs.uab.cat\/gefro\/wp-content\/uploads\/sites\/323\/2023\/03\/DI_Roka-5.jpg\" alt=\"\" class=\"wp-image-530\" style=\"width:402px;height:76px\" srcset=\"https:\/\/webs.uab.cat\/gefro\/wp-content\/uploads\/sites\/323\/2023\/03\/DI_Roka-5.jpg 804w, https:\/\/webs.uab.cat\/gefro\/wp-content\/uploads\/sites\/323\/2023\/03\/DI_Roka-5-300x57.jpg 300w, https:\/\/webs.uab.cat\/gefro\/wp-content\/uploads\/sites\/323\/2023\/03\/DI_Roka-5-768x145.jpg 768w\" sizes=\"auto, (max-width: 804px) 100vw, 804px\" \/><\/figure>\n<\/div><\/div><\/div>\n\n\n\n<div style=\"height:33px\" aria-hidden=\"true\" class=\"wp-block-spacer\"><\/div>\n\n\n\n<div class=\"wp-block-group\"><div class=\"wp-block-group__inner-container is-layout-flow wp-block-group-is-layout-flow\">\n<ul style=\"font-size:20px\" class=\"wp-block-list\">\n<li><strong>Development of industrial inks to monitor fresh food degradation (<em>Industrial PhD<\/em>)<\/strong><br><em>Project type:<\/em> Doctorats industrials 2020 (2020 DI 002)<br><em>Duration:<\/em> 01\/01\/2021 &#8211; 31\/12\/2023<br><em>PI:<\/em> Dr. Jordi Hernando and Dr. Claudio Roscini (ICN2-BIST)<br><em>Company<\/em>: <a href=\"https:\/\/www.color-sensing.com\/en\" target=\"_blank\" rel=\"noreferrer noopener\">ColorSensing SL<\/a><br><em>Budget: <\/em>33 960 \u20ac<\/li>\n<\/ul>\n\n\n<div class=\"wp-block-image\">\n<figure class=\"aligncenter size-full is-resized\"><img loading=\"lazy\" decoding=\"async\" width=\"914\" height=\"136\" src=\"https:\/\/webs.uab.cat\/gefro\/wp-content\/uploads\/sites\/323\/2023\/03\/DI_ColorSensing-2.jpg\" alt=\"\" class=\"wp-image-533\" style=\"width:518px;height:76px\" srcset=\"https:\/\/webs.uab.cat\/gefro\/wp-content\/uploads\/sites\/323\/2023\/03\/DI_ColorSensing-2.jpg 914w, https:\/\/webs.uab.cat\/gefro\/wp-content\/uploads\/sites\/323\/2023\/03\/DI_ColorSensing-2-300x45.jpg 300w, https:\/\/webs.uab.cat\/gefro\/wp-content\/uploads\/sites\/323\/2023\/03\/DI_ColorSensing-2-768x114.jpg 768w\" sizes=\"auto, (max-width: 914px) 100vw, 914px\" \/><\/figure>\n<\/div><\/div><\/div>\n\n\n\n<div style=\"height:33px\" aria-hidden=\"true\" class=\"wp-block-spacer\"><\/div>\n\n\n\n<div class=\"wp-block-group\"><div class=\"wp-block-group__inner-container is-layout-flow wp-block-group-is-layout-flow\">\n<ul style=\"font-size:20px\" class=\"wp-block-list\">\n<li><strong>Industrial research of strategic materials for high energy density and cost optimized lithium ion batteries in sustainable electromobility<\/strong> <strong>(LION-HD)<\/strong><br><em>Project type:<\/em> CDTI Misiones (MIG-20201021)<br><em>Duration:<\/em> 01\/01\/2021 &#8211; 31\/12\/2023<br><em>PI:<\/em> Dr. Jordi Hernando and Prof. Rosa M\u00aa Sebasti\u00e1n<br><em>Company<\/em>: <a href=\"https:\/\/www.color-sensing.com\/en\" target=\"_blank\" rel=\"noreferrer noopener\">Cuantum Medical Cosmetics SL<\/a><br><em>Budget: <\/em>48 000 \u20ac<\/li>\n<\/ul>\n\n\n<div class=\"wp-block-image\">\n<figure class=\"aligncenter size-large is-resized\"><img loading=\"lazy\" decoding=\"async\" width=\"1024\" height=\"164\" src=\"https:\/\/webs.uab.cat\/gefro\/wp-content\/uploads\/sites\/323\/2023\/03\/LiON-HD-1024x164.jpg\" alt=\"\" class=\"wp-image-543\" style=\"width:587px;height:94px\" srcset=\"https:\/\/webs.uab.cat\/gefro\/wp-content\/uploads\/sites\/323\/2023\/03\/LiON-HD-1024x164.jpg 1024w, https:\/\/webs.uab.cat\/gefro\/wp-content\/uploads\/sites\/323\/2023\/03\/LiON-HD-300x48.jpg 300w, https:\/\/webs.uab.cat\/gefro\/wp-content\/uploads\/sites\/323\/2023\/03\/LiON-HD-768x123.jpg 768w, https:\/\/webs.uab.cat\/gefro\/wp-content\/uploads\/sites\/323\/2023\/03\/LiON-HD.jpg 1177w\" sizes=\"auto, (max-width: 1024px) 100vw, 1024px\" \/><\/figure>\n<\/div><\/div><\/div>\n\n\n\n<div style=\"height:33px\" aria-hidden=\"true\" class=\"wp-block-spacer\"><\/div>\n\n\n\n<div class=\"wp-block-group\"><div class=\"wp-block-group__inner-container is-layout-flow wp-block-group-is-layout-flow\">\n<ul style=\"font-size:20px\" class=\"wp-block-list\">\n<li><strong>SEAMLESS: a non-invasive lactate sweat monitor<\/strong><br><em>Project type:<\/em> Producte 2016 (2016 PROD 00114)<br><em>Duration:<\/em> 30\/09\/2017 &#8211; 30\/09\/2019<br><em>PIs:<\/em> Dr. Javier F. del Campo (CNM-CSIC) and Gonzalo Guirado (UAB)<br><em>Budget: <\/em>100 000 \u20ac             <\/li>\n<\/ul>\n\n\n<div class=\"wp-block-image\">\n<figure class=\"aligncenter size-large is-resized\"><img loading=\"lazy\" decoding=\"async\" width=\"1024\" height=\"464\" src=\"https:\/\/webs.uab.cat\/gefro\/wp-content\/uploads\/sites\/323\/2023\/03\/SGR-1-1024x464.jpg\" alt=\"\" class=\"wp-image-537\" style=\"width:234px;height:106px\" srcset=\"https:\/\/webs.uab.cat\/gefro\/wp-content\/uploads\/sites\/323\/2023\/03\/SGR-1-1024x464.jpg 1024w, https:\/\/webs.uab.cat\/gefro\/wp-content\/uploads\/sites\/323\/2023\/03\/SGR-1-300x136.jpg 300w, https:\/\/webs.uab.cat\/gefro\/wp-content\/uploads\/sites\/323\/2023\/03\/SGR-1-768x348.jpg 768w, https:\/\/webs.uab.cat\/gefro\/wp-content\/uploads\/sites\/323\/2023\/03\/SGR-1-1200x544.jpg 1200w, https:\/\/webs.uab.cat\/gefro\/wp-content\/uploads\/sites\/323\/2023\/03\/SGR-1.jpg 1477w\" sizes=\"auto, (max-width: 1024px) 100vw, 1024px\" \/><\/figure>\n<\/div><\/div><\/div>\n\n\n\n<div style=\"height:33px\" aria-hidden=\"true\" class=\"wp-block-spacer\"><\/div>\n\n\n\n<div class=\"wp-block-group\"><div class=\"wp-block-group__inner-container is-layout-flow wp-block-group-is-layout-flow\">\n<ul style=\"font-size:20px\" class=\"wp-block-list\">\n<li><strong>High performance cyanoacrylate adhesives<\/strong><br><em>Project type:<\/em> Retos Colaboraci\u00f3n (RTC-2016-5683-1)<br><em>Duration:<\/em> 07\/03\/2016 &#8211; 31\/03\/2020<br><em>PI:<\/em> Dr. Rosa M\u00aa Sebasti\u00e1n<br><em>Company<\/em>: <a href=\"https:\/\/www.color-sensing.com\/en\" target=\"_blank\" rel=\"noreferrer noopener\">Cuantum Medical Cosmetics SL<\/a><br><em>Budget: <\/em>263 594 \u20ac<\/li>\n<\/ul>\n\n\n<div class=\"wp-block-image\">\n<figure class=\"aligncenter size-full is-resized\"><img loading=\"lazy\" decoding=\"async\" width=\"735\" height=\"191\" src=\"https:\/\/webs.uab.cat\/gefro\/wp-content\/uploads\/sites\/323\/2023\/04\/Retos_Cuantum.jpg\" alt=\"\" class=\"wp-image-685\" style=\"width:410px;height:106px\" srcset=\"https:\/\/webs.uab.cat\/gefro\/wp-content\/uploads\/sites\/323\/2023\/04\/Retos_Cuantum.jpg 735w, https:\/\/webs.uab.cat\/gefro\/wp-content\/uploads\/sites\/323\/2023\/04\/Retos_Cuantum-300x78.jpg 300w\" sizes=\"auto, (max-width: 735px) 100vw, 735px\" \/><\/figure>\n<\/div><\/div><\/div>\n\n\n\n<div style=\"height:33px\" aria-hidden=\"true\" class=\"wp-block-spacer\"><\/div>\n\n\n\n<div class=\"wp-block-group\"><div class=\"wp-block-group__inner-container is-layout-flow wp-block-group-is-layout-flow\">\n<ul style=\"font-size:20px\" class=\"wp-block-list\">\n<li><strong>Copolymerisation and copolymers of cyanoacrylate and captodative monomers (<em>Industrial PhD<\/em>)<\/strong><br><em>Project type:<\/em> Doctorats industrials 2015 (2015 DI 046)<br><em>Duration:<\/em> 01\/03\/2016 &#8211; 28\/02\/2020<br><em>PI:<\/em> Prof. Jordi Marquet and Dr. Rosa M\u00aa Sebasti\u00e1n<br><em>Company<\/em>: <a href=\"https:\/\/www2.afinitica.com\/afinitica\/\" target=\"_blank\" rel=\"noreferrer noopener\">Afinitica Technologies SL<\/a><br><em>Budget: <\/em>33 960 \u20ac             <\/li>\n<\/ul>\n\n\n<div class=\"wp-block-image\">\n<figure class=\"aligncenter size-full is-resized\"><img loading=\"lazy\" decoding=\"async\" width=\"945\" height=\"164\" src=\"https:\/\/webs.uab.cat\/gefro\/wp-content\/uploads\/sites\/323\/2023\/04\/DI_Afinitica.jpg\" alt=\"\" class=\"wp-image-683\" style=\"width:460px;height:78px\" srcset=\"https:\/\/webs.uab.cat\/gefro\/wp-content\/uploads\/sites\/323\/2023\/04\/DI_Afinitica.jpg 945w, https:\/\/webs.uab.cat\/gefro\/wp-content\/uploads\/sites\/323\/2023\/04\/DI_Afinitica-300x52.jpg 300w, https:\/\/webs.uab.cat\/gefro\/wp-content\/uploads\/sites\/323\/2023\/04\/DI_Afinitica-768x133.jpg 768w\" sizes=\"auto, (max-width: 945px) 100vw, 945px\" \/><\/figure>\n<\/div><\/div><\/div>\n\n\n\n<div style=\"height:33px\" aria-hidden=\"true\" class=\"wp-block-spacer\"><\/div>\n\n\n\n<div class=\"wp-block-group\"><div class=\"wp-block-group__inner-container is-layout-flow wp-block-group-is-layout-flow\">\n<ul style=\"font-size:20px\" class=\"wp-block-list\">\n<li><strong>Investigaci\u00f3n en tecnolog\u00edas de LIQuidos I\u00d3Nicos para aplicaciones industriales (LIQUION)<\/strong><br><em>Project type:<\/em> CDTI CENIT (CEN-20101011)<br><em>Duration:<\/em> 01\/07\/2010 &#8211; 1\/12\/2013<br><em>PI:<\/em> Prof. Iluminada Gallardo<br><em>Company<\/em>: <a href=\"https:\/\/www.maier.es\/es\/\">Maier<\/a><br><em>Budget: <\/em>101 000 \u20ac<\/li>\n<\/ul>\n\n\n<div class=\"wp-block-image\">\n<figure class=\"aligncenter size-large\"><img loading=\"lazy\" decoding=\"async\" width=\"1024\" height=\"128\" src=\"https:\/\/webs.uab.cat\/gefro\/wp-content\/uploads\/sites\/323\/2023\/04\/basf_maier-1-1024x128.png\" alt=\"\" class=\"wp-image-730\" srcset=\"https:\/\/webs.uab.cat\/gefro\/wp-content\/uploads\/sites\/323\/2023\/04\/basf_maier-1-1024x128.png 1024w, https:\/\/webs.uab.cat\/gefro\/wp-content\/uploads\/sites\/323\/2023\/04\/basf_maier-1-300x38.png 300w, https:\/\/webs.uab.cat\/gefro\/wp-content\/uploads\/sites\/323\/2023\/04\/basf_maier-1-768x96.png 768w, https:\/\/webs.uab.cat\/gefro\/wp-content\/uploads\/sites\/323\/2023\/04\/basf_maier-1-1536x192.png 1536w, https:\/\/webs.uab.cat\/gefro\/wp-content\/uploads\/sites\/323\/2023\/04\/basf_maier-1-1200x150.png 1200w, https:\/\/webs.uab.cat\/gefro\/wp-content\/uploads\/sites\/323\/2023\/04\/basf_maier-1.png 1568w\" sizes=\"auto, (max-width: 1024px) 100vw, 1024px\" \/><\/figure>\n<\/div><\/div><\/div>\n\n\n\n<div style=\"height:33px\" aria-hidden=\"true\" class=\"wp-block-spacer\"><\/div>\n\n\n\n<div class=\"wp-block-group\"><div class=\"wp-block-group__inner-container is-layout-flow wp-block-group-is-layout-flow\">\n<ul style=\"font-size:20px\" class=\"wp-block-list\">\n<li><strong>New sustainable industrial uses of CO<sub>2<\/sub><\/strong> (<strong>SOST-CO<sub>2<\/sub><\/strong>)<br><em>Project type:<\/em> CDTI CENIT (CEN-20081027)<br><em>Duration:<\/em> 01\/03\/2009 &#8211; 30\/09\/2011<br><em>PI:<\/em> Prof. Jos\u00e9 Luis Bourdelande<br><em>Company<\/em>: <a href=\"https:\/\/www.color-sensing.com\/en\" target=\"_blank\" rel=\"noreferrer noopener\">Sociedad Espa\u00f1ola de Carburos Met\u00e1licos S.A.<\/a><br><em>Budget: <\/em>135 000 \u20ac<\/li>\n<\/ul>\n\n\n<div class=\"wp-block-image\">\n<figure class=\"aligncenter size-large is-resized\"><img loading=\"lazy\" decoding=\"async\" width=\"1024\" height=\"183\" src=\"https:\/\/webs.uab.cat\/gefro\/wp-content\/uploads\/sites\/323\/2023\/04\/SOST-CO2-1-1024x183.jpg\" alt=\"\" class=\"wp-image-688\" style=\"width:642px;height:114px\" srcset=\"https:\/\/webs.uab.cat\/gefro\/wp-content\/uploads\/sites\/323\/2023\/04\/SOST-CO2-1-1024x183.jpg 1024w, https:\/\/webs.uab.cat\/gefro\/wp-content\/uploads\/sites\/323\/2023\/04\/SOST-CO2-1-300x54.jpg 300w, https:\/\/webs.uab.cat\/gefro\/wp-content\/uploads\/sites\/323\/2023\/04\/SOST-CO2-1-768x137.jpg 768w, https:\/\/webs.uab.cat\/gefro\/wp-content\/uploads\/sites\/323\/2023\/04\/SOST-CO2-1.jpg 1190w\" sizes=\"auto, (max-width: 1024px) 100vw, 1024px\" \/><\/figure>\n<\/div><\/div><\/div>\n\n\n\n<div style=\"height:67px\" aria-hidden=\"true\" class=\"wp-block-spacer\"><\/div>\n\n\n\n<h2 class=\"wp-block-heading\" id=\"Private\">Private funding for tech transfer<\/h2>\n\n\n\n<div class=\"wp-block-group\"><div class=\"wp-block-group__inner-container is-layout-flow wp-block-group-is-layout-flow\">\n<ul style=\"font-size:20px\" class=\"wp-block-list\">\n<li><strong>Organic synthesis of new sunscreens<\/strong><br><em>Company:<\/em> <a href=\"https:\/\/www.rokafuradada.com\/\" target=\"_blank\" rel=\"noreferrer noopener\">Roka Furadada SL<\/a><br><em>Duration:<\/em> 09\/11\/2020 &#8211; 09\/08\/2021<br><em>PI:<\/em> Prof. Rosa M\u00aa Sebasti\u00e1n          <\/li>\n<\/ul>\n<\/div><\/div>\n\n\n<div class=\"wp-block-image\">\n<figure class=\"aligncenter size-full is-resized\"><img loading=\"lazy\" decoding=\"async\" width=\"239\" height=\"218\" src=\"https:\/\/webs.uab.cat\/gefro\/wp-content\/uploads\/sites\/323\/2023\/03\/Roka.jpg\" alt=\"\" class=\"wp-image-549\" style=\"width:147px;height:134px\" \/><\/figure>\n<\/div>\n\n\n<div style=\"height:33px\" aria-hidden=\"true\" class=\"wp-block-spacer\"><\/div>\n\n\n\n<ul style=\"font-size:20px\" class=\"wp-block-list\">\n<li><strong><strong>Provide an overview of important technology developments and major trends in the competence field of the advisor and in Europe&#8217;s science community<\/strong><\/strong><br><em>Company:<\/em> <a href=\"https:\/\/www.henkel.es\/\">Henkel Iberica S.A. <\/a><br><em>Duration:<\/em> 01\/07\/2019 &#8211; 30\/06\/2021<br><em>PI:<\/em> Dr. Gonzalo Guirado    <\/li>\n<\/ul>\n\n\n<div class=\"wp-block-image\">\n<figure class=\"aligncenter size-full is-resized\"><img loading=\"lazy\" decoding=\"async\" width=\"402\" height=\"402\" src=\"https:\/\/webs.uab.cat\/gefro\/wp-content\/uploads\/sites\/323\/2023\/04\/Henkel.jpg\" alt=\"\" class=\"wp-image-747\" style=\"width:130px;height:130px\" srcset=\"https:\/\/webs.uab.cat\/gefro\/wp-content\/uploads\/sites\/323\/2023\/04\/Henkel.jpg 402w, https:\/\/webs.uab.cat\/gefro\/wp-content\/uploads\/sites\/323\/2023\/04\/Henkel-300x300.jpg 300w, https:\/\/webs.uab.cat\/gefro\/wp-content\/uploads\/sites\/323\/2023\/04\/Henkel-150x150.jpg 150w\" sizes=\"auto, (max-width: 402px) 100vw, 402px\" \/><\/figure>\n<\/div>\n\n\n<div style=\"height:33px\" aria-hidden=\"true\" class=\"wp-block-spacer\"><\/div>\n\n\n\n<div class=\"wp-block-group\"><div class=\"wp-block-group__inner-container is-layout-flow wp-block-group-is-layout-flow\">\n<ul style=\"font-size:20px\" class=\"wp-block-list\">\n<li><strong>Synthesis of new 4-alkylcathecol compounds<\/strong><br><em>Company:<\/em> Fundaci\u00f3 ASCAMM (now integrated in <a href=\"https:\/\/eurecat.org\/\" target=\"_blank\" rel=\"noreferrer noopener\">Eurecat<\/a>)<br><em>Duration:<\/em> 01\/05\/2011 &#8211; 30\/07\/2012<br><em>PI:<\/em> Dr. F\u00e9lix Busqu\u00e9 (UAB) and Dr. Jordi Hernando        <\/li>\n<\/ul>\n<\/div><\/div>\n\n\n<div class=\"wp-block-image\">\n<figure class=\"aligncenter size-full\"><img loading=\"lazy\" decoding=\"async\" width=\"300\" height=\"82\" src=\"https:\/\/webs.uab.cat\/gefro\/wp-content\/uploads\/sites\/323\/2023\/03\/Ascamm.jpg\" alt=\"\" class=\"wp-image-554\" \/><\/figure>\n<\/div>\n\n\n<div style=\"height:33px\" aria-hidden=\"true\" class=\"wp-block-spacer\"><\/div>\n\n\n\n<div class=\"wp-block-group\"><div class=\"wp-block-group__inner-container is-layout-flow wp-block-group-is-layout-flow\">\n<ul style=\"font-size:20px\" class=\"wp-block-list\">\n<li><strong>Development and characterization of photo- and thermochromic nanocomposites for coating car elements<\/strong><br><em>Company:<\/em> Fundaci\u00f3 ASCAMM (now integrated in <a href=\"https:\/\/webs.uab.cat\/gefro\/?page_id=557\" data-type=\"page\" data-id=\"557\" target=\"_blank\" rel=\"noreferrer noopener\">Eurecat<\/a>)<br><em>Duration:<\/em> 01\/07\/2009 &#8211; 30\/09\/2010<br><em>PI:<\/em> Dr. F\u00e9lix Busqu\u00e9 (UAB) and Dr. Jordi Hernando        <\/li>\n<\/ul>\n<\/div><\/div>\n\n\n<div class=\"wp-block-image\">\n<figure class=\"aligncenter size-full\"><img loading=\"lazy\" decoding=\"async\" width=\"300\" height=\"82\" src=\"https:\/\/webs.uab.cat\/gefro\/wp-content\/uploads\/sites\/323\/2023\/03\/Ascamm.jpg\" alt=\"\" class=\"wp-image-554\" \/><\/figure>\n<\/div>","protected":false},"excerpt":{"rendered":"<p>Public funding &#8211; Private funding Public funding for tech transfer Private funding for tech transfer<\/p>\n","protected":false},"author":2552,"featured_media":0,"parent":0,"menu_order":0,"comment_status":"closed","ping_status":"closed","template":"","meta":{"footnotes":""},"class_list":["post-495","page","type-page","status-publish","hentry"],"_links":{"self":[{"href":"https:\/\/webs.uab.cat\/gefro\/wp-json\/wp\/v2\/pages\/495","targetHints":{"allow":["GET"]}}],"collection":[{"href":"https:\/\/webs.uab.cat\/gefro\/wp-json\/wp\/v2\/pages"}],"about":[{"href":"https:\/\/webs.uab.cat\/gefro\/wp-json\/wp\/v2\/types\/page"}],"author":[{"embeddable":true,"href":"https:\/\/webs.uab.cat\/gefro\/wp-json\/wp\/v2\/users\/2552"}],"replies":[{"embeddable":true,"href":"https:\/\/webs.uab.cat\/gefro\/wp-json\/wp\/v2\/comments?post=495"}],"version-history":[{"count":55,"href":"https:\/\/webs.uab.cat\/gefro\/wp-json\/wp\/v2\/pages\/495\/revisions"}],"predecessor-version":[{"id":1463,"href":"https:\/\/webs.uab.cat\/gefro\/wp-json\/wp\/v2\/pages\/495\/revisions\/1463"}],"wp:attachment":[{"href":"https:\/\/webs.uab.cat\/gefro\/wp-json\/wp\/v2\/media?parent=495"}],"curies":[{"name":"wp","href":"https:\/\/api.w.org\/{rel}","templated":true}]}}