{"id":498,"date":"2023-03-29T21:20:56","date_gmt":"2023-03-29T19:20:56","guid":{"rendered":"https:\/\/webs.uab.cat\/gefro\/?page_id=498"},"modified":"2025-07-14T21:38:35","modified_gmt":"2025-07-14T19:38:35","slug":"patents-spin-offs","status":"publish","type":"page","link":"https:\/\/webs.uab.cat\/gefro\/patents-spin-offs\/","title":{"rendered":"Patents &amp; spin-offs"},"content":{"rendered":"\n<p class=\"has-text-align-center\"><br><strong><a href=\"#Patents\">Patent applications<\/a> &#8211; <a href=\"#Spin-offs\">Spin-offs<\/a><\/strong><\/p>\n\n\n\n<h2 class=\"wp-block-heading\" id=\"Patents\">Patent applications<\/h2>\n\n\n\n<div class=\"wp-block-group\"><div class=\"wp-block-group__inner-container is-layout-flow wp-block-group-is-layout-flow\">\n<ul style=\"font-size:19px\" class=\"wp-block-list\">\n<li><strong><strong>Dibenzoylmethane compounds as photochemical precursors of ultraviolet absorbers<\/strong><\/strong><br><em>Inventors<\/em>: Cristina Moya, Joan Atcher (Roka Furadada SL), \u00c1ngel Valdivielso (Roka Furadada SL), Judit Camargo (Roka Furadada SL), Jordi Hernando and Rosa M\u00aa Sebasti\u00e1n<br><em>Patent application<\/em>: EP2024\/058310<br><em>Priority date<\/em>: 27\/03\/2024<br><em>Assignee<\/em>: UAB and Roka Furadada SL<\/li>\n<\/ul>\n<\/div><\/div>\n\n\n\n<div class=\"wp-block-group\"><div class=\"wp-block-group__inner-container is-layout-flow wp-block-group-is-layout-flow\">\n<ul style=\"font-size:19px\" class=\"wp-block-list\">\n<li><strong><strong>A thermoresponsive composition with tunable light transmittance<\/strong><\/strong><br><em>Inventors<\/em>: Jordi Hernando, Jaume Ramon Otaegui, Claudio Roscini (ICN2), and Daniel Ruiz-Molina (ICN2-CSIC)<br><em>Patent application<\/em>: EP22383094.4<br><em>Priority date<\/em>: 14\/11\/2022<br><em>Assignee<\/em>: UAB, ICN2 and CSIC<\/li>\n<\/ul>\n<\/div><\/div>\n\n\n\n<div class=\"wp-block-group\"><div class=\"wp-block-group__inner-container is-layout-flow wp-block-group-is-layout-flow\">\n<ul style=\"font-size:19px\" class=\"wp-block-list\">\n<li><strong>Process for polymerizing 1,3-benzoxazines<\/strong><br><em>Inventors<\/em>: Rosa M\u00aa Sebasti\u00e1n, Jordi Marquet, Jordi Hernando and Kevin Reyes<br><em>Patent application<\/em>: EP2020\/054589<br><em>Priority date<\/em>: 21\/02\/2020<br><em>Assignee<\/em>: UAB<\/li>\n<\/ul>\n<\/div><\/div>\n\n\n\n<div class=\"wp-block-group\"><div class=\"wp-block-group__inner-container is-layout-flow wp-block-group-is-layout-flow\">\n<ul style=\"font-size:19px\" class=\"wp-block-list\">\n<li><strong>A photoinduced thermochromic or thermoluminescent composition<\/strong><br><em>Inventors<\/em>: Jordi Hernando, Claudio Roscini (ICN2), Jaume Ramon Otaegui and Daniel Ruiz-Molina (ICN2-CSIC)<br><em>Patent application<\/em>: EP2020\/084371<br><em>Priority date<\/em>: 05\/12\/2019<br><em>Assignee<\/em>: ICN2, CSIC and UAB<br><em>Licensees<\/em>: <a href=\"https:\/\/www.distinkt.tech\/\" target=\"_blank\" rel=\"noreferrer noopener\">Distinkt SL<\/a><\/li>\n<\/ul>\n<\/div><\/div>\n\n\n\n<div class=\"wp-block-group\"><div class=\"wp-block-group__inner-container is-layout-flow wp-block-group-is-layout-flow\">\n<ul style=\"font-size:19px\" class=\"wp-block-list\">\n<li><strong>Polythiouretane matrix-containing nanocrystals<\/strong><br><em>Inventors<\/em>: Frank Goethel (Henkel AG &amp; Co), Paz Carreras (Henkel AG &amp; Co), Jozeph Leendert Minnaar (Henkel AG &amp; Co), Elisabeth Torres (Henkel AG &amp; Co), Fouad Salhi (Henkel AG &amp; Co), Marc Estruga (Henkel AG &amp; Co), \u00c0lex Carret\u00e9 (Henkel AG &amp; Co), Denis Rodriguez (Henkel AG &amp; Co), Daniel Smith (Henkel AG &amp; Co), Jordi Marquet, Rosa M\u00aa Sebasti\u00e1n and Gonzalo Guirado.<br><em>Patent application<\/em>: EP2017\/052003<br><em>Priority date<\/em>: 16\/02\/2016<br><em>Assignee<\/em>: <a href=\"https:\/\/www.henkel.com\/\" target=\"_blank\" rel=\"noreferrer noopener\">Henkel AG &amp; Co<\/a><\/li>\n<\/ul>\n<\/div><\/div>\n\n\n\n<div class=\"wp-block-group\"><div class=\"wp-block-group__inner-container is-layout-flow wp-block-group-is-layout-flow\">\n<ul style=\"font-size:19px\" class=\"wp-block-list\">\n<li><strong>Method for predicting the efficiency of a TiO<sub>2<\/sub> photocatalyst<\/strong><br><em>Inventors<\/em>: Oriol Oss\u00f3 (Sociedad Espa\u00f1ola de Carburos Met\u00e1licos SA), Lourdes Vega (Sociedad Espa\u00f1ola de Carburos Met\u00e1licos SA), Claudio Roscini, Jordi Hernando and Jos\u00e9 Luis Bourdelande<br><em>Patent application<\/em>: EP2821131<br><em>Priority date<\/em>: 19\/07\/2012<br><em>Assignee<\/em>: <a href=\"https:\/\/www.carburos.com\/\" target=\"_blank\" rel=\"noreferrer noopener\">Sociedad Espa\u00f1ola de Carburos Met\u00e1licos SA<\/a><\/li>\n<\/ul>\n<\/div><\/div>\n\n\n\n<div class=\"wp-block-group\"><div class=\"wp-block-group__inner-container is-layout-flow wp-block-group-is-layout-flow\">\n<ul style=\"font-size:19px\" class=\"wp-block-list\">\n<li><strong>Coating with photochromic properties, method for producing said coating and use thereof applicable to optical articles and glazed surfaces<\/strong><br><em>Inventors<\/em>: Jordi Hernando, Claudio Roscini, Nuria-Alexandra V\u00e1zquez and Daniel Ruiz-Molina (ICN2-CSIC)<br><em>Patent application<\/em>: ES2013\/070132<br><em>Priority date<\/em>: 08\/03\/2012<br><em>Assignee<\/em>: UAB and CSIC<br><em>Licensees<\/em>: <a href=\"https:\/\/www.futurechromes.com\/\" target=\"_blank\" rel=\"noreferrer noopener\">Futurechromes SL<\/a><\/li>\n<\/ul>\n<\/div><\/div>\n\n\n\n<div class=\"wp-block-group\"><div class=\"wp-block-group__inner-container is-layout-flow wp-block-group-is-layout-flow\">\n<ul style=\"font-size:19px\" class=\"wp-block-list\">\n<li><strong>Electrocarboxylation synthesis for obtaining intermediates useful for the synthesis of span derivatives<\/strong><br><em>Inventors<\/em>: Oriol Oss\u00f3 (Sociedad Espa\u00f1ola de Carburos Met\u00e1licos SA), Lourdes Vega (Sociedad Espa\u00f1ola de Carburos Met\u00e1licos SA), Iluminada Gallardo, Gonzalo Guirado, Ana Bel\u00e9n G\u00f3mez and Irene Reche<br><em>Patent application<\/em>: EP2607349<br><em>Priority date<\/em>: 23\/12\/2011<br><em>Assignee<\/em>: <a href=\"https:\/\/www.carburos.com\/\" target=\"_blank\" rel=\"noreferrer noopener\">Sociedad Espa\u00f1ola de Carburos Met\u00e1licos SA<\/a><\/li>\n<\/ul>\n<\/div><\/div>\n\n\n\n<div class=\"wp-block-group\"><div class=\"wp-block-group__inner-container is-layout-flow wp-block-group-is-layout-flow\">\n<ul style=\"font-size:19px\" class=\"wp-block-list\">\n<li><strong>Electrochemical preparation of substituted nitro-, dinitro- and trinitroderivatives <\/strong><br><em>Inventors<\/em>: Iluminada Gallardo, Gonzalo Guirado and Jordi Marquet<br><em>Patent application<\/em>: ES200000489<br><em>Priority date<\/em>: 01\/03\/2000<br><em>Assignee<\/em>: UAB<\/li>\n<\/ul>\n<\/div><\/div>\n\n\n\n<div style=\"height:69px\" aria-hidden=\"true\" class=\"wp-block-spacer\"><\/div>\n\n\n\n<h2 class=\"wp-block-heading\" id=\"Spin-offs\">Spin-off companies<\/h2>\n\n\n\n<p style=\"font-size:23px\"><strong>Distinkt SL<\/strong><\/p>\n\n\n\n<p><a rel=\"noreferrer noopener\" href=\"https:\/\/www.distinkt.tech\/\" target=\"_blank\">Distinkt SL<\/a> is a spin-off company launched by researchers from GEFRO and <a href=\"https:\/\/nanosfun.com\/\" target=\"_blank\" rel=\"noreferrer noopener\">Nanosfun<\/a> (ICN2-BIST) based on our patented technology for the preparation of thermochromic and thermoluminescent compositions. It commercialises<br>nanotechnology-based smart inks for the authentification of high-added value products and documents (e.g., notes, ID documents). <a rel=\"noreferrer noopener\" href=\"https:\/\/www.uab.cat\/web\/newsroom\/news-detail\/a-new-spin-off-of-icn2-uab-and-csic-will-commercialise-a-nanotechnology-based-smart-ink-1345830290613.html?detid=1345876548325\" target=\"_blank\">[Link to UAB News]<\/a><br>                                                                 <img loading=\"lazy\" decoding=\"async\" width=\"180\" height=\"95\" class=\"wp-image-708\" style=\"width: 200px\" src=\"https:\/\/webs.uab.cat\/gefro\/wp-content\/uploads\/sites\/323\/2023\/04\/Distinkt-1.jpg\" alt=\"\"><\/p>\n","protected":false},"excerpt":{"rendered":"<p>Patent applications &#8211; Spin-offs Patent applications Spin-off companies Distinkt SL Distinkt SL is a spin-off company launched by researchers from GEFRO and Nanosfun (ICN2-BIST) based on our patented technology for the preparation of thermochromic and thermoluminescent compositions. It commercialisesnanotechnology-based smart inks for the authentification of high-added value products and documents (e.g., notes, ID documents). [Link [&hellip;]<\/p>\n","protected":false},"author":2552,"featured_media":0,"parent":0,"menu_order":0,"comment_status":"closed","ping_status":"closed","template":"","meta":{"footnotes":""},"class_list":["post-498","page","type-page","status-publish","hentry"],"_links":{"self":[{"href":"https:\/\/webs.uab.cat\/gefro\/wp-json\/wp\/v2\/pages\/498","targetHints":{"allow":["GET"]}}],"collection":[{"href":"https:\/\/webs.uab.cat\/gefro\/wp-json\/wp\/v2\/pages"}],"about":[{"href":"https:\/\/webs.uab.cat\/gefro\/wp-json\/wp\/v2\/types\/page"}],"author":[{"embeddable":true,"href":"https:\/\/webs.uab.cat\/gefro\/wp-json\/wp\/v2\/users\/2552"}],"replies":[{"embeddable":true,"href":"https:\/\/webs.uab.cat\/gefro\/wp-json\/wp\/v2\/comments?post=498"}],"version-history":[{"count":22,"href":"https:\/\/webs.uab.cat\/gefro\/wp-json\/wp\/v2\/pages\/498\/revisions"}],"predecessor-version":[{"id":1360,"href":"https:\/\/webs.uab.cat\/gefro\/wp-json\/wp\/v2\/pages\/498\/revisions\/1360"}],"wp:attachment":[{"href":"https:\/\/webs.uab.cat\/gefro\/wp-json\/wp\/v2\/media?parent=498"}],"curies":[{"name":"wp","href":"https:\/\/api.w.org\/{rel}","templated":true}]}}