{"id":61,"date":"2023-10-05T08:16:20","date_gmt":"2023-10-05T06:16:20","guid":{"rendered":"https:\/\/webs.uab.cat\/gehuct\/publications\/"},"modified":"2023-10-28T23:16:16","modified_gmt":"2023-10-28T21:16:16","slug":"publications","status":"publish","type":"page","link":"https:\/\/webs.uab.cat\/gehuct\/en\/publications\/","title":{"rendered":"Publications"},"content":{"rendered":"\n<p>Puyol, A. (2023). AC: de Manuel, A; (10\/10) \u201cEthical assessments and mitigation strategies for non-racial biases in AI-systems used during the COVID-19 pandemic&#8221;, Big Data &amp; Society, DOI: https:\/\/doi.org\/10.1177\/20539517231179199 [SJR: Q1].<\/p>\n\n\n\n<p>Puyol, A. (2022). AC: Delgado, J; (10\/10) \u201cBias in algorithms of AI systems developed for COVID-19: A scoping review\u201d, Bioethical Inquiry, https:\/\/doi.org\/10.1007\/s11673-022-10200-z [SJR: Q2, Health Policy].<\/p>\n\n\n\n<p>Puyol, A. (2022). \u201cEl papel de la solidaridad en una pandemia\u201d, Rev Esp Salud P\u00fablica\u201d, Vol. 96, 5 de octubre, e202210072, e1-e12. [SJR: Q3]<\/p>\n\n\n\n<p>Vallverd\u00fa, Jordi (Ed.) (2021) Gender in AI and Robotics. The Gender Challenges from an Interdisciplinary Perspective, Germany: Springer. <\/p>\n\n\n\n<p>Plana, M. (2021). \u00abThe Deliberated Decision in Children\u2019s Mainstream Cinema: On Socialization in the Discourse of Freedom\u00bb. Journal of Screenwriting, Intellect. Forthcoming.<\/p>\n\n\n\n<p>Moyano, C., Garrido, S., Del Rio, J., &amp; Rodriguez-Navas, G. (2021) \u00abWhen the community takes action: building resilience through the Transition Movement in Spain. A critical assessment\u00bb. In Colucci, A. &amp; Pesaro, G. (Eds.) Ecosystems of Resilience Practices, Elsevier. Forthcoming.<\/p>\n\n\n\n<p>Puyol, A. (2021) \u201cFraternidad pol\u00edtica y enfermedades raras\u201d, Araucaria. Revista Iberoamericana de Filosof\u00eda, Pol\u00edtica, Humanidades y Relaciones Internacionales, n. 46, pp. 353-368. https:\/\/revistascientificas.us.es\/index.php\/araucaria\/article\/view\/14351.<\/p>\n\n\n\n<p>Lopez-Orellana, R., &amp; Sans Pinillos, A. (2021). Ronald Giere, \u00bfsemanticista? Una pregunta provocativa para el debate contempor\u00e1neo sobre la representaci\u00f3n cient\u00edfica. ArtefaCToS. Revista De Estudios Sobre La Ciencia Y La tecnolog\u00eda, 10(1), 89-106. https:\/\/doi.org\/10.14201\/art202110189106.<\/p>\n\n\n\n<p>Moyano, C. (2021). \u00abThe loss of food sovereignty in synthetic meat transition: a critique from eco-republicanism\u00bb. In Justice and Food Security in a Changing Climate, EurSafe Conference Proceedings, Wageningen Academic Publishers.<\/p>\n\n\n\n<p>Puyol, A. (2021) \u201cLa eficiencia no basta. An\u00e1lisis \u00e9tico y recomendaciones para la distribuci\u00f3n de recursos escasos en situaci\u00f3n de pandemia\u201d, junto a J. Hortal-Carmona, J. Padilla-Bern\u00e1ldez, M. Melguizo-Jim\u00e9nez, T. Aus\u00edn, M. Cruz-Piqueras, M.T. L\u00f3pez de la Vieja, D. Rodr\u00edguez-Arias, M.I. Tamayo-Vel\u00e1zquez y R. Trivi\u00f1o, Gaceta Sanitaria, DOI: https:\/\/doi.org\/10.1016\/j.gaceta.2020.07.006<\/p>\n\n\n\n<p>Vallverd\u00fa, J. (2021) \u201cThe benefits of being wrong: bonding epistemic and cognitive incompleteness for natural and artificial intelligent systems\u201d, LINKs \u2013Special Issue 1 \u2013 Unconventional Computing, 70-72.<\/p>\n\n\n\n<p>Magnani, L., Sans Pinillos, A. &amp; Arfini, S. Language: The \u201cUltimate Artifact\u201d to Build, Develop, and Update Worldviews. Topoi (2021). https:\/\/doi.org\/10.1007\/s11245-021-09742-5<\/p>\n\n\n\n<p>Puyol, A. (2021) \u201cDistribuir els recursos sanitaris amb just\u00edcia. A qui prioritzem?\u201d, Newsletter La Gesti\u00f3 Importa, Societat Catalana de Gesti\u00f3 Sanit\u00e0ria, http:\/\/lagestioimporta.cat\/arees\/distribuir-els-recursos-sanitaris-amb-justicia-a-qui-prioritzem\/<\/p>\n\n\n\n<p>Moyano, C. (2021). \u00abInvestigando en animales para producir alimentos m\u00e1s \u00e9ticos: los l\u00edmites morales de la carne cultivada\u00bb, Revista de Bio\u00e9tica y Derecho; n. 51. https:\/\/doi.org\/10.1344\/rbd2021.51.32473<\/p>\n\n\n\n<p>Vallverd\u00fa, J. (2021) \u201cThe benefits of being wrong: bonding epistemic and cognitive incompleteness for natural and artificial intelligent systems\u201d, in Adamatzky, Andrew &amp; Lestocart Louis-Jos\u00e9, Thoughts on Unconventional Computing, UK: Luniver Press,70-72. ISBN: 978-1-905986-12-5.<\/p>\n\n\n\n<p>Puyol, A. (2020) \u201cSolidarity and regulatory frameworks in (public health) Big Data\u201d, European Journal of Public Health, vol. 30, Supplement 5, ckaaa165.645.<\/p>\n\n\n\n<p>Puyol, A. (2020) \u201cSolidarit\u00e9 moderne: la version light de la vieille fraternit\u00e9 politique\u201d, en Angel Puyol, Jordi Riba et Patrice Vermeren (eds.), Un nouveau regard sur la solidarit\u00e9?, Paris: L\u2019Harmattan, pp. 101-114.<\/p>\n\n\n\n<p>Vallverd\u00fa, J. (2020) \u201dApproximate and Situated Causality in Deep Learning\u201d, Philosophies 2020, 5, 2. https:\/\/doi.org\/10.3390\/philosophies5010002 Scopus indexed.<\/p>\n\n\n\n<p>Vallverd\u00fa, J. (2020) \u201cBiasing AI? A New Approach to AI Intertwining Natural and Cultural Heuristics\u201d, BioNanoScience, DOI: 10.1007\/s12668-020-00803-4<\/p>\n\n\n\n<p>Alger Sans Pinillos, Jordi Vallverd\u00fa (2020) \u201cSocietat, pol\u00edtica i COVID-19: les cultures (cient\u00edfiques) de l\u2019epidemiologia\u201d. Audens: revista estudiantil d\u2019an\u00e0lisi interdisciplinaria, Vol.3 (2020): 24-33. ISSN online: 2604-7284<\/p>\n\n\n\n<p>Sans, Alger &amp; Vallverd\u00fa, Jordi (2020), \u201cQu\u00e8 #\u00ae\u00a5\u00a7\u2260$@ \u00e9s la creativitat?\u201d, Debats, Revista de cultura, poder i societat, 134 (2). [Scopus, Carhus+, Erih Plus indexed]<\/p>\n\n\n\n<p>Vallverd\u00fa J. (2020) \u201cFuckbots: The Challenges of Sexual Robotics\u201d, COJ Rob Artificial Intel., 1(1). COJRA. 000505.<\/p>\n\n\n\n<p>Sans A. (2020). Abductive reasoning on humans\/AI interactions in medical contexts. European Journal of Public Health, vol. 30, Issue Supplement 5, September 2020, ckaa165.646. [Abstract] https:\/\/doi.org\/10.1093\/eurpub\/ckaa165.646<\/p>\n\n\n\n<p>Sans Pinillos, A. (2020). Arguments against the validity of the inference to the best available explanation from an eco-cognitive perspective of abduction. Anuari de la Societat Catalana de Filosofia 30-31 (Actes del V Congr\u00e9s Catal\u00e0 de Filosofia, Canillo-Andorra, 2019), 177-186. DOI: 10.2436\/20.3001.01.108<\/p>\n\n\n\n<p>Tiberius Ignat, Olga Stepankova, Huma Shah, , Ulrico Celentano, Maayan Zhitormsky-Geffet, Yiannis Gialelis, Robin Pierce, Jordi Vallverd\u00fa, Damla Bal, Sanja Persic, Julia Bencze, Daniel Wyler, Deniz Ozdemir (2020). Public report on current methods in CS Engagement. CSI-COP EU H2020 project (Report D2.1, CSI-COP) (Version 4). Zenodo. DOI: 10.5281\/zenodo.3899478.<\/p>\n\n\n\n<p>Sans, A. (2020). Apuntes sobre los aspectos de valor prescriptivo del razonamiento abductivo. En D. P. Fernandes y R. Lopez-Orellana (Eds.), El jard\u00edn de senderos que se bifurcan y confluyen: Filosof\u00eda, L\u00f3gica y Matem\u00e1ticas. Serie Selecci\u00f3n de Textos (vol. 8, pp. 143-157). Valpara\u00edso: Instituto de Filosof\u00eda, Universidad de Valpara\u00edso. ISBN 978-956-402-647-3<\/p>\n\n\n\n<p>Jordi Vallverd\u00fa, Valentina Franzoni and Alfredo Milani. (2019). Errors, Biases and Overconfidence in Artificial Emotional Modeling. In Proceedings of WI\u201919: IEEE\/WIC\/ACM International Conference on Web Intelligence (WI \u201919 Companion), October 14-17, 2019, Thessaloniki, Greece. ACM, New York, NY, USA, 5 pages. https:\/\/doi.org\/10.1145\/3358695.3361749.<\/p>\n\n\n\n<p>Jordi Vallverd\u00fa, (2019) \u201cThe Situated Nature of Informational Ontologies\u201d, in Dodig-Crnkovic, G &amp; Burgin, M. (Eds) World Scientific Series in Information Studies: Volume 10: Philosophy and Methodology of Information. The Study of Information in the Transdisciplinary Perspective, USA World Scientific. Pages: 353-365. DOI: https:\/\/doi.org\/10.1142\/9789813277526_0016<\/p>\n\n\n\n<p>Jordi Vallverd\u00fa &amp; Yosuke Nakano (2019) \u201cNo hay nada que sea m\u00e1s real que un videojuego\u201d, in David Ferragut &amp; Alfonso Garc\u00eda (Eds.) Ensayos y errores. Arte, ciencia y pensamiento en los videojuegos, Barcelona: Arait. Pp.1-14.<\/p>\n\n\n\n<p>Puyol, A. (2019) Political Fraternity: Beyond Freedom and Equality, New York and London: Routledge.<\/p>\n\n\n\n<p>Puyol, A. (2019) \u201cPhilosophical Debates in Public Health\u201d, en J. Vallverd\u00fa, A. Estany y A. Puyol (eds.), Philosophical and Methodological Debates in Public Health, Springer, pp. 1-7.<\/p>\n\n\n\n<p>Andrew Adamatzky, Jordi Vallverdu &amp; Georgios Ch. Sirakoulis (2019), \u201cChemical excitable medium in Barcelona street network as a method for panicked crowds behaviour analysis\u201d, Complex Systems, 28(1): 41-57. ISSN 0891-2513. Complex Systems, RG Journal Impact: 0.38 * [Research Gate], Scopus indexed.<\/p>\n\n\n\n<p>Valentina Franzoni,, Alfredo Milani, Daniele Nardi, and Jordi Vallverd\u00fa (2019) \u201cEditorial \u2013 Emotional Machines: The Next Revolution\u201d, Web Intelligence, 17(1): 1-8. 17:1 SJR: Q4, Scopus indexed.<\/p>\n\n\n\n<p>(forthcoming in 2019) Puyol A. \u201cSolidarity and regulatory frameworks in Big Data\u201d. In: Casanovas P. and Moreso J.J. (eds.). Democracy and Regulations in a Global and Half-automated World, Springer Verlag.<\/p>\n\n\n\n<p>Farr\u00e9s O. (2019) \u201cSocial Determinants of Health. Citizenship Rights and Responsibilities\u201d. In: Vallverd\u00fa J. Estany, A. and Puyol A. (eds.). Philosophical Debates in Public Health, Springer Verlag.<\/p>\n\n\n\n<p>Puyol, A. (2019) \u201c\u00c9tica, solidaridad y donaci\u00f3n de sangre. Cuatro perspectivas a debate\u201d, Revista de Bio\u00e9tica y Derecho, n. 45, pp. 43-58. https:\/\/revistes.ub.edu\/index.php\/RBD\/article\/view\/27786<\/p>\n\n\n\n<p>(2019) Sans, A. y Casacuberta, D. Remarks on the Possibility of Ethical Reasoning in an Artificial Intelligence System by Means of Abductive Models. En Nepomuceno-Fern\u00e1ndez, \u00c1., Magnani, L., Salguero-Lamillar, F. J., Bar\u00e9s-G\u00f3mez, C., Fontaine, M (Ed.). Model-Based Reasoning in Science and Technology, Inferential Models for Logic, Language, Cognition and Computation. Switzerland: Springer Nature Switzerland, pp. 318-333.<\/p>\n\n\n\n<p>(2019) Vallverd\u00fa, J., Puyol, A. y Estany, A. (Ed.). Philosophical and Methodological Debates in Public Health. Switzerland: Springer Nature Switzerland.<\/p>\n\n\n\n<p>(2019) Sans, A. \u201cRigor Mortis: Qu\u00e8 passa quan una teoria nega all\u00f2 que no li pertany o qu\u00e8 passa quan un coneixement es veu obligat a adaptar-se al que no pot. Comentari cr\u00edtic de \u00abConstruir en la foscor. Teoria i observaci\u00f3 en ci\u00e8ncia i en psicoan\u00e0lisi\u00bb de R. Caper\u201d, Revista Catalana de Psicoan\u00e0lisi, n. 35 (2), pp. 141-152.<\/p>\n\n\n\n<p>Vallverd\u00fa, J. &amp; M\u00fcller, V. (eds) (2019) Blended Cognition &amp; Multicognitive Systems for Robotics, Germany: Springer. ISBN 978-3-030-03104-6.<\/p>\n\n\n\n<p>Ulrich Furbach, Steffen H\u00f6lldobler, Marco Ragni, Rafal Rzepka, Claudia Schon, Jordi Vallverdu and Andre Wlodarczyk (Eds.) (2019) Joint Proceedings of the IJCAI-2019 Workshops on Linguistic and Cognitive Approaches to Dialog Agents and on Bridging the Gap Between Human and Automated Reasoning August 12, 2019 Macao, China. ISBN: 1613-0073. http:\/\/ceur-ws.org\/Vol-2452\/<\/p>\n\n\n\n<p>(2018) Puyol A. y Segura, A. \u201c\u00c9tica y priorizaci\u00f3n sanitaria. Una introducci\u00f3n\u201d, en Prioridades y pol\u00edticas sanitarias, Barcelona: Cuadernos de la Fundaci\u00f3 V\u00edctor Gr\u00edfols i Lucas n. 48, pp. 7-13. ISBN: 978-04-09-03356-0. https:\/\/www.fundaciogrifols.org\/documents\/4662337\/45564333\/q48\/448dcd6c-578a-4456-8577-1ccc8155f2cf<\/p>\n\n\n\n<p>Moyano, C. (2018).\u00ab\u00bfFraternidad pol\u00edtica con los animales? Hacia una justicia interespec\u00edfica\u00bb, Daimon International Journal of Philosophy, Supplement n. 7, https:\/\/doi.org\/10.6018\/daimon\/333791.<\/p>\n\n\n\n<p>(2018) Puyol A. \u201cThe uncomfortable truths of healthcare prioritisation\u201d, in Juan E. del Llano-Se\u00f1ar\u00eds and Savador Peir\u00f3 Moreno (Eds.), Prioritising Health Services or Muddling Through, Madrid: Springer, pp. 125-143. ISBN: 978-84-940118-9-4.<\/p>\n\n\n\n<p>Moyano, C. (2018). Review on Peter Singer\u2019s book \u00abThe Most Good You Can Do: How Effective Altruism Is Changing\u00bb, Enrahonar: an international journal of theoretical and practical reason; n. 60., 2018.<\/p>\n\n\n\n<p>(2018) Puyol A., Roman, B. y Segura, A. \u201cHygea y la virtud o recordando a Prot\u00e1goras: di\u00e1logo sobre \u00e9tica de la salud comunitaria. Informe SESPAS 2018\u201d, Gaceta Sanitaria. https:\/\/doi.org\/10.1016\/j.gaceta.2018.06.005<\/p>\n\n\n\n<p>http:\/\/www.gacetasanitaria.org\/en-pdf-S0213911118301456<\/p>\n\n\n\n<p>Moyano, C. (2018). \u00abIdentity or Solidarity Food? Ex-ante Responsibility as a Fair Culture Approach\u00bb. In Springer, S. &amp; Grimm, H. (Eds.). Professionals in Food Chains, Wageningen Academic Publishers. ISBN 978-90-8686-321-1.<\/p>\n\n\n\n<p>(2018) Puyol, A. \u201cDel derecho a la salud a la \u00e9tica del racionamiento sanitario\u201d, Anales de la C\u00e1tedra Francisco Su\u00e1rez, n. 52, pp. 43-65. http:\/\/revistaseug.ugr.es\/index.php\/acfs\/article\/viewFile\/6550\/5671<\/p>\n\n\n\n<p>Moyano, C. (2018). \u00ab\u00bfAlimentarnos libremente o por igual? Solidaridad e identidad\u00bb, Revista de Bio\u00e9tica y Derecho; n. 42, https:\/\/doi.org\/10.1344\/rbd2018.1.21553.<\/p>\n\n\n\n<p>(2017) Puyol, A. \u201cLa idea de solidaridad en la \u00e9tica de la salud p\u00fablica\u201d, Revista de Bio\u00e9tica y Derecho, n. 40, pp. 33-47. http:\/\/revistes.ub.edu\/index.php\/RBD\/article\/view\/19161\/21615<\/p>\n\n\n\n<p>(2016) Puyol, A. \u201cEl valor del benestar. Una idea sense ideal\u201d, Butllet\u00ed del Comit\u00e9 de Bio\u00e8tica de Catalunya, n. 19 (juny 2016).<\/p>\n\n\n\n<p>(2016) Farr\u00e9s O. \u201cIdeolog\u00eda y epidemiolog\u00eda\u201d. In: Estany A. Puyol A. (eds.), Filosof\u00eda de la epidemiolog\u00eda social, Madrid: CSIC, pp. 183-201.<\/p>\n\n\n\n<p>(2016) Borrell-Carri\u00f3 F. &amp; Hern\u00e1ndez-Clemente J. \u201cLa certeza diagn\u00f3stica. El dif\u00edcil camino que nos lleva a comprender el concepto de probabilidad en la pr\u00e1ctica cl\u00ednica\u201d, Folia Human\u00edstica. Revista de salud, ciencias sociales y humanidades, 3 (mayo-junio).<\/p>\n\n\n\n<p>(2016) Vallverd\u00fa J. \u201cCausalidad en epidemiolog\u00eda\u201d, in Puyol, A. &amp; Estany, A. (Eds.) Filosof\u00eda de la Epidemiolog\u00eda social, Madrid: Editorial CSIC. ISBN: 978-84-16032-92-1, EAN: 9788416032921, p\u00e1gs.: 97-116.<\/p>\n\n\n\n<p>(2016) Estrach, N. &amp; Vallverd\u00fa J. \u201cEpidemiolog\u00eda de las enfermedades mentales: \u00bfun caso aparte?\u201d, in Puyol, A. &amp; Estany, A. (Eds.) Filosof\u00eda de la Epidemiolog\u00eda social, Madrid: Editorial CSIC. ISBN: 978-84-16032-92-1, EAN: 9788416032921, p\u00e1gs. 219-241.<\/p>\n\n\n\n<p>(2016) Gustaffson C. &amp; Vallverdu J. \u201cThe best model of a cat is several cats\u201d, Trends in Biotechnology, 34(3): 207\u2013213. DOI: http:\/\/dx.doi.org\/10.1016\/j.tibtech.2015.12.006<\/p>\n\n\n\n<p>(2016) Estany A. Puyol A. (eds.), Filosof\u00eda de la epidemiolog\u00eda social, Madrid: CSIC.<\/p>\n\n\n\n<p>(2016) Estany, A., \u201cEpidemiolog\u00eda \u00bfsocial?: hacia un enfoque interdisciplinar\u201d, En Filosof\u00eda de la epidemiolog\u00eda social, Anna Estany y Angel Puyol (eds.) Construcci\u00f3n y refutaci\u00f3n de nuevas enfermedades. El debate entre esencialistas y pragm\u00e1ticos desde la perspectiva de la epidemiolog\u00eda social, PP. 59-78, Plaza y Vald\u00e9s y CSIC, Madrid.<\/p>\n\n\n\n<p>(2016) Puyol, A. \u201c\u00c9tica y epidemiolog\u00eda social\u201d. En: Estany A. Puyol A. (eds.), Filosof\u00eda de la epidemiolog\u00eda social, Madrid: CSIC, pp. 143-161.<\/p>\n\n\n\n<p>Moyano, C. (2016). \u00abNaturalesa humana com a desenvolupament hum\u00e0: superant el reconeixement i l\u2019autonomia efectiva\u00bb, Filosofia, Ara! Revista per a pensar, vol. 2, n. 2. ISNN 2462-3865.<\/p>\n\n\n\n<p>(2015) Puyol A. Camps V. Hern\u00e1ndez I. Segura A. \u201cAn ethics training specific for European public health\u201d. Public Health Reviews, vol. 36, n. 6.<\/p>\n\n\n\n<p>Casacuberta, D. &amp; Vallverd\u00fa, J (2014). \u201cE-Science and the data deluge\u201d. Philosophical Psychology. 27 pp: 126-140.<\/p>\n\n\n\n<p>(2014) Vallverd\u00fa J. &amp; Casacuberta D. \u201cEthical and technical aspects of the use of artificial emotions to create empathy in medical machines\u201d, in Simon Peter van Rysewyck &amp; Matthijs Pontier (Eds.) Machine Medical Ethics, USA: Springer. Series: Intelligent Systems, Control and Automation: Science and Engineering, Vol. 74. ISBN 978-3-319-08107-6. Pp: 341-362.<\/p>\n\n\n\n<p>(2014) Borrell-Carri\u00f3 F., Estany A., Platt FW. &amp; Morales-Hidalgo V. \u201cDoctors as a knowledge and intelligence building group: pragmatic principles underlying decision-making processes.\u201d, J Epidemiol Community Health, online first, July, 10.1136\/jech-2014-203868.<\/p>\n\n\n\n<p>[\/vc_column_text][\/vc_column]<br>(2014) Puyol A. \u201cUn fundamento inesperado para la autonom\u00eda en la bio\u00e9tica actual\u201d. En: Antonio Casado (ed.). Autonom\u00eda con otros. Ensayos sobre bio\u00e9tica, Madrid: Plaza y Vald\u00e9s, pp. 19-34.<\/p>\n\n\n\n<p>(2014) Puyol A. \u201cJusticia distributiva en el sistema de salud. El racionamiento de los recursos en tiempo de crisis\u201d. Derecho y Salud, vol. 24, pp. 6-13.<\/p>\n\n\n\n<p>(2014) Puyol A. \u201c\u00bfQui\u00e9n es el guardi\u00e1n de nuestra propia salud? Responsabilidad individual y social por la salud\u201d. Revista Espa\u00f1ola de Salud P\u00fablica, vol. 88, n. 5, pp. 569-580.<\/p>\n\n\n\n<p>(2014) Puyol A. \u201c\u00c9tica y salud p\u00fablica\u201d. Dilemata, n. 15, pp. 15-22.<\/p>\n\n\n\n<p>Casacuberta. D. (2013) \u201cInnovaci\u00f3n, big data y epidemiolog\u00eda\u201d Revista Iberoamericana de Argumentaci\u00f3n. 7. pp: 1-12.<\/p>\n\n\n\n<p>(2012) Farr\u00e9s O. \u201cPor una filosof\u00eda del error. Anna Estany, Victoria Camps y Merc\u00e8 Izquierdo (eds.): Error y conocimiento: la gesti\u00f3n de la ignorancia. Granada, Comares, 2012, 376 pp.\u201d, ISEGOR\u00cdA, N.\u00ba 47, pp. 688-694. https:\/\/ddd.uab.cat\/pub\/artpub\/2012\/200068\/isegoria_a2012m7-12n47p688.pdf<\/p>\n\n\n\n<p>(2012) Puyol A. \u201cHay bio\u00e9tica m\u00e1s all\u00e1 de la autonom\u00eda\u201d. Revista de Bio\u00e9tica y Derecho, n. 25, pp. 45-58.<\/p>\n\n\n\n<p>(2012) Puyol A. \u201c\u00c9tica, equidad y determinantes sociales de la salud\u201d. Gaceta Sanitaria, vol. 26, n. 2, pp. 178-181.<\/p>\n\n\n\n<p>(2012) Estany, A., \u201cReflexiones sobre la biol\u00f3gica aplicada: el caso de la investigaci\u00f3n del c\u00e1ncer\u201d, en DI\u00c9GUEZ, Antonio et al. (eds.): Actas del I Congreso de la Asociaci\u00f3n Iberoamericana de Filosof\u00eda de la biolog\u00eda (Valencia, 28-30 nov. 2012). Valencia: Univ. de Valencia, 2012, p. 267-272.<\/p>\n\n\n\n<p>(2012) Estany A. Camps V. Izquierdo M. (eds). Error y conocimiento: la gesti\u00f3n de la ignorancia, Granada: Comares.<\/p>\n\n\n\n<p>(2011) Puyol A. \u201cEl derecho a subsistir y la justicia global\u201d. Ideas y Valores. Revista Colombiana de Filosof\u00eda, vol. 60, n. 147, pp. 177-208.<\/p>\n\n\n\n<p>(2010) Puyol A. \u201cSalud y justicia global\u201d. Isegor\u00eda, n. 43, pp. 479-502.<\/p>\n\n\n\n<p>(2009) Vallverd\u00fa J. Bio\u00e9tica computacional, M\u00e9xico: FCE. 280 pages.<\/p>\n\n\n\n<p>(2009) Vallverd\u00fa J. &amp; Delgado M. \u201cValues in controversies: stem cell research\u201d. Bio-Phronesis: Revista de Bio\u00e9tica y Socioantropolog\u00eda en Medicina. 4(2): 1-27. ISSN: 1850-4051.<\/p>\n\n\n\n<p>(2009) Vallverd\u00fa J. &amp; Gustafsson C. \u201cSynthetic Life. Etho-bricks for a New Biology\u201d, in: Systems Biology and Synthetic Biology, Edited by Pengcheng Fu &amp; Sven Panke, USA: Publisher: John Wiley &amp; Sons, Inc, Chapter 8: 205-220.<\/p>\n\n\n\n<p>(2007) Delgado M. &amp; Vallverd\u00fa J. \u201cValores en controversias: la investigaci\u00f3n con c\u00e9lulas madre\u201c. Revista Iberoamericana de Ciencia, Tecnolog\u00eda y Sociedad; vol. 3 (9): 9-31.<\/p>\n","protected":false},"excerpt":{"rendered":"<p>Puyol, A. (2023). AC: de Manuel, A; (10\/10) \u201cEthical assessments and mitigation strategies for non-racial biases in AI-systems used during the COVID-19 pandemic&#8221;, Big Data &amp; Society, DOI: https:\/\/doi.org\/10.1177\/20539517231179199 [SJR: Q1]. Puyol, A. (2022). AC: Delgado, J; (10\/10) \u201cBias in algorithms of AI systems developed for COVID-19: A scoping review\u201d, Bioethical Inquiry, https:\/\/doi.org\/10.1007\/s11673-022-10200-z [SJR: Q2, [&hellip;]<\/p>\n","protected":false},"author":1475,"featured_media":0,"parent":0,"menu_order":4,"comment_status":"closed","ping_status":"closed","template":"","meta":{"footnotes":""},"class_list":["post-61","page","type-page","status-publish","hentry"],"_links":{"self":[{"href":"https:\/\/webs.uab.cat\/gehuct\/en\/wp-json\/wp\/v2\/pages\/61","targetHints":{"allow":["GET"]}}],"collection":[{"href":"https:\/\/webs.uab.cat\/gehuct\/en\/wp-json\/wp\/v2\/pages"}],"about":[{"href":"https:\/\/webs.uab.cat\/gehuct\/en\/wp-json\/wp\/v2\/types\/page"}],"author":[{"embeddable":true,"href":"https:\/\/webs.uab.cat\/gehuct\/en\/wp-json\/wp\/v2\/users\/1475"}],"replies":[{"embeddable":true,"href":"https:\/\/webs.uab.cat\/gehuct\/en\/wp-json\/wp\/v2\/comments?post=61"}],"version-history":[{"count":3,"href":"https:\/\/webs.uab.cat\/gehuct\/en\/wp-json\/wp\/v2\/pages\/61\/revisions"}],"predecessor-version":[{"id":403,"href":"https:\/\/webs.uab.cat\/gehuct\/en\/wp-json\/wp\/v2\/pages\/61\/revisions\/403"}],"wp:attachment":[{"href":"https:\/\/webs.uab.cat\/gehuct\/en\/wp-json\/wp\/v2\/media?parent=61"}],"curies":[{"name":"wp","href":"https:\/\/api.w.org\/{rel}","templated":true}]}}