{"id":43,"date":"2023-10-04T12:57:54","date_gmt":"2023-10-04T10:57:54","guid":{"rendered":"https:\/\/webs.uab.cat\/gehuct\/objectius-i-linies-de-recerca\/"},"modified":"2023-10-04T16:17:40","modified_gmt":"2023-10-04T14:17:40","slug":"objectius-i-linies-de-recerca","status":"publish","type":"page","link":"https:\/\/webs.uab.cat\/gehuct\/es\/","title":{"rendered":"\u00bfQu\u00e9 es el GEHUCT?"},"content":{"rendered":"\n<p>El Grupo de Investigaci\u00f3n GEHUCT (Grupo de Estudios Human\u00edsticos sobre Ciencia y Tecnolog\u00eda) realiza una actividad de investigaci\u00f3n interdisciplinar alrededor de las relaciones entre la ciencia, la tecnolog\u00eda y la sociedad, bajo las \u00f3pticas coordinadas de la \u00e9tica y la epistemolog\u00eda.<\/p>\n\n\n\n<p>La investigaci\u00f3n actual se centra en la filosof\u00eda de la salud p\u00fablica. La salud p\u00fablica contiene diferentes problemas filos\u00f3ficos que tratamos interdisciplinariamente a trav\u00e9s de seminarios, congresos, debates p\u00fablicos con expertos en salud p\u00fablica y epidemiolog\u00eda, y publicaciones indexadas.<\/p>\n","protected":false},"excerpt":{"rendered":"<p>El Grupo de Investigaci\u00f3n GEHUCT (Grupo de Estudios Human\u00edsticos sobre Ciencia y Tecnolog\u00eda) realiza una actividad de investigaci\u00f3n interdisciplinar alrededor de las relaciones entre la ciencia, la tecnolog\u00eda y la sociedad, bajo las \u00f3pticas coordinadas de la \u00e9tica y la epistemolog\u00eda. La investigaci\u00f3n actual se centra en la filosof\u00eda de la salud p\u00fablica. La salud [&hellip;]<\/p>\n","protected":false},"author":1475,"featured_media":0,"parent":0,"menu_order":0,"comment_status":"closed","ping_status":"closed","template":"","meta":{"footnotes":""},"class_list":["post-43","page","type-page","status-publish","hentry"],"_links":{"self":[{"href":"https:\/\/webs.uab.cat\/gehuct\/es\/wp-json\/wp\/v2\/pages\/43","targetHints":{"allow":["GET"]}}],"collection":[{"href":"https:\/\/webs.uab.cat\/gehuct\/es\/wp-json\/wp\/v2\/pages"}],"about":[{"href":"https:\/\/webs.uab.cat\/gehuct\/es\/wp-json\/wp\/v2\/types\/page"}],"author":[{"embeddable":true,"href":"https:\/\/webs.uab.cat\/gehuct\/es\/wp-json\/wp\/v2\/users\/1475"}],"replies":[{"embeddable":true,"href":"https:\/\/webs.uab.cat\/gehuct\/es\/wp-json\/wp\/v2\/comments?post=43"}],"version-history":[{"count":1,"href":"https:\/\/webs.uab.cat\/gehuct\/es\/wp-json\/wp\/v2\/pages\/43\/revisions"}],"predecessor-version":[{"id":44,"href":"https:\/\/webs.uab.cat\/gehuct\/es\/wp-json\/wp\/v2\/pages\/43\/revisions\/44"}],"wp:attachment":[{"href":"https:\/\/webs.uab.cat\/gehuct\/es\/wp-json\/wp\/v2\/media?parent=43"}],"curies":[{"name":"wp","href":"https:\/\/api.w.org\/{rel}","templated":true}]}}