{"id":45,"date":"2023-10-03T13:10:27","date_gmt":"2023-10-03T11:10:27","guid":{"rendered":"https:\/\/webs.uab.cat\/gehuct\/pagina-exemple\/"},"modified":"2023-10-28T23:12:52","modified_gmt":"2023-10-28T21:12:52","slug":"pagina-exemple","status":"publish","type":"page","link":"https:\/\/webs.uab.cat\/gehuct\/es\/pagina-exemple\/","title":{"rendered":"Objetivos y l\u00edneas de investigaci\u00f3n"},"content":{"rendered":"\n<p>Los objetivos del GEHUCT son los siguientes:<\/p>\n\n\n\n<p>La reflexi\u00f3n filos\u00f3fica sobre la ciencia, la tecnolog\u00eda y la sociedad desde la perspectiva interdisciplinaria de la \u00e9tica y la epistemolog\u00eda.<\/p>\n\n\n\n<p>La internacionalizaci\u00f3n del grupo y su investigaci\u00f3n a trav\u00e9s de la publicaci\u00f3n en revistes y editoriales internacionales indexadas, la participaci\u00f3n de sus miembros en seminarios, congresos y proyectos de investigaci\u00f3n internacionales, la captaci\u00f3n de investigadores pre-doctorales y post-doctorales nacionales e internacionales, y la celebraci\u00f3n de seminarios y congresos internacionales en Barcelona con la participaci\u00f3n de los principales especialistas mundiales en los temas de inter\u00e9s del grupo.<\/p>\n\n\n\n<p>La consolidaci\u00f3n de un grupo de investigaci\u00f3n interdisciplinario en \u00e9tica y epistemolog\u00eda en el sistema catal\u00e1n de investigaci\u00f3n a trav\u00e9s de las diferentes convocatorias de Suport a Grups de Recerca (SGR) reconocidos por la Generalitat de Catalunya.<\/p>\n\n\n\n<p>Las actuales l\u00edneas de investigaci\u00f3n del GEHUCT son las siguientes:<\/p>\n\n\n\n<ol class=\"wp-block-list\">\n<li>La reflexi\u00f3n filos\u00f3fica sobre la salud p\u00fablica y la epidemiolog\u00eda.<\/li>\n\n\n\n<li>La idea de solidaridad en la filosof\u00eda moral y pol\u00edtica.<\/li>\n\n\n\n<li>Creatividad, revoluci\u00f3n e innovaci\u00f3n en los procesos de cambio cient\u00edfico.<\/li>\n<\/ol>\n\n\n\n<p><\/p>\n\n\n\n<p>2023-2025. Red Tem\u00e1tica \u201cESPACYOS. \u00c9tica de la salud p\u00fablica\u201d. RED2022-134551-T. Coordinador: Angel Puyol. Dotaci\u00f3n: 18.000 euros.<\/p>\n\n\n\n<p>2022-2024. Grupo de investigaci\u00f3n reconocido y financiado por la Generalitat de Catalunya. Categor\u00eda: Grupo de investigaci\u00f3n consolidado (GRC). Ref. 2021SGR517. Nombre del grupo: \u201cGrup d\u2019Estudis Human\u00edstics sobre la ci\u00e8ncia i la tecnologia (GEHUCT)\u201d. Coordinador: Angel Puyol (Universitat Aut\u00f2noma de Barcelona). Dotaci\u00f3n: 40.000 euros.<\/p>\n\n\n\n<p>2023-2026. Laboratorio Iberoamericano de \u00e9tica y salud p\u00fablica (LIBERESP). P622RT0063. CYTED: Programa Iberoamericano de Ciencia y Tecnolog\u00eda para el Desarrollo. Dotaci\u00f3n: 60.000 euros.<\/p>\n\n\n\n<p>2020-2022. Proyecto de las Ayudas Fundaci\u00f3n BBVA a Equipos de Investigaci\u00f3n Cient\u00edfica SARS-CoV-2 y COVID-19, en el \u00e1rea de Humanidades. T\u00edtulo: Detecci\u00f3n y eliminaci\u00f3n de sesgos en algoritmos de triaje y localizaci\u00f3n para la COVID-19. Investigador principal: Angel Puyol (Universitat Aut\u00f3noma de Barcelona). Dotaci\u00f3n: 72.098 euros.<\/p>\n\n\n\n<p>2020-2023. Proyecto de investigaci\u00f3n del Ministerio de Econom\u00eda y Competitividad. Ref.: PID2019-105422GB-100. T\u00edtulo: La solidaridad en bio\u00e9tica. Investigador principal: Angel Puyol. Dotaci\u00f3n: 38.000 euros.<\/p>\n\n\n\n<p>2018-2023. ERC-Starting Grant n. 758145: PROTEUS \u201cParadoxes and Metaphors of Time in Early Universe(s)\u201d. Investigadora principal: Silvia de Bianchi. Dotaci\u00f3: 1.500.000 euros. Project website: http:\/\/www.proteus-pmte.eu\/<\/p>\n\n\n\n<p>2017-2022. RYC-2015-17289: \u201cFrom the origin of Earth to ethics: Kant and the sciences of his time\u201d. Investigadora Ramon y Cajal: Silvia de Bianchi.<\/p>\n\n\n\n<p>2017-2021. Grupo de investigaci\u00f3n reconocido y financiado por la Generalitat de Catalunya. Categor\u00eda: Grupo de investigaci\u00f3n consolidado (GRC). Ref. 2017SGR568. Nombre del grupo: \u201cGrup d\u2019Estudis Human\u00edstics sobre la Ci\u00e8ncia i la Tecnologia (GEHUCT)\u201d [Grupo de Estudios Human\u00edsticos sobre la Ciencia y la Tecnolog\u00eda]. Coordinador: Angel Puyol (Universitat Aut\u00f2noma de Barcelona). Dotaci\u00f3n: 38.264 euros.<\/p>\n\n\n\n<p>2016-2019. Proyecto de investigaci\u00f3n del Ministerio de Economia y Competitividad. Ref.: FFI2015-64858-P. T\u00edtol: \u201cJusticia y democracia: hacia un nuevo modelo de solidaridad. Investigador principal\u201d: Angel Puyol. Dotaci\u00f3n: 38.000 euros.<\/p>\n\n\n\n<p>2014-2016. Grupo de investigaci\u00f3n reconocido y financiado por la Generalitat de Catalunya. Categor\u00eda: Grupo de investigaci\u00f3n consolidado (GRC). Ref. 2014SGR412. Nombre del grupo: \u201cGrup d\u2019Estudis Human\u00edstics sobre la Ci\u00e8ncia i la Tecnologia (GEHUCT)\u201d [Grupo de Estudios Human\u00edsticos sobre la Ciencia y la Tecnolog\u00eda (GEHUCT)] . Coordinador: Angel Puyol (Universitat Aut\u00f2noma de Barcelona). Dotaci\u00f3n: 30.000 euros.<\/p>\n","protected":false},"excerpt":{"rendered":"<p>Los objetivos del GEHUCT son los siguientes: La reflexi\u00f3n filos\u00f3fica sobre la ciencia, la tecnolog\u00eda y la sociedad desde la perspectiva interdisciplinaria de la \u00e9tica y la epistemolog\u00eda. La internacionalizaci\u00f3n del grupo y su investigaci\u00f3n a trav\u00e9s de la publicaci\u00f3n en revistes y editoriales internacionales indexadas, la participaci\u00f3n de sus miembros en seminarios, congresos y [&hellip;]<\/p>\n","protected":false},"author":1475,"featured_media":0,"parent":0,"menu_order":2,"comment_status":"closed","ping_status":"closed","template":"","meta":{"footnotes":""},"class_list":["post-45","page","type-page","status-publish","hentry"],"_links":{"self":[{"href":"https:\/\/webs.uab.cat\/gehuct\/es\/wp-json\/wp\/v2\/pages\/45","targetHints":{"allow":["GET"]}}],"collection":[{"href":"https:\/\/webs.uab.cat\/gehuct\/es\/wp-json\/wp\/v2\/pages"}],"about":[{"href":"https:\/\/webs.uab.cat\/gehuct\/es\/wp-json\/wp\/v2\/types\/page"}],"author":[{"embeddable":true,"href":"https:\/\/webs.uab.cat\/gehuct\/es\/wp-json\/wp\/v2\/users\/1475"}],"replies":[{"embeddable":true,"href":"https:\/\/webs.uab.cat\/gehuct\/es\/wp-json\/wp\/v2\/comments?post=45"}],"version-history":[{"count":3,"href":"https:\/\/webs.uab.cat\/gehuct\/es\/wp-json\/wp\/v2\/pages\/45\/revisions"}],"predecessor-version":[{"id":399,"href":"https:\/\/webs.uab.cat\/gehuct\/es\/wp-json\/wp\/v2\/pages\/45\/revisions\/399"}],"wp:attachment":[{"href":"https:\/\/webs.uab.cat\/gehuct\/es\/wp-json\/wp\/v2\/media?parent=45"}],"curies":[{"name":"wp","href":"https:\/\/api.w.org\/{rel}","templated":true}]}}