{"id":2,"date":"2023-10-03T13:10:27","date_gmt":"2023-10-03T11:10:27","guid":{"rendered":"https:\/\/webs.uab.cat\/gehuct\/?page_id=2"},"modified":"2023-10-28T23:12:05","modified_gmt":"2023-10-28T21:12:05","slug":"pagina-exemple","status":"publish","type":"page","link":"https:\/\/webs.uab.cat\/gehuct\/pagina-exemple\/","title":{"rendered":"Objectius i l\u00ednies de recerca"},"content":{"rendered":"\n<p>Els objectius del GEHUCT s\u00f3n aquests:<\/p>\n\n\n\n<p>La reflexi\u00f3 filos\u00f2fica sobre la ci\u00e8ncia, la tecnologia i la societat des de la perspectiva interdisciplin\u00e0ria de l\u2019\u00e8tica i l\u2019epistemologia.<\/p>\n\n\n\n<p><br>La internacionalitzaci\u00f3 del grup i la seva recerca a trav\u00e9s de la publicaci\u00f3 en revistes i editorials internacionals indexades, la participaci\u00f3 dels seus membres en workshops, congressos i projectes de recerca internacionals, la captaci\u00f3 d\u2019investigadors pre-doctorals i post-doctorals nacionals i internacionals, i la celebraci\u00f3 de workshops i congressos internacionals a Barcelona amb els principals especialistes mundials en els temes d\u2019inter\u00e8s del grup.<\/p>\n\n\n\n<p>La consolidaci\u00f3 d\u2019un grup de recerca interdisciplinari en \u00e8tica i epistemologia en el sistema catal\u00e0 de recerca a trav\u00e9s de les diferents convocat\u00f2ries de Suport a Grups de Recerca (SGR) reconeguts per la Generalitat de Catalunya.<\/p>\n\n\n\n<p>Les actuals l\u00ednies de recerca del GEHUCT s\u00f3n aquestes:<\/p>\n\n\n\n<ol class=\"wp-block-list\">\n<li>La reflexi\u00f3 filos\u00f2fica sobre la salut p\u00fablica i l\u2019epidemiologia. <\/li>\n\n\n\n<li>La idea de solidaritat en la filosofia moral i pol\u00edtica.<\/li>\n\n\n\n<li>Creativitat, revoluci\u00f3 i innovaci\u00f3 en els processos de canvi cient\u00edfic.<\/li>\n<\/ol>\n\n\n\n<p><\/p>\n\n\n\n<p>2023-2025. Red Tem\u00e1tica \u201cESPACYOS. \u00c9tica de la salud p\u00fablica\u201d. RED2022-134551-T. Coordinador: Angel Puyol. Dotaci\u00f3n: 18.000 euros.<\/p>\n\n\n\n<p>2022-2024. Grupo de investigaci\u00f3n reconocido y financiado por la Generalitat de Catalunya. Categor\u00eda: Grupo de investigaci\u00f3n consolidado (GRC). Ref. 2021SGR517. Nombre del grupo: \u201cGrup d\u2019Estudis Human\u00edstics sobre la ci\u00e8ncia i la tecnologia (GEHUCT)\u201d. Coordinador: Angel Puyol (Universitat Aut\u00f2noma de Barcelona). Dotaci\u00f3n: 40.000 euros.<\/p>\n\n\n\n<p>2023-2026. Laboratorio Iberoamericano de \u00e9tica y salud p\u00fablica (LIBERESP). P622RT0063. CYTED: Programa Iberoamericano de Ciencia y Tecnolog\u00eda para el Desarrollo. Dotaci\u00f3n: 60.000 euros.<\/p>\n\n\n\n<p>2020-2022. Proyecto de las Ayudas Fundaci\u00f3n BBVA a Equipos de Investigaci\u00f3n Cient\u00edfica SARS-CoV-2 y COVID-19, en el \u00e1rea de Humanidades. T\u00edtulo: Detecci\u00f3n y eliminaci\u00f3n de sesgos en algoritmos de triaje y localizaci\u00f3n para la COVID-19. Investigador principal: Angel Puyol (Universitat Aut\u00f3noma de Barcelona). Dotaci\u00f3n: 72.098 euros.<\/p>\n\n\n\n<p>2020-2023. Proyecto de investigaci\u00f3n del Ministerio de Econom\u00eda y Competitividad. Ref.: PID2019-105422GB-100. T\u00edtulo: La solidaridad en bio\u00e9tica. Investigador principal: Angel Puyol. Dotaci\u00f3n: 38.000 euros.<\/p>\n\n\n\n<p>2018-2023. ERC-Starting Grant n. 758145: PROTEUS \u201cParadoxes and Metaphors of Time in Early Universe(s)\u201d. Investigadora principal: Silvia de Bianchi. Dotaci\u00f3: 1.500.000 euros. Project website: http:\/\/www.proteus-pmte.eu\/<\/p>\n\n\n\n<p>2017-2022. RYC-2015-17289: \u201cFrom the origin of Earth to ethics: Kant and the sciences of his time\u201d. Investigadora Ramon y Cajal: Silvia de Bianchi.<\/p>\n\n\n\n<p>2017-2021. Grup de recerca reconegut i finan\u00e7at per la Generalitat de Catalunya. Categoria: Grup de recerca consolidat (GRC). Ref. 2017SGR568. Nom del Grup: \u201cGrup d\u2019Estudis Human\u00edstics sobre la Ci\u00e8ncia i la Tecnologia (GEHUCT)\u201d. Coordinador: Angel Puyol (Universitat Aut\u00f2noma de Barcelona). Dotaci\u00f3: 38.264 euros.<\/p>\n\n\n\n<p>2016-2019. Projecte de recerca del Ministeri d\u2019Economia i Competitivitat. Ref.: FFI2015-64858-P. T\u00edtol: Justicia y democracia: hacia un nuevo modelo de solidaridad. Investigador principal: Angel Puyol. Dotaci\u00f3: 38.000 euros.<\/p>\n\n\n\n<p>2014-2016. Grup de Recerca reconegut i finan\u00e7at per la Generalitat de Catalunya. Categoria: Grup de Recerca Consolidat (GRC). Ref. 2014SGR412. Nom del grup: \u201cGrup d\u2019Estudis Human\u00edstics sobre la Ci\u00e8ncia i la Tecnologia (GEHUCT)\u201d. Coordinador: Angel Puyol (Universitat Aut\u00f2noma de Barcelona). Dotaci\u00f3: 30.000 euros.<\/p>\n","protected":false},"excerpt":{"rendered":"<p>Els objectius del GEHUCT s\u00f3n aquests: La reflexi\u00f3 filos\u00f2fica sobre la ci\u00e8ncia, la tecnologia i la societat des de la perspectiva interdisciplin\u00e0ria de l\u2019\u00e8tica i l\u2019epistemologia. La internacionalitzaci\u00f3 del grup i la seva recerca a trav\u00e9s de la publicaci\u00f3 en revistes i editorials internacionals indexades, la participaci\u00f3 dels seus membres en workshops, congressos i projectes [&hellip;]<\/p>\n","protected":false},"author":1475,"featured_media":0,"parent":0,"menu_order":2,"comment_status":"closed","ping_status":"open","template":"","meta":{"footnotes":""},"class_list":["post-2","page","type-page","status-publish","hentry"],"_links":{"self":[{"href":"https:\/\/webs.uab.cat\/gehuct\/wp-json\/wp\/v2\/pages\/2","targetHints":{"allow":["GET"]}}],"collection":[{"href":"https:\/\/webs.uab.cat\/gehuct\/wp-json\/wp\/v2\/pages"}],"about":[{"href":"https:\/\/webs.uab.cat\/gehuct\/wp-json\/wp\/v2\/types\/page"}],"author":[{"embeddable":true,"href":"https:\/\/webs.uab.cat\/gehuct\/wp-json\/wp\/v2\/users\/1475"}],"replies":[{"embeddable":true,"href":"https:\/\/webs.uab.cat\/gehuct\/wp-json\/wp\/v2\/comments?post=2"}],"version-history":[{"count":7,"href":"https:\/\/webs.uab.cat\/gehuct\/wp-json\/wp\/v2\/pages\/2\/revisions"}],"predecessor-version":[{"id":398,"href":"https:\/\/webs.uab.cat\/gehuct\/wp-json\/wp\/v2\/pages\/2\/revisions\/398"}],"wp:attachment":[{"href":"https:\/\/webs.uab.cat\/gehuct\/wp-json\/wp\/v2\/media?parent=2"}],"curies":[{"name":"wp","href":"https:\/\/api.w.org\/{rel}","templated":true}]}}