{"id":72,"date":"2023-10-05T09:09:55","date_gmt":"2023-10-05T07:09:55","guid":{"rendered":"https:\/\/webs.uab.cat\/gehuct\/?page_id=72"},"modified":"2024-07-16T11:39:18","modified_gmt":"2024-07-16T09:39:18","slug":"gent","status":"publish","type":"page","link":"https:\/\/webs.uab.cat\/gehuct\/gent\/","title":{"rendered":"Membres"},"content":{"rendered":"\n<p><a href=\"https:\/\/webs.uab.cat\/gehuct\/?p=113\">Alger Sans<\/a><\/p>\n\n\n\n<p><a href=\"https:\/\/webs.uab.cat\/gehuct\/2023\/10\/28\/angel-puyol-2\/\">Angel Puyol<\/a><\/p>\n\n\n\n<p><a href=\"https:\/\/webs.uab.cat\/gehuct\/2024\/07\/16\/anna-estany\/\">Anna Estany<\/a><\/p>\n\n\n\n<p><a href=\"https:\/\/webs.uab.cat\/gehuct\/2024\/03\/11\/daniel-gamper\/\">Daniel Gamper<\/a> <\/p>\n\n\n\n<p><a href=\"https:\/\/webs.uab.cat\/gehuct\/?p=134\">Cristian Moyano<\/a><\/p>\n\n\n\n<p><a href=\"https:\/\/webs.uab.cat\/gehuct\/2024\/02\/23\/irene-gomez\/\">Irene G\u00f3mez<\/a><\/p>\n\n\n\n<p><a href=\"https:\/\/webs.uab.cat\/gehuct\/2023\/10\/28\/iris-parra-jounou\/\">Iris Parra<\/a><\/p>\n\n\n\n<p><a href=\"https:\/\/webs.uab.cat\/gehuct\/2024\/07\/16\/david-casacuberta\/\">David Casacuberta<\/a><\/p>\n\n\n\n<p>Francesc Borrell<\/p>\n\n\n\n<p><a href=\"https:\/\/webs.uab.cat\/gehuct\/?p=160\">Jordi Riba<\/a><\/p>\n\n\n\n<p><a href=\"https:\/\/webs.uab.cat\/gehuct\/2023\/11\/08\/jordi-vallverdu-2\/\">Jordi Vallverd\u00fa<\/a><\/p>\n\n\n\n<p><a href=\"https:\/\/webs.uab.cat\/gehuct\/2024\/07\/16\/marc-plana\/\">Marc Plana<\/a><\/p>\n\n\n\n<p><a href=\"https:\/\/webs.uab.cat\/gehuct\/?p=184\">N\u00faria Estrach<\/a><\/p>\n\n\n\n<p><a href=\"http:\/\/webs.uab.cat\/gehuct\/2023\/10\/05\/hola\/\">Oriol Farr\u00e9s<\/a><\/p>\n\n\n\n<p><a href=\"https:\/\/webs.uab.cat\/gehuct\/?p=193\">Silvia de Bianchi<\/a><\/p>\n\n\n\n<p><a href=\"https:\/\/webs.uab.cat\/gehuct\/2024\/07\/16\/vicent-costa\/\">Vicent Costa <\/a><\/p>\n\n\n\n<p><a href=\"https:\/\/webs.uab.cat\/gehuct\/2024\/07\/16\/pol-ruiz-de-gauna\/\">Pol Ruiz De Gauna<\/a><\/p>\n\n\n\n<p><a href=\"https:\/\/webs.uab.cat\/gehuct\/2024\/07\/16\/alice-rangel\/\">Alice Rangel\u00a0<\/a><\/p>\n","protected":false},"excerpt":{"rendered":"<p>Alger Sans Angel Puyol Anna Estany Daniel Gamper Cristian Moyano Irene G\u00f3mez Iris Parra David Casacuberta Francesc Borrell Jordi Riba Jordi Vallverd\u00fa Marc Plana N\u00faria Estrach Oriol Farr\u00e9s Silvia de Bianchi Vicent Costa Pol Ruiz De Gauna Alice Rangel\u00a0<\/p>\n","protected":false},"author":1475,"featured_media":513,"parent":0,"menu_order":5,"comment_status":"closed","ping_status":"closed","template":"","meta":{"footnotes":""},"class_list":["post-72","page","type-page","status-publish","has-post-thumbnail","hentry"],"_links":{"self":[{"href":"https:\/\/webs.uab.cat\/gehuct\/wp-json\/wp\/v2\/pages\/72","targetHints":{"allow":["GET"]}}],"collection":[{"href":"https:\/\/webs.uab.cat\/gehuct\/wp-json\/wp\/v2\/pages"}],"about":[{"href":"https:\/\/webs.uab.cat\/gehuct\/wp-json\/wp\/v2\/types\/page"}],"author":[{"embeddable":true,"href":"https:\/\/webs.uab.cat\/gehuct\/wp-json\/wp\/v2\/users\/1475"}],"replies":[{"embeddable":true,"href":"https:\/\/webs.uab.cat\/gehuct\/wp-json\/wp\/v2\/comments?post=72"}],"version-history":[{"count":27,"href":"https:\/\/webs.uab.cat\/gehuct\/wp-json\/wp\/v2\/pages\/72\/revisions"}],"predecessor-version":[{"id":602,"href":"https:\/\/webs.uab.cat\/gehuct\/wp-json\/wp\/v2\/pages\/72\/revisions\/602"}],"wp:featuredmedia":[{"embeddable":true,"href":"https:\/\/webs.uab.cat\/gehuct\/wp-json\/wp\/v2\/media\/513"}],"wp:attachment":[{"href":"https:\/\/webs.uab.cat\/gehuct\/wp-json\/wp\/v2\/media?parent=72"}],"curies":[{"name":"wp","href":"https:\/\/api.w.org\/{rel}","templated":true}]}}