{"id":8,"date":"2023-10-04T12:57:54","date_gmt":"2023-10-04T10:57:54","guid":{"rendered":"https:\/\/webs.uab.cat\/gehuct\/?page_id=8"},"modified":"2023-10-05T09:17:14","modified_gmt":"2023-10-05T07:17:14","slug":"objectius-i-linies-de-recerca","status":"publish","type":"page","link":"https:\/\/webs.uab.cat\/gehuct\/","title":{"rendered":"Qu\u00e8 \u00e9s el GEHUCT?"},"content":{"rendered":"\n<p>El Grup de Recerca GEHUCT (Grup d\u2019Estudis Human\u00edstics sobre la Ci\u00e8ncia i la Tecnologia) realitza una activitat de recerca interdisciplin\u00e0ria al voltant de les relacions entre ci\u00e8ncia, tecnologia i societat, sota les \u00f2ptiques coordinades de l\u2019\u00e8tica i l\u2019epistemologia.<\/p>\n\n\n\n<p>La recerca actual gira a l\u2019entorn de la filosofia de la salut p\u00fablica. La salut p\u00fablica cont\u00e9 diferents problemes filos\u00f2fics que tractem d\u2019una manera interdisciplin\u00e0ria a trav\u00e9s de seminaris, congressos, debats p\u00fablics amb experts en salut p\u00fablica i epidemiologia, i publicacions indexades.<\/p>\n","protected":false},"excerpt":{"rendered":"<p>El Grup de Recerca GEHUCT (Grup d\u2019Estudis Human\u00edstics sobre la Ci\u00e8ncia i la Tecnologia) realitza una activitat de recerca interdisciplin\u00e0ria al voltant de les relacions entre ci\u00e8ncia, tecnologia i societat, sota les \u00f2ptiques coordinades de l\u2019\u00e8tica i l\u2019epistemologia. La recerca actual gira a l\u2019entorn de la filosofia de la salut p\u00fablica. La salut p\u00fablica cont\u00e9 [&hellip;]<\/p>\n","protected":false},"author":1475,"featured_media":0,"parent":0,"menu_order":0,"comment_status":"closed","ping_status":"closed","template":"","meta":{"footnotes":""},"class_list":["post-8","page","type-page","status-publish","hentry"],"_links":{"self":[{"href":"https:\/\/webs.uab.cat\/gehuct\/wp-json\/wp\/v2\/pages\/8","targetHints":{"allow":["GET"]}}],"collection":[{"href":"https:\/\/webs.uab.cat\/gehuct\/wp-json\/wp\/v2\/pages"}],"about":[{"href":"https:\/\/webs.uab.cat\/gehuct\/wp-json\/wp\/v2\/types\/page"}],"author":[{"embeddable":true,"href":"https:\/\/webs.uab.cat\/gehuct\/wp-json\/wp\/v2\/users\/1475"}],"replies":[{"embeddable":true,"href":"https:\/\/webs.uab.cat\/gehuct\/wp-json\/wp\/v2\/comments?post=8"}],"version-history":[{"count":6,"href":"https:\/\/webs.uab.cat\/gehuct\/wp-json\/wp\/v2\/pages\/8\/revisions"}],"predecessor-version":[{"id":84,"href":"https:\/\/webs.uab.cat\/gehuct\/wp-json\/wp\/v2\/pages\/8\/revisions\/84"}],"wp:attachment":[{"href":"https:\/\/webs.uab.cat\/gehuct\/wp-json\/wp\/v2\/media?parent=8"}],"curies":[{"name":"wp","href":"https:\/\/api.w.org\/{rel}","templated":true}]}}