{"id":135,"date":"2023-02-17T11:40:47","date_gmt":"2023-02-17T09:40:47","guid":{"rendered":"https:\/\/webs.uab.cat\/gelea2lt\/ongoing-phd\/"},"modified":"2026-01-15T16:21:15","modified_gmt":"2026-01-15T14:21:15","slug":"ongoing-phd","status":"publish","type":"page","link":"https:\/\/webs.uab.cat\/gelea2lt\/en\/ongoing-phd\/","title":{"rendered":"Ongoing PhD theses"},"content":{"rendered":"\n<p>These are the ongoing doctoral theses supervised by the members of the GELEA2LT:<\/p>\n\n\n\n<ul class=\"wp-block-list\">\n<li>Ongoing. | Ding Quankun. Link and Engage: Integrating Mediation into Chinese Language Teaching in Spain. Supervision: Helena Casas-Tost and Dolors Masats.<\/li>\n\n\n\n<li>Ongoing. | Isabel Gonz\u00e1lez Torrents. Una aproximaci\u00f3n a los complementos direccionales, potenciales y resultativos desde la ling\u00fc\u00edstica cognitiva: una propuesta did\u00e1ctica basada en el microaprendizaje. Supervision: Sara Rovira-Esteva and Mireia Vargas-Urp\u00ed. Scholarship FISDUR 2023.<\/li>\n\n\n\n<li>Ongoing. | Yang Qiuhan. La expresi\u00f3n oral en el aprendizaje del chino como llengua extranjera: Una propuesta did\u00e1ctica para el desarrollo de la competencia comunicativa. China Scholarship Council Scholarship. Supervision: Sara Rovira-Esteva.<\/li>\n\n\n\n<li>Ongoing. | Li Peichen. An\u00e1lisis del discurso en el aula de chino como lengua extranjera: convergencias y divergencias en la aplicaci\u00f3n del enfoque comunicativo a la ense\u00f1anza de chino por parte del profesorado. Supervision: Melinda Dooly and Helena Casas-Tost.<\/li>\n\n\n\n<li>Ongoing. | Cao Wei. La introducci\u00f3n de poemas en la did\u00e1ctica del chino como lengua extranjera con herramientas digitales: el caso de la poes\u00eda Tang. Supervision: Antonio Paoliello and Mireia Vargas-Urp\u00ed.<\/li>\n<\/ul>\n","protected":false},"excerpt":{"rendered":"<p>These are the ongoing doctoral theses supervised by the members of the GELEA2LT:<\/p>\n","protected":false},"author":103,"featured_media":0,"parent":0,"menu_order":0,"comment_status":"closed","ping_status":"closed","template":"","meta":{"footnotes":""},"class_list":["post-135","page","type-page","status-publish","hentry"],"_links":{"self":[{"href":"https:\/\/webs.uab.cat\/gelea2lt\/en\/wp-json\/wp\/v2\/pages\/135","targetHints":{"allow":["GET"]}}],"collection":[{"href":"https:\/\/webs.uab.cat\/gelea2lt\/en\/wp-json\/wp\/v2\/pages"}],"about":[{"href":"https:\/\/webs.uab.cat\/gelea2lt\/en\/wp-json\/wp\/v2\/types\/page"}],"author":[{"embeddable":true,"href":"https:\/\/webs.uab.cat\/gelea2lt\/en\/wp-json\/wp\/v2\/users\/103"}],"replies":[{"embeddable":true,"href":"https:\/\/webs.uab.cat\/gelea2lt\/en\/wp-json\/wp\/v2\/comments?post=135"}],"version-history":[{"count":15,"href":"https:\/\/webs.uab.cat\/gelea2lt\/en\/wp-json\/wp\/v2\/pages\/135\/revisions"}],"predecessor-version":[{"id":798,"href":"https:\/\/webs.uab.cat\/gelea2lt\/en\/wp-json\/wp\/v2\/pages\/135\/revisions\/798"}],"wp:attachment":[{"href":"https:\/\/webs.uab.cat\/gelea2lt\/en\/wp-json\/wp\/v2\/media?parent=135"}],"curies":[{"name":"wp","href":"https:\/\/api.w.org\/{rel}","templated":true}]}}