{"id":137,"date":"2023-02-17T11:43:38","date_gmt":"2023-02-17T09:43:38","guid":{"rendered":"https:\/\/webs.uab.cat\/gelea2lt\/disclosure-and-transfer\/"},"modified":"2025-10-20T10:06:45","modified_gmt":"2025-10-20T08:06:45","slug":"disclosure-and-transfer","status":"publish","type":"page","link":"https:\/\/webs.uab.cat\/gelea2lt\/en\/disclosure-and-transfer\/","title":{"rendered":"Dissemination and knowledge transfer"},"content":{"rendered":"\n<p>GELEA2LT also carries out an intense dissemination and knowledge transfer task that materializes in different lines of work.<\/p>\n\n\n\n<p><\/p>\n\n\n\n<p><strong>Consulting agreements with stakeholders<\/strong><\/p>\n\n\n\n<ul class=\"wp-block-list\">\n<li>Asociaci\u00f3n de profesores para la ense\u00f1anza del chino (AEPEC) (2021-2028)<\/li>\n\n\n\n<li>Base de datos bibliogr\u00e1ficos BITRA (Bibliograf\u00eda de interpretaci\u00f3n y Traducci\u00f3n) (2016-2026)<\/li>\n\n\n\n<li>Corporaci\u00f3 Catalana de Mitjans Audiovisuals (2016-2023)<\/li>\n\n\n\n<li>Departament de Cultura de la Generalitat de Catalunya (2016-2028)<\/li>\n\n\n\n<li>Departament d&#8217;Educaci\u00f3 de la Generalitat de Catalunya (2020-2024)<\/li>\n\n\n\n<li>Institut d&#8217;Estudis Catalans (2013-2026)<\/li>\n\n\n\n<li>Institut Ramon Llull (2020-2023)<\/li>\n\n\n\n<li>Shanghai Yier Information Technology (2021-2025)<\/li>\n\n\n\n<li>Termcat (2015-2028)<\/li>\n<\/ul>\n","protected":false},"excerpt":{"rendered":"<p>GELEA2LT also carries out an intense dissemination and knowledge transfer task that materializes in different lines of work. Consulting agreements with stakeholders<\/p>\n","protected":false},"author":103,"featured_media":0,"parent":0,"menu_order":0,"comment_status":"closed","ping_status":"closed","template":"","meta":{"footnotes":""},"class_list":["post-137","page","type-page","status-publish","hentry"],"_links":{"self":[{"href":"https:\/\/webs.uab.cat\/gelea2lt\/en\/wp-json\/wp\/v2\/pages\/137","targetHints":{"allow":["GET"]}}],"collection":[{"href":"https:\/\/webs.uab.cat\/gelea2lt\/en\/wp-json\/wp\/v2\/pages"}],"about":[{"href":"https:\/\/webs.uab.cat\/gelea2lt\/en\/wp-json\/wp\/v2\/types\/page"}],"author":[{"embeddable":true,"href":"https:\/\/webs.uab.cat\/gelea2lt\/en\/wp-json\/wp\/v2\/users\/103"}],"replies":[{"embeddable":true,"href":"https:\/\/webs.uab.cat\/gelea2lt\/en\/wp-json\/wp\/v2\/comments?post=137"}],"version-history":[{"count":4,"href":"https:\/\/webs.uab.cat\/gelea2lt\/en\/wp-json\/wp\/v2\/pages\/137\/revisions"}],"predecessor-version":[{"id":720,"href":"https:\/\/webs.uab.cat\/gelea2lt\/en\/wp-json\/wp\/v2\/pages\/137\/revisions\/720"}],"wp:attachment":[{"href":"https:\/\/webs.uab.cat\/gelea2lt\/en\/wp-json\/wp\/v2\/media?parent=137"}],"curies":[{"name":"wp","href":"https:\/\/api.w.org\/{rel}","templated":true}]}}