{"id":139,"date":"2023-02-17T11:43:38","date_gmt":"2023-02-17T09:43:38","guid":{"rendered":"https:\/\/webs.uab.cat\/gelea2lt\/divulgacion-y-transferencia\/"},"modified":"2025-10-20T10:09:11","modified_gmt":"2025-10-20T08:09:11","slug":"divulgacion-y-transferencia","status":"publish","type":"page","link":"https:\/\/webs.uab.cat\/gelea2lt\/es\/divulgacion-y-transferencia\/","title":{"rendered":"Divulgaci\u00f3n y transferencia"},"content":{"rendered":"\n<p>GELEA2LT tambi\u00e9n lleva a cabo una intensa labor de divulgaci\u00f3n y transferencia de los resultados de la investigaci\u00f3n que se materializan en diferentes l\u00edneas de trabajo.<\/p>\n\n\n\n<p><strong>Convenios<\/strong><\/p>\n\n\n\n<ul class=\"wp-block-list\">\n<li>Asociaci\u00f3n de profesores para la ense\u00f1anza del chino (AEPEC) (2021-2028)<\/li>\n\n\n\n<li>Base de datos bibliogr\u00e1ficos BITRA (Bibliograf\u00eda de interpretaci\u00f3n y Traducci\u00f3n) (2016-2026)<\/li>\n\n\n\n<li>Corporaci\u00f3 Catalana de Mitjans Audiovisuals (2016-2023)<\/li>\n\n\n\n<li>Departament de Cultura de la Generalitat de Catalunya (2016-2028)<\/li>\n\n\n\n<li>Departament d&#8217;Educaci\u00f3 de la Generalitat de Catalunya (2020-2024)<\/li>\n\n\n\n<li>Institut d&#8217;Estudis Catalans (2013-2026)<\/li>\n\n\n\n<li>Institut Ramon Llull (2020-2023)<\/li>\n\n\n\n<li>Shanghai Yier Information Technology (2021-2025)<\/li>\n\n\n\n<li>Termcat (2015-2028)<\/li>\n<\/ul>\n","protected":false},"excerpt":{"rendered":"<p>GELEA2LT tambi\u00e9n lleva a cabo una intensa labor de divulgaci\u00f3n y transferencia de los resultados de la investigaci\u00f3n que se materializan en diferentes l\u00edneas de trabajo. Convenios<\/p>\n","protected":false},"author":103,"featured_media":0,"parent":0,"menu_order":0,"comment_status":"closed","ping_status":"closed","template":"","meta":{"footnotes":""},"class_list":["post-139","page","type-page","status-publish","hentry"],"_links":{"self":[{"href":"https:\/\/webs.uab.cat\/gelea2lt\/es\/wp-json\/wp\/v2\/pages\/139","targetHints":{"allow":["GET"]}}],"collection":[{"href":"https:\/\/webs.uab.cat\/gelea2lt\/es\/wp-json\/wp\/v2\/pages"}],"about":[{"href":"https:\/\/webs.uab.cat\/gelea2lt\/es\/wp-json\/wp\/v2\/types\/page"}],"author":[{"embeddable":true,"href":"https:\/\/webs.uab.cat\/gelea2lt\/es\/wp-json\/wp\/v2\/users\/103"}],"replies":[{"embeddable":true,"href":"https:\/\/webs.uab.cat\/gelea2lt\/es\/wp-json\/wp\/v2\/comments?post=139"}],"version-history":[{"count":3,"href":"https:\/\/webs.uab.cat\/gelea2lt\/es\/wp-json\/wp\/v2\/pages\/139\/revisions"}],"predecessor-version":[{"id":722,"href":"https:\/\/webs.uab.cat\/gelea2lt\/es\/wp-json\/wp\/v2\/pages\/139\/revisions\/722"}],"wp:attachment":[{"href":"https:\/\/webs.uab.cat\/gelea2lt\/es\/wp-json\/wp\/v2\/media?parent=139"}],"curies":[{"name":"wp","href":"https:\/\/api.w.org\/{rel}","templated":true}]}}