{"id":490,"date":"2023-04-24T15:56:22","date_gmt":"2023-04-24T13:56:22","guid":{"rendered":"https:\/\/webs.uab.cat\/gelea2lt\/produccio\/"},"modified":"2023-05-25T11:01:01","modified_gmt":"2023-05-25T09:01:01","slug":"produccio","status":"publish","type":"page","link":"https:\/\/webs.uab.cat\/gelea2lt\/es\/produccio\/","title":{"rendered":"Producci\u00f3n"},"content":{"rendered":"\n<p>Pod\u00e9is encontrar toda la producci\u00f3n cient\u00edfica de GELEA2LT, as\u00ed como materiales docentes y de difusi\u00f3n del grupo en el Dep\u00f3sito Digital de Documentos de la UAB.<\/p>\n\n\n\n<figure class=\"wp-block-image size-large\"><a href=\"https:\/\/ddd.uab.cat\/collection\/gelea2lt?ln=es\" target=\"_blank\" rel=\"noreferrer noopener\"><img loading=\"lazy\" decoding=\"async\" width=\"1024\" height=\"286\" src=\"https:\/\/webs.uab.cat\/gelea2lt\/wp-content\/uploads\/sites\/326\/2023\/04\/image-1024x286.png\" alt=\"\" class=\"wp-image-233\" srcset=\"https:\/\/webs.uab.cat\/gelea2lt\/wp-content\/uploads\/sites\/326\/2023\/04\/image-1024x286.png 1024w, https:\/\/webs.uab.cat\/gelea2lt\/wp-content\/uploads\/sites\/326\/2023\/04\/image-300x84.png 300w, https:\/\/webs.uab.cat\/gelea2lt\/wp-content\/uploads\/sites\/326\/2023\/04\/image-768x215.png 768w, https:\/\/webs.uab.cat\/gelea2lt\/wp-content\/uploads\/sites\/326\/2023\/04\/image-1200x335.png 1200w, https:\/\/webs.uab.cat\/gelea2lt\/wp-content\/uploads\/sites\/326\/2023\/04\/image.png 1535w\" sizes=\"auto, (max-width: 1024px) 100vw, 1024px\" \/><\/a><\/figure>\n","protected":false},"excerpt":{"rendered":"<p>Pod\u00e9is encontrar toda la producci\u00f3n cient\u00edfica de GELEA2LT, as\u00ed como materiales docentes y de difusi\u00f3n del grupo en el Dep\u00f3sito Digital de Documentos de la UAB.<\/p>\n","protected":false},"author":1628,"featured_media":0,"parent":0,"menu_order":0,"comment_status":"closed","ping_status":"closed","template":"","meta":{"footnotes":""},"class_list":["post-490","page","type-page","status-publish","hentry"],"_links":{"self":[{"href":"https:\/\/webs.uab.cat\/gelea2lt\/es\/wp-json\/wp\/v2\/pages\/490","targetHints":{"allow":["GET"]}}],"collection":[{"href":"https:\/\/webs.uab.cat\/gelea2lt\/es\/wp-json\/wp\/v2\/pages"}],"about":[{"href":"https:\/\/webs.uab.cat\/gelea2lt\/es\/wp-json\/wp\/v2\/types\/page"}],"author":[{"embeddable":true,"href":"https:\/\/webs.uab.cat\/gelea2lt\/es\/wp-json\/wp\/v2\/users\/1628"}],"replies":[{"embeddable":true,"href":"https:\/\/webs.uab.cat\/gelea2lt\/es\/wp-json\/wp\/v2\/comments?post=490"}],"version-history":[{"count":4,"href":"https:\/\/webs.uab.cat\/gelea2lt\/es\/wp-json\/wp\/v2\/pages\/490\/revisions"}],"predecessor-version":[{"id":566,"href":"https:\/\/webs.uab.cat\/gelea2lt\/es\/wp-json\/wp\/v2\/pages\/490\/revisions\/566"}],"wp:attachment":[{"href":"https:\/\/webs.uab.cat\/gelea2lt\/es\/wp-json\/wp\/v2\/media?parent=490"}],"curies":[{"name":"wp","href":"https:\/\/api.w.org\/{rel}","templated":true}]}}