{"id":501,"date":"2023-04-24T09:24:09","date_gmt":"2023-04-24T07:24:09","guid":{"rendered":"https:\/\/webs.uab.cat\/gelea2lt\/actividades-2\/"},"modified":"2026-01-14T11:04:34","modified_gmt":"2026-01-14T09:04:34","slug":"actividades-2","status":"publish","type":"page","link":"https:\/\/webs.uab.cat\/gelea2lt\/es\/actividades-2\/","title":{"rendered":"Actividades"},"content":{"rendered":"\n<p>Las actividades organizadas por GELEA2LT son:<\/p>\n\n\n\n<ul class=\"wp-block-list\">\n<li><a href=\"https:\/\/youtu.be\/d2lOR7lpyQ4\" target=\"_blank\" rel=\"noreferrer noopener\">Mesa redonda: \u00abMicroaprendizaje en la era digital: literacidad y buenas pr\u00e1cticas en la ense\u00f1anza del chino como lengua&nbsp;extranjera\u00bb, con la participaci\u00f3n de Wang Benfang (Dashu Mandarin &amp; @ChinesewithBen), Pilar de Borb\u00f3n (@china.inedita) y Rebeca Verdoy (@nini_laoshi) y moderaci\u00f3n de la Dra. Sara Rovira-Esteva (@sararoviraesteva_uab). 29\/1\/25<\/a><\/li>\n\n\n\n<li>Anthony Pym. \u00abNew technologies and the end of translation as we know it\u00bb. Escuela de verano de doctorado 2024. Programa de doctorado en Traducci\u00f3n y Estudios Interculturales, DTIEAO (2024).<\/li>\n\n\n\n<li>Lynne Bowker. Escuela de verano de doctorado 2023. Programa de doctorado en Traducci\u00f3n y Estudios Interculturales, DTIEAO (2023).<\/li>\n\n\n\n<li><a href=\"https:\/\/twitter.com\/i\/status\/1635355138675331073\">\u00abEthics, sustainability and translation technologies\u00bb<\/a>, conferencia a cargo de Joss Morkens (21\/03\/2023). <\/li>\n\n\n\n<li><a href=\"https:\/\/webs.uab.cat\/gelea2lt\/wp-content\/uploads\/sites\/326\/2023\/04\/AdvancedResearchSeminar-Infografia.pdf\">Advanced Research Seminar (2023)<\/a><span style=\"letter-spacing: 0.05rem\"><\/span><\/li>\n<\/ul>\n","protected":false},"excerpt":{"rendered":"<p>Las actividades organizadas por GELEA2LT son:<\/p>\n","protected":false},"author":1628,"featured_media":0,"parent":0,"menu_order":0,"comment_status":"closed","ping_status":"closed","template":"","meta":{"footnotes":""},"class_list":["post-501","page","type-page","status-publish","hentry"],"_links":{"self":[{"href":"https:\/\/webs.uab.cat\/gelea2lt\/es\/wp-json\/wp\/v2\/pages\/501","targetHints":{"allow":["GET"]}}],"collection":[{"href":"https:\/\/webs.uab.cat\/gelea2lt\/es\/wp-json\/wp\/v2\/pages"}],"about":[{"href":"https:\/\/webs.uab.cat\/gelea2lt\/es\/wp-json\/wp\/v2\/types\/page"}],"author":[{"embeddable":true,"href":"https:\/\/webs.uab.cat\/gelea2lt\/es\/wp-json\/wp\/v2\/users\/1628"}],"replies":[{"embeddable":true,"href":"https:\/\/webs.uab.cat\/gelea2lt\/es\/wp-json\/wp\/v2\/comments?post=501"}],"version-history":[{"count":7,"href":"https:\/\/webs.uab.cat\/gelea2lt\/es\/wp-json\/wp\/v2\/pages\/501\/revisions"}],"predecessor-version":[{"id":792,"href":"https:\/\/webs.uab.cat\/gelea2lt\/es\/wp-json\/wp\/v2\/pages\/501\/revisions\/792"}],"wp:attachment":[{"href":"https:\/\/webs.uab.cat\/gelea2lt\/es\/wp-json\/wp\/v2\/media?parent=501"}],"curies":[{"name":"wp","href":"https:\/\/api.w.org\/{rel}","templated":true}]}}