{"id":216,"date":"2023-04-24T09:24:09","date_gmt":"2023-04-24T07:24:09","guid":{"rendered":"https:\/\/webs.uab.cat\/gelea2lt\/?page_id=216"},"modified":"2026-01-14T11:02:56","modified_gmt":"2026-01-14T09:02:56","slug":"activitats","status":"publish","type":"page","link":"https:\/\/webs.uab.cat\/gelea2lt\/activitats\/","title":{"rendered":"Activitats"},"content":{"rendered":"\n<p>Les activitats organitzades per GELEA2LT s\u00f3n:<\/p>\n\n\n\n<ul class=\"wp-block-list\">\n<li><a href=\"https:\/\/youtu.be\/d2lOR7lpyQ4\" target=\"_blank\" rel=\"noreferrer noopener\">Taula rodona: &#8220;Microaprendizaje en la era digital: literacidad y buenas pr\u00e1cticas en la ense\u00f1anza del chino como lengua&nbsp;extranjera&#8221;, amb la participaci\u00f3 de Wang Benfang (Dashu Mandarin &amp; @ChinesewithBen), Pilar de Borb\u00f3n (@china.inedita) i Rebeca Verdoy (@nini_laoshi), moderada per la Dra. Sara Rovira-Esteva (@sararoviraesteva_uab). 29\/1\/25<\/a><\/li>\n\n\n\n<li>Anthony Pym. &#8220;New technologies and the end of translation as we know it&#8221;. Escola d&#8217;estiu de doctorat 2024. Programa de doctorat en Traducci\u00f3 i Estudis Interculturals, DTIEAO (2024).<\/li>\n\n\n\n<li>Lynne Bowker. Escola d&#8217;estiu de doctorat 2023. Programa de doctorat en Traducci\u00f3 i Estudis Interculturals, DTIEAO (2023).<\/li>\n\n\n\n<li><a href=\"https:\/\/twitter.com\/i\/status\/1635355138675331073\">&#8220;Ethics, sustainability and translation technologies&#8221;<\/a>, confer\u00e8ncia a c\u00e0rrec de Joss Morkens (21\/03\/2023). &nbsp;<\/li>\n\n\n\n<li><a href=\"https:\/\/webs.uab.cat\/gelea2lt\/wp-content\/uploads\/sites\/326\/2023\/04\/AdvancedResearchSeminar-Infografia.pdf\">Advanced Research Seminar (2023)<\/a><span style=\"letter-spacing: 0.05rem\"><\/span><\/li>\n<\/ul>\n","protected":false},"excerpt":{"rendered":"<p>Les activitats organitzades per GELEA2LT s\u00f3n:<\/p>\n","protected":false},"author":1628,"featured_media":0,"parent":0,"menu_order":0,"comment_status":"closed","ping_status":"closed","template":"","meta":{"footnotes":""},"class_list":["post-216","page","type-page","status-publish","hentry"],"_links":{"self":[{"href":"https:\/\/webs.uab.cat\/gelea2lt\/wp-json\/wp\/v2\/pages\/216","targetHints":{"allow":["GET"]}}],"collection":[{"href":"https:\/\/webs.uab.cat\/gelea2lt\/wp-json\/wp\/v2\/pages"}],"about":[{"href":"https:\/\/webs.uab.cat\/gelea2lt\/wp-json\/wp\/v2\/types\/page"}],"author":[{"embeddable":true,"href":"https:\/\/webs.uab.cat\/gelea2lt\/wp-json\/wp\/v2\/users\/1628"}],"replies":[{"embeddable":true,"href":"https:\/\/webs.uab.cat\/gelea2lt\/wp-json\/wp\/v2\/comments?post=216"}],"version-history":[{"count":14,"href":"https:\/\/webs.uab.cat\/gelea2lt\/wp-json\/wp\/v2\/pages\/216\/revisions"}],"predecessor-version":[{"id":791,"href":"https:\/\/webs.uab.cat\/gelea2lt\/wp-json\/wp\/v2\/pages\/216\/revisions\/791"}],"wp:attachment":[{"href":"https:\/\/webs.uab.cat\/gelea2lt\/wp-json\/wp\/v2\/media?parent=216"}],"curies":[{"name":"wp","href":"https:\/\/api.w.org\/{rel}","templated":true}]}}