{"id":42,"date":"2023-02-17T11:25:41","date_gmt":"2023-02-17T09:25:41","guid":{"rendered":"https:\/\/webs.uab.cat\/gelea2lt\/?page_id=42"},"modified":"2023-04-27T17:50:15","modified_gmt":"2023-04-27T15:50:15","slug":"linies-de-recerca","status":"publish","type":"page","link":"https:\/\/webs.uab.cat\/gelea2lt\/linies-de-recerca\/","title":{"rendered":"L\u00ednies de recerca"},"content":{"rendered":"\n<p>Les l\u00ednies de recerca de GELEA2LT giren al voltant de:<\/p>\n\n\n\n<ul class=\"wp-block-list\"><li>La literacitat digital en l\u2019ensenyament i adquisici\u00f3 de les segones lleng\u00fces i la traducci\u00f3.<\/li><li>L\u2019impacte de la tecnologia sobre l\u2019adquisici\u00f3 de lleng\u00fces i l\u2019aprenentatge, ensenyament i pr\u00e0ctica professional de la traducci\u00f3 i la mediaci\u00f3.<\/li><li>L\u2019\u00fas digital de les lleng\u00fces i la identificaci\u00f3 de les comunitats socioculturals de car\u00e0cter interling\u00fc\u00edstic a trav\u00e9s de les TIC.<\/li><li>La perspectiva de g\u00e8nere i biaix generacional, aix\u00ed com la seva identificaci\u00f3 amb tecnologies concretes.<\/li><\/ul>\n","protected":false},"excerpt":{"rendered":"<p>Les l\u00ednies de recerca de GELEA2LT giren al voltant de: La literacitat digital en l\u2019ensenyament i adquisici\u00f3 de les segones lleng\u00fces i la traducci\u00f3. L\u2019impacte de la tecnologia sobre l\u2019adquisici\u00f3 de lleng\u00fces i l\u2019aprenentatge, ensenyament i pr\u00e0ctica professional de la traducci\u00f3 i la mediaci\u00f3. L\u2019\u00fas digital de les lleng\u00fces i la identificaci\u00f3 de les comunitats [&hellip;]<\/p>\n","protected":false},"author":103,"featured_media":0,"parent":0,"menu_order":0,"comment_status":"closed","ping_status":"closed","template":"","meta":{"footnotes":""},"class_list":["post-42","page","type-page","status-publish","hentry"],"_links":{"self":[{"href":"https:\/\/webs.uab.cat\/gelea2lt\/wp-json\/wp\/v2\/pages\/42","targetHints":{"allow":["GET"]}}],"collection":[{"href":"https:\/\/webs.uab.cat\/gelea2lt\/wp-json\/wp\/v2\/pages"}],"about":[{"href":"https:\/\/webs.uab.cat\/gelea2lt\/wp-json\/wp\/v2\/types\/page"}],"author":[{"embeddable":true,"href":"https:\/\/webs.uab.cat\/gelea2lt\/wp-json\/wp\/v2\/users\/103"}],"replies":[{"embeddable":true,"href":"https:\/\/webs.uab.cat\/gelea2lt\/wp-json\/wp\/v2\/comments?post=42"}],"version-history":[{"count":6,"href":"https:\/\/webs.uab.cat\/gelea2lt\/wp-json\/wp\/v2\/pages\/42\/revisions"}],"predecessor-version":[{"id":331,"href":"https:\/\/webs.uab.cat\/gelea2lt\/wp-json\/wp\/v2\/pages\/42\/revisions\/331"}],"wp:attachment":[{"href":"https:\/\/webs.uab.cat\/gelea2lt\/wp-json\/wp\/v2\/media?parent=42"}],"curies":[{"name":"wp","href":"https:\/\/api.w.org\/{rel}","templated":true}]}}