{"id":67,"date":"2023-02-17T11:40:47","date_gmt":"2023-02-17T09:40:47","guid":{"rendered":"https:\/\/webs.uab.cat\/gelea2lt\/?page_id=67"},"modified":"2026-01-14T11:16:21","modified_gmt":"2026-01-14T09:16:21","slug":"tesis-doctorals-en-curs","status":"publish","type":"page","link":"https:\/\/webs.uab.cat\/gelea2lt\/tesis-doctorals-en-curs\/","title":{"rendered":"Tesis doctorals en curs"},"content":{"rendered":"\n<p>A continuaci\u00f3 s\u2019enumeren les tesis doctorals en curs dirigides pels membres del GELEA2LT:<\/p>\n\n\n\n<ul class=\"wp-block-list\">\n<li>En curs. | Ding Quankun. Link and Engage: Integrating Mediation into Chinese Language Teaching in Spain. Direcci\u00f3: Helena Casas-Tost i Dolors Masats.<\/li>\n\n\n\n<li>En curs. | Lai Haohong. Traducci\u00f3n, tecnolog\u00eda y literacidad digital:\u00a0 competencias digitales y comunicaci\u00f3n multiling\u00fce. Direcci\u00f3: Pilar S\u00e1nchez Gij\u00f3n i Sara Rovira-Esteva.<\/li>\n\n\n\n<li>En curs. | Isabel Gonz\u00e1lez Torrents. Una aproximaci\u00f3n a los complementos direccionales, potenciales y resultativos desde la ling\u00fc\u00edstica cognitiva: una propuesta did\u00e1ctica basada en el microaprendizaje. Direcci\u00f3: Sara Rovira-Esteva i Mireia Vargas-Urp\u00ed. Beca FISDUR 2023.<\/li>\n\n\n\n<li>En curs. | Yang Qiuhan. La expresi\u00f3n oral en el aprendizaje del chino como llengua extranjera: Una propuesta did\u00e1ctica para el desarrollo de la competencia comunicativa. China Scholarship Council Scholarship. Direcci\u00f3: Sara Rovira-Esteva.<\/li>\n\n\n\n<li>En curs. | Li Peichen. An\u00e1lisis del discurso en el aula de chino como lengua extranjera: convergencias y divergencias en la aplicaci\u00f3n del enfoque comunicativo a la ense\u00f1anza de chino por parte del profesorado. Direcci\u00f3: Melinda Dooly i  Helena Casas-Tost.<\/li>\n\n\n\n<li>En curs. | Cao Wei. La introducci\u00f3n de poemas en la did\u00e1ctica del chino como lengua extranjera con herramientas digitales: el caso de la poes\u00eda Tang. Direcci\u00f3: Antonio Paoliello i Mireia Vargas-Urp\u00ed.<\/li>\n<\/ul>\n\n\n\n<p><\/p>\n","protected":false},"excerpt":{"rendered":"<p>A continuaci\u00f3 s\u2019enumeren les tesis doctorals en curs dirigides pels membres del GELEA2LT:<\/p>\n","protected":false},"author":103,"featured_media":0,"parent":0,"menu_order":0,"comment_status":"closed","ping_status":"closed","template":"","meta":{"footnotes":""},"class_list":["post-67","page","type-page","status-publish","hentry"],"_links":{"self":[{"href":"https:\/\/webs.uab.cat\/gelea2lt\/wp-json\/wp\/v2\/pages\/67","targetHints":{"allow":["GET"]}}],"collection":[{"href":"https:\/\/webs.uab.cat\/gelea2lt\/wp-json\/wp\/v2\/pages"}],"about":[{"href":"https:\/\/webs.uab.cat\/gelea2lt\/wp-json\/wp\/v2\/types\/page"}],"author":[{"embeddable":true,"href":"https:\/\/webs.uab.cat\/gelea2lt\/wp-json\/wp\/v2\/users\/103"}],"replies":[{"embeddable":true,"href":"https:\/\/webs.uab.cat\/gelea2lt\/wp-json\/wp\/v2\/comments?post=67"}],"version-history":[{"count":22,"href":"https:\/\/webs.uab.cat\/gelea2lt\/wp-json\/wp\/v2\/pages\/67\/revisions"}],"predecessor-version":[{"id":793,"href":"https:\/\/webs.uab.cat\/gelea2lt\/wp-json\/wp\/v2\/pages\/67\/revisions\/793"}],"wp:attachment":[{"href":"https:\/\/webs.uab.cat\/gelea2lt\/wp-json\/wp\/v2\/media?parent=67"}],"curies":[{"name":"wp","href":"https:\/\/api.w.org\/{rel}","templated":true}]}}