{"id":75,"date":"2023-02-17T11:43:38","date_gmt":"2023-02-17T09:43:38","guid":{"rendered":"https:\/\/webs.uab.cat\/gelea2lt\/?page_id=75"},"modified":"2025-10-20T10:08:49","modified_gmt":"2025-10-20T08:08:49","slug":"divulgacio-i-transferencia","status":"publish","type":"page","link":"https:\/\/webs.uab.cat\/gelea2lt\/divulgacio-i-transferencia\/","title":{"rendered":"Divulgaci\u00f3 i transfer\u00e8ncia"},"content":{"rendered":"\n<p>GELEA2LT tamb\u00e9 duu a terme una intensa tasca de divulgaci\u00f3 i transfer\u00e8ncia dels resultats de la recerca que es materialitzen en diferents l\u00ednies de treball.<\/p>\n\n\n\n<p><\/p>\n\n\n\n<p><strong>Convenis<\/strong><\/p>\n\n\n\n<ul class=\"wp-block-list\">\n<li>Asociaci\u00f3n de profesores para la ense\u00f1anza del chino (AEPEC) (2021-2028)<\/li>\n\n\n\n<li>Base de datos bibliogr\u00e1ficos BITRA (Bibliograf\u00eda de interpretaci\u00f3n y Traducci\u00f3n) (2016-2026)<\/li>\n\n\n\n<li>Corporaci\u00f3 Catalana de Mitjans Audiovisuals (2016-2023)<\/li>\n\n\n\n<li>Departament de Cultura de la Generalitat de Catalunya (2016-2028)<\/li>\n\n\n\n<li>Departament d&#8217;Educaci\u00f3 de la Generalitat de Catalunya (2020-2024)<\/li>\n\n\n\n<li>Institut d&#8217;Estudis Catalans (2013-2026)<\/li>\n\n\n\n<li>Institut Ramon Llull (2020-2023)<\/li>\n\n\n\n<li>Shanghai Yier Information Technology (2021-2025)<\/li>\n\n\n\n<li>Termcat (2015-2028)<\/li>\n<\/ul>\n","protected":false},"excerpt":{"rendered":"<p>GELEA2LT tamb\u00e9 duu a terme una intensa tasca de divulgaci\u00f3 i transfer\u00e8ncia dels resultats de la recerca que es materialitzen en diferents l\u00ednies de treball. Convenis<\/p>\n","protected":false},"author":103,"featured_media":0,"parent":0,"menu_order":0,"comment_status":"closed","ping_status":"closed","template":"","meta":{"footnotes":""},"class_list":["post-75","page","type-page","status-publish","hentry"],"_links":{"self":[{"href":"https:\/\/webs.uab.cat\/gelea2lt\/wp-json\/wp\/v2\/pages\/75","targetHints":{"allow":["GET"]}}],"collection":[{"href":"https:\/\/webs.uab.cat\/gelea2lt\/wp-json\/wp\/v2\/pages"}],"about":[{"href":"https:\/\/webs.uab.cat\/gelea2lt\/wp-json\/wp\/v2\/types\/page"}],"author":[{"embeddable":true,"href":"https:\/\/webs.uab.cat\/gelea2lt\/wp-json\/wp\/v2\/users\/103"}],"replies":[{"embeddable":true,"href":"https:\/\/webs.uab.cat\/gelea2lt\/wp-json\/wp\/v2\/comments?post=75"}],"version-history":[{"count":7,"href":"https:\/\/webs.uab.cat\/gelea2lt\/wp-json\/wp\/v2\/pages\/75\/revisions"}],"predecessor-version":[{"id":721,"href":"https:\/\/webs.uab.cat\/gelea2lt\/wp-json\/wp\/v2\/pages\/75\/revisions\/721"}],"wp:attachment":[{"href":"https:\/\/webs.uab.cat\/gelea2lt\/wp-json\/wp\/v2\/media?parent=75"}],"curies":[{"name":"wp","href":"https:\/\/api.w.org\/{rel}","templated":true}]}}