{"id":82,"date":"2023-02-17T11:45:52","date_gmt":"2023-02-17T09:45:52","guid":{"rendered":"https:\/\/webs.uab.cat\/gelea2lt\/?page_id=82"},"modified":"2025-12-04T22:42:17","modified_gmt":"2025-12-04T20:42:17","slug":"presentacio","status":"publish","type":"page","link":"https:\/\/webs.uab.cat\/gelea2lt\/presentacio\/","title":{"rendered":"Presentaci\u00f3"},"content":{"rendered":"\n<p>GELEA2LT (Grup d&#8217;estudi de la literacitat en l\u2019ensenyament i l\u2019aprenentatge de segones lleng\u00fces i traducci\u00f3) va ser reconegut per la Generalitat de Catalunya com a grup de recerca consolidat en la convocat\u00f2ria de 2021 (SGR722).<\/p>\n\n\n\n<p>En la conflu\u00e8ncia de l\u2019adquisici\u00f3 de segones lleng\u00fces, traducci\u00f3 i interpretaci\u00f3, la literacitat digital implica identificar, escollir i fer un \u00fas cr\u00edtic estrat\u00e8gic dels recursos tecnol\u00f2gics i generar-ne els m\u00e9s escaients per a cada combinaci\u00f3 ling\u00fc\u00edstica i situaci\u00f3 formativa i\/o professional, tenint en compte el medi o canal digital en qu\u00e8 la comunicaci\u00f3 t\u00e9 lloc. Des de la perspectiva de la mediaci\u00f3 i la traducci\u00f3, la literacitat es concreta en saber escollir, aplicar i generar els recursos tecnol\u00f2gics, ling\u00fc\u00edstics i culturals d\u2019acord amb les condicions de comunicaci\u00f3. Aix\u00ed, doncs, els objectius estrat\u00e8gics de GELEA2LT s\u00f3n:<\/p>\n\n\n\n<ol class=\"wp-block-list\">\n<li>Fomentar la recerca i l\u2019an\u00e0lisi cr\u00edtica de la literacitat digital en l\u2019ensenyament i l&#8217;aprenentatge de segones lleng\u00fces i traducci\u00f3, bo i incorporant la perspectiva generacional, intercultural i de g\u00e8nere.<\/li>\n\n\n\n<li>Identificar les pr\u00e0ctiques i agents de refer\u00e8ncia en l\u2019\u00fas i la recerca sobre tecnologies en el context de la traducci\u00f3, mediaci\u00f3 i comunicaci\u00f3.<\/li>\n\n\n\n<li>Incrementar la projecci\u00f3 i visibilitat del grup establint col\u00b7laboracions cient\u00edfiques amb d&#8217;altres acad\u00e8mics i grups similars a escala internacional.<\/li>\n\n\n\n<li>Impulsar activitats i canals de transfer\u00e8ncia i divulgaci\u00f3 de la recerca del grup tant en l\u2019\u00e0mbit acad\u00e8mic com a la societat, incloent-hi els \u00f2rgans responsables de les pol\u00edtiques en aquest \u00e0mbit.<\/li>\n\n\n\n<li>Contribuir a consolidar l\u2019estatus del catal\u00e0 com a llengua digital desenvolupant recursos en qu\u00e8 sigui una de les lleng\u00fces de treball.<\/li>\n<\/ol>\n","protected":false},"excerpt":{"rendered":"<p>GELEA2LT (Grup d&#8217;estudi de la literacitat en l\u2019ensenyament i l\u2019aprenentatge de segones lleng\u00fces i traducci\u00f3) va ser reconegut per la Generalitat de Catalunya com a grup de recerca consolidat en la convocat\u00f2ria de 2021 (SGR722). En la conflu\u00e8ncia de l\u2019adquisici\u00f3 de segones lleng\u00fces, traducci\u00f3 i interpretaci\u00f3, la literacitat digital implica identificar, escollir i fer un [&hellip;]<\/p>\n","protected":false},"author":103,"featured_media":0,"parent":0,"menu_order":0,"comment_status":"closed","ping_status":"closed","template":"","meta":{"footnotes":""},"class_list":["post-82","page","type-page","status-publish","hentry"],"_links":{"self":[{"href":"https:\/\/webs.uab.cat\/gelea2lt\/wp-json\/wp\/v2\/pages\/82","targetHints":{"allow":["GET"]}}],"collection":[{"href":"https:\/\/webs.uab.cat\/gelea2lt\/wp-json\/wp\/v2\/pages"}],"about":[{"href":"https:\/\/webs.uab.cat\/gelea2lt\/wp-json\/wp\/v2\/types\/page"}],"author":[{"embeddable":true,"href":"https:\/\/webs.uab.cat\/gelea2lt\/wp-json\/wp\/v2\/users\/103"}],"replies":[{"embeddable":true,"href":"https:\/\/webs.uab.cat\/gelea2lt\/wp-json\/wp\/v2\/comments?post=82"}],"version-history":[{"count":3,"href":"https:\/\/webs.uab.cat\/gelea2lt\/wp-json\/wp\/v2\/pages\/82\/revisions"}],"predecessor-version":[{"id":753,"href":"https:\/\/webs.uab.cat\/gelea2lt\/wp-json\/wp\/v2\/pages\/82\/revisions\/753"}],"wp:attachment":[{"href":"https:\/\/webs.uab.cat\/gelea2lt\/wp-json\/wp\/v2\/media?parent=82"}],"curies":[{"name":"wp","href":"https:\/\/api.w.org\/{rel}","templated":true}]}}