{"id":117,"date":"2023-04-27T11:53:38","date_gmt":"2023-04-27T09:53:38","guid":{"rendered":"https:\/\/webs.uab.cat\/genera\/?page_id=117"},"modified":"2025-11-19T12:09:13","modified_gmt":"2025-11-19T10:09:13","slug":"equipo-investigador","status":"publish","type":"page","link":"https:\/\/webs.uab.cat\/genera\/equipo\/equipo-investigador\/","title":{"rendered":"EQUIPO INVESTIGADOR"},"content":{"rendered":"\n<h2 class=\"wp-block-heading has-verd-tropic-color has-text-color has-link-color wp-elements-1f6de9d64dee5413f1aa51f4e5db54ef\"><strong>INVESTIGADORES PRINCIPALES:<\/strong><\/h2>\n\n\n\n<div class=\"wp-block-columns is-layout-flex wp-container-core-columns-is-layout-9d6595d7 wp-block-columns-is-layout-flex\">\n<div class=\"wp-block-column is-layout-flow wp-block-column-is-layout-flow\"><div class=\"wp-block-image\">\n<figure class=\"aligncenter size-full\"><a href=\"https:\/\/webs.uab.cat\/genera\/equipo\/equipo-investigador\/sara-moreno\/\"><img loading=\"lazy\" decoding=\"async\" width=\"450\" height=\"450\" src=\"https:\/\/webs.uab.cat\/genera\/wp-content\/uploads\/sites\/419\/2024\/07\/1.png\" alt=\"\" class=\"wp-image-493\" srcset=\"https:\/\/webs.uab.cat\/genera\/wp-content\/uploads\/sites\/419\/2024\/07\/1.png 450w, https:\/\/webs.uab.cat\/genera\/wp-content\/uploads\/sites\/419\/2024\/07\/1-300x300.png 300w, https:\/\/webs.uab.cat\/genera\/wp-content\/uploads\/sites\/419\/2024\/07\/1-150x150.png 150w\" sizes=\"auto, (max-width: 450px) 100vw, 450px\" \/><\/a><\/figure>\n<\/div><\/div>\n\n\n\n<div class=\"wp-block-column is-layout-flow wp-block-column-is-layout-flow\"><div class=\"wp-block-image\">\n<figure class=\"aligncenter size-full\"><a href=\"https:\/\/webs.uab.cat\/genera\/equipo\/equipo-investigador\/vicent-borras\/\"><img loading=\"lazy\" decoding=\"async\" width=\"450\" height=\"450\" src=\"https:\/\/webs.uab.cat\/genera\/wp-content\/uploads\/sites\/419\/2024\/07\/2.png\" alt=\"\" class=\"wp-image-494\" srcset=\"https:\/\/webs.uab.cat\/genera\/wp-content\/uploads\/sites\/419\/2024\/07\/2.png 450w, https:\/\/webs.uab.cat\/genera\/wp-content\/uploads\/sites\/419\/2024\/07\/2-300x300.png 300w, https:\/\/webs.uab.cat\/genera\/wp-content\/uploads\/sites\/419\/2024\/07\/2-150x150.png 150w\" sizes=\"auto, (max-width: 450px) 100vw, 450px\" \/><\/a><\/figure>\n<\/div><\/div>\n<\/div>\n\n\n\n<h2 class=\"wp-block-heading has-verd-tropic-color has-text-color has-link-color wp-elements-e3911cb1eee64ab663baac80639aabfc\"><strong>EQUIPO INVESTIGADOR:<\/strong><\/h2>\n\n\n\n<div class=\"wp-block-columns is-layout-flex wp-container-core-columns-is-layout-9d6595d7 wp-block-columns-is-layout-flex\">\n<div class=\"wp-block-column is-layout-flow wp-block-column-is-layout-flow\"><div class=\"wp-block-image\">\n<figure class=\"aligncenter size-full\"><a href=\"https:\/\/webs.uab.cat\/genera\/equipo\/equipo-investigador\/alvaro-briales\/\"><img loading=\"lazy\" decoding=\"async\" width=\"450\" height=\"450\" src=\"https:\/\/webs.uab.cat\/genera\/wp-content\/uploads\/sites\/419\/2024\/07\/3.png\" alt=\"\" class=\"wp-image-495\" srcset=\"https:\/\/webs.uab.cat\/genera\/wp-content\/uploads\/sites\/419\/2024\/07\/3.png 450w, https:\/\/webs.uab.cat\/genera\/wp-content\/uploads\/sites\/419\/2024\/07\/3-300x300.png 300w, https:\/\/webs.uab.cat\/genera\/wp-content\/uploads\/sites\/419\/2024\/07\/3-150x150.png 150w\" sizes=\"auto, (max-width: 450px) 100vw, 450px\" \/><\/a><\/figure>\n<\/div><\/div>\n\n\n\n<div class=\"wp-block-column is-layout-flow wp-block-column-is-layout-flow\">\n<figure class=\"wp-block-image size-full\"><a href=\"https:\/\/webs.uab.cat\/genera\/equipo\/equipo-investigador\/irene-cruz\/\"><img loading=\"lazy\" decoding=\"async\" width=\"450\" height=\"450\" src=\"https:\/\/webs.uab.cat\/genera\/wp-content\/uploads\/sites\/419\/2024\/07\/4.png\" alt=\"\" class=\"wp-image-496\" srcset=\"https:\/\/webs.uab.cat\/genera\/wp-content\/uploads\/sites\/419\/2024\/07\/4.png 450w, https:\/\/webs.uab.cat\/genera\/wp-content\/uploads\/sites\/419\/2024\/07\/4-300x300.png 300w, https:\/\/webs.uab.cat\/genera\/wp-content\/uploads\/sites\/419\/2024\/07\/4-150x150.png 150w\" sizes=\"auto, (max-width: 450px) 100vw, 450px\" \/><\/a><\/figure>\n<\/div>\n\n\n\n<div class=\"wp-block-column is-layout-flow wp-block-column-is-layout-flow\">\n<figure class=\"wp-block-image size-full\"><a href=\"https:\/\/webs.uab.cat\/genera\/equipo\/equipo-investigador\/lidia-arroyo\/\"><img loading=\"lazy\" decoding=\"async\" width=\"450\" height=\"450\" src=\"https:\/\/webs.uab.cat\/genera\/wp-content\/uploads\/sites\/419\/2024\/07\/5.png\" alt=\"\" class=\"wp-image-497\" srcset=\"https:\/\/webs.uab.cat\/genera\/wp-content\/uploads\/sites\/419\/2024\/07\/5.png 450w, https:\/\/webs.uab.cat\/genera\/wp-content\/uploads\/sites\/419\/2024\/07\/5-300x300.png 300w, https:\/\/webs.uab.cat\/genera\/wp-content\/uploads\/sites\/419\/2024\/07\/5-150x150.png 150w\" sizes=\"auto, (max-width: 450px) 100vw, 450px\" \/><\/a><\/figure>\n<\/div>\n<\/div>\n\n\n\n<div class=\"wp-block-columns are-vertically-aligned-top is-layout-flex wp-container-core-columns-is-layout-9d6595d7 wp-block-columns-is-layout-flex\">\n<div class=\"wp-block-column is-vertically-aligned-top is-layout-flow wp-block-column-is-layout-flow\"><div class=\"wp-block-image\">\n<figure class=\"aligncenter size-full\"><a href=\"https:\/\/webs.uab.cat\/genera\/equipo\/equipo-investigador\/nuria-sanchez-mira\/\"><img loading=\"lazy\" decoding=\"async\" width=\"450\" height=\"450\" src=\"https:\/\/webs.uab.cat\/genera\/wp-content\/uploads\/sites\/419\/2024\/07\/6.png\" alt=\"\" class=\"wp-image-498\" srcset=\"https:\/\/webs.uab.cat\/genera\/wp-content\/uploads\/sites\/419\/2024\/07\/6.png 450w, https:\/\/webs.uab.cat\/genera\/wp-content\/uploads\/sites\/419\/2024\/07\/6-300x300.png 300w, https:\/\/webs.uab.cat\/genera\/wp-content\/uploads\/sites\/419\/2024\/07\/6-150x150.png 150w\" sizes=\"auto, (max-width: 450px) 100vw, 450px\" \/><\/a><\/figure>\n<\/div><\/div>\n\n\n\n<div class=\"wp-block-column is-vertically-aligned-top is-layout-flow wp-block-column-is-layout-flow\"><div class=\"wp-block-image\">\n<figure class=\"aligncenter size-full\"><a href=\"https:\/\/webs.uab.cat\/genera\/equipo\/equipo-investigador\/joan-rodriguez-soler\/\"><img loading=\"lazy\" decoding=\"async\" width=\"450\" height=\"450\" src=\"https:\/\/webs.uab.cat\/genera\/wp-content\/uploads\/sites\/419\/2024\/07\/8.png\" alt=\"\" class=\"wp-image-499\" srcset=\"https:\/\/webs.uab.cat\/genera\/wp-content\/uploads\/sites\/419\/2024\/07\/8.png 450w, https:\/\/webs.uab.cat\/genera\/wp-content\/uploads\/sites\/419\/2024\/07\/8-300x300.png 300w, https:\/\/webs.uab.cat\/genera\/wp-content\/uploads\/sites\/419\/2024\/07\/8-150x150.png 150w\" sizes=\"auto, (max-width: 450px) 100vw, 450px\" \/><\/a><\/figure>\n<\/div><\/div>\n\n\n\n<div class=\"wp-block-column is-vertically-aligned-top is-layout-flow wp-block-column-is-layout-flow\"><div class=\"wp-block-image\">\n<figure class=\"aligncenter size-full\"><a href=\"https:\/\/webs.uab.cat\/genera\/paula-gonzalez-vila\/\"><img loading=\"lazy\" decoding=\"async\" width=\"450\" height=\"450\" src=\"https:\/\/webs.uab.cat\/genera\/wp-content\/uploads\/sites\/419\/2025\/03\/Equip-GENERA-WEB-1.png\" alt=\"\" class=\"wp-image-692\" srcset=\"https:\/\/webs.uab.cat\/genera\/wp-content\/uploads\/sites\/419\/2025\/03\/Equip-GENERA-WEB-1.png 450w, https:\/\/webs.uab.cat\/genera\/wp-content\/uploads\/sites\/419\/2025\/03\/Equip-GENERA-WEB-1-300x300.png 300w, https:\/\/webs.uab.cat\/genera\/wp-content\/uploads\/sites\/419\/2025\/03\/Equip-GENERA-WEB-1-150x150.png 150w\" sizes=\"auto, (max-width: 450px) 100vw, 450px\" \/><\/a><\/figure>\n<\/div><\/div>\n<\/div>\n\n\n\n<h2 class=\"wp-block-heading has-verd-tropic-color has-text-color has-link-color wp-elements-b546227985b1c0253761a326ffb6c6d0\"><strong>PERSONAL COLABORADOR<\/strong>:<\/h2>\n\n\n\n<ul class=\"wp-block-list\">\n<li class=\"has-small-font-size\"><strong>Mar\u00eda Cascales Mira<\/strong>, investigadora postdoctoral Margarita Salas, 01\/01\/22-30\/06\/23<\/li>\n\n\n\n<li class=\"has-small-font-size\"><strong>Sandra S\u00e1nchez Sinisterra<\/strong>, beca de colaboraci\u00f3n, 01\/10\/22-30\/06\/23<\/li>\n\n\n\n<li class=\"has-small-font-size\"><strong>Sandra Pati\u00f1o S\u00e1nchez<\/strong>, estudiante en pr\u00e1cticas de grado, 01\/10\/23-31\/12\/23<\/li>\n\n\n\n<li class=\"has-small-font-size\"><strong>Laura Moreno Gonz\u00e1lez<\/strong>, beca de colaboraci\u00f3n, 01\/11\/23-30\/06\/24<\/li>\n\n\n\n<li class=\"has-small-font-size\"><strong>Marina Mayorga P\u00e9rez<\/strong>, estudiante en pr\u00e1cticas m\u00e1ster, 06\/02\/24-05\/04\/24<\/li>\n\n\n\n<li class=\"has-small-font-size\"><strong>Gabriela Garc\u00eda Traver<\/strong>, pr\u00e1cticas Diploma de especialitzaci\u00f3n en G\u00e9nero e Igualdad, 01\/10\/24-09\/12\/2024<\/li>\n\n\n\n<li class=\"has-small-font-size\"><strong>Cristina \u00c1lvarez Jorba<\/strong>, &nbsp;pr\u00e1cticas de grado en Sociolog\u00eda, 01\/10\/2024-31\/01\/2025<\/li>\n\n\n\n<li class=\"has-small-font-size\"><strong>Estel Puiganaru Pino<\/strong>, &nbsp;beca de colaboraci\u00f3n, 01\/11\/24-30\/06\/25<\/li>\n\n\n\n<li class=\"has-small-font-size\"><strong>Laia Garcia Mu\u00f1oz<\/strong>, pr\u00e1cticas de grado en Sociolog\u00eda, 01\/02\/2025-31\/05\/2025<\/li>\n\n\n\n<li class=\"has-small-font-size\"><strong>Olaya Salom Moreno<\/strong>, pr\u00e1cticas de grado en Sociolog\u00eda, 29\/09\/25-30\/01\/26<\/li>\n<\/ul>\n\n\n\n<p><\/p>\n","protected":false},"excerpt":{"rendered":"<p>INVESTIGADORES PRINCIPALES: EQUIPO INVESTIGADOR: PERSONAL COLABORADOR:<\/p>\n","protected":false},"author":2648,"featured_media":0,"parent":36,"menu_order":0,"comment_status":"closed","ping_status":"closed","template":"","meta":{"footnotes":""},"class_list":["post-117","page","type-page","status-publish","hentry"],"_links":{"self":[{"href":"https:\/\/webs.uab.cat\/genera\/wp-json\/wp\/v2\/pages\/117","targetHints":{"allow":["GET"]}}],"collection":[{"href":"https:\/\/webs.uab.cat\/genera\/wp-json\/wp\/v2\/pages"}],"about":[{"href":"https:\/\/webs.uab.cat\/genera\/wp-json\/wp\/v2\/types\/page"}],"author":[{"embeddable":true,"href":"https:\/\/webs.uab.cat\/genera\/wp-json\/wp\/v2\/users\/2648"}],"replies":[{"embeddable":true,"href":"https:\/\/webs.uab.cat\/genera\/wp-json\/wp\/v2\/comments?post=117"}],"version-history":[{"count":33,"href":"https:\/\/webs.uab.cat\/genera\/wp-json\/wp\/v2\/pages\/117\/revisions"}],"predecessor-version":[{"id":747,"href":"https:\/\/webs.uab.cat\/genera\/wp-json\/wp\/v2\/pages\/117\/revisions\/747"}],"up":[{"embeddable":true,"href":"https:\/\/webs.uab.cat\/genera\/wp-json\/wp\/v2\/pages\/36"}],"wp:attachment":[{"href":"https:\/\/webs.uab.cat\/genera\/wp-json\/wp\/v2\/media?parent=117"}],"curies":[{"name":"wp","href":"https:\/\/api.w.org\/{rel}","templated":true}]}}