{"id":131,"date":"2023-04-27T12:42:55","date_gmt":"2023-04-27T10:42:55","guid":{"rendered":"https:\/\/webs.uab.cat\/genera\/?page_id=131"},"modified":"2024-07-31T10:33:34","modified_gmt":"2024-07-31T08:33:34","slug":"publicaciones-del-equipo","status":"publish","type":"page","link":"https:\/\/webs.uab.cat\/genera\/publicaciones\/publicaciones-del-equipo\/","title":{"rendered":"PUBLICACIONES VINCULADAS"},"content":{"rendered":"\n<p class=\"has-normal-font-size\"><strong>Otras publicaciones derivadas de colaboraciones  que son relevantes para el proyecto<\/strong>:<\/p>\n\n\n\n<p>Arroyo, L\u00eddia (2020). Implications of digital inclusion: Digitalization in terms of time use from a gender perspective.&nbsp;<em>Social Inclusion, 8<\/em>(2), 180-189. <a href=\"https:\/\/doi.org\/10.17645\/si.v8i2.2546\">https:\/\/doi.org\/10.17645\/si.v8i2.2546<\/a><\/p>\n\n\n\n<p>Borr\u00e0s Catal\u00e0, Vicent; Rodr\u00edguez Soler, Joan &amp; Corsetti, Tania. (2024).\u00a0<em>La incorporaci\u00f3 dels homes en els treballs de cura remunerada: oportunitats i riscos.\u00a0<\/em>Generalitat de Catalunya<\/p>\n\n\n\n<p>Borr\u00e0s Vicent; Ajenjo Marc &amp; Moreno, Sara (2018). More time parenting in Spain: a possible change towards gender equality?,\u00a0Journal of Family Studies,\u00a027:1,\u00a01-16.\u00a0<a href=\"https:\/\/doi.org\/\"><\/a><a href=\"https:\/\/doi.org\/10.1080\/13229400.2018.1440618\">https:\/\/doi.org\/10.1080\/13229400.2018.1440618<\/a><\/p>\n\n\n\n<p>Borr\u00e0s, Vicent; Moreno Sara; Castell\u00f3, Laia &amp; Grau Anna (2012). Male Hegemony in Decline? Reflections on the Spanish Case.&nbsp;<em>Men and Masculinities<\/em>,&nbsp;<em>15<\/em>(4), 406\u2013423.&nbsp;<a href=\"https:\/\/doi.org\/10.1177\/1097184X12455399\">https:\/\/doi.org\/10.1177\/1097184X12455399<\/a><\/p>\n\n\n\n<p>Borr\u00e0s, Vicent; Moreno, Sara &amp; Recio, Carolina (2009). La incorporaci\u00f3n de los hombres en la esfera dom\u00e9stica. <em>Sociolog\u00eda del trabajo<\/em>, 67, 97-125.<\/p>\n\n\n\n<p>Borr\u00e0s, Vicent &amp; Moreno, Sara (2021). La crisi de la covid-19 i el seu impacte als treballs: una oportunitat perduda.&nbsp;<em>Anuario IET de Trabajo y Relaciones Laborales<\/em>, 7, 187-209. <a href=\"https:\/\/doi.org\/10.5565\/rev\/aiet.100\">https:\/\/doi.org\/10.5565\/rev\/aiet.100<\/a><\/p>\n\n\n\n<p>Briales, \u00c1lvaro (2015). El paro como desorden del ordenamiento de la vida cotidiana. En: Carlos Prieto (ed.).&nbsp;<em>Trabajo, cuidados, tiempo libre y relaciones de g\u00e9nero en la sociedad espa\u00f1ola<\/em>. Madrid: CINCA. (pp 191-214).<\/p>\n\n\n\n<p>Briales, \u00c1lvaro (2015).&nbsp;Ritmoan\u00e1lisis de la sostenibilidad de la vida: la cr\u00edtica del trabajo, la desesencializaci\u00f3n de los cuidados y las formas del tiempo del desempleo.&nbsp;<em>Ox\u00edmora: revista internacional d\u2019\u00c8tica i Pol\u00edtica<\/em>, (7), 74\u201397. <a href=\"https:\/\/raco.cat\/index.php\/Oximora\/article\/view\/304068\">https:\/\/raco.cat\/index.php\/Oximora\/article\/view\/304068<\/a><\/p>\n\n\n\n<p>Briales, \u00c1lvaro et al. (2015). Trabajo, cuidados, tiempo libre, relaciones de g\u00e9nero y ordenamiento social: del \u00e1mbito institucional al del mundo de la vida. Planteamiento te\u00f3rico- metodol\u00f3gico y plan expositivo. En: Carlos Prieto (ed.).&nbsp;<em>Trabajo, cuidados, tiempo libre y relaciones de g\u00e9nero en la sociedad espa\u00f1ola<\/em>. Madrid: CINCA. (pp. 13-28)<\/p>\n\n\n\n<p>Carrasquer, Pilar; Recio, Carolina &amp; Rodr\u00edguez-Soler, Joan (2015). Pol\u00edticas de igualdad y modelos de empleo: el caso espa\u00f1ol.&nbsp;<em>Revista del Ministerio de Empleo y Seguridad Social,<\/em>&nbsp;116, 75-103. <a href=\"https:\/\/ddd.uab.cat\/record\/170532\">https:\/\/ddd.uab.cat\/record\/170532<\/a><\/p>\n\n\n\n<p>Carraquer Oto, Pilar; Rodr\u00edguez Soler, Joan &amp; Do Amaral Pinto, Mariana (2020).&nbsp;<em>Temps de treball i corresponsabilitat<\/em>. Generalitat de Catalunya, Departament de Treball, Afers Socials i Fam\u00edlies. <a href=\"https:\/\/ddd.uab.cat\/record\/236674\">https:\/\/ddd.uab.cat\/record\/236674<\/a><\/p>\n\n\n\n<p>Moreno Colom, Sara; Borr\u00e0s Vicent; Jimenez, Carmen &amp; Peidr\u00f2, L\u00eddia (2022) Segregaci\u00f3n Ocupacional y acoso sexual: La dimensi\u00f3n simb\u00f3lica de su persist\u00e8ncia. Sociologia del Trabajo 101, pp 241-256.&nbsp;&nbsp;<a href=\"https:\/\/dx.doi.org\/10.5209\/stra.81186\">https:\/\/dx.doi.org\/10.5209\/stra.81186<\/a><\/p>\n\n\n\n<p>Moreno, Sara (2019). El desafio de g\u00e9nero en los cuidados de la vejez: \u00bfriesgo u oportunidad social?. En: VVAA. <em>VIII Informe FOESSA. <\/em>Publicaci\u00f3 electr\u00f2nica: <a href=\"http:\/\/www.foessa.es\/viii-informe\/capitulo2\" target=\"_blank\" rel=\"noreferrer noopener\">www.foessa.es\/viii-informe\/capitulo2<\/a><\/p>\n\n\n\n<p>Moreno, Sara (2018). Crisi, austeritat i ocupaci\u00f3 femenina: trampes i oportunitats. En: De la Fuente, M. (ed.) <em>Innovacions locals contra la desigualtat de g\u00e8nere a l\u2019ocupaci\u00f3<\/em>. Barcelona: ICPS<\/p>\n\n\n\n<p>Moreno, Sara (2017). The gendered division of housework time: Analysis of time use by type and daily frequency of household tasks.&nbsp;<em>Time &amp; Society<\/em>,&nbsp;<em>26<\/em>(1), 3-27. <a href=\"https:\/\/doi.org\/10.1177\/0961463X15577269\">https:\/\/doi.org\/10.1177\/0961463X15577269<\/a><\/p>\n\n\n\n<p>Moreno, Sara (2009). Uso del tiempo, desigualdades sociales y ciclo de vida<em>. Pol\u00edtica y Sociedad<\/em>,&nbsp;<em>46<\/em>(3), 191-202. <a href=\"https:\/\/revistas.ucm.es\/index.php\/POSO\/article\/view\/POSO0909230191A\">https:\/\/revistas.ucm.es\/index.php\/POSO\/article\/view\/POSO0909230191A<\/a><\/p>\n\n\n\n<p>Moreno, Sara (2007). Temps, treball i benestar: una aproximaci\u00f3 des de la vida quotidiana [Tesis doctoral, Universitat Aut\u00f2noma de Barcelona. <a href=\"https:\/\/ddd.uab.cat\/record\/36665\">https:\/\/ddd.uab.cat\/record\/36665<\/a><\/p>\n\n\n\n<p>Moreno, Sara; Ajenjo, Marc &amp; Borr\u00e0s, Vicent (2018).  La masculinizaci\u00f3n del<br>tiempo dedicado al trabajo dom\u00e9stico rutinario. <em>Revista Espa\u00f1ola de Investigaciones Sociol\u00f3gicas<\/em>, 63: 41-58. <a href=\"http:\/\/dx.doi.org\/10.5477\/cis\/reis.163.41\">http:\/\/dx.doi.org\/10.5477\/cis\/reis.163.41<\/a><\/p>\n\n\n\n<p>Moreno, Sara &amp; Borr\u00e0s, Vicent (2021). Menos tiempo de cocina, m\u00e1s tiempo de consumo: \u00bfm\u00e1s igualdad de g\u00e9nero?&nbsp;<em>Revista de Econom\u00eda Cr\u00edtica<\/em>,&nbsp;31, 121-138. <a href=\"https:\/\/revistaeconomiacritica.org\/index.php\/rec\/article\/view\/446\/430\">https:\/\/revistaeconomiacritica.org\/index.php\/rec\/article\/view\/446\/430<\/a><\/p>\n\n\n\n<p>Moreno, Sara &amp; Borr\u00e0s, Vicent (2021). Que teletrabajen ellos. Aprendizajes de pandemia m\u00e1s all\u00e1 de lo obvio. Barcelona: MRA<\/p>\n\n\n\n<p>Moreno, Sara; S\u00e1nchez, N\u00faria &amp; Borr\u00e0s, Vicent (2018). <em>Dones i treballs: una aproximaci\u00f3 al mercat de treball des de la perspectiva de g\u00e8nere.<\/em> Barcelona:&nbsp; Consell Econ\u00f2mic i Social de Barcelona. <a href=\"https:\/\/ddd.uab.cat\/record\/220416\">https:\/\/ddd.uab.cat\/record\/220416<\/a><\/p>\n\n\n\n<p>Moreno, Sara; Trinidad, Albert; Alcaraz, N\u00faria &amp; Borr\u00e0s, Vicent&nbsp;(2020).&nbsp;Neither studying nor working: free time as a solution?&nbsp;<em>Journal of Youth Studies<\/em>, 24:7, 977-993. <a href=\"https:\/\/doi.org\/10.1080\/13676261.2020.1784857\">https:\/\/doi.org\/10.1080\/13676261.2020.1784857<\/a><\/p>\n\n\n\n<p>S\u00e1nchez-Mira, N\u00faria (2021). (Un)doing&nbsp;gender in female breadwinner&nbsp;households: Gender relations and&nbsp;structural change.&nbsp;<em>Gender, Work&nbsp;&amp; Organization<\/em>, online first.&nbsp;<a href=\"https:\/\/doi.org\/10.1111\/gwao.12775\">https:\/\/doi.org\/10.1111\/gwao.12775<\/a><\/p>\n\n\n\n<p>S\u00e1nchez-Mira, N\u00faria (2020). Work\u2013family arrangements and the crisis in Spain: Balkanized gender contracts?&nbsp;<em>Gender, Work and Organization<\/em>,&nbsp;<em>27<\/em>(6), 944\u2013970. <a href=\"https:\/\/doi.org\/10.1111\/gwao.12417\">https:\/\/doi.org\/10.1111\/gwao.12417<\/a><\/p>\n\n\n\n<p>S\u00e1nchez-Mira, N\u00faria &amp; Muntanyola Saura, Dafne (2020). Attachment parenting among middle-class couples in Spain: gendered principles and labor divisions. <em>Journal of Family Studies<\/em>. 28:2,&nbsp;569-586. <a href=\"https:\/\/doi.org\/10.1080\/13229400.2020.1745258\">https:\/\/doi.org\/10.1080\/13229400.2020.1745258<\/a><\/p>\n\n\n\n<p>S\u00e1nchez-Mira, N\u00faria &amp; O\u2019Reilly, Jacqueline (2019). Household Employment and the Crisis in Europe.&nbsp;<em>Work, Employment and Society<\/em>,&nbsp;<em>33<\/em>(3), 422 \u2013 443. &nbsp;<a href=\"https:\/\/doi.org\/10.1177\/0950017018809324\">https:\/\/doi.org\/10.1177\/0950017018809324<\/a><\/p>\n\n\n\n<p>Torns, Teresa; Carrasquer Pilar; Moreno, Sara &amp; Borr\u00e0s Vicent (2013). Career paths in Spain: gendered division of labour and informal employment. <em>Interventions \u00e9conomiques \/ Papers in Political Economy, 47<\/em>. <a href=\"https:\/\/doi.org\/10.4000\/interventionseconomiques.1935\">https:\/\/doi.org\/10.4000\/interventionseconomiques.1935<\/a><\/p>\n","protected":false},"excerpt":{"rendered":"<p>Otras publicaciones derivadas de colaboraciones que son relevantes para el proyecto: Arroyo, L\u00eddia (2020). Implications of digital inclusion: Digitalization in terms of time use from a gender perspective.&nbsp;Social Inclusion, 8(2), 180-189. https:\/\/doi.org\/10.17645\/si.v8i2.2546 Borr\u00e0s Catal\u00e0, Vicent; Rodr\u00edguez Soler, Joan &amp; Corsetti, Tania. (2024).\u00a0La incorporaci\u00f3 dels homes en els treballs de cura remunerada: oportunitats i riscos.\u00a0Generalitat de [&hellip;]<\/p>\n","protected":false},"author":2648,"featured_media":0,"parent":127,"menu_order":2,"comment_status":"closed","ping_status":"closed","template":"","meta":{"footnotes":""},"class_list":["post-131","page","type-page","status-publish","hentry"],"_links":{"self":[{"href":"https:\/\/webs.uab.cat\/genera\/wp-json\/wp\/v2\/pages\/131","targetHints":{"allow":["GET"]}}],"collection":[{"href":"https:\/\/webs.uab.cat\/genera\/wp-json\/wp\/v2\/pages"}],"about":[{"href":"https:\/\/webs.uab.cat\/genera\/wp-json\/wp\/v2\/types\/page"}],"author":[{"embeddable":true,"href":"https:\/\/webs.uab.cat\/genera\/wp-json\/wp\/v2\/users\/2648"}],"replies":[{"embeddable":true,"href":"https:\/\/webs.uab.cat\/genera\/wp-json\/wp\/v2\/comments?post=131"}],"version-history":[{"count":13,"href":"https:\/\/webs.uab.cat\/genera\/wp-json\/wp\/v2\/pages\/131\/revisions"}],"predecessor-version":[{"id":486,"href":"https:\/\/webs.uab.cat\/genera\/wp-json\/wp\/v2\/pages\/131\/revisions\/486"}],"up":[{"embeddable":true,"href":"https:\/\/webs.uab.cat\/genera\/wp-json\/wp\/v2\/pages\/127"}],"wp:attachment":[{"href":"https:\/\/webs.uab.cat\/genera\/wp-json\/wp\/v2\/media?parent=131"}],"curies":[{"name":"wp","href":"https:\/\/api.w.org\/{rel}","templated":true}]}}