{"id":144,"date":"2023-04-27T15:36:35","date_gmt":"2023-04-27T13:36:35","guid":{"rendered":"https:\/\/webs.uab.cat\/genera\/?page_id=144"},"modified":"2024-07-29T13:21:14","modified_gmt":"2024-07-29T11:21:14","slug":"objetivos","status":"publish","type":"page","link":"https:\/\/webs.uab.cat\/genera\/proyecto\/objetivos\/","title":{"rendered":"OBJETIVOS"},"content":{"rendered":"\n<h2 class=\"wp-block-heading has-verd-tropic-color has-text-color has-link-color has-normal-font-size wp-elements-51c1eb0b3fbac7c04e53e8c915327818\">\u00bfQU\u00c9 OBJETIVOS TIENE EL PROYECTO?<\/h2>\n\n\n\n<p class=\"has-small-font-size\">Los objetivos se formulan siguiendo los debates rese\u00f1ados y abriendo nuevos interrogantes. El&nbsp;<strong>objetivo general<\/strong>&nbsp;del proyecto es analizar los cambios, las resistencias y las continuidades en los usos del tiempo dedicado al trabajo dom\u00e9stico y de cuidados fijando la atenci\u00f3n en la&nbsp;<strong>heterogeneidad de las tendencias&nbsp;<\/strong>y <strong>la&nbsp;naturaleza de las transformaciones.<\/strong> <\/p>\n\n\n\n<p class=\"has-small-font-size\"><strong>Se trata de un objetivo general doble<\/strong>, articulado en torno a dos discusiones te\u00f3ricas actualmente presentes en la literatura especializada acerca del proceso de convergencia de g\u00e9nero en los usos del tiempo y el impacto de los factores contextuales en las relaciones de g\u00e9nero.<\/p>\n\n\n\n<p class=\"has-small-font-size\">El primer objetivo general propone mejorar el conocimiento sobre la heterogeneidad en las tendencias de cambio y continuidad en el tiempo dedicado al trabajo dom\u00e9stico y de cuidados (criaturas y personas adultas dependientes). Los objetivos espec\u00edficos se orientan a caracterizar los perfiles sociol\u00f3gicos que protagonizan dichas tendencias y la dimensi\u00f3n simb\u00f3lica que las acompa\u00f1a con el fin de captar las resistencias y las contradicciones que acarrean. <\/p>\n\n\n\n<p class=\"has-small-font-size\">El segundo objetivo general plantea analizar la naturaleza de las trasformaciones que se esconden tras la heterogeneidad de las tendencias con el fin de mejorar el conocimiento sobre el alcance y l\u00edmite de la convergencia de g\u00e9nero en los usos del tiempo. Se pretende analizar los cambios, resistencias y continuidades con relaci\u00f3n a los factores contextuales teniendo en cuenta, especialmente, el impacto de la crisis provocada por la situaci\u00f3n de pandemia.<\/p>\n\n\n\n<p><\/p>\n","protected":false},"excerpt":{"rendered":"<p>\u00bfQU\u00c9 OBJETIVOS TIENE EL PROYECTO? Los objetivos se formulan siguiendo los debates rese\u00f1ados y abriendo nuevos interrogantes. El&nbsp;objetivo general&nbsp;del proyecto es analizar los cambios, las resistencias y las continuidades en los usos del tiempo dedicado al trabajo dom\u00e9stico y de cuidados fijando la atenci\u00f3n en la&nbsp;heterogeneidad de las tendencias&nbsp;y la&nbsp;naturaleza de las transformaciones. Se trata [&hellip;]<\/p>\n","protected":false},"author":2648,"featured_media":0,"parent":2,"menu_order":2,"comment_status":"closed","ping_status":"closed","template":"","meta":{"footnotes":""},"class_list":["post-144","page","type-page","status-publish","hentry"],"_links":{"self":[{"href":"https:\/\/webs.uab.cat\/genera\/wp-json\/wp\/v2\/pages\/144","targetHints":{"allow":["GET"]}}],"collection":[{"href":"https:\/\/webs.uab.cat\/genera\/wp-json\/wp\/v2\/pages"}],"about":[{"href":"https:\/\/webs.uab.cat\/genera\/wp-json\/wp\/v2\/types\/page"}],"author":[{"embeddable":true,"href":"https:\/\/webs.uab.cat\/genera\/wp-json\/wp\/v2\/users\/2648"}],"replies":[{"embeddable":true,"href":"https:\/\/webs.uab.cat\/genera\/wp-json\/wp\/v2\/comments?post=144"}],"version-history":[{"count":5,"href":"https:\/\/webs.uab.cat\/genera\/wp-json\/wp\/v2\/pages\/144\/revisions"}],"predecessor-version":[{"id":556,"href":"https:\/\/webs.uab.cat\/genera\/wp-json\/wp\/v2\/pages\/144\/revisions\/556"}],"up":[{"embeddable":true,"href":"https:\/\/webs.uab.cat\/genera\/wp-json\/wp\/v2\/pages\/2"}],"wp:attachment":[{"href":"https:\/\/webs.uab.cat\/genera\/wp-json\/wp\/v2\/media?parent=144"}],"curies":[{"name":"wp","href":"https:\/\/api.w.org\/{rel}","templated":true}]}}