{"id":2,"date":"2023-04-17T10:39:00","date_gmt":"2023-04-17T08:39:00","guid":{"rendered":"https:\/\/webs.uab.cat\/genera\/?page_id=2"},"modified":"2024-07-29T13:20:22","modified_gmt":"2024-07-29T11:20:22","slug":"proyecto","status":"publish","type":"page","link":"https:\/\/webs.uab.cat\/genera\/proyecto\/","title":{"rendered":"PROYECTO"},"content":{"rendered":"\n<h2 class=\"wp-block-heading has-verd-tropic-color has-text-color has-normal-font-size\"><strong>SOBRE EL PROYECTO<\/strong><\/h2>\n\n\n\n<p class=\"has-small-font-size\">El estudio sobre los usos sociales del tiempo se ha consolidado como un campo de conocimiento espec\u00edfico dentro de las ciencias sociales con numerosas publicaciones que muestran la riqueza desde la que se ha abordado su exploraci\u00f3n. Una de las l\u00edneas de investigaci\u00f3n que incluye dicho campo parte de <strong>su potencial heur\u00edstico para analizar las desigualdades entre mujeres y hombres<\/strong>. (&#8230;)<\/p>\n\n\n\n<p class=\"has-verd-tropic-color has-text-color has-small-font-size\"><em><a href=\"https:\/\/webs.uab.cat\/genera\/proyecto\/que-es-el-proyecto-genera\/\">Ver m\u00e1s<\/a><\/em><\/p>\n\n\n\n<hr class=\"wp-block-separator has-alpha-channel-opacity\" \/>\n\n\n\n<h2 class=\"wp-block-heading has-verd-tropic-color has-text-color has-normal-font-size\"><strong>\u00bfQU\u00c9 OBJETIVOS TIENE?<\/strong><\/h2>\n\n\n\n<p class=\"has-small-font-size\">Los objetivos se formulan siguiendo los debates rese\u00f1ados y abriendo nuevos interrogantes. El&nbsp;<strong>objetivo general<\/strong>&nbsp;del proyecto es analizar los cambios, las resistencias y las continuidades en los usos del tiempo dedicado al trabajo dom\u00e9stico y de cuidados fijando la atenci\u00f3n en la&nbsp;<strong>heterogeneidad de las tendencias&nbsp;<\/strong>y <strong>la&nbsp;naturaleza de las transformaciones.<\/strong> (&#8230;)<\/p>\n\n\n\n<p class=\"has-verd-tropic-color has-text-color has-small-font-size\"><em><a href=\"https:\/\/webs.uab.cat\/genera\/proyecto\/objetivos\/\">Ver m\u00e1s<\/a><\/em><\/p>\n","protected":false},"excerpt":{"rendered":"<p>SOBRE EL PROYECTO El estudio sobre los usos sociales del tiempo se ha consolidado como un campo de conocimiento espec\u00edfico dentro de las ciencias sociales con numerosas publicaciones que muestran la riqueza desde la que se ha abordado su exploraci\u00f3n. Una de las l\u00edneas de investigaci\u00f3n que incluye dicho campo parte de su potencial heur\u00edstico [&hellip;]<\/p>\n","protected":false},"author":2648,"featured_media":0,"parent":0,"menu_order":2,"comment_status":"closed","ping_status":"closed","template":"","meta":{"footnotes":""},"class_list":["post-2","page","type-page","status-publish","hentry"],"_links":{"self":[{"href":"https:\/\/webs.uab.cat\/genera\/wp-json\/wp\/v2\/pages\/2","targetHints":{"allow":["GET"]}}],"collection":[{"href":"https:\/\/webs.uab.cat\/genera\/wp-json\/wp\/v2\/pages"}],"about":[{"href":"https:\/\/webs.uab.cat\/genera\/wp-json\/wp\/v2\/types\/page"}],"author":[{"embeddable":true,"href":"https:\/\/webs.uab.cat\/genera\/wp-json\/wp\/v2\/users\/2648"}],"replies":[{"embeddable":true,"href":"https:\/\/webs.uab.cat\/genera\/wp-json\/wp\/v2\/comments?post=2"}],"version-history":[{"count":16,"href":"https:\/\/webs.uab.cat\/genera\/wp-json\/wp\/v2\/pages\/2\/revisions"}],"predecessor-version":[{"id":554,"href":"https:\/\/webs.uab.cat\/genera\/wp-json\/wp\/v2\/pages\/2\/revisions\/554"}],"wp:attachment":[{"href":"https:\/\/webs.uab.cat\/genera\/wp-json\/wp\/v2\/media?parent=2"}],"curies":[{"name":"wp","href":"https:\/\/api.w.org\/{rel}","templated":true}]}}