{"id":272,"date":"2023-06-08T12:36:52","date_gmt":"2023-06-08T10:36:52","guid":{"rendered":"https:\/\/webs.uab.cat\/genera\/?page_id=272"},"modified":"2024-11-04T11:17:26","modified_gmt":"2024-11-04T09:17:26","slug":"barcelona-activa","status":"publish","type":"page","link":"https:\/\/webs.uab.cat\/genera\/equipo\/comite-asesor\/barcelona-activa\/","title":{"rendered":"Barcelona Activa"},"content":{"rendered":"\n<h2 class=\"wp-block-heading has-verd-tropic-color has-text-color has-normal-font-size\"><strong>PEP MARQU\u00c8S<\/strong><\/h2>\n\n\n\n<div class=\"wp-block-media-text has-media-on-the-right is-stacked-on-mobile\" style=\"grid-template-columns:auto 35%\"><div class=\"wp-block-media-text__content\">\n<p class=\"has-small-font-size\">Pep Marqu\u00e8s ha desarrollado toda su vida profesional en el \u00e1mbito de la promoci\u00f3n econ\u00f3mica desde el \u00e1mbito p\u00fablico en distintos cargos de responsabilidad.<\/p>\n<\/div><figure class=\"wp-block-media-text__media\"><a href=\"https:\/\/www.barcelonactiva.cat\/es\/inicio\"><img loading=\"lazy\" decoding=\"async\" width=\"422\" height=\"119\" src=\"https:\/\/webs.uab.cat\/genera\/wp-content\/uploads\/sites\/419\/2023\/06\/baixa.png\" alt=\"\" class=\"wp-image-279 size-full\" srcset=\"https:\/\/webs.uab.cat\/genera\/wp-content\/uploads\/sites\/419\/2023\/06\/baixa.png 422w, https:\/\/webs.uab.cat\/genera\/wp-content\/uploads\/sites\/419\/2023\/06\/baixa-300x85.png 300w\" sizes=\"auto, (max-width: 422px) 100vw, 422px\" \/><\/a><\/figure><\/div>\n\n\n\n<p>Economista de formaci\u00f3n y humanista de vocaci\u00f3n, en estos momentos tiene el rol de Director Corporativo de Desarrollo organizativo en Barcelona Activa.<\/p>\n\n\n\n<p><\/p>\n\n\n\n<p class=\"has-verd-tropic-color has-text-color\"><strong>Enlaces de inter\u00e9s<\/strong><\/p>\n\n\n\n<p class=\"has-small-font-size\"><a href=\"https:\/\/www.barcelonactiva.cat\/es\/inicio\">https:\/\/www.barcelonactiva.cat\/<\/a><\/p>\n","protected":false},"excerpt":{"rendered":"<p>PEP MARQU\u00c8S Pep Marqu\u00e8s ha desarrollado toda su vida profesional en el \u00e1mbito de la promoci\u00f3n econ\u00f3mica desde el \u00e1mbito p\u00fablico en distintos cargos de responsabilidad. Economista de formaci\u00f3n y humanista de vocaci\u00f3n, en estos momentos tiene el rol de Director Corporativo de Desarrollo organizativo en Barcelona Activa. Enlaces de inter\u00e9s https:\/\/www.barcelonactiva.cat\/<\/p>\n","protected":false},"author":2648,"featured_media":0,"parent":124,"menu_order":3,"comment_status":"closed","ping_status":"closed","template":"","meta":{"footnotes":""},"class_list":["post-272","page","type-page","status-publish","hentry"],"_links":{"self":[{"href":"https:\/\/webs.uab.cat\/genera\/wp-json\/wp\/v2\/pages\/272","targetHints":{"allow":["GET"]}}],"collection":[{"href":"https:\/\/webs.uab.cat\/genera\/wp-json\/wp\/v2\/pages"}],"about":[{"href":"https:\/\/webs.uab.cat\/genera\/wp-json\/wp\/v2\/types\/page"}],"author":[{"embeddable":true,"href":"https:\/\/webs.uab.cat\/genera\/wp-json\/wp\/v2\/users\/2648"}],"replies":[{"embeddable":true,"href":"https:\/\/webs.uab.cat\/genera\/wp-json\/wp\/v2\/comments?post=272"}],"version-history":[{"count":9,"href":"https:\/\/webs.uab.cat\/genera\/wp-json\/wp\/v2\/pages\/272\/revisions"}],"predecessor-version":[{"id":599,"href":"https:\/\/webs.uab.cat\/genera\/wp-json\/wp\/v2\/pages\/272\/revisions\/599"}],"up":[{"embeddable":true,"href":"https:\/\/webs.uab.cat\/genera\/wp-json\/wp\/v2\/pages\/124"}],"wp:attachment":[{"href":"https:\/\/webs.uab.cat\/genera\/wp-json\/wp\/v2\/media?parent=272"}],"curies":[{"name":"wp","href":"https:\/\/api.w.org\/{rel}","templated":true}]}}