{"id":275,"date":"2023-06-08T12:38:33","date_gmt":"2023-06-08T10:38:33","guid":{"rendered":"https:\/\/webs.uab.cat\/genera\/?page_id=275"},"modified":"2024-11-05T13:15:22","modified_gmt":"2024-11-05T11:15:22","slug":"diputacio-barcelona-teresa-llorens","status":"publish","type":"page","link":"https:\/\/webs.uab.cat\/genera\/diputacio-barcelona-teresa-llorens\/","title":{"rendered":"Diputaci\u00f3 de Barcelona"},"content":{"rendered":"\n<h2 class=\"wp-block-heading has-verd-tropic-color has-text-color has-normal-font-size\">TERESA LLORENS CARBONELL <strong>(2022-2023)<\/strong><\/h2>\n\n\n\n<div class=\"wp-block-media-text has-media-on-the-right is-stacked-on-mobile\" style=\"grid-template-columns:auto 45%\"><div class=\"wp-block-media-text__content\">\n<p class=\"has-small-font-size\">Teresa Llorens Carbonell es licenciada en Filosof\u00eda y Ciencias de la Educaci\u00f3n por la Universidad de Barcelona, M\u00e1ster en Direcci\u00f3n P\u00fablica y posgrado de Funci\u00f3n Gerencial en las Administraciones P\u00fablicas por SGS. <\/p>\n<\/div><figure class=\"wp-block-media-text__media\"><a href=\"https:\/\/identitatcorporativa.gencat.cat\/ca\/descarregues\/departaments-i-imatges-propies\/departament-digualtat-i-feminismes\/\"><img loading=\"lazy\" decoding=\"async\" width=\"541\" height=\"184\" src=\"https:\/\/webs.uab.cat\/genera\/wp-content\/uploads\/sites\/419\/2023\/06\/DIBA-Logo-e1686221482687.jpg\" alt=\"\" class=\"wp-image-285 size-full\" srcset=\"https:\/\/webs.uab.cat\/genera\/wp-content\/uploads\/sites\/419\/2023\/06\/DIBA-Logo-e1686221482687.jpg 541w, https:\/\/webs.uab.cat\/genera\/wp-content\/uploads\/sites\/419\/2023\/06\/DIBA-Logo-e1686221482687-300x102.jpg 300w\" sizes=\"auto, (max-width: 541px) 100vw, 541px\" \/><\/a><\/figure><\/div>\n\n\n\n<p>Coordinadora del \u00c1rea de Igualdad y Sostenibilidad Social de la Diputaci\u00f3n de Barcelona, instituci\u00f3n en la que trabaja desde 1992.<\/p>\n\n\n\n<p>Tambi\u00e9n desarrolla su actividad como Concejala y Portavoz en el Ayuntamiento de Vilanova i la Geltr\u00fa y es Consejera del Consejo Comarcal de El Garraf.<\/p>\n\n\n\n<p><\/p>\n\n\n\n<p class=\"has-verd-tropic-color has-text-color\"><strong>Enlaces de inter\u00e9s<\/strong><\/p>\n\n\n\n<p><a href=\"https:\/\/www.diba.cat\/es\/web\/igualtat-i-sostenibilitat-social\">https:\/\/www.diba.cat\/es\/web\/igualtat-i-sostenibilitat-social<\/a><\/p>\n\n\n\n<p><\/p>\n","protected":false},"excerpt":{"rendered":"<p>TERESA LLORENS CARBONELL (2022-2023) Teresa Llorens Carbonell es licenciada en Filosof\u00eda y Ciencias de la Educaci\u00f3n por la Universidad de Barcelona, M\u00e1ster en Direcci\u00f3n P\u00fablica y posgrado de Funci\u00f3n Gerencial en las Administraciones P\u00fablicas por SGS. Coordinadora del \u00c1rea de Igualdad y Sostenibilidad Social de la Diputaci\u00f3n de Barcelona, instituci\u00f3n en la que trabaja desde [&hellip;]<\/p>\n","protected":false},"author":2648,"featured_media":0,"parent":0,"menu_order":0,"comment_status":"closed","ping_status":"closed","template":"","meta":{"footnotes":""},"class_list":["post-275","page","type-page","status-publish","hentry"],"_links":{"self":[{"href":"https:\/\/webs.uab.cat\/genera\/wp-json\/wp\/v2\/pages\/275","targetHints":{"allow":["GET"]}}],"collection":[{"href":"https:\/\/webs.uab.cat\/genera\/wp-json\/wp\/v2\/pages"}],"about":[{"href":"https:\/\/webs.uab.cat\/genera\/wp-json\/wp\/v2\/types\/page"}],"author":[{"embeddable":true,"href":"https:\/\/webs.uab.cat\/genera\/wp-json\/wp\/v2\/users\/2648"}],"replies":[{"embeddable":true,"href":"https:\/\/webs.uab.cat\/genera\/wp-json\/wp\/v2\/comments?post=275"}],"version-history":[{"count":7,"href":"https:\/\/webs.uab.cat\/genera\/wp-json\/wp\/v2\/pages\/275\/revisions"}],"predecessor-version":[{"id":621,"href":"https:\/\/webs.uab.cat\/genera\/wp-json\/wp\/v2\/pages\/275\/revisions\/621"}],"wp:attachment":[{"href":"https:\/\/webs.uab.cat\/genera\/wp-json\/wp\/v2\/media?parent=275"}],"curies":[{"name":"wp","href":"https:\/\/api.w.org\/{rel}","templated":true}]}}