{"id":602,"date":"2024-11-05T12:48:02","date_gmt":"2024-11-05T10:48:02","guid":{"rendered":"https:\/\/webs.uab.cat\/genera\/?page_id=602"},"modified":"2024-11-05T13:11:11","modified_gmt":"2024-11-05T11:11:11","slug":"ajuntament-de-barcelona-laura-de-caralt","status":"publish","type":"page","link":"https:\/\/webs.uab.cat\/genera\/equipo\/comite-asesor\/ajuntament-de-barcelona-laura-de-caralt\/","title":{"rendered":"Ajuntament de Barcelona"},"content":{"rendered":"\n<h2 class=\"wp-block-heading has-verd-tropic-color has-text-color has-normal-font-size\"><strong>LAURA DE CARALT CASANOVAS<\/strong> <\/h2>\n\n\n\n<div class=\"wp-block-media-text has-media-on-the-right is-stacked-on-mobile\" style=\"grid-template-columns:auto 35%\"><div class=\"wp-block-media-text__content\">\n<p class=\"has-small-font-size\">Directora de Servicios de Feminismos y LGTBI del Ayuntamiento de Barcelona.<\/p>\n<\/div><figure class=\"wp-block-media-text__media\"><a href=\"https:\/\/www.barcelona.cat\/es\/\"><img loading=\"lazy\" decoding=\"async\" width=\"444\" height=\"150\" src=\"https:\/\/webs.uab.cat\/genera\/wp-content\/uploads\/sites\/419\/2023\/06\/ajuntament-bcn-2.png\" alt=\"\" class=\"wp-image-258 size-full\" srcset=\"https:\/\/webs.uab.cat\/genera\/wp-content\/uploads\/sites\/419\/2023\/06\/ajuntament-bcn-2.png 444w, https:\/\/webs.uab.cat\/genera\/wp-content\/uploads\/sites\/419\/2023\/06\/ajuntament-bcn-2-300x101.png 300w\" sizes=\"auto, (max-width: 444px) 100vw, 444px\" \/><\/a><\/figure><\/div>\n\n\n\n<p>Desde el 2013 trabaja en el Ayuntamiento de Barcelona, en diferentes cargos. despu\u00e9s de una larga experiencia como experta en transversalidad de g\u00e9nero en diferentes instituciones.<\/p>\n\n\n\n<p>Sus especialidades incluyen la perspectiva de g\u00e9nero en la contrataci\u00f3n p\u00fablica, el mercado laboral, las relaciones internacionales y las pol\u00edticas de tiempo, entre otras. Tambi\u00e9n es responsable del Servicio de Asesoramiento en Igualdad y Organizaci\u00f3n del Tiempo de la Oficina de Negocios de &#8220;Barcelona Activa&#8221;, la agencia de desarrollo econ\u00f3mico local de Barcelona.<\/p>\n\n\n\n<p><\/p>\n\n\n\n<p class=\"has-verd-tropic-color has-text-color\"><strong>Enlaces de inter\u00e9s<\/strong><\/p>\n\n\n\n<p class=\"has-small-font-size\"><a href=\"https:\/\/www.barcelona.cat\/\">https:\/\/www.barcelona.cat\/<\/a><\/p>\n\n\n\n<p><a href=\"https:\/\/ajuntament.barcelona.cat\/dones\">https:\/\/ajuntament.barcelona.cat\/dones<\/a><\/p>\n","protected":false},"excerpt":{"rendered":"<p>LAURA DE CARALT CASANOVAS Directora de Servicios de Feminismos y LGTBI del Ayuntamiento de Barcelona. Desde el 2013 trabaja en el Ayuntamiento de Barcelona, en diferentes cargos. despu\u00e9s de una larga experiencia como experta en transversalidad de g\u00e9nero en diferentes instituciones. Sus especialidades incluyen la perspectiva de g\u00e9nero en la contrataci\u00f3n p\u00fablica, el mercado laboral, [&hellip;]<\/p>\n","protected":false},"author":2648,"featured_media":0,"parent":124,"menu_order":1,"comment_status":"closed","ping_status":"closed","template":"","meta":{"footnotes":""},"class_list":["post-602","page","type-page","status-publish","hentry"],"_links":{"self":[{"href":"https:\/\/webs.uab.cat\/genera\/wp-json\/wp\/v2\/pages\/602","targetHints":{"allow":["GET"]}}],"collection":[{"href":"https:\/\/webs.uab.cat\/genera\/wp-json\/wp\/v2\/pages"}],"about":[{"href":"https:\/\/webs.uab.cat\/genera\/wp-json\/wp\/v2\/types\/page"}],"author":[{"embeddable":true,"href":"https:\/\/webs.uab.cat\/genera\/wp-json\/wp\/v2\/users\/2648"}],"replies":[{"embeddable":true,"href":"https:\/\/webs.uab.cat\/genera\/wp-json\/wp\/v2\/comments?post=602"}],"version-history":[{"count":1,"href":"https:\/\/webs.uab.cat\/genera\/wp-json\/wp\/v2\/pages\/602\/revisions"}],"predecessor-version":[{"id":611,"href":"https:\/\/webs.uab.cat\/genera\/wp-json\/wp\/v2\/pages\/602\/revisions\/611"}],"up":[{"embeddable":true,"href":"https:\/\/webs.uab.cat\/genera\/wp-json\/wp\/v2\/pages\/124"}],"wp:attachment":[{"href":"https:\/\/webs.uab.cat\/genera\/wp-json\/wp\/v2\/media?parent=602"}],"curies":[{"name":"wp","href":"https:\/\/api.w.org\/{rel}","templated":true}]}}