{"id":63,"date":"2023-04-21T10:50:28","date_gmt":"2023-04-21T08:50:28","guid":{"rendered":"https:\/\/webs.uab.cat\/genera\/?page_id=63"},"modified":"2025-03-13T11:36:06","modified_gmt":"2025-03-13T09:36:06","slug":"inicio","status":"publish","type":"page","link":"https:\/\/webs.uab.cat\/genera\/","title":{"rendered":"INICIO"},"content":{"rendered":"\n<p class=\"has-small-font-size\">El proyecto GENERA pretende analizar los cambios, resistencias y continuidades en los usos del tiempo dedicado al trabajo dom\u00e9stico y de cuidados, fijando la atenci\u00f3n en la heterogeneidad de las tendencias y la naturaleza de las transformaciones. Se trata de un objetivo general doble, articulado en torno a dos discusiones te\u00f3ricas actualmente presentes en la literatura especializada acerca del proceso de convergencia de g\u00e9nero en los usos del tiempo y el impacto de los factores contextuales en las relaciones de g\u00e9nero.<\/p>\n\n\n\n<p class=\"has-small-font-size\">El equipo est\u00e1 integrado por las investigadoras principales, <strong>Sara Moreno Colom<\/strong> y <strong>Vicent Borr\u00e0s Catal\u00e0<\/strong>, del <a href=\"https:\/\/quit.uab.cat\/es\/\">Centro de Estudios Sociol\u00f3gicos sobre la Vida Cotidiana y el Trabajo de la UAB<\/a><strong>; Irene Cruz G\u00f3mez<\/strong>, investigadora del <a href=\"https:\/\/www.institutmetropoli.cat\/es\/\">Institut Metr\u00f2poli<\/a>, especializada en an\u00e1lisis estad\u00edstico; <strong>\u00c1lvaro Briales Canseco<\/strong>, profesor de la <a href=\"https:\/\/www.ucm.es\/\">Universidad Complutense de Madrid<\/a>, especializado en el an\u00e1lisis sociol\u00f3gico del tiempo de trabajo; <strong>N\u00faria S\u00e1nchez Mira<\/strong>, investigadora especializada en el estudio de los arreglos de tiempo en las parejas de doble ingreso, en perspectiva europea, desarrolla su trabajo acad\u00e9mico en el <a href=\"https:\/\/www.unine.ch\/socio\">Institut de sociologie<\/a> de la <a href=\"https:\/\/www.unine.ch\/\">Universit\u00e9 de Neuch\u00e2tel<\/a><strong>; Lidia Arroyo Prieto<\/strong>, investigadora del <a href=\"https:\/\/www.uoc.edu\/portal\/es\/in3\/index.html\">Internet Interdisciplinary Institute<\/a>, especializada en g\u00e9nero y TIC.&nbsp;<\/p>\n\n\n\n<p class=\"has-small-font-size\">El proyecto cuenta con un <strong>Consejo Asesor <\/strong>formado por instituciones de distinta naturaleza, cuyo trabajo se relaciona con el objeto de estudio. Dicho Consejo estar\u00e1 presente en todas las fases previstas en el plan de trabajo con el fin de generar un espacio de transferencia, articulando un mejor engranaje entre el conocimiento acad\u00e9mico y su traducci\u00f3n en acciones que permitan vislumbrar su aplicabilidad. Las instituciones que lo integraran son: <strong>Direcci\u00f3 General de Cures, Organitzaci\u00f3 del temps i Equitat en els Treballs de la Generalitat de Catalunya; \u00c0rea Igualtat i Sostenibilitat Social de la Diputaci\u00f3 de Barcelona; Serveis de G\u00e8nere i Pol\u00edtiques de Temps de l\u2019Ajuntament de Barcelona; Barcelona Activa; Barcelona Time Use Initiative.<\/strong>&nbsp;<\/p>\n\n\n\n<p class=\"has-small-font-size\"><\/p>\n\n\n\n<p class=\"has-small-font-size\">El proyecto GENERA est\u00e1 financiado por el Ministerio de Ciencia, Innovaci\u00f3n e Universidades con  referencia PID2021-122515NB-I00.<\/p>\n\n\n\n<hr class=\"wp-block-separator has-alpha-channel-opacity\" \/>\n\n\n\n<p><a id=\"_msocom_1\"><\/a><\/p>\n\n\n\n<p>&nbsp;<\/p>\n","protected":false},"excerpt":{"rendered":"<p>El proyecto GENERA pretende analizar los cambios, resistencias y continuidades en los usos del tiempo dedicado al trabajo dom\u00e9stico y de cuidados, fijando la atenci\u00f3n en la heterogeneidad de las tendencias y la naturaleza de las transformaciones. Se trata de un objetivo general doble, articulado en torno a dos discusiones te\u00f3ricas actualmente presentes en la [&hellip;]<\/p>\n","protected":false},"author":2648,"featured_media":0,"parent":0,"menu_order":1,"comment_status":"closed","ping_status":"closed","template":"","meta":{"footnotes":""},"class_list":["post-63","page","type-page","status-publish","hentry"],"_links":{"self":[{"href":"https:\/\/webs.uab.cat\/genera\/wp-json\/wp\/v2\/pages\/63","targetHints":{"allow":["GET"]}}],"collection":[{"href":"https:\/\/webs.uab.cat\/genera\/wp-json\/wp\/v2\/pages"}],"about":[{"href":"https:\/\/webs.uab.cat\/genera\/wp-json\/wp\/v2\/types\/page"}],"author":[{"embeddable":true,"href":"https:\/\/webs.uab.cat\/genera\/wp-json\/wp\/v2\/users\/2648"}],"replies":[{"embeddable":true,"href":"https:\/\/webs.uab.cat\/genera\/wp-json\/wp\/v2\/comments?post=63"}],"version-history":[{"count":6,"href":"https:\/\/webs.uab.cat\/genera\/wp-json\/wp\/v2\/pages\/63\/revisions"}],"predecessor-version":[{"id":699,"href":"https:\/\/webs.uab.cat\/genera\/wp-json\/wp\/v2\/pages\/63\/revisions\/699"}],"wp:attachment":[{"href":"https:\/\/webs.uab.cat\/genera\/wp-json\/wp\/v2\/media?parent=63"}],"curies":[{"name":"wp","href":"https:\/\/api.w.org\/{rel}","templated":true}]}}