{"id":644,"date":"2024-12-12T11:26:28","date_gmt":"2024-12-12T09:26:28","guid":{"rendered":"https:\/\/webs.uab.cat\/genera\/?page_id=644"},"modified":"2025-10-30T11:02:53","modified_gmt":"2025-10-30T09:02:53","slug":"actividades-de-divulgacion","status":"publish","type":"page","link":"https:\/\/webs.uab.cat\/genera\/actividades-de-divulgacion\/","title":{"rendered":"ACTIVIDADES DE DIVULGACI\u00d3N"},"content":{"rendered":"\n<p class=\"has-small-font-size\">Acciones de transferencia ligadas a los resultados del proyecto:<\/p>\n\n\n\n<h2 class=\"wp-block-heading has-verd-tropic-color has-text-color has-link-color wp-elements-949c3c37493e392342e39d239a3bc078\">\ud83d\uddd3\ufe0fOrganizaci\u00f3n de Jornadas<\/h2>\n\n\n\n<p class=\"has-small-font-size\">Seminario experto: <em><strong>Igualdad de g\u00e9nero en los usos del tiempo: cambios, resistencias y continuidades<\/strong><\/em><\/p>\n\n\n\n<p class=\"has-small-font-size\">\ud83d\udccd Facultad de Ciencias Pol\u00edticas y de Sociolog\u00eda, UAB<br>\ud83d\udcc5 Viernes, 23 de mayo de 2025<\/p>\n\n\n\n<p class=\"has-small-font-size\">En el marco del proyecto <strong>GENERA<\/strong>, este seminario reuni\u00f3 a investigadoras e investigadores de distintas instituciones y disciplinas para reflexionar sobre los usos del tiempo desde una perspectiva de g\u00e9nero. El objetivo fue debatir sobre los retos metodol\u00f3gicos, los cambios y resistencias observados en la organizaci\u00f3n social del tiempo dedicado al trabajo dom\u00e9stico y de cuidados.<\/p>\n\n\n\n<p class=\"has-small-font-size\">Durante la jornada se compartieron resultados del proyecto y se abordaron desigualdades estructurales relacionadas con la gesti\u00f3n del tiempo, as\u00ed como propuestas para mejorar las herramientas de investigaci\u00f3n en este \u00e1mbito.<\/p>\n\n\n\n<p class=\"has-small-font-size\">\ud83d\udd17 <strong>Programa <a href=\"https:\/\/webs.uab.cat\/genera\/wp-content\/uploads\/sites\/419\/2025\/07\/Programa_Jornada-GENERA_def-1.pdf\">completo<\/a><\/strong><\/p>\n\n\n<div class=\"wp-block-image\">\n<figure class=\"aligncenter size-full\"><img loading=\"lazy\" decoding=\"async\" width=\"1024\" height=\"461\" src=\"https:\/\/webs.uab.cat\/genera\/wp-content\/uploads\/sites\/419\/2025\/07\/Image-_17_.jpg\" alt=\"\" class=\"wp-image-703\" srcset=\"https:\/\/webs.uab.cat\/genera\/wp-content\/uploads\/sites\/419\/2025\/07\/Image-_17_.jpg 1024w, https:\/\/webs.uab.cat\/genera\/wp-content\/uploads\/sites\/419\/2025\/07\/Image-_17_-300x135.jpg 300w, https:\/\/webs.uab.cat\/genera\/wp-content\/uploads\/sites\/419\/2025\/07\/Image-_17_-768x346.jpg 768w\" sizes=\"auto, (max-width: 1024px) 100vw, 1024px\" \/><\/figure>\n<\/div>\n\n\n<h2 class=\"wp-block-heading has-verd-tropic-color has-text-color has-link-color wp-elements-83f35e26c4d8fb9eab7b7043a3f9bd0a\">\ud83e\udd1dTransferencia<\/h2>\n\n\n\n<ul class=\"wp-block-list\">\n<li>Borr\u00e0s-Catala, V &amp; Moreno-Colom, S. (2025, 13 de octubre). Nuevos tiempos de trabajo en los cuidados y el hogar: continuidades, cambios y resistencias en las desigualdades de g\u00e9nero. [Ponencia invitada]. Time Use Week 2025: &#8220;<a href=\"https:\/\/timeuse.barcelona\/es\/time-use-week-2025\/\">El Derecho al Tiempo en la Era de la Inteligencia Artificial<\/a>\u201d. Generalitat de Catalunya y Time Use Initiative.<\/li>\n<\/ul>\n\n\n\n<figure class=\"wp-block-image size-full\"><img loading=\"lazy\" decoding=\"async\" width=\"1000\" height=\"400\" src=\"https:\/\/webs.uab.cat\/genera\/wp-content\/uploads\/sites\/419\/2025\/10\/redimensio-3.png\" alt=\"\" class=\"wp-image-736\" srcset=\"https:\/\/webs.uab.cat\/genera\/wp-content\/uploads\/sites\/419\/2025\/10\/redimensio-3.png 1000w, https:\/\/webs.uab.cat\/genera\/wp-content\/uploads\/sites\/419\/2025\/10\/redimensio-3-300x120.png 300w, https:\/\/webs.uab.cat\/genera\/wp-content\/uploads\/sites\/419\/2025\/10\/redimensio-3-768x307.png 768w\" sizes=\"auto, (max-width: 1000px) 100vw, 1000px\" \/><\/figure>\n\n\n\n<ul class=\"wp-block-list\">\n<li>Moreno-Colom, S. (2025, 8 de octubre). Intercanvi de bones pr\u00e0ctiques. [Participaci\u00f3n de mesa redonda] III Trobada de la Xarxa Catalana pel Dret al Temps. Generalitat de Catalunya.<\/li>\n<\/ul>\n\n\n\n<figure class=\"wp-block-image size-full\"><img loading=\"lazy\" decoding=\"async\" width=\"1000\" height=\"400\" src=\"https:\/\/webs.uab.cat\/genera\/wp-content\/uploads\/sites\/419\/2025\/10\/redimensio.png\" alt=\"\" class=\"wp-image-729\" srcset=\"https:\/\/webs.uab.cat\/genera\/wp-content\/uploads\/sites\/419\/2025\/10\/redimensio.png 1000w, https:\/\/webs.uab.cat\/genera\/wp-content\/uploads\/sites\/419\/2025\/10\/redimensio-300x120.png 300w, https:\/\/webs.uab.cat\/genera\/wp-content\/uploads\/sites\/419\/2025\/10\/redimensio-768x307.png 768w\" sizes=\"auto, (max-width: 1000px) 100vw, 1000px\" \/><\/figure>\n\n\n\n<ul class=\"wp-block-list\">\n<li class=\"has-small-font-size\">Moreno-Colom, S. (2025, 7 de octubre). [Ponencia magistral]. I Jornadas de Transversalidad de la Red COE en Catalu\u00f1a. Servicio P\u00fablico de Empleo de Catalu\u00f1a (SOC).<\/li>\n<\/ul>\n\n\n\n<figure class=\"wp-block-image size-full\"><img loading=\"lazy\" decoding=\"async\" width=\"1000\" height=\"400\" src=\"https:\/\/webs.uab.cat\/genera\/wp-content\/uploads\/sites\/419\/2025\/10\/redimensio-2-1.png\" alt=\"\" class=\"wp-image-733\" srcset=\"https:\/\/webs.uab.cat\/genera\/wp-content\/uploads\/sites\/419\/2025\/10\/redimensio-2-1.png 1000w, https:\/\/webs.uab.cat\/genera\/wp-content\/uploads\/sites\/419\/2025\/10\/redimensio-2-1-300x120.png 300w, https:\/\/webs.uab.cat\/genera\/wp-content\/uploads\/sites\/419\/2025\/10\/redimensio-2-1-768x307.png 768w\" sizes=\"auto, (max-width: 1000px) 100vw, 1000px\" \/><\/figure>\n\n\n\n<ul class=\"wp-block-list\">\n<li class=\"has-small-font-size\">Moreno-Colom, S. (2024, 10 de diciembre). <em><a href=\"https:\/\/caixaforum.org\/es\/tarragona\/p\/pobreza-de-tiempo-un-reto-social-por-abordar_a168430105\" data-type=\"link\" data-id=\"https:\/\/caixaforum.org\/es\/macaya\/p\/pobreza-de-tiempo-un-reto-social-por-abordar_a165363621\">Pobreza de tiempo, un reto social por abordar. El tiempo como dimensi\u00f3n clave en el abordaje de la pobreza<\/a><\/em>. [Conferencia invitada]. Ciclo de retos human\u00edsticos \u201cEl derecho al tiempo, debate clave para el siglo XXI\u201d. El Observatorio Social y Time Use Initiative.<\/li>\n<\/ul>\n\n\n\n<div class=\"wp-block-columns is-layout-flex wp-container-core-columns-is-layout-9d6595d7 wp-block-columns-is-layout-flex\">\n<div class=\"wp-block-column is-layout-flow wp-block-column-is-layout-flow\" style=\"flex-basis:66.66%\">\n<ul class=\"wp-block-list\">\n<li class=\"has-small-font-size\">Traficantes de Sue\u00f1os (Anfitri\u00f3n).(29 de Octubre de 2024). Sesi\u00f3n 2. Redistribuir los cuidados. De la conciliaci\u00f3n a la dimensi\u00f3n p\u00fablica de la vida cotidiana con Sara Moreno Colom [Episodio de podcast]. En <em>La revoluci\u00f3n estancada. Futuros del trabajo dom\u00e9stico<\/em> <a href=\"https:\/\/soundcloud.com\/traficantesdesue-os\/redistribuir-los-cuidados-con-sara-moreno-colom\">https:\/\/soundcloud.com\/traficantesdesue-os\/redistribuir-los-cuidados-con-sara-moreno-colom<\/a><\/li>\n<\/ul>\n<\/div>\n\n\n\n<div class=\"wp-block-column is-vertically-aligned-center is-layout-flow wp-block-column-is-layout-flow\" style=\"flex-basis:33.33%\">\n<figure class=\"wp-block-image alignfull size-medium\"><img loading=\"lazy\" decoding=\"async\" width=\"297\" height=\"300\" src=\"https:\/\/webs.uab.cat\/genera\/wp-content\/uploads\/sites\/419\/2024\/12\/revolucion-estancada-297x300.png\" alt=\"\" class=\"wp-image-648\" srcset=\"https:\/\/webs.uab.cat\/genera\/wp-content\/uploads\/sites\/419\/2024\/12\/revolucion-estancada-297x300.png 297w, https:\/\/webs.uab.cat\/genera\/wp-content\/uploads\/sites\/419\/2024\/12\/revolucion-estancada.png 502w\" sizes=\"auto, (max-width: 297px) 100vw, 297px\" \/><\/figure>\n<\/div>\n<\/div>\n\n\n\n<ul class=\"wp-block-list\">\n<li class=\"has-small-font-size\">Moreno-Colom, S. (2024, 16 de mayo). Cures, temps i treballs. Qu\u00e8 proposem per a organitzar millor la vida [Participaci\u00f3n de mesa redonda]. Cicle de di\u00e0legs&nbsp;Pol\u00edtiques feministes: de la teoria a la pr\u00e0ctica. V\u00eddeo accesible: <a href=\"https:\/\/www.youtube.com\/watch?v=Azoeu-xunAA&amp;ab_channel=LaCIBASantaColoma\">Di\u00e0legs Colpis. Parlem de cures, temps i treballs.<\/a><\/li>\n<\/ul>\n\n\n<div class=\"wp-block-image\">\n<figure class=\"aligncenter size-large\"><img loading=\"lazy\" decoding=\"async\" width=\"1024\" height=\"501\" src=\"https:\/\/webs.uab.cat\/genera\/wp-content\/uploads\/sites\/419\/2024\/07\/Dialegs-parlem-de-cura_SM-e1722418043533-1024x501.jpg\" alt=\"\" class=\"wp-image-561\" srcset=\"https:\/\/webs.uab.cat\/genera\/wp-content\/uploads\/sites\/419\/2024\/07\/Dialegs-parlem-de-cura_SM-e1722418043533-1024x501.jpg 1024w, https:\/\/webs.uab.cat\/genera\/wp-content\/uploads\/sites\/419\/2024\/07\/Dialegs-parlem-de-cura_SM-e1722418043533-300x147.jpg 300w, https:\/\/webs.uab.cat\/genera\/wp-content\/uploads\/sites\/419\/2024\/07\/Dialegs-parlem-de-cura_SM-e1722418043533-768x376.jpg 768w, https:\/\/webs.uab.cat\/genera\/wp-content\/uploads\/sites\/419\/2024\/07\/Dialegs-parlem-de-cura_SM-e1722418043533-1536x751.jpg 1536w, https:\/\/webs.uab.cat\/genera\/wp-content\/uploads\/sites\/419\/2024\/07\/Dialegs-parlem-de-cura_SM-e1722418043533-2048x1002.jpg 2048w, https:\/\/webs.uab.cat\/genera\/wp-content\/uploads\/sites\/419\/2024\/07\/Dialegs-parlem-de-cura_SM-e1722418043533-1200x587.jpg 1200w, https:\/\/webs.uab.cat\/genera\/wp-content\/uploads\/sites\/419\/2024\/07\/Dialegs-parlem-de-cura_SM-e1722418043533-1980x968.jpg 1980w\" sizes=\"auto, (max-width: 1024px) 100vw, 1024px\" \/><\/figure>\n<\/div>\n\n\n<ul class=\"wp-block-list\">\n<li class=\"has-small-font-size\">Moreno-Colom, S. (2024, 31 de enero). <em><a href=\"https:\/\/mediahub.fundacionlacaixa.org\/es\/social\/programas-sociales\/pobreza\/2024-06-06\/pobreza-medida-desigualdad-afecta-mujeres-5644.html\" data-type=\"link\" data-id=\"https:\/\/caixaforum.org\/es\/macaya\/p\/pobreza-de-tiempo-un-reto-social-por-abordar_a165363621\">Pobreza de tiempo, un reto social por abordar. El tiempo como dimensi\u00f3n clave en el abordaje de la pobreza<\/a><\/em>. [Conferencia invitada]. Ciclo de retos human\u00edsticos \u201cEl derecho al tiempo, debate clave para el siglo XXI\u201d. El Observatorio Social y Time Use Initiative.<\/li>\n<\/ul>\n\n\n\n<ul class=\"wp-block-list\">\n<li class=\"has-small-font-size\">Moreno, S. &amp; Borr\u00e0s, V. (2023, 16 de octubre). <em>Del \u201cno tinc temps\u201d a la sobirania del temps: una q\u00fcesti\u00f3 de drets<\/em> [Participaci\u00f3n de mesa redonda]. Trobada de recerca catalana en usos del temps. V\u00eddeo accesible: <a href=\"https:\/\/www.youtube.com\/watch?v=aK-QCZGGl1s&amp;ab_channel=Igualtatcat\">Trobada de recerca catalana en usos del temps (1\/2)<\/a><\/li>\n<\/ul>\n\n\n\n<figure class=\"wp-block-image size-large\"><img loading=\"lazy\" decoding=\"async\" width=\"1024\" height=\"443\" src=\"https:\/\/webs.uab.cat\/genera\/wp-content\/uploads\/sites\/419\/2024\/07\/Congres-catala-usos-del-temps-1024x443.jpg\" alt=\"\" class=\"wp-image-488\" srcset=\"https:\/\/webs.uab.cat\/genera\/wp-content\/uploads\/sites\/419\/2024\/07\/Congres-catala-usos-del-temps-1024x443.jpg 1024w, https:\/\/webs.uab.cat\/genera\/wp-content\/uploads\/sites\/419\/2024\/07\/Congres-catala-usos-del-temps-300x130.jpg 300w, https:\/\/webs.uab.cat\/genera\/wp-content\/uploads\/sites\/419\/2024\/07\/Congres-catala-usos-del-temps-768x332.jpg 768w, https:\/\/webs.uab.cat\/genera\/wp-content\/uploads\/sites\/419\/2024\/07\/Congres-catala-usos-del-temps-1536x664.jpg 1536w, https:\/\/webs.uab.cat\/genera\/wp-content\/uploads\/sites\/419\/2024\/07\/Congres-catala-usos-del-temps-1200x519.jpg 1200w, https:\/\/webs.uab.cat\/genera\/wp-content\/uploads\/sites\/419\/2024\/07\/Congres-catala-usos-del-temps.jpg 1909w\" sizes=\"auto, (max-width: 1024px) 100vw, 1024px\" \/><\/figure>\n\n\n\n<ul class=\"wp-block-list\">\n<li class=\"has-small-font-size\">Borr\u00e0s, V. (2023, 25 de mayo). <em>Trabajos y g\u00e9nero<\/em> [Conferencia invitada], Cicle la Universitat Opina organizada por la Associaci\u00f3 Amics de la Universidad Aut\u00f3noma de Barcelona.<\/li>\n<\/ul>\n\n\n\n<ul class=\"wp-block-list\">\n<li class=\"has-small-font-size\">Moreno, S. (2023, 24-26 de abril). <em>L\u2019organi<strong>t<\/strong>zaci\u00f3 del temps de treball i el debat sobre la jornada laboral.<\/em> [Organizaci\u00f3n y moderaci\u00f3n de mesa redonda. I Congr\u00e9s Catal\u00e0 del Treball. V\u00eddeo accesible: <a href=\"https:\/\/youtu.be\/qkCg8N9E2b8?si=zMLHqMilN3VLrkTV\" data-type=\"link\" data-id=\"https:\/\/youtu.be\/qkCg8N9E2b8?si=zMLHqMilN3VLrkTV\">Bloc 4: L&#8217;organitzaci\u00f3 del temps de treball i el debat sobre la jornada laboral.<\/a><\/li>\n<\/ul>\n\n\n<div class=\"wp-block-image\">\n<figure class=\"aligncenter size-large\"><img loading=\"lazy\" decoding=\"async\" width=\"1024\" height=\"466\" src=\"https:\/\/webs.uab.cat\/genera\/wp-content\/uploads\/sites\/419\/2024\/07\/congres-catala-1024x466.png\" alt=\"\" class=\"wp-image-563\" srcset=\"https:\/\/webs.uab.cat\/genera\/wp-content\/uploads\/sites\/419\/2024\/07\/congres-catala-1024x466.png 1024w, https:\/\/webs.uab.cat\/genera\/wp-content\/uploads\/sites\/419\/2024\/07\/congres-catala-300x136.png 300w, https:\/\/webs.uab.cat\/genera\/wp-content\/uploads\/sites\/419\/2024\/07\/congres-catala-768x349.png 768w, https:\/\/webs.uab.cat\/genera\/wp-content\/uploads\/sites\/419\/2024\/07\/congres-catala-1200x546.png 1200w, https:\/\/webs.uab.cat\/genera\/wp-content\/uploads\/sites\/419\/2024\/07\/congres-catala.png 1275w\" sizes=\"auto, (max-width: 1024px) 100vw, 1024px\" \/><\/figure>\n<\/div>\n\n\n<p><br><\/p>\n\n\n\n<h2 class=\"wp-block-heading has-verd-tropic-color has-text-color has-link-color wp-elements-d2ab34df4bd74496b62bb3f4410629d4\">\ud83d\udcf0Impacto en medios<\/h2>\n\n\n\n<ul class=\"wp-block-list\">\n<li class=\"has-small-font-size\">Clap\u00e9s, T. (Amfitri\u00f3n) (2025, Octubre, 28). Versi\u00f3Rac1 \u2013 Adeu a la planxa: \u00abLa gent es compra roba que no s\u2019hagi de planxar i als homes no els interessa aprendre\u2019n\u00bb. [Emision de radio]. En: Versi\u00f3Rac1. <a href=\"https:\/\/www.rac1.cat\/societat\/20251028\/300192\/adeu-planxa-gent-compra-roba-hagi-planxar-homes-interessa-aprendre-versio.html\">https:\/\/www.rac1.cat\/societat\/20251028\/300192\/adeu-planxa-gent-compra-roba-hagi-planxar-homes-interessa-aprendre-versio.html<\/a><\/li>\n<\/ul>\n\n\n\n<ul class=\"wp-block-list has-small-font-size\">\n<li class=\"has-small-font-size\">Virgili M. (Anfitri\u00f3n). (2024, Marzo 11). <em>Les dones i els dies. La feina invisible de les cures<\/em> [Podcast de audio]. 3cat. <a href=\"https:\/\/www.ccma.cat\/3cat\/la-feina-invisible-de-les-cures\/audio\/1200999\/\" target=\"_blank\" rel=\"noreferrer noopener\">https:\/\/www.ccma.cat\/3cat\/la-feina-invisible-de-les-cures\/audio\/1200999\/<\/a><\/li>\n<\/ul>\n\n\n\n<ul class=\"wp-block-list has-small-font-size\">\n<li class=\"has-small-font-size\">Rius, M. (2024, Marzo 7). El conflicte de les tasques dom\u00e8stiques: ell s\u2019acomoden en el paper d\u2019aprenent. <em>La Vanguardia<\/em>. 2<\/li>\n<\/ul>\n\n\n<div class=\"wp-block-image is-style-default\">\n<figure class=\"aligncenter size-full is-resized\"><img decoding=\"async\" src=\"https:\/\/webs.uab.cat\/genera\/wp-content\/uploads\/sites\/419\/2024\/03\/lavanguardia.jpg\" alt=\"\" class=\"wp-image-420\" style=\"width:325px;height:auto\" \/><\/figure>\n<\/div>\n\n\n<ul class=\"wp-block-list\">\n<li class=\"has-small-font-size\">Sanz, M. (2024, Marzo 7). <em>El conflicto en las tareas del hogar: las mujeres organizan y ordenan; los hombres aprenden y ejecutan<\/em>. la Sexta Noticias. <a href=\"https:\/\/www.lasexta.com\/noticias\/sociedad\/conflicto-tareas-hogar-mujeres-organizan-ordenan-hombres-aprenden-ejecutan_2024030765e9ee17dac8310001fd9668.html\" target=\"_blank\" rel=\"noreferrer noopener\">https:\/\/www.lasexta.com\/noticias\/sociedad\/conflicto-tareas-hogar-mujeres-organizan-ordenan-hombres-aprenden-ejecutan_2024030765e9ee17dac8310001fd9668.html<\/a><\/li>\n<\/ul>\n\n\n\n<figure class=\"wp-block-image size-large\"><img loading=\"lazy\" decoding=\"async\" width=\"1024\" height=\"780\" src=\"https:\/\/webs.uab.cat\/genera\/wp-content\/uploads\/sites\/419\/2024\/03\/lasextanoticias-1024x780.jpg\" alt=\"\" class=\"wp-image-427\" srcset=\"https:\/\/webs.uab.cat\/genera\/wp-content\/uploads\/sites\/419\/2024\/03\/lasextanoticias-1024x780.jpg 1024w, https:\/\/webs.uab.cat\/genera\/wp-content\/uploads\/sites\/419\/2024\/03\/lasextanoticias-300x228.jpg 300w, https:\/\/webs.uab.cat\/genera\/wp-content\/uploads\/sites\/419\/2024\/03\/lasextanoticias-768x585.jpg 768w, https:\/\/webs.uab.cat\/genera\/wp-content\/uploads\/sites\/419\/2024\/03\/lasextanoticias.jpg 1103w\" sizes=\"auto, (max-width: 1024px) 100vw, 1024px\" \/><\/figure>\n\n\n\n<p><\/p>\n\n\n\n<p><\/p>\n","protected":false},"excerpt":{"rendered":"<p>Acciones de transferencia ligadas a los resultados del proyecto: \ud83d\uddd3\ufe0fOrganizaci\u00f3n de Jornadas Seminario experto: Igualdad de g\u00e9nero en los usos del tiempo: cambios, resistencias y continuidades \ud83d\udccd Facultad de Ciencias Pol\u00edticas y de Sociolog\u00eda, UAB\ud83d\udcc5 Viernes, 23 de mayo de 2025 En el marco del proyecto GENERA, este seminario reuni\u00f3 a investigadoras e investigadores de [&hellip;]<\/p>\n","protected":false},"author":2648,"featured_media":0,"parent":0,"menu_order":7,"comment_status":"closed","ping_status":"closed","template":"","meta":{"footnotes":""},"class_list":["post-644","page","type-page","status-publish","hentry"],"_links":{"self":[{"href":"https:\/\/webs.uab.cat\/genera\/wp-json\/wp\/v2\/pages\/644","targetHints":{"allow":["GET"]}}],"collection":[{"href":"https:\/\/webs.uab.cat\/genera\/wp-json\/wp\/v2\/pages"}],"about":[{"href":"https:\/\/webs.uab.cat\/genera\/wp-json\/wp\/v2\/types\/page"}],"author":[{"embeddable":true,"href":"https:\/\/webs.uab.cat\/genera\/wp-json\/wp\/v2\/users\/2648"}],"replies":[{"embeddable":true,"href":"https:\/\/webs.uab.cat\/genera\/wp-json\/wp\/v2\/comments?post=644"}],"version-history":[{"count":17,"href":"https:\/\/webs.uab.cat\/genera\/wp-json\/wp\/v2\/pages\/644\/revisions"}],"predecessor-version":[{"id":741,"href":"https:\/\/webs.uab.cat\/genera\/wp-json\/wp\/v2\/pages\/644\/revisions\/741"}],"wp:attachment":[{"href":"https:\/\/webs.uab.cat\/genera\/wp-json\/wp\/v2\/media?parent=644"}],"curies":[{"name":"wp","href":"https:\/\/api.w.org\/{rel}","templated":true}]}}