{"id":687,"date":"2025-03-03T11:47:53","date_gmt":"2025-03-03T09:47:53","guid":{"rendered":"https:\/\/webs.uab.cat\/genera\/?page_id=687"},"modified":"2025-11-19T12:10:27","modified_gmt":"2025-11-19T10:10:27","slug":"paula-gonzalez-vila","status":"publish","type":"page","link":"https:\/\/webs.uab.cat\/genera\/equipo\/equipo-investigador\/paula-gonzalez-vila\/","title":{"rendered":"Paula Gonz\u00e0lez-Vila"},"content":{"rendered":"\n<h2 class=\"wp-block-heading has-verd-tropic-color has-text-color has-large-font-size\"><strong><strong>PAULA GONZ\u00c0LEZ-VILA<\/strong><\/strong><\/h2>\n\n\n\n<div class=\"wp-block-media-text has-media-on-the-right is-stacked-on-mobile\" style=\"grid-template-columns:auto 30%\"><div class=\"wp-block-media-text__content\">\n<p class=\"has-text-align-left has-small-font-size\">Despu\u00e9s de graduarse en Filosof\u00eda, Pol\u00edtica y Econom\u00eda por la Universitat Pompeu Fabra (2023), se traslad\u00f3 a Londres para cursar un m\u00e1ster de Investigaci\u00f3n en pol\u00edticas sociales en la London School of Economics (2024), con una beca completa de la Fundaci\u00f3n Ram\u00f3n Areces. <\/p>\n<\/div><figure class=\"wp-block-media-text__media\"><img loading=\"lazy\" decoding=\"async\" width=\"391\" height=\"388\" src=\"https:\/\/webs.uab.cat\/genera\/wp-content\/uploads\/sites\/419\/2025\/03\/Captura-de-pantalla-2025-03-03-104713.png\" alt=\"\" class=\"wp-image-689 size-large\" srcset=\"https:\/\/webs.uab.cat\/genera\/wp-content\/uploads\/sites\/419\/2025\/03\/Captura-de-pantalla-2025-03-03-104713.png 391w, https:\/\/webs.uab.cat\/genera\/wp-content\/uploads\/sites\/419\/2025\/03\/Captura-de-pantalla-2025-03-03-104713-300x298.png 300w, https:\/\/webs.uab.cat\/genera\/wp-content\/uploads\/sites\/419\/2025\/03\/Captura-de-pantalla-2025-03-03-104713-150x150.png 150w\" sizes=\"auto, (max-width: 391px) 100vw, 391px\" \/><\/figure><\/div>\n\n\n\n<p class=\"has-small-font-size\">En su tesis final de m\u00e1ster estudi\u00f3 la relaci\u00f3n entre la mercantilizaci\u00f3n del sector de los cuidados y su migrantizaci\u00f3n, obteniendo una Distinction.<\/p>\n\n\n\n<p class=\"has-small-font-size\">Ha trabajado tambi\u00e9n como asistente de investigaci\u00f3n en Bienestar Comunitario para el\u00a0<a href=\"https:\/\/cep.lse.ac.uk\/_new\/our-work\/community\/\">Centre for Economic Performance<\/a>\u00a0y para el Departamento de Social Policy de la LSE. Ahora forma parte del equipo investigador del proyecto\u00a0<a href=\"https:\/\/webs.uab.cat\/genera\/\">GENERA<\/a>, sobre igualdad de g\u00e9nero en los usos del tiempo, cambios, continuidades y resistencias.<\/p>\n\n\n\n<p>Le interesa especialmente investigar los roles de g\u00e9nero alrededor de los usos del tiempo, as\u00ed como la \u00e9tica de los cuidados, la evaluaci\u00f3n de pol\u00edticas sociales y el bienestar comunitario, mayoritariamente con una metodolog\u00eda mixta.<\/p>\n","protected":false},"excerpt":{"rendered":"<p>PAULA GONZ\u00c0LEZ-VILA Despu\u00e9s de graduarse en Filosof\u00eda, Pol\u00edtica y Econom\u00eda por la Universitat Pompeu Fabra (2023), se traslad\u00f3 a Londres para cursar un m\u00e1ster de Investigaci\u00f3n en pol\u00edticas sociales en la London School of Economics (2024), con una beca completa de la Fundaci\u00f3n Ram\u00f3n Areces. En su tesis final de m\u00e1ster estudi\u00f3 la relaci\u00f3n entre [&hellip;]<\/p>\n","protected":false},"author":2648,"featured_media":0,"parent":117,"menu_order":7,"comment_status":"closed","ping_status":"closed","template":"","meta":{"footnotes":""},"class_list":["post-687","page","type-page","status-publish","hentry"],"_links":{"self":[{"href":"https:\/\/webs.uab.cat\/genera\/wp-json\/wp\/v2\/pages\/687","targetHints":{"allow":["GET"]}}],"collection":[{"href":"https:\/\/webs.uab.cat\/genera\/wp-json\/wp\/v2\/pages"}],"about":[{"href":"https:\/\/webs.uab.cat\/genera\/wp-json\/wp\/v2\/types\/page"}],"author":[{"embeddable":true,"href":"https:\/\/webs.uab.cat\/genera\/wp-json\/wp\/v2\/users\/2648"}],"replies":[{"embeddable":true,"href":"https:\/\/webs.uab.cat\/genera\/wp-json\/wp\/v2\/comments?post=687"}],"version-history":[{"count":1,"href":"https:\/\/webs.uab.cat\/genera\/wp-json\/wp\/v2\/pages\/687\/revisions"}],"predecessor-version":[{"id":690,"href":"https:\/\/webs.uab.cat\/genera\/wp-json\/wp\/v2\/pages\/687\/revisions\/690"}],"up":[{"embeddable":true,"href":"https:\/\/webs.uab.cat\/genera\/wp-json\/wp\/v2\/pages\/117"}],"wp:attachment":[{"href":"https:\/\/webs.uab.cat\/genera\/wp-json\/wp\/v2\/media?parent=687"}],"curies":[{"name":"wp","href":"https:\/\/api.w.org\/{rel}","templated":true}]}}