{"id":1186,"date":"2024-09-30T15:11:54","date_gmt":"2024-09-30T13:11:54","guid":{"rendered":"https:\/\/webs.uab.cat\/geografia-genere\/?page_id=1186"},"modified":"2025-09-19T10:11:06","modified_gmt":"2025-09-19T08:11:06","slug":"seminaris","status":"publish","type":"page","link":"https:\/\/webs.uab.cat\/geografia-genere\/seminaris\/","title":{"rendered":"Seminaris i Jornades"},"content":{"rendered":"\n<h2 class=\"wp-block-heading alignwide has-verd-tropic-color has-text-color has-link-color wp-elements-0c213db00bf289887241954659077e80\">2025<\/h2>\n\n\n\n<div class=\"wp-block-columns alignwide is-layout-flex wp-container-core-columns-is-layout-9d6595d7 wp-block-columns-is-layout-flex\">\n<div class=\"wp-block-column has-gris-pubilla-background-color has-background is-layout-flow wp-block-column-is-layout-flow\">\n<p class=\"has-text-align-center has-large-font-size\"><strong>Jornada sobre Metodologies Innovadores en Geografia Feminista<\/strong><\/p>\n\n\n\n<p>16 de maig de 2025<\/p>\n\n\n\n<p><em>Ponents<\/em> <\/p>\n\n\n\n<p class=\"has-small-font-size\">Tabea Bork-H\u00fcffer (Universitat de Heidelberg) Melike Peterson (Universitat de Bremen), Katharina Schmidt (Universitat de Flensburg), N\u00faria Font Casaseca (UdG), J\u00falia Pascual Bordas (UPF), Mariana Valderrama Leong\u00f3mez<\/p>\n<\/div>\n\n\n\n<div class=\"wp-block-column has-gris-pubilla-background-color has-background is-layout-flow wp-block-column-is-layout-flow\">\n<p class=\"has-text-align-center has-large-font-size\"><strong>Presentaci\u00f3 del llibre <em>Home, History, Possession in Israel-Palestine<\/em>  <\/strong><\/p>\n\n\n\n<p>12 de maig de 2025<\/p>\n\n\n\n<p><em>Ponent<\/em><\/p>\n\n\n\n<p>Dra. Tovi Fenster (Universitat de Tel-Aviv)<\/p>\n<\/div>\n\n\n\n<div class=\"wp-block-column has-gris-pubilla-background-color has-background is-layout-flow wp-block-column-is-layout-flow\">\n<p class=\"has-text-align-center has-large-font-size\"><strong>Seminari <strong>del curs 24\/25<\/strong><\/strong><\/p>\n\n\n\n<p class=\"has-text-align-center has-normal-font-size\">G\u00e8nere, geografia i pol\u00edtiques urbanes<\/p>\n\n\n\n<p>28 de mar\u00e7 de 2025<\/p>\n\n\n\n<p><em>Ponents<\/em><\/p>\n\n\n\n<p>Joos Droogleever Fortuijn (Universitat d\u2019Amsterdam), <em>\u201cThe changing concept of gender in Anglophone international geographical journals, 2013-2024\u201d<\/em><\/p>\n\n\n\n<p>Chiara Bergonzini (Universitat de Mil\u00e1n-Bicocca), <em>\u201cTransici\u00f3n alimentaria, gobernanza urbana e igualdad de g\u00e9nero: el papel del espacio intersticial entre las redes alimentarias alternativas y las pol\u00edticas alimentarias urbanas en Mil\u00e1n y Barcelona\u201d<\/em><\/p>\n<\/div>\n<\/div>\n\n\n\n<div class=\"wp-block-columns alignwide is-layout-flex wp-container-core-columns-is-layout-9d6595d7 wp-block-columns-is-layout-flex\">\n<div class=\"wp-block-column has-gris-pubilla-background-color has-background is-layout-flow wp-block-column-is-layout-flow\">\n<p class=\"has-text-align-center has-normal-font-size\"><strong>II Seminari del curs 24\/25<\/strong> <\/p>\n\n\n\n<p class=\"has-text-align-center has-normal-font-size\">G\u00e8nere, territori i economia solid\u00e0ria: reflexions des de la teoria i la pr\u00e0ctica<\/p>\n\n\n\n<p>24 de gener de 2025<\/p>\n\n\n\n<p>Ponents<\/p>\n\n\n\n<p>N\u00faria Benach (Universitat de Barcelona), <em>\u201cAcumulaci\u00f3 per despossessi\u00f3 i g\u00e8nere: una mirada te\u00f2rica\u201d<\/em><\/p>\n\n\n\n<p class=\"has-small-font-size\">Camila Paula de Souza (Universitat de S\u00e3o Paulo \/ UAB), <em>\u201cTejiendo enfoques te\u00f3ricos-metodol\u00f3gicos entre feminismo, territorio y econom\u00eda solidaria\u201d<\/em><\/p>\n<\/div>\n\n\n\n<div class=\"wp-block-column has-gris-pubilla-background-color has-background is-layout-flow wp-block-column-is-layout-flow\">\n<p><\/p>\n<\/div>\n\n\n\n<div class=\"wp-block-column has-gris-pubilla-background-color has-background is-layout-flow wp-block-column-is-layout-flow\">\n<p><\/p>\n<\/div>\n<\/div>\n\n\n\n<h2 class=\"wp-block-heading alignwide has-verd-tropic-color has-text-color has-link-color wp-elements-08a38c95599f653b098c9306f5de8fa4\">2024<\/h2>\n\n\n\n<div class=\"wp-block-columns alignwide is-layout-flex wp-container-core-columns-is-layout-9d6595d7 wp-block-columns-is-layout-flex\">\n<div class=\"wp-block-column has-gris-pubilla-background-color has-background is-layout-flow wp-block-column-is-layout-flow\">\n<p class=\"has-text-align-center has-large-font-size\"><strong>Seminari del curs 24\/25<\/strong> <\/p>\n\n\n\n<p class=\"has-text-align-center has-normal-font-size\">Racisme i Perspectiva LGTBIQ+<\/p>\n\n\n\n<p>8 de novembre de 2024<\/p>\n\n\n\n<p>Ponents<\/p>\n\n\n\n<p>Cristina Rodr\u00edguez Reche (UAB), <em>Investigaci\u00f3 sobre l\u2019impacte de la morof\u00f2bia a Barcelona<\/em><\/p>\n\n\n\n<p class=\"has-small-font-size\">Gonzalo Carmona (Doctorand), <em>\u201cCiutats amb Orgull\u201d: inclusi\u00f3 de perspectives LGTBIQ+ en la planificaci\u00f3 urbana<\/em><\/p>\n<\/div>\n\n\n\n<div class=\"wp-block-column has-gris-pubilla-background-color has-background is-layout-flow wp-block-column-is-layout-flow\">\n<p class=\"has-text-align-center has-large-font-size\"><strong>Seminari del curs 23\/24<\/strong><\/p>\n\n\n\n<p class=\"has-text-align-center has-normal-font-size\">Investigadores analitzen el paper de les dones en la Cultura Popular i les pr\u00e0ctiques espacials insurgents<\/p>\n\n\n\n<p>31 de maig de 2024<\/p>\n\n\n\n<p>Ponents<\/p>\n\n\n\n<p>Beatriz Navarrete Sep\u00falveda (Universitat Cat\u00f2lica de Temuco, Xile), <em>\u201cEl paper de la dona en la cultura popular rural. Cap a una Cartografia Cr\u00edtica de G\u00e8nere de l\u2019Art Popular (CCGap). Experi\u00e8ncies comparades entre Xile i Espanya\u201d<\/em><\/p>\n\n\n\n<p>Ana Carolina Dos Santos Marques (Universidade Estadual Paulista), <em>\u201cCultura perif\u00e8rica i dones joves negres: la instituci\u00f3 de les pr\u00e0ctiques espacials insurgents\u201d<\/em><\/p>\n<\/div>\n\n\n\n<div class=\"wp-block-column has-gris-pubilla-background-color has-background is-layout-flow wp-block-column-is-layout-flow\">\n<p class=\"has-text-align-center has-large-font-size\"><strong>Seminari del curs 23\/24<\/strong><\/p>\n\n\n\n<p class=\"has-text-align-center has-normal-font-size\">Mobilitats, masculinitats i perspectives feministes en l\u2019an\u00e0lisi del territori i l\u2019espai<\/p>\n\n\n\n<p>2 de febrer de 2024<\/p>\n\n\n\n<p>Ponents<\/p>\n\n\n\n<p>Magdalena Moreno (Doctoranda), <em>\u201cGeograf\u00edas y masculinidades en espacios rurales y urbanos\u201d<\/em><\/p>\n\n\n\n<p>Natalia Ribas-Mateos (TRANSMENA\/UAB i Mesopolhis), <em>\u201cUna cartografia de les mobilitats: des de la viol\u00e8ncia sexual a les formes de solidaritat\u201d<\/em><\/p>\n\n\n\n<p>Maria Borr\u00e0s Escayola (Universitat de Girona), <em>\u201cLes representacions del canvi clim\u00e0tic des d\u2019una perspectiva feminista. Explorant noves metodologies: el WPR approach i cuerpo-territorio\u201d<\/em><\/p>\n<\/div>\n<\/div>\n\n\n\n<h2 class=\"wp-block-heading alignwide has-verd-tropic-color has-text-color has-link-color wp-elements-f7fed12ec42382775cc628903c8645cc\">2023<\/h2>\n\n\n\n<div class=\"wp-block-columns alignwide is-layout-flex wp-container-core-columns-is-layout-9d6595d7 wp-block-columns-is-layout-flex\">\n<div class=\"wp-block-column has-gris-pubilla-background-color has-background is-layout-flow wp-block-column-is-layout-flow\">\n<p class=\"has-text-align-center has-large-font-size\"><strong>Seminari del curs 23\/24<\/strong> <\/p>\n\n\n\n<p class=\"has-text-align-center has-normal-font-size\">Just\u00edcia ambiental i g\u00e8nere en la planificaci\u00f3 de l\u2019espai verd urb\u00e0: el cas de Barcelona<\/p>\n\n\n\n<p>15 de desembre de 2023<\/p>\n\n\n\n<p>Ponents<\/p>\n\n\n\n<p>Amalia Calderon Argelich (Barcelona Laboratory for Urban and Environmental Justice and Sustainability \/ ICTA-UAB), <em>\u201cLa ciutat verda des d\u2019una perspectiva de just\u00edcia ambiental i g\u00e8nere: cas d\u2019estudi de Barcelona\u201d<\/em><\/p>\n\n\n\n<p class=\"has-small-font-size\">Nicole Ch\u00e1vez Gonz\u00e1lez (Programa de Doctorat d\u2019Estudis de G\u00e8nere, UAB \/ Programa de Doctorat de Sociologia, Pontificia Universidad Cat\u00f3lica de Xile)<\/p>\n<\/div>\n\n\n\n<div class=\"wp-block-column has-gris-pubilla-background-color has-background is-layout-flow wp-block-column-is-layout-flow\">\n<p class=\"has-text-align-center has-large-font-size\"><strong>Seminari del curs 23\/24<\/strong><\/p>\n\n\n\n<p class=\"has-text-align-center has-normal-font-size\">Turisme, g\u00e8nere i habitabilitat<\/p>\n\n\n\n<p class=\"has-text-align-left has-small-font-size\">13 d&#8217;octubre de 2023<\/p>\n\n\n\n<p>Ponents<\/p>\n\n\n\n<p class=\"has-small-font-size\">Asun Blanco (Universitat Aut\u00f2noma de Barcelona \/ Grup TUDISTAR) i Inmaculada D\u00edaz (Universitat Aut\u00f2noma de Barcelona \/ Grup TUDISTAR), <em>\u201cTurisme i g\u00e8nere al segle XXI. Aportacions a una nova agenda de recerca\u201d<\/em><\/p>\n\n\n\n<p class=\"has-text-align-left has-small-font-size\">Marina Mart\u00ednez (Universidad del Litoral Santa Fe, Argentina), <em>\u201cLa casa, les dones i els cicles del riu. Sobre la construcci\u00f3 d\u2019habitabilitat en un barri que s\u2019inunda, a la ciutat de Santa Fe-Argentina\u201d<\/em><\/p>\n<\/div>\n\n\n\n<div class=\"wp-block-column has-gris-pubilla-background-color has-background is-layout-flow wp-block-column-is-layout-flow\">\n<p class=\"has-text-align-center has-large-font-size\"><strong>Seminari del curs <strong>22\/23<\/strong><\/strong><\/p>\n\n\n\n<p class=\"has-text-align-center has-normal-font-size\">Bandes transnacionals i mediaci\u00f3 juvenil<\/p>\n\n\n\n<p class=\"has-text-align-left has-small-font-size\">19 de maig de 2023<\/p>\n\n\n\n<p>Ponents<\/p>\n\n\n\n<p>Margot Mecca (UPF) i Eduard Ballest\u00e9 Isern (UPF), <em>Investigaci\u00f3 sobre bandes transnacionals com agents de mediaci\u00f3 dins del projecte TRANSGANG<\/em><\/p>\n\n\n\n<p><\/p>\n<\/div>\n<\/div>\n\n\n\n<div class=\"wp-block-columns alignwide is-layout-flex wp-container-core-columns-is-layout-9d6595d7 wp-block-columns-is-layout-flex\">\n<div class=\"wp-block-column has-gris-pubilla-background-color has-background is-layout-flow wp-block-column-is-layout-flow\">\n<p class=\"has-text-align-center has-large-font-size\"><strong>Seminari del curs 22\/23<\/strong> <\/p>\n\n\n\n<p class=\"has-text-align-center has-normal-font-size\">Cartografia cr\u00edtica i desigualtats de g\u00e8nere a la topon\u00edmia<\/p>\n\n\n\n<p class=\"has-text-align-left has-small-font-size\">24 de mar\u00e7 de 2023<br>Ponents<\/p>\n\n\n\n<p class=\"has-small-font-size\">Stefany \u00c1lvarez (Geografia UAB), <em>\u201cHerramientas SIG para reivindicaciones feministas. Una cartografia cr\u00edtica de la topon\u00edmia\u201d<\/em><\/p>\n<\/div>\n\n\n\n<div class=\"wp-block-column has-gris-pubilla-background-color has-background is-layout-flow wp-block-column-is-layout-flow\">\n<p class=\"has-text-align-left has-small-font-size\"><\/p>\n<\/div>\n\n\n\n<div class=\"wp-block-column has-gris-pubilla-background-color has-background is-layout-flow wp-block-column-is-layout-flow\">\n<p><\/p>\n\n\n\n<p><\/p>\n<\/div>\n<\/div>\n\n\n\n<h2 class=\"wp-block-heading alignwide has-verd-tropic-color has-text-color has-link-color wp-elements-ade022d25c95a8a3a2eb4158995759d9\">2022<\/h2>\n\n\n\n<div class=\"wp-block-columns alignwide is-layout-flex wp-container-core-columns-is-layout-9d6595d7 wp-block-columns-is-layout-flex\">\n<div class=\"wp-block-column has-gris-pubilla-background-color has-background is-layout-flow wp-block-column-is-layout-flow\">\n<p class=\"has-text-align-center has-large-font-size\"><strong><strong>Seminari del curs 22\/23<\/strong> <\/strong> <\/p>\n\n\n\n<p class=\"has-text-align-center has-normal-font-size\">Tr\u00e0fic de persones amb finalitats d\u2019explotaci\u00f3 sexual a Argentina<\/p>\n\n\n\n<p>4 de novembre de 2022<br>Ponent<\/p>\n\n\n\n<p>Magdalena Moreno (CIG-IGEHCS\/CONICET, Argentina), <em>\u201cLa trata de personas con fines de explotaci\u00f3n sexual: configuraci\u00f3n espacial en Argentina, 2008-2018\u201d<\/em><\/p>\n<\/div>\n\n\n\n<div class=\"wp-block-column has-gris-pubilla-background-color has-background is-layout-flow wp-block-column-is-layout-flow\">\n<p class=\"has-text-align-center has-large-font-size\"><\/p>\n\n\n\n<p class=\"has-text-align-center has-normal-font-size\"><\/p>\n<\/div>\n\n\n\n<div class=\"wp-block-column has-gris-pubilla-background-color has-background is-layout-flow wp-block-column-is-layout-flow\">\n<p class=\"has-text-align-center has-large-font-size\"><\/p>\n\n\n\n<p class=\"has-text-align-center has-normal-font-size\"><\/p>\n\n\n\n<p><\/p>\n<\/div>\n<\/div>\n\n\n\n<div class=\"wp-block-columns alignwide is-layout-flex wp-container-core-columns-is-layout-9d6595d7 wp-block-columns-is-layout-flex\"><\/div>\n\n\n\n<div class=\"wp-block-columns alignwide is-layout-flex wp-container-core-columns-is-layout-9d6595d7 wp-block-columns-is-layout-flex\"><\/div>\n","protected":false},"excerpt":{"rendered":"<p>2025 Jornada sobre Metodologies Innovadores en Geografia Feminista 16 de maig de 2025 Ponents Tabea Bork-H\u00fcffer (Universitat de Heidelberg) Melike Peterson (Universitat de Bremen), Katharina Schmidt (Universitat de Flensburg), N\u00faria Font Casaseca (UdG), J\u00falia Pascual Bordas (UPF), Mariana Valderrama Leong\u00f3mez Presentaci\u00f3 del llibre Home, History, Possession in Israel-Palestine 12 de maig de 2025 Ponent Dra. [&hellip;]<\/p>\n","protected":false},"author":2819,"featured_media":0,"parent":0,"menu_order":0,"comment_status":"closed","ping_status":"closed","template":"","meta":{"footnotes":""},"class_list":["post-1186","page","type-page","status-publish","hentry"],"_links":{"self":[{"href":"https:\/\/webs.uab.cat\/geografia-genere\/wp-json\/wp\/v2\/pages\/1186","targetHints":{"allow":["GET"]}}],"collection":[{"href":"https:\/\/webs.uab.cat\/geografia-genere\/wp-json\/wp\/v2\/pages"}],"about":[{"href":"https:\/\/webs.uab.cat\/geografia-genere\/wp-json\/wp\/v2\/types\/page"}],"author":[{"embeddable":true,"href":"https:\/\/webs.uab.cat\/geografia-genere\/wp-json\/wp\/v2\/users\/2819"}],"replies":[{"embeddable":true,"href":"https:\/\/webs.uab.cat\/geografia-genere\/wp-json\/wp\/v2\/comments?post=1186"}],"version-history":[{"count":14,"href":"https:\/\/webs.uab.cat\/geografia-genere\/wp-json\/wp\/v2\/pages\/1186\/revisions"}],"predecessor-version":[{"id":2543,"href":"https:\/\/webs.uab.cat\/geografia-genere\/wp-json\/wp\/v2\/pages\/1186\/revisions\/2543"}],"wp:attachment":[{"href":"https:\/\/webs.uab.cat\/geografia-genere\/wp-json\/wp\/v2\/media?parent=1186"}],"curies":[{"name":"wp","href":"https:\/\/api.w.org\/{rel}","templated":true}]}}