{"id":1231,"date":"2024-10-01T14:19:20","date_gmt":"2024-10-01T12:19:20","guid":{"rendered":"https:\/\/webs.uab.cat\/geografia-genere\/?page_id=1231"},"modified":"2025-07-17T10:45:00","modified_gmt":"2025-07-17T08:45:00","slug":"altres-collaboradors-es","status":"publish","type":"page","link":"https:\/\/webs.uab.cat\/geografia-genere\/altres-collaboradors-es\/","title":{"rendered":"Altres col\u00b7laboradors\/es"},"content":{"rendered":"\n<div class=\"wp-block-columns alignwide is-layout-flex wp-container-core-columns-is-layout-9d6595d7 wp-block-columns-is-layout-flex\">\n<div class=\"wp-block-column has-gris-pubilla-background-color has-background is-layout-flow wp-block-column-is-layout-flow\">\n<p class=\"has-text-align-center has-large-font-size\"><strong>Abel Albet<\/strong><\/p>\n\n\n\n<p class=\"has-text-align-center\">Departament de Geografia<br>Universitat Aut\u00f2noma de Barcelona<br>abel.albet@uab.cat<\/p>\n<\/div>\n\n\n\n<div class=\"wp-block-column has-gris-pubilla-background-color has-background is-layout-flow wp-block-column-is-layout-flow\">\n<p class=\"has-text-align-center has-large-font-size\"><strong>Maria Borr\u00e0s<\/strong><\/p>\n\n\n\n<p class=\"has-text-align-center\">Departament de Geografia<br>Universitat de Girona<br>maria.borras@udg.edu<\/p>\n<\/div>\n\n\n\n<div class=\"wp-block-column has-gris-pubilla-background-color has-background is-layout-flow wp-block-column-is-layout-flow\">\n<p class=\"has-text-align-center has-large-font-size\"><strong>Amanada Braga<\/strong><\/p>\n\n\n\n<p class=\"has-text-align-center\">Departament de Geografia<br>Universitat de Girona<br>amanda.braga@udg.edu<\/p>\n<\/div>\n<\/div>\n\n\n\n<div class=\"wp-block-columns alignwide is-layout-flex wp-container-core-columns-is-layout-9d6595d7 wp-block-columns-is-layout-flex\">\n<div class=\"wp-block-column has-gris-pubilla-background-color has-background is-layout-flow wp-block-column-is-layout-flow\">\n<p class=\"has-text-align-center has-large-font-size\"><strong>M. Josefa Mosteiro Mosteiro<\/strong><\/p>\n\n\n\n<p class=\"has-text-align-center\">Departamento de Pedagox\u00eda e Did\u00e1ctica<br>Universida de Santiago de Compostela<br>pepa.mosteiro@usc.es<\/p>\n<\/div>\n\n\n\n<div class=\"wp-block-column has-gris-pubilla-background-color has-background is-layout-flow wp-block-column-is-layout-flow\">\n<p class=\"has-text-align-center has-large-font-size\"><strong>Beatriz Navarrete Sep\u00falveda<\/strong><\/p>\n\n\n\n<p class=\"has-text-align-center\">Departament de Geografia<br>Universitat Aut\u00f2noma de Barcelona<br>beatriz.navarrete@uab.cat<\/p>\n<\/div>\n\n\n\n<div class=\"wp-block-column has-gris-pubilla-background-color has-background is-layout-flow wp-block-column-is-layout-flow\">\n<p class=\"has-text-align-center has-large-font-size\"><strong>J\u00falia Pascual <\/strong><\/p>\n\n\n\n<p class=\"has-text-align-center\">Departament de Pol\u00edtiques i Ci\u00e8ncies Socials<br>Universitat Pompeu Fabra<br>julia.pascual@upf.edu<\/p>\n<\/div>\n<\/div>\n\n\n\n<div class=\"wp-block-columns alignwide is-layout-flex wp-container-core-columns-is-layout-9d6595d7 wp-block-columns-is-layout-flex\">\n<div class=\"wp-block-column has-gris-pubilla-background-color has-background is-layout-flow wp-block-column-is-layout-flow\">\n<p class=\"has-text-align-center has-large-font-size\"><strong>Ana Mar\u00eda Porto  <\/strong><\/p>\n\n\n\n<p class=\"has-text-align-center\">Departamento de Pedagog\u00eda y Did\u00e1ctica<br>Universida de Santiago de Compostela<br>anamaria.porto@usc.es<\/p>\n<\/div>\n\n\n\n<div class=\"wp-block-column has-gris-pubilla-background-color has-background is-layout-flow wp-block-column-is-layout-flow\">\n<p class=\"has-text-align-center has-large-font-size\"><strong>Federica Ravera <\/strong><\/p>\n\n\n\n<p class=\"has-text-align-center\">Departament de Geografia<br>Universitat de Girona<br>federica.ravera@udg.edu<\/p>\n<\/div>\n\n\n\n<div class=\"wp-block-column has-gris-pubilla-background-color has-background is-layout-flow wp-block-column-is-layout-flow\">\n<p class=\"has-text-align-center has-large-font-size\"><strong>Natalia Ribas <\/strong><\/p>\n\n\n\n<p class=\"has-text-align-center\">Departament de Traducci\u00f3 i Interpretaci\u00f3<br>Universitat Aut\u00f2noma de Barcelona<br>natalia.ribas.mateos@uab.cat<\/p>\n<\/div>\n<\/div>\n\n\n\n<div class=\"wp-block-columns alignwide is-layout-flex wp-container-core-columns-is-layout-9d6595d7 wp-block-columns-is-layout-flex\">\n<div class=\"wp-block-column has-gris-pubilla-background-color has-background is-layout-flow wp-block-column-is-layout-flow\">\n<p class=\"has-text-align-center has-large-font-size\"><strong>Maria Rod\u00f3 de Z\u00e1rate  <\/strong><\/p>\n\n\n\n<p class=\"has-text-align-center\">Departament de Pol\u00edtiques i Ci\u00e8ncies Socials<br>Universitat Pompeu Fabra<br>maria.rodo@upf.edu<\/p>\n<\/div>\n\n\n\n<div class=\"wp-block-column has-gris-pubilla-background-color has-background is-layout-flow wp-block-column-is-layout-flow\">\n<p class=\"has-text-align-center has-large-font-size\"><strong>Montserrat Villarino<\/strong><\/p>\n\n\n\n<p class=\"has-text-align-center\">Departament de Geografia<br>Universidade de Santiago de Compostela<br>federica.ravera@udg.edu<\/p>\n<\/div>\n\n\n\n<div class=\"wp-block-column is-layout-flow wp-block-column-is-layout-flow\"><\/div>\n<\/div>\n","protected":false},"excerpt":{"rendered":"<p>Abel Albet Departament de GeografiaUniversitat Aut\u00f2noma de Barcelonaabel.albet@uab.cat Maria Borr\u00e0s Departament de GeografiaUniversitat de Gironamaria.borras@udg.edu Amanada Braga Departament de GeografiaUniversitat de Gironaamanda.braga@udg.edu M. Josefa Mosteiro Mosteiro Departamento de Pedagox\u00eda e Did\u00e1cticaUniversida de Santiago de Compostelapepa.mosteiro@usc.es Beatriz Navarrete Sep\u00falveda Departament de GeografiaUniversitat Aut\u00f2noma de Barcelonabeatriz.navarrete@uab.cat J\u00falia Pascual Departament de Pol\u00edtiques i Ci\u00e8ncies SocialsUniversitat Pompeu Fabrajulia.pascual@upf.edu Ana [&hellip;]<\/p>\n","protected":false},"author":2819,"featured_media":0,"parent":0,"menu_order":0,"comment_status":"closed","ping_status":"closed","template":"","meta":{"footnotes":""},"class_list":["post-1231","page","type-page","status-publish","hentry"],"_links":{"self":[{"href":"https:\/\/webs.uab.cat\/geografia-genere\/wp-json\/wp\/v2\/pages\/1231","targetHints":{"allow":["GET"]}}],"collection":[{"href":"https:\/\/webs.uab.cat\/geografia-genere\/wp-json\/wp\/v2\/pages"}],"about":[{"href":"https:\/\/webs.uab.cat\/geografia-genere\/wp-json\/wp\/v2\/types\/page"}],"author":[{"embeddable":true,"href":"https:\/\/webs.uab.cat\/geografia-genere\/wp-json\/wp\/v2\/users\/2819"}],"replies":[{"embeddable":true,"href":"https:\/\/webs.uab.cat\/geografia-genere\/wp-json\/wp\/v2\/comments?post=1231"}],"version-history":[{"count":2,"href":"https:\/\/webs.uab.cat\/geografia-genere\/wp-json\/wp\/v2\/pages\/1231\/revisions"}],"predecessor-version":[{"id":2458,"href":"https:\/\/webs.uab.cat\/geografia-genere\/wp-json\/wp\/v2\/pages\/1231\/revisions\/2458"}],"wp:attachment":[{"href":"https:\/\/webs.uab.cat\/geografia-genere\/wp-json\/wp\/v2\/media?parent=1231"}],"curies":[{"name":"wp","href":"https:\/\/api.w.org\/{rel}","templated":true}]}}