{"id":1234,"date":"2024-10-01T15:05:33","date_gmt":"2024-10-01T13:05:33","guid":{"rendered":"https:\/\/webs.uab.cat\/geografia-genere\/?page_id=1234"},"modified":"2026-05-14T16:11:10","modified_gmt":"2026-05-14T14:11:10","slug":"doctorands-es-actuals","status":"publish","type":"page","link":"https:\/\/webs.uab.cat\/geografia-genere\/doctorands-es-actuals\/","title":{"rendered":"Doctorands\/es\u00a0actuals"},"content":{"rendered":"\n<div class=\"wp-block-columns alignwide is-layout-flex wp-container-core-columns-is-layout-9d6595d7 wp-block-columns-is-layout-flex\">\n<div class=\"wp-block-column has-gris-pubilla-background-color has-background is-layout-flow wp-block-column-is-layout-flow\">\n<p class=\"has-text-align-center has-large-font-size\"><strong>Elisabet Geli <\/strong><\/p>\n\n\n\n<p class=\"has-text-align-center\">Doctorat en Geografia<br>Universitat Aut\u00f2noma de Barcelona<\/p>\n<\/div>\n\n\n\n<div class=\"wp-block-column has-gris-pubilla-background-color has-background is-layout-flow wp-block-column-is-layout-flow\">\n<p class=\"has-text-align-center has-large-font-size\"><strong>Gonzalo Carmona <\/strong><\/p>\n\n\n\n<p class=\"has-text-align-center\">Doctorat en Geografia<br>Universitat Aut\u00f2noma de Barcelona<\/p>\n<\/div>\n\n\n\n<div class=\"wp-block-column has-gris-pubilla-background-color has-background is-layout-flow wp-block-column-is-layout-flow\">\n<p class=\"has-text-align-center has-large-font-size\"><strong>Stefany \u00c1lvarez<\/strong><\/p>\n\n\n\n<p class=\"has-text-align-center\">Doctorat en Geografia<br>Universitat Aut\u00f2noma de Barcelona<\/p>\n<\/div>\n<\/div>\n\n\n\n<div class=\"wp-block-columns alignwide is-layout-flex wp-container-core-columns-is-layout-9d6595d7 wp-block-columns-is-layout-flex\">\n<div class=\"wp-block-column has-gris-pubilla-background-color has-background is-layout-flow wp-block-column-is-layout-flow\">\n<p class=\"has-text-align-center has-large-font-size\"><strong>Nicole Chavez <\/strong><\/p>\n\n\n\n<p class=\"has-text-align-center has-small-font-size\">Doctorat Interuniversitari en Estudis de G\u00e8nere: Cultures, Societats i Pol\u00edtiques i Doctorat en Sociologia a Pontificia Universidad Cat\u00f3lica de Chile<\/p>\n<\/div>\n\n\n\n<div class=\"wp-block-column has-gris-pubilla-background-color has-background is-layout-flow wp-block-column-is-layout-flow\">\n<p class=\"has-text-align-center has-large-font-size\"><strong>Natalia Gonz\u00e1lez Ramos<\/strong><\/p>\n\n\n\n<p class=\"has-text-align-center has-small-font-size\">Doctorat Interuniversitari en Estudis de G\u00e8nere: Cultures, Societats i Pol\u00edtiques<\/p>\n<\/div>\n\n\n\n<div class=\"wp-block-column has-gris-pubilla-background-color has-background is-layout-flow wp-block-column-is-layout-flow\">\n<p class=\"has-text-align-center has-large-font-size\"><strong>Grisabella \u00cd\u00f1iguez <\/strong><\/p>\n\n\n\n<p class=\"has-text-align-center has-small-font-size\">Doctorat en Geografia<br>Universitat Aut\u00f2noma de Barcelona<\/p>\n<\/div>\n<\/div>\n\n\n\n<div class=\"wp-block-columns alignwide is-layout-flex wp-container-core-columns-is-layout-9d6595d7 wp-block-columns-is-layout-flex\">\n<div class=\"wp-block-column has-gris-pubilla-background-color has-background is-layout-flow wp-block-column-is-layout-flow\">\n<p class=\"has-text-align-center has-large-font-size\"><strong>Valentina Saavedra<\/strong><\/p>\n\n\n\n<p class=\"has-text-align-center has-small-font-size\">Doctorat en Geografia<br>Universitat Aut\u00f2noma de Barcelona<\/p>\n<\/div>\n\n\n\n<div class=\"wp-block-column has-gris-pubilla-background-color has-background is-layout-flow wp-block-column-is-layout-flow\">\n<p class=\"has-text-align-center has-large-font-size\"><strong>Laura Soler <\/strong><\/p>\n\n\n\n<p class=\"has-text-align-center has-small-font-size\">Doctorat en Geografia<br>Universitat Aut\u00f2noma de Barcelona<\/p>\n<\/div>\n\n\n\n<div class=\"wp-block-column has-gris-pubilla-background-color has-background is-layout-flow wp-block-column-is-layout-flow\">\n<p class=\"has-text-align-center has-large-font-size\"><strong>Beatriz Zumalave Rey <\/strong><\/p>\n\n\n\n<p class=\"has-text-align-center has-small-font-size\">Doctorat en Medi Ambient<br>Universitat de Girona<\/p>\n<\/div>\n<\/div>\n","protected":false},"excerpt":{"rendered":"<p>Elisabet Geli Doctorat en GeografiaUniversitat Aut\u00f2noma de Barcelona Gonzalo Carmona Doctorat en GeografiaUniversitat Aut\u00f2noma de Barcelona Stefany \u00c1lvarez Doctorat en GeografiaUniversitat Aut\u00f2noma de Barcelona Nicole Chavez Doctorat Interuniversitari en Estudis de G\u00e8nere: Cultures, Societats i Pol\u00edtiques i Doctorat en Sociologia a Pontificia Universidad Cat\u00f3lica de Chile Natalia Gonz\u00e1lez Ramos Doctorat Interuniversitari en Estudis de G\u00e8nere: [&hellip;]<\/p>\n","protected":false},"author":2819,"featured_media":0,"parent":0,"menu_order":0,"comment_status":"closed","ping_status":"closed","template":"","meta":{"footnotes":""},"class_list":["post-1234","page","type-page","status-publish","hentry"],"_links":{"self":[{"href":"https:\/\/webs.uab.cat\/geografia-genere\/wp-json\/wp\/v2\/pages\/1234","targetHints":{"allow":["GET"]}}],"collection":[{"href":"https:\/\/webs.uab.cat\/geografia-genere\/wp-json\/wp\/v2\/pages"}],"about":[{"href":"https:\/\/webs.uab.cat\/geografia-genere\/wp-json\/wp\/v2\/types\/page"}],"author":[{"embeddable":true,"href":"https:\/\/webs.uab.cat\/geografia-genere\/wp-json\/wp\/v2\/users\/2819"}],"replies":[{"embeddable":true,"href":"https:\/\/webs.uab.cat\/geografia-genere\/wp-json\/wp\/v2\/comments?post=1234"}],"version-history":[{"count":7,"href":"https:\/\/webs.uab.cat\/geografia-genere\/wp-json\/wp\/v2\/pages\/1234\/revisions"}],"predecessor-version":[{"id":2732,"href":"https:\/\/webs.uab.cat\/geografia-genere\/wp-json\/wp\/v2\/pages\/1234\/revisions\/2732"}],"wp:attachment":[{"href":"https:\/\/webs.uab.cat\/geografia-genere\/wp-json\/wp\/v2\/media?parent=1234"}],"curies":[{"name":"wp","href":"https:\/\/api.w.org\/{rel}","templated":true}]}}