{"id":1236,"date":"2024-10-01T15:06:41","date_gmt":"2024-10-01T13:06:41","guid":{"rendered":"https:\/\/webs.uab.cat\/geografia-genere\/?page_id=1236"},"modified":"2025-09-19T14:58:51","modified_gmt":"2025-09-19T12:58:51","slug":"historic-de-col-laboradors-es","status":"publish","type":"page","link":"https:\/\/webs.uab.cat\/geografia-genere\/historic-de-col-laboradors-es\/","title":{"rendered":"Hist\u00f2ric de col\u00b7laboradors\/es"},"content":{"rendered":"\n<p>(Membres i\/o col\u00b7laboradors\/es de projectes, Doctorands\/es, Visitants post-doctorals, Becaris\/es de col\u00b7laboraci\u00f3)<\/p>\n\n\n\n<div class=\"wp-block-columns alignwide is-layout-flex wp-container-core-columns-is-layout-9d6595d7 wp-block-columns-is-layout-flex\">\n<div class=\"wp-block-column has-gris-pubilla-background-color has-background is-layout-flow wp-block-column-is-layout-flow\">\n<p><\/p>\n\n\n\n<p class=\"has-text-align-center has-large-font-size\"><strong>Mireia Boya<\/strong><\/p>\n<\/div>\n\n\n\n<div class=\"wp-block-column has-gris-pubilla-background-color has-background is-layout-flow wp-block-column-is-layout-flow\">\n<p><\/p>\n\n\n\n<p class=\"has-text-align-center has-large-font-size\"><strong>Miguel Angel Castela<\/strong><\/p>\n<\/div>\n\n\n\n<div class=\"wp-block-column has-gris-pubilla-background-color has-background is-layout-flow wp-block-column-is-layout-flow\">\n<p><\/p>\n\n\n\n<p class=\"has-text-align-center has-large-font-size\"><strong>M\u00f2nica Carb\u00f3<\/strong><\/p>\n<\/div>\n<\/div>\n\n\n\n<div class=\"wp-block-columns alignwide is-layout-flex wp-container-core-columns-is-layout-9d6595d7 wp-block-columns-is-layout-flex\">\n<div class=\"wp-block-column has-gris-pubilla-background-color has-background is-layout-flow wp-block-column-is-layout-flow\">\n<p class=\"has-text-align-center has-large-font-size\"><strong>Vict\u00f2ria Cedro<\/strong><\/p>\n<\/div>\n\n\n\n<div class=\"wp-block-column has-gris-pubilla-background-color has-background is-layout-flow wp-block-column-is-layout-flow\">\n<p class=\"has-text-align-center has-large-font-size\"><strong>Rosa Cerarols<\/strong><\/p>\n<\/div>\n\n\n\n<div class=\"wp-block-column has-gris-pubilla-background-color has-background is-layout-flow wp-block-column-is-layout-flow\">\n<p class=\"has-text-align-center has-large-font-size\"><strong>Ariadna Cucurella<\/strong><\/p>\n<\/div>\n<\/div>\n\n\n\n<div class=\"wp-block-columns alignwide is-layout-flex wp-container-core-columns-is-layout-9d6595d7 wp-block-columns-is-layout-flex\">\n<div class=\"wp-block-column has-gris-pubilla-background-color has-background is-layout-flow wp-block-column-is-layout-flow\">\n<p class=\"has-text-align-center has-large-font-size\"><strong>Fabi\u00e0 D\u00edaz Cort\u00e9s<\/strong><\/p>\n<\/div>\n\n\n\n<div class=\"wp-block-column has-gris-pubilla-background-color has-background is-layout-flow wp-block-column-is-layout-flow\">\n<p class=\"has-text-align-center has-large-font-size\"><strong>Virg\u00ednia Dom\u00ednguez<\/strong><\/p>\n<\/div>\n\n\n\n<div class=\"wp-block-column has-gris-pubilla-background-color has-background is-layout-flow wp-block-column-is-layout-flow\">\n<p class=\"has-text-align-center has-large-font-size\"><strong>Luz Marina Garc\u00eda Herrera<\/strong><\/p>\n<\/div>\n<\/div>\n\n\n\n<div class=\"wp-block-columns alignwide is-layout-flex wp-container-core-columns-is-layout-9d6595d7 wp-block-columns-is-layout-flex\">\n<div class=\"wp-block-column has-gris-pubilla-background-color has-background is-layout-flow wp-block-column-is-layout-flow\">\n<p class=\"has-text-align-center has-large-font-size\"><strong>Mireia Garcia<\/strong><\/p>\n<\/div>\n\n\n\n<div class=\"wp-block-column has-gris-pubilla-background-color has-background is-layout-flow wp-block-column-is-layout-flow\">\n<p class=\"has-text-align-center has-large-font-size\"><strong>Aina Gom\u00e0<\/strong><\/p>\n<\/div>\n\n\n\n<div class=\"wp-block-column has-gris-pubilla-background-color has-background is-layout-flow wp-block-column-is-layout-flow\">\n<p class=\"has-text-align-center has-large-font-size\"><strong>Hanna Hamdam Cordero<\/strong><\/p>\n<\/div>\n<\/div>\n\n\n\n<div class=\"wp-block-columns alignwide is-layout-flex wp-container-core-columns-is-layout-9d6595d7 wp-block-columns-is-layout-flex\">\n<div class=\"wp-block-column has-gris-pubilla-background-color has-background is-layout-flow wp-block-column-is-layout-flow\">\n<p class=\"has-text-align-center has-large-font-size\"><strong>Adri\u00e1n Hern\u00e1ndez Cordero<\/strong><\/p>\n<\/div>\n\n\n\n<div class=\"wp-block-column has-gris-pubilla-background-color has-background is-layout-flow wp-block-column-is-layout-flow\">\n<p class=\"has-text-align-center has-large-font-size\"><strong>Antoni Luna<\/strong><\/p>\n<\/div>\n\n\n\n<div class=\"wp-block-column has-gris-pubilla-background-color has-background is-layout-flow wp-block-column-is-layout-flow\">\n<p class=\"has-text-align-center has-large-font-size\"><strong>Marina Mart\u00ednez<\/strong><\/p>\n<\/div>\n<\/div>\n\n\n\n<div class=\"wp-block-columns alignwide is-layout-flex wp-container-core-columns-is-layout-9d6595d7 wp-block-columns-is-layout-flex\">\n<div class=\"wp-block-column has-gris-pubilla-background-color has-background is-layout-flow wp-block-column-is-layout-flow\">\n<p class=\"has-text-align-center has-large-font-size\"><strong>Anna Monfort<\/strong><\/p>\n<\/div>\n\n\n\n<div class=\"wp-block-column has-gris-pubilla-background-color has-background is-layout-flow wp-block-column-is-layout-flow\">\n<p class=\"has-text-align-center has-large-font-size\"><strong>Janice Monk<\/strong><\/p>\n<\/div>\n\n\n\n<div class=\"wp-block-column has-gris-pubilla-background-color has-background is-layout-flow wp-block-column-is-layout-flow\">\n<p class=\"has-text-align-center has-large-font-size\"><strong>Andr\u00e9 Morais<\/strong><\/p>\n<\/div>\n<\/div>\n\n\n\n<div class=\"wp-block-columns alignwide is-layout-flex wp-container-core-columns-is-layout-9d6595d7 wp-block-columns-is-layout-flex\">\n<div class=\"wp-block-column has-gris-pubilla-background-color has-background is-layout-flow wp-block-column-is-layout-flow\">\n<p class=\"has-text-align-center has-large-font-size\"><strong>Magdalena Moreno<\/strong><\/p>\n<\/div>\n\n\n\n<div class=\"wp-block-column has-gris-pubilla-background-color has-background is-layout-flow wp-block-column-is-layout-flow\">\n<p class=\"has-text-align-center has-large-font-size\"><strong>Jordi Nofre<\/strong><\/p>\n<\/div>\n\n\n\n<div class=\"wp-block-column has-gris-pubilla-background-color has-background is-layout-flow wp-block-column-is-layout-flow\">\n<p class=\"has-text-align-center has-large-font-size\"><strong>Marcio Ornat<\/strong><\/p>\n<\/div>\n<\/div>\n\n\n\n<div class=\"wp-block-columns alignwide is-layout-flex wp-container-core-columns-is-layout-9d6595d7 wp-block-columns-is-layout-flex\">\n<div class=\"wp-block-column has-gris-pubilla-background-color has-background is-layout-flow wp-block-column-is-layout-flow\">\n<p class=\"has-text-align-center has-large-font-size\"><strong><strong>Paloma Puente<\/strong><\/strong><\/p>\n<\/div>\n\n\n\n<div class=\"wp-block-column has-gris-pubilla-background-color has-background is-layout-flow wp-block-column-is-layout-flow\">\n<p class=\"has-text-align-center has-large-font-size\"><strong>Herm\u00ednia Pujol<\/strong><\/p>\n<\/div>\n\n\n\n<div class=\"wp-block-column has-gris-pubilla-background-color has-background is-layout-flow wp-block-column-is-layout-flow\">\n<p class=\"has-text-align-center has-large-font-size\"><strong>Dafne Salda\u00f1a<\/strong><\/p>\n<\/div>\n<\/div>\n\n\n\n<div class=\"wp-block-group alignwide\"><div class=\"wp-block-group__inner-container is-layout-constrained wp-block-group-is-layout-constrained\">\n<div class=\"wp-block-columns alignwide is-layout-flex wp-container-core-columns-is-layout-9d6595d7 wp-block-columns-is-layout-flex\">\n<div class=\"wp-block-column has-gris-pubilla-background-color has-background is-layout-flow wp-block-column-is-layout-flow\">\n<p class=\"has-text-align-center has-large-font-size\"><strong><strong>Ana Carolina dos Santos<\/strong><\/strong><\/p>\n<\/div>\n\n\n\n<div class=\"wp-block-column has-gris-pubilla-background-color has-background is-layout-flow wp-block-column-is-layout-flow\">\n<p class=\"has-text-align-center has-large-font-size\"><strong>Anna Serra<\/strong><\/p>\n<\/div>\n\n\n\n<div class=\"wp-block-column has-gris-pubilla-background-color has-background is-layout-flow wp-block-column-is-layout-flow\">\n<p class=\"has-text-align-center has-large-font-size\"><strong>Azahara Sillero<\/strong><\/p>\n<\/div>\n<\/div>\n<\/div><\/div>\n\n\n\n<div class=\"wp-block-columns alignwide is-layout-flex wp-container-core-columns-is-layout-9d6595d7 wp-block-columns-is-layout-flex\">\n<div class=\"wp-block-column has-gris-pubilla-background-color has-background is-layout-flow wp-block-column-is-layout-flow\">\n<p class=\"has-text-align-center has-large-font-size\"><strong><strong>N\u00e9lyda Solana<\/strong><\/strong><\/p>\n<\/div>\n\n\n\n<div class=\"wp-block-column has-gris-pubilla-background-color has-background is-layout-flow wp-block-column-is-layout-flow\">\n<p class=\"has-text-align-center has-large-font-size\"><strong>Helena S\u00f2ria<\/strong><\/p>\n<\/div>\n\n\n\n<div class=\"wp-block-column has-gris-pubilla-background-color has-background is-layout-flow wp-block-column-is-layout-flow\">\n<p class=\"has-text-align-center has-large-font-size\"><strong>Camila Paula de Souza<\/strong><\/p>\n<\/div>\n<\/div>\n\n\n\n<div class=\"wp-block-columns alignwide is-layout-flex wp-container-core-columns-is-layout-9d6595d7 wp-block-columns-is-layout-flex\">\n<div class=\"wp-block-column has-gris-pubilla-background-color has-background is-layout-flow wp-block-column-is-layout-flow\">\n<p class=\"has-text-align-center has-large-font-size\"><strong><strong>Mariana Tafur<\/strong><\/strong><\/p>\n<\/div>\n\n\n\n<div class=\"wp-block-column has-gris-pubilla-background-color has-background is-layout-flow wp-block-column-is-layout-flow\">\n<p class=\"has-text-align-center has-large-font-size\"><strong>Brais Estevez Vilarinho<\/strong><\/p>\n<\/div>\n\n\n\n<div class=\"wp-block-column has-gris-pubilla-background-color has-background is-layout-flow wp-block-column-is-layout-flow\">\n<p class=\"has-text-align-center has-large-font-size\"><strong>Mariana Valderrama<\/strong><\/p>\n<\/div>\n<\/div>\n\n\n\n<div class=\"wp-block-group alignwide\"><div class=\"wp-block-group__inner-container is-layout-constrained wp-block-group-is-layout-constrained\">\n<div class=\"wp-block-columns alignwide is-layout-flex wp-container-core-columns-is-layout-9d6595d7 wp-block-columns-is-layout-flex\">\n<div class=\"wp-block-column has-gris-pubilla-background-color has-background is-layout-flow wp-block-column-is-layout-flow\">\n<p class=\"has-text-align-center has-large-font-size\"><strong><strong>Susana Veleda da Silva<\/strong><\/strong><\/p>\n<\/div>\n\n\n\n<div class=\"wp-block-column has-gris-pubilla-background-color has-background is-layout-flow wp-block-column-is-layout-flow\">\n<p class=\"has-text-align-center has-large-font-size\"><strong>Geanina Zagal Ehrenfeld<\/strong><\/p>\n<\/div>\n\n\n\n<div class=\"wp-block-column has-gris-pubilla-background-color has-background is-layout-flow wp-block-column-is-layout-flow\">\n<p class=\"has-text-align-center has-large-font-size\"><strong>Perla Zusman<\/strong><\/p>\n<\/div>\n<\/div>\n<\/div><\/div>\n\n\n\n<p><\/p>\n","protected":false},"excerpt":{"rendered":"<p>(Membres i\/o col\u00b7laboradors\/es de projectes, Doctorands\/es, Visitants post-doctorals, Becaris\/es de col\u00b7laboraci\u00f3) Mireia Boya Miguel Angel Castela M\u00f2nica Carb\u00f3 Vict\u00f2ria Cedro Rosa Cerarols Ariadna Cucurella Fabi\u00e0 D\u00edaz Cort\u00e9s Virg\u00ednia Dom\u00ednguez Luz Marina Garc\u00eda Herrera Mireia Garcia Aina Gom\u00e0 Hanna Hamdam Cordero Adri\u00e1n Hern\u00e1ndez Cordero Antoni Luna Marina Mart\u00ednez Anna Monfort Janice Monk Andr\u00e9 Morais Magdalena Moreno [&hellip;]<\/p>\n","protected":false},"author":2819,"featured_media":0,"parent":0,"menu_order":0,"comment_status":"closed","ping_status":"closed","template":"","meta":{"footnotes":""},"class_list":["post-1236","page","type-page","status-publish","hentry"],"_links":{"self":[{"href":"https:\/\/webs.uab.cat\/geografia-genere\/wp-json\/wp\/v2\/pages\/1236","targetHints":{"allow":["GET"]}}],"collection":[{"href":"https:\/\/webs.uab.cat\/geografia-genere\/wp-json\/wp\/v2\/pages"}],"about":[{"href":"https:\/\/webs.uab.cat\/geografia-genere\/wp-json\/wp\/v2\/types\/page"}],"author":[{"embeddable":true,"href":"https:\/\/webs.uab.cat\/geografia-genere\/wp-json\/wp\/v2\/users\/2819"}],"replies":[{"embeddable":true,"href":"https:\/\/webs.uab.cat\/geografia-genere\/wp-json\/wp\/v2\/comments?post=1236"}],"version-history":[{"count":5,"href":"https:\/\/webs.uab.cat\/geografia-genere\/wp-json\/wp\/v2\/pages\/1236\/revisions"}],"predecessor-version":[{"id":2559,"href":"https:\/\/webs.uab.cat\/geografia-genere\/wp-json\/wp\/v2\/pages\/1236\/revisions\/2559"}],"wp:attachment":[{"href":"https:\/\/webs.uab.cat\/geografia-genere\/wp-json\/wp\/v2\/media?parent=1236"}],"curies":[{"name":"wp","href":"https:\/\/api.w.org\/{rel}","templated":true}]}}