{"id":1245,"date":"2024-10-02T11:27:54","date_gmt":"2024-10-02T09:27:54","guid":{"rendered":"https:\/\/webs.uab.cat\/geografia-genere\/?page_id=1245"},"modified":"2024-10-25T15:57:12","modified_gmt":"2024-10-25T13:57:12","slug":"noticies","status":"publish","type":"page","link":"https:\/\/webs.uab.cat\/geografia-genere\/noticies\/","title":{"rendered":"Not\u00edcies"},"content":{"rendered":"\n<div class=\"wp-block-query is-layout-flow wp-block-query-is-layout-flow\"><ul class=\"wp-block-post-template is-layout-flow wp-block-post-template-is-layout-flow\"><li class=\"wp-block-post post-2691 post type-post status-publish format-standard hentry category-general category-noticies\">\n<h2 class=\"alignwide wp-block-post-title\">Maria Prats, membre del Grup de Recerca en Geografia i G\u00e8nere, reconeguda en l\u2019acte del 8M<\/h2>\n\n<div class=\"wp-block-post-excerpt\"><p class=\"wp-block-post-excerpt__excerpt\">El passat dilluns 9 de mar\u00e7, durant l\u2019acte institucional del Dia Internacional de les Dones Treballadores, la Universitat Aut\u00f2noma de Barcelona va retre homenatge a Maria Prats, professora i membre del Grup de Recerca en Geografia i G\u00e8nere, per la seva traject\u00f2ria i la seva contribuci\u00f3 a la&hellip; <a class=\"wp-block-post-excerpt__more-link\" href=\"https:\/\/webs.uab.cat\/geografia-genere\/2026\/03\/13\/maria-prats-membre-del-grup-de-recerca-en-geografia-i-genere-reconeguda-en-lacte-del-8m\/\">\u00abLlegir m\u00e9s\u00bb<\/a><\/p><\/div>\n<\/li><li class=\"wp-block-post post-2658 post type-post status-publish format-standard hentry category-general category-noticies\">\n<h2 class=\"alignwide wp-block-post-title\">\u201cMujeres, territorio y arte popular\u201d: seminari sobre l\u2019art de les puntaires<\/h2>\n\n<div class=\"wp-block-post-excerpt\"><p class=\"wp-block-post-excerpt__excerpt\">El passat divendres 27 de febrer de 2026, el Grup de Recerca en Geografia i G\u00e8nere va organitzar el seminari \u201cMujeres, territorio y arte popular. Las asociaciones de puntaires como modelo de preservaci\u00f3n de la cultura catalana\u201d, a c\u00e0rrec de la Dra. Beatriz Navarrete. La sessi\u00f3 es va&hellip; <a class=\"wp-block-post-excerpt__more-link\" href=\"https:\/\/webs.uab.cat\/geografia-genere\/2026\/03\/13\/mujeres-territorio-y-arte-popular-seminari-sobre-lart-de-les-puntaires\/\">\u00abLlegir m\u00e9s\u00bb<\/a><\/p><\/div>\n<\/li><li class=\"wp-block-post post-2596 post type-post status-publish format-standard hentry category-general category-noticies\">\n<h2 class=\"alignwide wp-block-post-title\">Seminari sobre cures i pand\u00e8mia<\/h2>\n\n<div class=\"wp-block-post-excerpt\"><p class=\"wp-block-post-excerpt__excerpt\">El passat divendres 23 de gener de 2026 va tenir lloc el seminari \u201cCuidar en temps de pand\u00e8mia. Reflexions metodol\u00f2giques&#8221; La sessi\u00f3 va anar a c\u00e0rrec de Dolors Comas d\u2019Argemir, professora del Departament d\u2019Antropologia, Filosofia i Treball Social de la Universitat Rovira i Virgili, que va presentar els&hellip; <a class=\"wp-block-post-excerpt__more-link\" href=\"https:\/\/webs.uab.cat\/geografia-genere\/2026\/01\/27\/seminari-sobre-cures-i-pandemia\/\">\u00abLlegir m\u00e9s\u00bb<\/a><\/p><\/div>\n<\/li><\/ul>\n\n<nav class=\"wp-block-query-pagination is-layout-flex wp-block-query-pagination-is-layout-flex\" aria-label=\"Paginaci\u00f3\">\n\n\n<div class=\"wp-block-query-pagination-numbers\"><span aria-current=\"page\" class=\"page-numbers current\">1<\/span>\n<a class=\"page-numbers\" href=\"?query-0-page=2\">2<\/a>\n<a class=\"page-numbers\" href=\"?query-0-page=3\">3<\/a>\n<span class=\"page-numbers dots\">&hellip;<\/span>\n<a class=\"page-numbers\" href=\"?query-0-page=20\">20<\/a><\/div>\n\n<a href=\"\/geografia-genere\/wp-json\/wp\/v2\/pages\/1245?query-0-page=2\" class=\"wp-block-query-pagination-next\">P\u00e0gina seg\u00fcent<\/a>\n<\/nav>\n\n\n<p><\/p>\n<\/div>\n","protected":false},"excerpt":{"rendered":"","protected":false},"author":2819,"featured_media":0,"parent":0,"menu_order":0,"comment_status":"closed","ping_status":"closed","template":"","meta":{"footnotes":""},"class_list":["post-1245","page","type-page","status-publish","hentry"],"_links":{"self":[{"href":"https:\/\/webs.uab.cat\/geografia-genere\/wp-json\/wp\/v2\/pages\/1245","targetHints":{"allow":["GET"]}}],"collection":[{"href":"https:\/\/webs.uab.cat\/geografia-genere\/wp-json\/wp\/v2\/pages"}],"about":[{"href":"https:\/\/webs.uab.cat\/geografia-genere\/wp-json\/wp\/v2\/types\/page"}],"author":[{"embeddable":true,"href":"https:\/\/webs.uab.cat\/geografia-genere\/wp-json\/wp\/v2\/users\/2819"}],"replies":[{"embeddable":true,"href":"https:\/\/webs.uab.cat\/geografia-genere\/wp-json\/wp\/v2\/comments?post=1245"}],"version-history":[{"count":5,"href":"https:\/\/webs.uab.cat\/geografia-genere\/wp-json\/wp\/v2\/pages\/1245\/revisions"}],"predecessor-version":[{"id":1489,"href":"https:\/\/webs.uab.cat\/geografia-genere\/wp-json\/wp\/v2\/pages\/1245\/revisions\/1489"}],"wp:attachment":[{"href":"https:\/\/webs.uab.cat\/geografia-genere\/wp-json\/wp\/v2\/media?parent=1245"}],"curies":[{"name":"wp","href":"https:\/\/api.w.org\/{rel}","templated":true}]}}