{"id":49,"date":"2015-05-07T13:35:55","date_gmt":"2015-05-07T13:35:55","guid":{"rendered":"http:\/\/geografia.uab.cat\/genere1\/?page_id=49"},"modified":"2025-07-17T11:07:59","modified_gmt":"2025-07-17T09:07:59","slug":"activitat-cientifica","status":"publish","type":"page","link":"https:\/\/webs.uab.cat\/geografia-genere\/activitat-cientifica\/","title":{"rendered":"Projectes de recerca"},"content":{"rendered":"\n<h2 class=\"wp-block-heading alignwide has-verd-tropic-color has-text-color has-link-color wp-elements-53cb52e0343a1a3a018f4784a9df1cbe\"><strong>\u201cProcesos de re-ruralizaci\u00f3n y re-feminizaci\u00f3n en el medio rural. An\u00e1lisis desde la geograf\u00eda del g\u00e9nero\u201d<\/strong><\/h2>\n\n\n\n<div class=\"wp-block-columns alignwide has-gris-pubilla-background-color has-background is-layout-flex wp-container-core-columns-is-layout-9d6595d7 wp-block-columns-is-layout-flex\">\n<div class=\"wp-block-column is-layout-flow wp-block-column-is-layout-flow\" style=\"flex-basis:33.33%\"><\/div>\n\n\n\n<div class=\"wp-block-column is-layout-flow wp-block-column-is-layout-flow\" style=\"flex-basis:66.66%\">\n<p>Aquest projecte pret\u00e9n analitzar els processos de&nbsp; &nbsp;re-ruralitzaci\u00f3 i de re-feminitzaci\u00f3 en el medi rural actual des de la perspectiva de g\u00e8nere i interseccional. \u00c9s a dir, processos inversos a la despoblaci\u00f3 rural, en concret l&#8217;arribada de persones adultes joves amb formaci\u00f3 universit\u00e0ria i amb iniciatives professionals pr\u00f2pies. Es tracta de con\u00e8ixer iniciatives d&#8217;emprenedoria des de baix, en diferents sectors liderades per actors molt formats que poden il\u00b7lustrar respostes locals de revitalitzaci\u00f3 rural. Aix\u00ed mateix, es treballa l&#8217;experi\u00e8ncia quotidiana de les persones joves que viuen actualment al medi rural i com perceben el seu futur en aquest territori. Aquesta investigaci\u00f3 posa el focus en algunes din\u00e0miques del medi rural poc conegudes, per\u00f2 molt rellevants per comprendre la situaci\u00f3 actual i futura del medi rural.<\/p>\n\n\n\n<ul class=\"wp-block-list\">\n<li><strong>Data d\u2019inici: <\/strong>1\/06\/2020<\/li>\n\n\n\n<li><strong>Data de finalitzaci\u00f3:<\/strong> 31\/05\/2024<\/li>\n\n\n\n<li><strong>Entitat finan\u00e7adora:<\/strong> Ministerio de Ciencia e Innovaci\u00f3n. PID2019-105773RB-100<\/li>\n\n\n\n<li><strong>Investigadora responsable:<\/strong> Mireia Baylina Ferr\u00e9<\/li>\n\n\n\n<li><strong>Membres del grup que hi participen: <\/strong>Margot&nbsp;Mecca , Maria&nbsp;Rod\u00f3 de Zarate, Maria Dolors&nbsp;Garcia Ramon, Anna&nbsp;Ortiz Guitart, Maria Prats Ferret, Amanda Braga de Melo Fadigas, Maria Josefa Mosteiro Garcia, Isabel Salama\u00f1a Serra i Laura Soler Rodriguez.<\/li>\n<\/ul>\n<\/div>\n<\/div>\n\n\n\n<h2 class=\"wp-block-heading alignwide has-verd-tropic-color has-text-color has-link-color wp-elements-8b55b4f0edb8736a491c2216df4f2f5e\"><strong>\u201cChild poverty and neighbourhood opportunity structures: managing on low income in Barcelona\u201d<\/strong><\/h2>\n\n\n\n<div class=\"wp-block-columns alignwide has-gris-pubilla-background-color has-background is-layout-flex wp-container-core-columns-is-layout-9d6595d7 wp-block-columns-is-layout-flex\">\n<div class=\"wp-block-column is-layout-flow wp-block-column-is-layout-flow\" style=\"flex-basis:33.33%\"><\/div>\n\n\n\n<div class=\"wp-block-column is-layout-flow wp-block-column-is-layout-flow\" style=\"flex-basis:66.66%\">\n<p>Aquest projecte pret\u00e9n avaluar com les llars de baixos ingressos amb fills de Barcelona gestionen els recursos de qu\u00e8 disposen (inclosos ingressos, per\u00f2 tamb\u00e9 xarxes, serveis p\u00fablics i privats) per fer front a les situacions de vulnerabilitat.<\/p>\n\n\n\n<ul class=\"wp-block-list\">\n<li><strong>Data d\u2019inici: <\/strong>22\/12\/2022<\/li>\n\n\n\n<li><strong>Data de finalitzaci\u00f3:<\/strong> 23\/06\/2024<\/li>\n\n\n\n<li><strong>Entitat finan\u00e7adora:<\/strong> Ajuntament de Barcelona. 22S509414-001<\/li>\n\n\n\n<li><strong>Investigadora responsable:<\/strong> Alba Lanau (Centre d\u2019Estudis Demogr\u00e0fics, UAB)<\/li>\n\n\n\n<li><strong>Membres del grup que hi participen: <\/strong>Anna Ortiz<\/li>\n<\/ul>\n<\/div>\n<\/div>\n\n\n\n<h2 class=\"wp-block-heading alignwide has-verd-tropic-color has-text-color has-link-color wp-elements-7870d6cc0a65fb259f22e4462910e61a\"><strong>\u201cFostering Queer Feminist Intersectional Resistances against Transnational Anti-Gender Politics (RESIST)\u201d<\/strong><\/h2>\n\n\n\n<div class=\"wp-block-columns alignwide has-gris-pubilla-background-color has-background is-layout-flex wp-container-core-columns-is-layout-9d6595d7 wp-block-columns-is-layout-flex\">\n<div class=\"wp-block-column is-layout-flow wp-block-column-is-layout-flow\" style=\"flex-basis:33.33%\"><\/div>\n\n\n\n<div class=\"wp-block-column is-layout-flow wp-block-column-is-layout-flow\" style=\"flex-basis:66.66%\">\n<p>RESIST aborda les pol\u00edtiques &#8220;antig\u00e8nere&#8221; que posen en perill la igualtat, la diversitat de g\u00e8nere i sexual, i la legitimitat del coneixement cr\u00edtic a l&#8217;Europa contempor\u00e0nia. El que \u00e9s crucial pel projecte \u00e9s con\u00e8ixer les pr\u00e0ctiques feministes i queer de resist\u00e8ncia contra les pol\u00edtiques &#8220;antig\u00e8nere&#8221;, com funcionen i es teoritzen en col\u00b7lectius i organitzacions aut\u00f2nomes de base en els nostres casos de 8 pa\u00efsos: Irlanda, Espanya, Bielor\u00fassia, Fran\u00e7a, Su\u00efssa, Pol\u00f2nia, Alemanya, Gr\u00e8cia i en un cas transnacional de persones que viuen a l&#8217;exili a causa de la pol\u00edtica &#8220;antig\u00e8nere&#8221;.<\/p>\n\n\n\n<ul class=\"wp-block-list\">\n<li><strong>Data d\u2019inici: <\/strong>01\/10\/2022<\/li>\n\n\n\n<li><strong>Data de finalitzaci\u00f3:<\/strong> 30\/09\/2026<\/li>\n\n\n\n<li><strong>Entitat finan\u00e7adora:<\/strong> European Comission HORIZON-CL2-2021-DEMOCRACY-01-03<\/li>\n\n\n\n<li><strong>Investigadora responsable:<\/strong> Maria Rod\u00f3-Z\u00e1rate (UPF)<\/li>\n\n\n\n<li><strong>Membres del grup que hi participen: <\/strong>Maria Rod\u00f3-Z\u00e1rate<\/li>\n<\/ul>\n<\/div>\n<\/div>\n\n\n\n<h2 class=\"wp-block-heading alignwide has-verd-tropic-color has-text-color has-link-color wp-elements-d28d762fbe770f048e034331f33b61a4\"><strong>\u201cMapping intersectionality: a conceptual and methodological model for the study of inequalities and discriminations (INTERMAPS)\u201d<\/strong><\/h2>\n\n\n\n<div class=\"wp-block-columns alignwide has-gris-pubilla-background-color has-background is-layout-flex wp-container-core-columns-is-layout-9d6595d7 wp-block-columns-is-layout-flex\">\n<div class=\"wp-block-column is-layout-flow wp-block-column-is-layout-flow\" style=\"flex-basis:33.33%\"><\/div>\n\n\n\n<div class=\"wp-block-column is-layout-flow wp-block-column-is-layout-flow\" style=\"flex-basis:66.66%\">\n<p>INTERMAPS vol contribuir a entendre com es (re)produeixen les desigualtats estructurals i com afecten de manera diferent la vida quotidiana de les persones, construint ponts entre les teories feministes i postcolonials, les geografies cr\u00edtiques i les ci\u00e8ncies pol\u00edtiques i socials.<\/p>\n\n\n\n<ul class=\"wp-block-list\">\n<li><strong>Data d\u2019inici: <\/strong>01\/09\/2022<\/li>\n\n\n\n<li><strong>Data de finalitzaci\u00f3:<\/strong> 31\/08\/2027<\/li>\n\n\n\n<li><strong>Entitat finan\u00e7adora:<\/strong> European Research Council&nbsp;(ERC) Starting Grant&nbsp;2021. 101039447<\/li>\n\n\n\n<li><strong>Investigadora responsable:<\/strong> Maria Rod\u00f3-Z\u00e1rate (UPF)<\/li>\n\n\n\n<li><strong>Membres del grup que hi participen: <\/strong>Maria Rod\u00f3-Z\u00e1rate<\/li>\n<\/ul>\n<\/div>\n<\/div>\n\n\n\n<h2 class=\"wp-block-heading alignwide has-verd-tropic-color has-text-color has-link-color wp-elements-2dd88f5d40b1815e27a5a8ec4095d85b\"><strong>\u201cSocial Isolation and Loneliness among the Urban Elderly: Analysis and Policy Recommendations for the City of Barcelona (GRANBCN)\u201d<\/strong><\/h2>\n\n\n\n<div class=\"wp-block-columns alignwide has-gris-pubilla-background-color has-background is-layout-flex wp-container-core-columns-is-layout-9d6595d7 wp-block-columns-is-layout-flex\">\n<div class=\"wp-block-column is-layout-flow wp-block-column-is-layout-flow\" style=\"flex-basis:33.33%\"><\/div>\n\n\n\n<div class=\"wp-block-column is-layout-flow wp-block-column-is-layout-flow\" style=\"flex-basis:66.66%\">\n<p>GRANBCN vol analitzar l\u2019impacte de l\u2019envelliment, el canvi urb\u00e0 i la seva interacci\u00f3 als diferents barris de la ciutat. Tamb\u00e9 se centra en examinar els processos d\u2019intervenci\u00f3 social per donar suport emocional a la gent gran que se sent sola.<\/p>\n\n\n\n<ul class=\"wp-block-list\">\n<li><strong>Data d\u2019inici: <\/strong>10\/12\/2021<\/li>\n\n\n\n<li><strong>Data de finalitzaci\u00f3:<\/strong> 10\/06\/2023<\/li>\n\n\n\n<li><strong>Entitat finan\u00e7adora:<\/strong> Pla Barcelona Ci\u00e8ncia 2021, subvencions extraordin\u00e0ries per a la recerca i la innovaci\u00f3 en col\u00b7laboraci\u00f3 amb la Fundaci\u00f3 &#8220;la Caixa&#8221;. 21S09290- 001<\/li>\n\n\n\n<li><strong>Investigadora responsable:<\/strong> Pilar Zueras Castillo (Centre d\u2019Estudis Demogr\u00e0fics, UAB)<\/li>\n\n\n\n<li><strong>Membres del grup que hi participen: <\/strong>Anna Ortiz Guitart<\/li>\n<\/ul>\n<\/div>\n<\/div>\n\n\n\n<h2 class=\"wp-block-heading alignwide has-verd-tropic-color has-text-color has-link-color wp-elements-5855d5eecf122fa701003f08ec67ff13\"><strong>\u201cGeographies of sexualities and the right to the city: an emotional and intersectional for the case of LGTBI community (SEXITY)\u201d<\/strong><\/h2>\n\n\n\n<div class=\"wp-block-columns alignwide is-layout-flex wp-container-core-columns-is-layout-9d6595d7 wp-block-columns-is-layout-flex\">\n<div class=\"wp-block-column is-layout-flow wp-block-column-is-layout-flow\" style=\"flex-basis:33.33%\"><\/div>\n\n\n\n<div class=\"wp-block-column is-layout-flow wp-block-column-is-layout-flow\" style=\"flex-basis:66.66%\">\n<p>Aquest projecte t\u00e9 com a objectiu desenvolupar noves conceptualitzacions i metodologies per recollir, analitzar i visualitzar les desigualtats que poden contribuir a una millor comprensi\u00f3 de la din\u00e0mica de poder i a ciutats m\u00e9s inclusives i igualit\u00e0ries. L\u2019enfocament en el col\u00b7lectiu LGTBI (Lesbian, Gay, Trans, Bisexual i Intersex), considerant la seva diversitat en termes d\u2019origen, identitat religiosa, \u00e8tnia, classe social, discapacitat o edat, no nom\u00e9s pot donar compte de les discriminacions basades en les orientacions sexuals i la identitat de g\u00e8nere, sin\u00f3 tamb\u00e9 permetre una conceptualitzaci\u00f3 interseccional d\u2019aquestes.<\/p>\n\n\n\n<ul class=\"wp-block-list\">\n<li><strong>Data d\u2019inici: <\/strong>01\/09\/2021<\/li>\n\n\n\n<li><strong>Data de finalitzaci\u00f3:<\/strong> 01\/08\/2024<\/li>\n\n\n\n<li><strong>Entitat finan\u00e7adora:<\/strong> Ministerio de Ciencia e Innovaci\u00f3n. PID2020-118661RA-I00<\/li>\n\n\n\n<li><strong>Investigadora responsable:<\/strong> Maria Rod\u00f3-Z\u00e1rate (UPF)<\/li>\n\n\n\n<li><strong>Membres del grup que hi participen: <\/strong>Maria Rod\u00f3-Z\u00e1rate<\/li>\n<\/ul>\n<\/div>\n<\/div>\n\n\n\n<h2 class=\"wp-block-heading alignwide has-verd-tropic-color has-text-color has-link-color wp-elements-7acc3102cfb97f67d81ada595b3ab1c4\"><strong>\u201cParejas mixtas entre poblaci\u00f3n gitana y no-gitana: una aproximaci\u00f3n te\u00f3rica con prospecci\u00f3n etnogr\u00e1fica en el \u00c1rea Metropolitana de Barcelona\u201d<\/strong><\/h2>\n\n\n\n<div class=\"wp-block-columns alignwide is-layout-flex wp-container-core-columns-is-layout-9d6595d7 wp-block-columns-is-layout-flex\">\n<div class=\"wp-block-column is-layout-flow wp-block-column-is-layout-flow\" style=\"flex-basis:33.33%\"><\/div>\n\n\n\n<div class=\"wp-block-column is-layout-flow wp-block-column-is-layout-flow\" style=\"flex-basis:66.66%\">\n<p>(*)<\/p>\n\n\n\n<ul class=\"wp-block-list\">\n<li><strong>Data d\u2019inici: <\/strong>10\/12\/2021<\/li>\n\n\n\n<li><strong>Data de finalitzaci\u00f3:<\/strong> 10\/06\/2023<\/li>\n\n\n\n<li><strong>Entitat finan\u00e7adora:<\/strong> C\u00e1tedra de Cultura Gitana de la Universidad de Alicante, BOUA. CATEDRA_CULTURA_GITANA_2020<\/li>\n\n\n\n<li><strong>Investigadora responsable:<\/strong> Dan Rodr\u00edguez Garc\u00eda (UAB)<\/li>\n\n\n\n<li><strong>Membres del grup que hi participen: <\/strong>Anna Ortiz Guitart<\/li>\n<\/ul>\n<\/div>\n<\/div>\n\n\n\n<h2 class=\"wp-block-heading alignwide has-verd-tropic-color has-text-color has-link-color wp-elements-30c5c1e61a4b81f38dc9071da810d393\"><strong>\u201cDin\u00e1micas de mixticidad en poblaci\u00f3n gitana de Catalu\u00f1a: relaciones inter\u00e9tnicas, aculturaci\u00f3n y procesos de inclusi\u00f3n y exclusi\u00f3n social (GITMIX)\u201d<\/strong><\/h2>\n\n\n\n<div class=\"wp-block-columns alignwide is-layout-flex wp-container-core-columns-is-layout-9d6595d7 wp-block-columns-is-layout-flex\">\n<div class=\"wp-block-column is-layout-flow wp-block-column-is-layout-flow\" style=\"flex-basis:33.33%\"><\/div>\n\n\n\n<div class=\"wp-block-column is-layout-flow wp-block-column-is-layout-flow\" style=\"flex-basis:66.66%\">\n<p>L&#8217;objectiu general d\u2019aquests dos projectes \u00e9s analitzar les din\u00e0miques de mixticitat (unions inter-\u00e8tniques i els seus descendents) de poblaci\u00f3 gitana a Catalunya, en relaci\u00f3 amb l\u2019atenci\u00f3 a la diversitat i als processos d\u2019interculturalitat, entesa com el proc\u00e9s interactiu de conviv\u00e8ncia en la diversitat, amb participaci\u00f3 plena i interacci\u00f3 social entre tots els seus membres m\u00e9s enll\u00e0 del simple reconeixement, i que porta a la formaci\u00f3 d\u2019una societat plural i cohesionada. Partint de la base de qu\u00e8 les cultures no son est\u00e0tiques, s\u2019estudia la relaci\u00f3 entre la mixticitat i els processos d\u2019aculturaci\u00f3, \u00e9s a dir, de canvi i manteniment cultural intergeneracional de valors, normes i comportaments culturals, en particular referents a la identitat cultural, les relacions de g\u00e8nere i els processos de discriminaci\u00f3 relacionats amb l\u2019antigitanisme.<\/p>\n\n\n\n<ul class=\"wp-block-list\">\n<li><strong>Data d\u2019inici: <\/strong>01\/09\/2021<\/li>\n\n\n\n<li><strong>Data de finalitzaci\u00f3:<\/strong> 31\/08\/2025<\/li>\n\n\n\n<li><strong>Entitat finan\u00e7adora:<\/strong> Ministerio de Ciencia e Innovaci\u00f3n. PID2020-116966RB-I00<\/li>\n\n\n\n<li><strong>Investigadora responsable:<\/strong> Dan Rodr\u00edguez Garc\u00eda (UAB)<\/li>\n\n\n\n<li><strong>Membres del grup que hi participen: <\/strong>Anna Ortiz Guitart<\/li>\n<\/ul>\n<\/div>\n<\/div>\n","protected":false},"excerpt":{"rendered":"<p>\u201cProcesos de re-ruralizaci\u00f3n y re-feminizaci\u00f3n en el medio rural. An\u00e1lisis desde la geograf\u00eda del g\u00e9nero\u201d Aquest projecte pret\u00e9n analitzar els processos de&nbsp; &nbsp;re-ruralitzaci\u00f3 i de re-feminitzaci\u00f3 en el medi rural actual des de la perspectiva de g\u00e8nere i interseccional. \u00c9s a dir, processos inversos a la despoblaci\u00f3 rural, en concret l&#8217;arribada de persones adultes joves [&hellip;]<\/p>\n","protected":false},"author":2826,"featured_media":0,"parent":0,"menu_order":0,"comment_status":"closed","ping_status":"closed","template":"","meta":{"footnotes":""},"class_list":["post-49","page","type-page","status-publish","hentry"],"_links":{"self":[{"href":"https:\/\/webs.uab.cat\/geografia-genere\/wp-json\/wp\/v2\/pages\/49","targetHints":{"allow":["GET"]}}],"collection":[{"href":"https:\/\/webs.uab.cat\/geografia-genere\/wp-json\/wp\/v2\/pages"}],"about":[{"href":"https:\/\/webs.uab.cat\/geografia-genere\/wp-json\/wp\/v2\/types\/page"}],"author":[{"embeddable":true,"href":"https:\/\/webs.uab.cat\/geografia-genere\/wp-json\/wp\/v2\/users\/2826"}],"replies":[{"embeddable":true,"href":"https:\/\/webs.uab.cat\/geografia-genere\/wp-json\/wp\/v2\/comments?post=49"}],"version-history":[{"count":3,"href":"https:\/\/webs.uab.cat\/geografia-genere\/wp-json\/wp\/v2\/pages\/49\/revisions"}],"predecessor-version":[{"id":2478,"href":"https:\/\/webs.uab.cat\/geografia-genere\/wp-json\/wp\/v2\/pages\/49\/revisions\/2478"}],"wp:attachment":[{"href":"https:\/\/webs.uab.cat\/geografia-genere\/wp-json\/wp\/v2\/media?parent=49"}],"curies":[{"name":"wp","href":"https:\/\/api.w.org\/{rel}","templated":true}]}}