{"id":1809,"date":"2009-05-25T13:07:54","date_gmt":"2009-05-25T11:07:54","guid":{"rendered":"https:\/\/webs.uab.cat\/gepe\/inici\/"},"modified":"2023-03-03T14:02:27","modified_gmt":"2023-03-03T12:02:27","slug":"inici","status":"publish","type":"page","link":"https:\/\/webs.uab.cat\/gepe\/","title":{"rendered":"Web del GEPE-GRECSE"},"content":{"rendered":"\n<figure class=\"wp-block-image size-large\"><img loading=\"lazy\" decoding=\"async\" width=\"1024\" height=\"683\" src=\"https:\/\/webs.uab.cat\/gepe\/wp-content\/uploads\/sites\/239\/2023\/03\/250522CAR-48-1024x683.jpg\" alt=\"\" class=\"wp-image-2277\" srcset=\"https:\/\/webs.uab.cat\/gepe\/wp-content\/uploads\/sites\/239\/2023\/03\/250522CAR-48-1024x683.jpg 1024w, https:\/\/webs.uab.cat\/gepe\/wp-content\/uploads\/sites\/239\/2023\/03\/250522CAR-48-300x200.jpg 300w, https:\/\/webs.uab.cat\/gepe\/wp-content\/uploads\/sites\/239\/2023\/03\/250522CAR-48-768x512.jpg 768w, https:\/\/webs.uab.cat\/gepe\/wp-content\/uploads\/sites\/239\/2023\/03\/250522CAR-48-1200x800.jpg 1200w, https:\/\/webs.uab.cat\/gepe\/wp-content\/uploads\/sites\/239\/2023\/03\/250522CAR-48.jpg 1440w\" sizes=\"auto, (max-width: 1024px) 100vw, 1024px\" \/><\/figure>\n\n\n\n<p>El Grup d\u2019estudis de Psicologia de l\u2019Activitat F\u00edsica i l&#8217;Esport (GEPE) est\u00e0 reconegut com a nom espec\u00edfic per part de la UAB\u00a0 des de 1996 i t\u00e9 els seus or\u00edgens en els projectes de recerca sobre assessorament a entrenadors que el professor Jaume Cruz va comen\u00e7ar durant els anys 80.<\/p>\n\n\n\n<p>Actualment, el GEPE forma part de l&#8217;Institut de Recerca de l&#8217;Esport de la Universitat Aut\u00f2noma de Barcelona (IRE-UAB) i s&#8217;integra en el Grup de Recerca en Ci\u00e8ncies Socials en l&#8217;Esport (GRECSE; 2021-SGR-00204) reconegut per la Generalitat de Catalunya. <\/p>\n\n\n\n<p>En el darrer quinquenni, els membres del GEPE-GRECSE han coordinat i participat en 6 projectes europeus, dos projectes d\u2019I+D, i diversos projectes subvencionats per entitats p\u00fabliques i privades. Els nostres membres han publicat m\u00e9s de 20 articles en revistes indexades a l\u2019ISI, a m\u00e9s de llibres i cap\u00edtols que han esdevingut una refer\u00e8ncia en psicologia de l\u2019esport. Pel que respecta a la formaci\u00f3, s&#8217;han defensat 7 tesis doctorals a m\u00e9s d\u2019organitzar i impartir doc\u00e8ncia en el m\u00e0ster oficial de psicologia de l\u2019activitat f\u00edsica i l\u2019esport de la UAB i l\u2019INEFC. Tamb\u00e9 han realitzat diferents accions de transfer\u00e8ncia en coordinaci\u00f3 amb federacions i organitzacions esportives.<\/p>\n","protected":false},"excerpt":{"rendered":"<p>El Grup d\u2019estudis de Psicologia de l\u2019Activitat F\u00edsica i l&#8217;Esport (GEPE) est\u00e0 reconegut com a nom espec\u00edfic per part de la UAB\u00a0 des de 1996 i t\u00e9 els seus or\u00edgens en els projectes de recerca sobre assessorament a entrenadors que el professor Jaume Cruz va comen\u00e7ar durant els anys 80. Actualment, el GEPE forma part [&hellip;]<\/p>\n","protected":false},"author":44,"featured_media":0,"parent":0,"menu_order":0,"comment_status":"closed","ping_status":"closed","template":"","meta":{"footnotes":""},"class_list":["post-1809","page","type-page","status-publish","hentry"],"_links":{"self":[{"href":"https:\/\/webs.uab.cat\/gepe\/wp-json\/wp\/v2\/pages\/1809","targetHints":{"allow":["GET"]}}],"collection":[{"href":"https:\/\/webs.uab.cat\/gepe\/wp-json\/wp\/v2\/pages"}],"about":[{"href":"https:\/\/webs.uab.cat\/gepe\/wp-json\/wp\/v2\/types\/page"}],"author":[{"embeddable":true,"href":"https:\/\/webs.uab.cat\/gepe\/wp-json\/wp\/v2\/users\/44"}],"replies":[{"embeddable":true,"href":"https:\/\/webs.uab.cat\/gepe\/wp-json\/wp\/v2\/comments?post=1809"}],"version-history":[{"count":1,"href":"https:\/\/webs.uab.cat\/gepe\/wp-json\/wp\/v2\/pages\/1809\/revisions"}],"predecessor-version":[{"id":2419,"href":"https:\/\/webs.uab.cat\/gepe\/wp-json\/wp\/v2\/pages\/1809\/revisions\/2419"}],"wp:attachment":[{"href":"https:\/\/webs.uab.cat\/gepe\/wp-json\/wp\/v2\/media?parent=1809"}],"curies":[{"name":"wp","href":"https:\/\/api.w.org\/{rel}","templated":true}]}}