{"id":1811,"date":"2009-05-25T13:22:03","date_gmt":"2009-05-25T11:22:03","guid":{"rendered":"https:\/\/webs.uab.cat\/gepe\/projectes-rd\/"},"modified":"2023-03-03T16:46:59","modified_gmt":"2023-03-03T14:46:59","slug":"projectes-rd","status":"publish","type":"page","link":"https:\/\/webs.uab.cat\/gepe\/projectes-rd\/","title":{"rendered":"Projectes Recerca"},"content":{"rendered":"\n<hr class=\"wp-block-separator has-alpha-channel-opacity\" \/>\n\n\n\n<figure class=\"wp-block-table\"><table><tbody><tr><td><img loading=\"lazy\" decoding=\"async\" width=\"840\" height=\"450\" class=\"wp-image-2434\" style=\"width: 150px\" src=\"https:\/\/webs.uab.cat\/gepe\/wp-content\/uploads\/sites\/239\/2023\/03\/erasmus-plus-EA.jpg\" alt=\"\" srcset=\"https:\/\/webs.uab.cat\/gepe\/wp-content\/uploads\/sites\/239\/2023\/03\/erasmus-plus-EA.jpg 840w, https:\/\/webs.uab.cat\/gepe\/wp-content\/uploads\/sites\/239\/2023\/03\/erasmus-plus-EA-300x161.jpg 300w, https:\/\/webs.uab.cat\/gepe\/wp-content\/uploads\/sites\/239\/2023\/03\/erasmus-plus-EA-768x411.jpg 768w\" sizes=\"auto, (max-width: 840px) 100vw, 840px\" \/><\/td><td><strong>MENTIS:<\/strong> Promoting Mental health through the ENTourage in high-performance Sport (MENTIS; 2022-2023)<\/td><\/tr><tr><td><img loading=\"lazy\" decoding=\"async\" width=\"452\" height=\"111\" class=\"wp-image-2437\" style=\"width: 150px\" src=\"https:\/\/webs.uab.cat\/gepe\/wp-content\/uploads\/sites\/239\/2023\/03\/baixa-1.png\" alt=\"\" srcset=\"https:\/\/webs.uab.cat\/gepe\/wp-content\/uploads\/sites\/239\/2023\/03\/baixa-1.png 452w, https:\/\/webs.uab.cat\/gepe\/wp-content\/uploads\/sites\/239\/2023\/03\/baixa-1-300x74.png 300w\" sizes=\"auto, (max-width: 452px) 100vw, 452px\" \/><\/td><td><strong>DISTOKYO2020<\/strong>: Athletes\u2019 and sport entourage\u2019s longitudinal experiences on the disruption of the Olympic cycle Tokyo 2020 (CNNT; 2021-2022)<\/td><\/tr><tr><td><img loading=\"lazy\" decoding=\"async\" width=\"840\" height=\"450\" class=\"wp-image-2434\" style=\"width: 150px\" src=\"https:\/\/webs.uab.cat\/gepe\/wp-content\/uploads\/sites\/239\/2023\/03\/erasmus-plus-EA.jpg\" alt=\"\" srcset=\"https:\/\/webs.uab.cat\/gepe\/wp-content\/uploads\/sites\/239\/2023\/03\/erasmus-plus-EA.jpg 840w, https:\/\/webs.uab.cat\/gepe\/wp-content\/uploads\/sites\/239\/2023\/03\/erasmus-plus-EA-300x161.jpg 300w, https:\/\/webs.uab.cat\/gepe\/wp-content\/uploads\/sites\/239\/2023\/03\/erasmus-plus-EA-768x411.jpg 768w\" sizes=\"auto, (max-width: 840px) 100vw, 840px\" \/><\/td><td><strong>DC4MH<\/strong>: Dual Careers for Mental Health (DC4MH; 2021-2022)<\/td><\/tr><tr><td><img loading=\"lazy\" decoding=\"async\" width=\"622\" height=\"213\" class=\"wp-image-2440\" style=\"width: 150px\" src=\"https:\/\/webs.uab.cat\/gepe\/wp-content\/uploads\/sites\/239\/2023\/03\/logo_csd.jpg\" alt=\"\" srcset=\"https:\/\/webs.uab.cat\/gepe\/wp-content\/uploads\/sites\/239\/2023\/03\/logo_csd.jpg 622w, https:\/\/webs.uab.cat\/gepe\/wp-content\/uploads\/sites\/239\/2023\/03\/logo_csd-300x103.jpg 300w\" sizes=\"auto, (max-width: 622px) 100vw, 622px\" \/><\/td><td><strong>RED REFERENTE<\/strong>: Red espa\u00f1ola para la promoci\u00f3n de la carrera profesional de \u00e1rbitras, juezas y entrenadoras (REFERENTE; 2021)<\/td><\/tr><tr><td><img loading=\"lazy\" decoding=\"async\" width=\"1280\" height=\"333\" class=\"wp-image-2443\" style=\"width: 150px\" src=\"https:\/\/webs.uab.cat\/gepe\/wp-content\/uploads\/sites\/239\/2023\/03\/1280px-Logotipo_del_Ministerio_de_Ciencia_Innovacion_y_Universidades.svg_.png\" alt=\"\" srcset=\"https:\/\/webs.uab.cat\/gepe\/wp-content\/uploads\/sites\/239\/2023\/03\/1280px-Logotipo_del_Ministerio_de_Ciencia_Innovacion_y_Universidades.svg_.png 1280w, https:\/\/webs.uab.cat\/gepe\/wp-content\/uploads\/sites\/239\/2023\/03\/1280px-Logotipo_del_Ministerio_de_Ciencia_Innovacion_y_Universidades.svg_-300x78.png 300w, https:\/\/webs.uab.cat\/gepe\/wp-content\/uploads\/sites\/239\/2023\/03\/1280px-Logotipo_del_Ministerio_de_Ciencia_Innovacion_y_Universidades.svg_-1024x266.png 1024w, https:\/\/webs.uab.cat\/gepe\/wp-content\/uploads\/sites\/239\/2023\/03\/1280px-Logotipo_del_Ministerio_de_Ciencia_Innovacion_y_Universidades.svg_-768x200.png 768w, https:\/\/webs.uab.cat\/gepe\/wp-content\/uploads\/sites\/239\/2023\/03\/1280px-Logotipo_del_Ministerio_de_Ciencia_Innovacion_y_Universidades.svg_-1200x312.png 1200w\" sizes=\"auto, (max-width: 1280px) 100vw, 1280px\" \/><\/td><td><strong>HEDUCA<\/strong>: Promoci\u00f3n de Carreras Duales Saludables en el Deporte (#HeDuCa; 2019-2022)<\/td><\/tr><tr><td><img loading=\"lazy\" decoding=\"async\" width=\"840\" height=\"450\" class=\"wp-image-2434\" style=\"width: 150px\" src=\"https:\/\/webs.uab.cat\/gepe\/wp-content\/uploads\/sites\/239\/2023\/03\/erasmus-plus-EA.jpg\" alt=\"\" srcset=\"https:\/\/webs.uab.cat\/gepe\/wp-content\/uploads\/sites\/239\/2023\/03\/erasmus-plus-EA.jpg 840w, https:\/\/webs.uab.cat\/gepe\/wp-content\/uploads\/sites\/239\/2023\/03\/erasmus-plus-EA-300x161.jpg 300w, https:\/\/webs.uab.cat\/gepe\/wp-content\/uploads\/sites\/239\/2023\/03\/erasmus-plus-EA-768x411.jpg 768w\" sizes=\"auto, (max-width: 840px) 100vw, 840px\" \/><\/td><td><strong>ECO-DC<\/strong>: Ecology of Dual Careers \u2013 Exploring Dual Career Development Environments across Europe (ECO-DC; 2018-2019)<\/td><\/tr><tr><td><img loading=\"lazy\" decoding=\"async\" width=\"840\" height=\"450\" class=\"wp-image-2434\" style=\"width: 150px\" src=\"https:\/\/webs.uab.cat\/gepe\/wp-content\/uploads\/sites\/239\/2023\/03\/erasmus-plus-EA.jpg\" alt=\"\" srcset=\"https:\/\/webs.uab.cat\/gepe\/wp-content\/uploads\/sites\/239\/2023\/03\/erasmus-plus-EA.jpg 840w, https:\/\/webs.uab.cat\/gepe\/wp-content\/uploads\/sites\/239\/2023\/03\/erasmus-plus-EA-300x161.jpg 300w, https:\/\/webs.uab.cat\/gepe\/wp-content\/uploads\/sites\/239\/2023\/03\/erasmus-plus-EA-768x411.jpg 768w\" sizes=\"auto, (max-width: 840px) 100vw, 840px\" \/><\/td><td><strong>IMPACT<\/strong>: Identifying and Motivating youth who mostly need Physical Activity (IMPACT; 2017-2019)<\/td><\/tr><tr><td><img loading=\"lazy\" decoding=\"async\" width=\"840\" height=\"450\" class=\"wp-image-2434\" style=\"width: 150px\" src=\"https:\/\/webs.uab.cat\/gepe\/wp-content\/uploads\/sites\/239\/2023\/03\/erasmus-plus-EA.jpg\" alt=\"\" srcset=\"https:\/\/webs.uab.cat\/gepe\/wp-content\/uploads\/sites\/239\/2023\/03\/erasmus-plus-EA.jpg 840w, https:\/\/webs.uab.cat\/gepe\/wp-content\/uploads\/sites\/239\/2023\/03\/erasmus-plus-EA-300x161.jpg 300w, https:\/\/webs.uab.cat\/gepe\/wp-content\/uploads\/sites\/239\/2023\/03\/erasmus-plus-EA-768x411.jpg 768w\" sizes=\"auto, (max-width: 840px) 100vw, 840px\" \/><\/td><td><strong>B-WISER<\/strong>: Be A Winner In Elite Sport and Employment Before and After Athletic Retirement (B-WISER; 2017-2018)<\/td><\/tr><tr><td><img loading=\"lazy\" decoding=\"async\" width=\"1280\" height=\"333\" class=\"wp-image-2443\" style=\"width: 150px\" src=\"https:\/\/webs.uab.cat\/gepe\/wp-content\/uploads\/sites\/239\/2023\/03\/1280px-Logotipo_del_Ministerio_de_Ciencia_Innovacion_y_Universidades.svg_.png\" alt=\"\" srcset=\"https:\/\/webs.uab.cat\/gepe\/wp-content\/uploads\/sites\/239\/2023\/03\/1280px-Logotipo_del_Ministerio_de_Ciencia_Innovacion_y_Universidades.svg_.png 1280w, https:\/\/webs.uab.cat\/gepe\/wp-content\/uploads\/sites\/239\/2023\/03\/1280px-Logotipo_del_Ministerio_de_Ciencia_Innovacion_y_Universidades.svg_-300x78.png 300w, https:\/\/webs.uab.cat\/gepe\/wp-content\/uploads\/sites\/239\/2023\/03\/1280px-Logotipo_del_Ministerio_de_Ciencia_Innovacion_y_Universidades.svg_-1024x266.png 1024w, https:\/\/webs.uab.cat\/gepe\/wp-content\/uploads\/sites\/239\/2023\/03\/1280px-Logotipo_del_Ministerio_de_Ciencia_Innovacion_y_Universidades.svg_-768x200.png 768w, https:\/\/webs.uab.cat\/gepe\/wp-content\/uploads\/sites\/239\/2023\/03\/1280px-Logotipo_del_Ministerio_de_Ciencia_Innovacion_y_Universidades.svg_-1200x312.png 1200w\" sizes=\"auto, (max-width: 1280px) 100vw, 1280px\" \/><\/td><td><strong>ACTIVATICS<\/strong>: Promoci\u00f3n de actividad f\u00edsica con el apoyo de dispositivos m\u00f3viles (ACTIVATICS; 2014-2017)<\/td><\/tr><tr><td><img loading=\"lazy\" decoding=\"async\" width=\"348\" height=\"131\" class=\"wp-image-2449\" style=\"width: 150px\" src=\"https:\/\/webs.uab.cat\/gepe\/wp-content\/uploads\/sites\/239\/2023\/03\/png-clipart-european-union-framework-programmes-for-research-and-technological-development-technology-seventh-framework-programme-technology-purple-blue-thumbnail.png\" alt=\"\" srcset=\"https:\/\/webs.uab.cat\/gepe\/wp-content\/uploads\/sites\/239\/2023\/03\/png-clipart-european-union-framework-programmes-for-research-and-technological-development-technology-seventh-framework-programme-technology-purple-blue-thumbnail.png 348w, https:\/\/webs.uab.cat\/gepe\/wp-content\/uploads\/sites\/239\/2023\/03\/png-clipart-european-union-framework-programmes-for-research-and-technological-development-technology-seventh-framework-programme-technology-purple-blue-thumbnail-300x113.png 300w\" sizes=\"auto, (max-width: 348px) 100vw, 348px\" \/><\/td><td><strong>PAPA PROJECT<\/strong>: Promoting Adolescent health through an intervention aimed at improving the quality of their participation in Physical Activity (PAPA; 2010-2014)<\/td><\/tr><\/tbody><\/table><\/figure>\n","protected":false},"excerpt":{"rendered":"<p>MENTIS: Promoting Mental health through the ENTourage in high-performance Sport (MENTIS; 2022-2023) DISTOKYO2020: Athletes\u2019 and sport entourage\u2019s longitudinal experiences on the disruption of the Olympic cycle Tokyo 2020 (CNNT; 2021-2022) DC4MH: Dual Careers for Mental Health (DC4MH; 2021-2022) RED REFERENTE: Red espa\u00f1ola para la promoci\u00f3n de la carrera profesional de \u00e1rbitras, juezas y entrenadoras (REFERENTE; [&hellip;]<\/p>\n","protected":false},"author":44,"featured_media":0,"parent":0,"menu_order":0,"comment_status":"closed","ping_status":"closed","template":"","meta":{"footnotes":""},"class_list":["post-1811","page","type-page","status-publish","hentry"],"_links":{"self":[{"href":"https:\/\/webs.uab.cat\/gepe\/wp-json\/wp\/v2\/pages\/1811","targetHints":{"allow":["GET"]}}],"collection":[{"href":"https:\/\/webs.uab.cat\/gepe\/wp-json\/wp\/v2\/pages"}],"about":[{"href":"https:\/\/webs.uab.cat\/gepe\/wp-json\/wp\/v2\/types\/page"}],"author":[{"embeddable":true,"href":"https:\/\/webs.uab.cat\/gepe\/wp-json\/wp\/v2\/users\/44"}],"replies":[{"embeddable":true,"href":"https:\/\/webs.uab.cat\/gepe\/wp-json\/wp\/v2\/comments?post=1811"}],"version-history":[{"count":1,"href":"https:\/\/webs.uab.cat\/gepe\/wp-json\/wp\/v2\/pages\/1811\/revisions"}],"predecessor-version":[{"id":2452,"href":"https:\/\/webs.uab.cat\/gepe\/wp-json\/wp\/v2\/pages\/1811\/revisions\/2452"}],"wp:attachment":[{"href":"https:\/\/webs.uab.cat\/gepe\/wp-json\/wp\/v2\/media?parent=1811"}],"curies":[{"name":"wp","href":"https:\/\/api.w.org\/{rel}","templated":true}]}}